{"id":8690,"date":"2021-06-22T08:42:18","date_gmt":"2021-06-22T06:42:18","guid":{"rendered":"https:\/\/www.neshergallery.com\/?post_type=product&#038;p=8690"},"modified":"2021-06-23T11:28:30","modified_gmt":"2021-06-23T09:28:30","slug":"maria-edizioni-limitate-legno-quercia","status":"publish","type":"product","link":"https:\/\/guidodettoni.com\/it\/art-gallery\/maria-edizioni-limitate-legno-quercia\/","title":{"rendered":"MARIA Edizioni Limitate"},"content":{"rendered":"<p>MARIA legno di quercia.<br \/>\nMaria tra le mani.<br \/>\n2 esemplari firmati e numerati.<br \/>\nScolpite in legno di quercia.<br \/>\nPresentata con un sacchetto di tessuto, certificato dell&#8217;artista e con volantino, con uno speciale cilindro di vetro e contenitore di cartone.<br \/>\n14 cm | 5.5 in<\/p>\n<p>Al momento del check-out, si prega d&#8217;indicare nella Note del Cliente il numero della copia dell&#8217;edizione limitata che avete scelto tra quelle mostrate. Grazie.<\/p>\n<p>Come emblema duraturo di forza e sopravvivenza, molte nazioni tra cui la Germania e l&#8217;Inghilterra hanno scelto la possente quercia come albero nazionale. Negli Stati Uniti, Iowa, Connecticut, Maryland, New Jersey, Georgia e Illinois hanno tutti la quercia come albero di stato per lo stesso motivo. Il simbolismo della quercia \u00e8 rimasto coerente e sicuro.<\/p>\n<p>Autorit\u00e0, leadership, volont\u00e0 risoluta, sicurezza, generosit\u00e0, legge universale, dignit\u00e0, sincerit\u00e0, coraggio, fermezza.<\/p>\n<p>Il legno di quercia di queste due copie uniche dell&#8217;opera d&#8217;arte MARIA presentano ferite che sono state curate secondo il metodo giapponese Kintsugi, utilizzando pasta dorata per riempirle.<\/p>\n<p><strong><a href=\"http:\/\/maria.guidodettoni.com\/#content2\" target=\"_blank\" rel=\"noopener noreferrer\">www.maria.guidodettoni.com<\/a><\/strong><\/p>\n","protected":false},"excerpt":{"rendered":"<p>Legno di Quercia<br \/>\n2 esemplari firmati e numerati<br \/>\n14 cm | 5.5 in<\/p>\n","protected":false},"featured_media":8684,"template":"","meta":{"_acf_changed":false},"product_brand":[],"product_cat":[104,110],"product_tag":[],"class_list":{"0":"post-8690","1":"product","2":"type-product","3":"status-publish","4":"has-post-thumbnail","6":"product_cat-maria-edizioni-limitate","7":"product_cat-arte-sacra","8":"","9":"woocommerce-text-align-center","10":"woocommerce-image-align-center","11":"wc-has-gallery","13":"first","14":"instock","15":"taxable","16":"shipping-taxable","17":"purchasable","18":"product-type-simple"},"acf":[],"yoast_head":"<!-- This site is optimized with the Yoast SEO plugin v24.4 - https:\/\/yoast.com\/wordpress\/plugins\/seo\/ -->\n<title>MARIA Edizioni Limitate MARIA scolpite in legno di quercia<\/title>\n<meta name=\"description\" content=\"Maria tra le mani. MARIA scolpite in legno di quercia, 2 esemplari firmati e numerati. Dimensioni: 14 cm | 5.5 inches\" \/>\n<meta name=\"robots\" content=\"index, follow, max-snippet:-1, max-image-preview:large, max-video-preview:-1\" \/>\n<link rel=\"canonical\" href=\"https:\/\/guidodettoni.com\/it\/art-gallery\/maria-edizioni-limitate-legno-quercia\/\" \/>\n<meta property=\"og:locale\" content=\"it_IT\" \/>\n<meta property=\"og:type\" content=\"article\" \/>\n<meta property=\"og:title\" content=\"MARIA Edizioni Limitate MARIA scolpite in legno di quercia\" \/>\n<meta property=\"og:description\" content=\"Maria tra le mani. MARIA scolpite in legno di quercia, 2 esemplari firmati e numerati. Dimensioni: 14 cm | 5.5 inches\" \/>\n<meta property=\"og:url\" content=\"https:\/\/guidodettoni.com\/it\/art-gallery\/maria-edizioni-limitate-legno-quercia\/\" \/>\n<meta property=\"og:site_name\" content=\"Guido Dettoni della Grazia\" \/>\n<meta property=\"article:publisher\" content=\"https:\/\/www.facebook.com\/mostramaria\" \/>\n<meta property=\"article:modified_time\" content=\"2021-06-23T09:28:30+00:00\" \/>\n<meta property=\"og:image\" content=\"https:\/\/guidodettoni.com\/wp-content\/uploads\/2021\/06\/QUERCIA-MANS-300x400-1.jpg\" \/>\n\t<meta property=\"og:image:width\" content=\"300\" \/>\n\t<meta property=\"og:image:height\" content=\"400\" \/>\n\t<meta property=\"og:image:type\" content=\"image\/jpeg\" \/>\n<meta name=\"twitter:card\" content=\"summary_large_image\" \/>\n<meta name=\"twitter:label1\" content=\"Tempo di lettura stimato\" \/>\n\t<meta name=\"twitter:data1\" content=\"1 minuto\" \/>\n<script type=\"application\/ld+json\" class=\"yoast-schema-graph\">{\"@context\":\"https:\/\/schema.org\",\"@graph\":[{\"@type\":\"WebPage\",\"@id\":\"https:\/\/guidodettoni.com\/it\/art-gallery\/maria-edizioni-limitate-legno-quercia\/\",\"url\":\"https:\/\/guidodettoni.com\/it\/art-gallery\/maria-edizioni-limitate-legno-quercia\/\",\"name\":\"MARIA Edizioni Limitate MARIA scolpite in legno di quercia\",\"isPartOf\":{\"@id\":\"https:\/\/guidodettoni.com\/it\/#website\"},\"primaryImageOfPage\":{\"@id\":\"https:\/\/guidodettoni.com\/it\/art-gallery\/maria-edizioni-limitate-legno-quercia\/#primaryimage\"},\"image\":{\"@id\":\"https:\/\/guidodettoni.com\/it\/art-gallery\/maria-edizioni-limitate-legno-quercia\/#primaryimage\"},\"thumbnailUrl\":\"https:\/\/guidodettoni.com\/wp-content\/uploads\/2021\/06\/QUERCIA-MANS-300x400-1.jpg\",\"datePublished\":\"2021-06-22T06:42:18+00:00\",\"dateModified\":\"2021-06-23T09:28:30+00:00\",\"description\":\"Maria tra le mani. MARIA scolpite in legno di quercia, 2 esemplari firmati e numerati. Dimensioni: 14 cm | 5.5 inches\",\"breadcrumb\":{\"@id\":\"https:\/\/guidodettoni.com\/it\/art-gallery\/maria-edizioni-limitate-legno-quercia\/#breadcrumb\"},\"inLanguage\":\"it-IT\",\"potentialAction\":[{\"@type\":\"ReadAction\",\"target\":[\"https:\/\/guidodettoni.com\/it\/art-gallery\/maria-edizioni-limitate-legno-quercia\/\"]}]},{\"@type\":\"ImageObject\",\"inLanguage\":\"it-IT\",\"@id\":\"https:\/\/guidodettoni.com\/it\/art-gallery\/maria-edizioni-limitate-legno-quercia\/#primaryimage\",\"url\":\"https:\/\/guidodettoni.com\/wp-content\/uploads\/2021\/06\/QUERCIA-MANS-300x400-1.jpg\",\"contentUrl\":\"https:\/\/guidodettoni.com\/wp-content\/uploads\/2021\/06\/QUERCIA-MANS-300x400-1.jpg\",\"width\":300,\"height\":400},{\"@type\":\"BreadcrumbList\",\"@id\":\"https:\/\/guidodettoni.com\/it\/art-gallery\/maria-edizioni-limitate-legno-quercia\/#breadcrumb\",\"itemListElement\":[{\"@type\":\"ListItem\",\"position\":1,\"name\":\"HOME\",\"item\":\"https:\/\/guidodettoni.com\/it\/home\/\"},{\"@type\":\"ListItem\",\"position\":2,\"name\":\"EDITIONS\",\"item\":\"https:\/\/guidodettoni.com\/?page_id=6\"},{\"@type\":\"ListItem\",\"position\":3,\"name\":\"Sculture Iconiche\",\"item\":\"https:\/\/guidodettoni.com\/it\/edizioni\/arte-sacra\/\"},{\"@type\":\"ListItem\",\"position\":4,\"name\":\"MARIA Edizioni Limitate\"}]},{\"@type\":\"WebSite\",\"@id\":\"https:\/\/guidodettoni.com\/it\/#website\",\"url\":\"https:\/\/guidodettoni.com\/it\/\",\"name\":\"Guido Dettoni della Grazia\",\"description\":\"Guido Dettoni\u2019s works of art and projects\",\"publisher\":{\"@id\":\"https:\/\/guidodettoni.com\/it\/#organization\"},\"potentialAction\":[{\"@type\":\"SearchAction\",\"target\":{\"@type\":\"EntryPoint\",\"urlTemplate\":\"https:\/\/guidodettoni.com\/it\/?s={search_term_string}\"},\"query-input\":{\"@type\":\"PropertyValueSpecification\",\"valueRequired\":true,\"valueName\":\"search_term_string\"}}],\"inLanguage\":\"it-IT\"},{\"@type\":\"Organization\",\"@id\":\"https:\/\/guidodettoni.com\/it\/#organization\",\"name\":\"NESHERGALLERY\",\"url\":\"https:\/\/guidodettoni.com\/it\/\",\"logo\":{\"@type\":\"ImageObject\",\"inLanguage\":\"it-IT\",\"@id\":\"https:\/\/guidodettoni.com\/it\/#\/schema\/logo\/image\/\",\"url\":\"https:\/\/guidodettoni.com\/wp-content\/uploads\/2020\/05\/nesher-gallery-logo-1.png\",\"contentUrl\":\"https:\/\/guidodettoni.com\/wp-content\/uploads\/2020\/05\/nesher-gallery-logo-1.png\",\"width\":200,\"height\":200,\"caption\":\"NESHERGALLERY\"},\"image\":{\"@id\":\"https:\/\/guidodettoni.com\/it\/#\/schema\/logo\/image\/\"},\"sameAs\":[\"https:\/\/www.facebook.com\/mostramaria\",\"https:\/\/www.instagram.com\/mariaescultura\/\",\"https:\/\/www.youtube.com\/user\/nesherorg\"]}]}<\/script>\n<!-- \/ Yoast SEO plugin. -->","yoast_head_json":{"title":"MARIA Edizioni Limitate MARIA scolpite in legno di quercia","description":"Maria tra le mani. MARIA scolpite in legno di quercia, 2 esemplari firmati e numerati. Dimensioni: 14 cm | 5.5 inches","robots":{"index":"index","follow":"follow","max-snippet":"max-snippet:-1","max-image-preview":"max-image-preview:large","max-video-preview":"max-video-preview:-1"},"canonical":"https:\/\/guidodettoni.com\/it\/art-gallery\/maria-edizioni-limitate-legno-quercia\/","og_locale":"it_IT","og_type":"article","og_title":"MARIA Edizioni Limitate MARIA scolpite in legno di quercia","og_description":"Maria tra le mani. MARIA scolpite in legno di quercia, 2 esemplari firmati e numerati. Dimensioni: 14 cm | 5.5 inches","og_url":"https:\/\/guidodettoni.com\/it\/art-gallery\/maria-edizioni-limitate-legno-quercia\/","og_site_name":"Guido Dettoni della Grazia","article_publisher":"https:\/\/www.facebook.com\/mostramaria","article_modified_time":"2021-06-23T09:28:30+00:00","og_image":[{"width":300,"height":400,"url":"https:\/\/guidodettoni.com\/wp-content\/uploads\/2021\/06\/QUERCIA-MANS-300x400-1.jpg","type":"image\/jpeg"}],"twitter_card":"summary_large_image","twitter_misc":{"Tempo di lettura stimato":"1 minuto"},"schema":{"@context":"https:\/\/schema.org","@graph":[{"@type":"WebPage","@id":"https:\/\/guidodettoni.com\/it\/art-gallery\/maria-edizioni-limitate-legno-quercia\/","url":"https:\/\/guidodettoni.com\/it\/art-gallery\/maria-edizioni-limitate-legno-quercia\/","name":"MARIA Edizioni Limitate MARIA scolpite in legno di quercia","isPartOf":{"@id":"https:\/\/guidodettoni.com\/it\/#website"},"primaryImageOfPage":{"@id":"https:\/\/guidodettoni.com\/it\/art-gallery\/maria-edizioni-limitate-legno-quercia\/#primaryimage"},"image":{"@id":"https:\/\/guidodettoni.com\/it\/art-gallery\/maria-edizioni-limitate-legno-quercia\/#primaryimage"},"thumbnailUrl":"https:\/\/guidodettoni.com\/wp-content\/uploads\/2021\/06\/QUERCIA-MANS-300x400-1.jpg","datePublished":"2021-06-22T06:42:18+00:00","dateModified":"2021-06-23T09:28:30+00:00","description":"Maria tra le mani. MARIA scolpite in legno di quercia, 2 esemplari firmati e numerati. Dimensioni: 14 cm | 5.5 inches","breadcrumb":{"@id":"https:\/\/guidodettoni.com\/it\/art-gallery\/maria-edizioni-limitate-legno-quercia\/#breadcrumb"},"inLanguage":"it-IT","potentialAction":[{"@type":"ReadAction","target":["https:\/\/guidodettoni.com\/it\/art-gallery\/maria-edizioni-limitate-legno-quercia\/"]}]},{"@type":"ImageObject","inLanguage":"it-IT","@id":"https:\/\/guidodettoni.com\/it\/art-gallery\/maria-edizioni-limitate-legno-quercia\/#primaryimage","url":"https:\/\/guidodettoni.com\/wp-content\/uploads\/2021\/06\/QUERCIA-MANS-300x400-1.jpg","contentUrl":"https:\/\/guidodettoni.com\/wp-content\/uploads\/2021\/06\/QUERCIA-MANS-300x400-1.jpg","width":300,"height":400},{"@type":"BreadcrumbList","@id":"https:\/\/guidodettoni.com\/it\/art-gallery\/maria-edizioni-limitate-legno-quercia\/#breadcrumb","itemListElement":[{"@type":"ListItem","position":1,"name":"HOME","item":"https:\/\/guidodettoni.com\/it\/home\/"},{"@type":"ListItem","position":2,"name":"EDITIONS","item":"https:\/\/guidodettoni.com\/?page_id=6"},{"@type":"ListItem","position":3,"name":"Sculture Iconiche","item":"https:\/\/guidodettoni.com\/it\/edizioni\/arte-sacra\/"},{"@type":"ListItem","position":4,"name":"MARIA Edizioni Limitate"}]},{"@type":"WebSite","@id":"https:\/\/guidodettoni.com\/it\/#website","url":"https:\/\/guidodettoni.com\/it\/","name":"Guido Dettoni della Grazia","description":"Guido Dettoni\u2019s works of art and projects","publisher":{"@id":"https:\/\/guidodettoni.com\/it\/#organization"},"potentialAction":[{"@type":"SearchAction","target":{"@type":"EntryPoint","urlTemplate":"https:\/\/guidodettoni.com\/it\/?s={search_term_string}"},"query-input":{"@type":"PropertyValueSpecification","valueRequired":true,"valueName":"search_term_string"}}],"inLanguage":"it-IT"},{"@type":"Organization","@id":"https:\/\/guidodettoni.com\/it\/#organization","name":"NESHERGALLERY","url":"https:\/\/guidodettoni.com\/it\/","logo":{"@type":"ImageObject","inLanguage":"it-IT","@id":"https:\/\/guidodettoni.com\/it\/#\/schema\/logo\/image\/","url":"https:\/\/guidodettoni.com\/wp-content\/uploads\/2020\/05\/nesher-gallery-logo-1.png","contentUrl":"https:\/\/guidodettoni.com\/wp-content\/uploads\/2020\/05\/nesher-gallery-logo-1.png","width":200,"height":200,"caption":"NESHERGALLERY"},"image":{"@id":"https:\/\/guidodettoni.com\/it\/#\/schema\/logo\/image\/"},"sameAs":["https:\/\/www.facebook.com\/mostramaria","https:\/\/www.instagram.com\/mariaescultura\/","https:\/\/www.youtube.com\/user\/nesherorg"]}]}},"_links":{"self":[{"href":"https:\/\/guidodettoni.com\/it\/wp-json\/wp\/v2\/product\/8690","targetHints":{"allow":["GET"]}}],"collection":[{"href":"https:\/\/guidodettoni.com\/it\/wp-json\/wp\/v2\/product"}],"about":[{"href":"https:\/\/guidodettoni.com\/it\/wp-json\/wp\/v2\/types\/product"}],"version-history":[{"count":2,"href":"https:\/\/guidodettoni.com\/it\/wp-json\/wp\/v2\/product\/8690\/revisions"}],"predecessor-version":[{"id":8700,"href":"https:\/\/guidodettoni.com\/it\/wp-json\/wp\/v2\/product\/8690\/revisions\/8700"}],"wp:featuredmedia":[{"embeddable":true,"href":"https:\/\/guidodettoni.com\/it\/wp-json\/wp\/v2\/media\/8684"}],"wp:attachment":[{"href":"https:\/\/guidodettoni.com\/it\/wp-json\/wp\/v2\/media?parent=8690"}],"wp:term":[{"taxonomy":"product_brand","embeddable":true,"href":"https:\/\/guidodettoni.com\/it\/wp-json\/wp\/v2\/product_brand?post=8690"},{"taxonomy":"product_cat","embeddable":true,"href":"https:\/\/guidodettoni.com\/it\/wp-json\/wp\/v2\/product_cat?post=8690"},{"taxonomy":"product_tag","embeddable":true,"href":"https:\/\/guidodettoni.com\/it\/wp-json\/wp\/v2\/product_tag?post=8690"}],"curies":[{"name":"wp","href":"https:\/\/api.w.org\/{rel}","templated":true}]}}