{"id":6633,"date":"2020-10-04T19:38:34","date_gmt":"2020-10-04T17:38:34","guid":{"rendered":"https:\/\/www.neshergallery.com\/?post_type=product&#038;p=6633"},"modified":"2020-10-13T08:04:56","modified_gmt":"2020-10-13T06:04:56","slug":"maria-nuovo-ingrandimento","status":"publish","type":"product","link":"https:\/\/guidodettoni.com\/it\/art-gallery\/maria-nuovo-ingrandimento\/","title":{"rendered":"MARIA Nuovo Ingrandimento"},"content":{"rendered":"<p>MARIA Nuovo Ingrandimento<br \/>\nMARIA tra le mani, ingrandita, per essere toccata con gli occhi.<br \/>\nQuesta \u00e8 l\u2019ultima concezione della scultura ingrandita di MARIA raggiunta dall\u2019artista. La parte innovativa di essa \u00e8 l\u2019incorporazione dell\u2019Immagine, mantenendo il movimento della sua base nel basamento.<br \/>\nSpecifiche dell\u2019immagine raffigurata:<br \/>\nScultura scolpita in marmo di Carrara, altezza 1,20 cm.<br \/>\nZoccolo scolpito in pietra basaltica, altezza 65 cm. Diametro 48 cm.<\/p>\n<p><strong>SU RICHIESTA<\/strong>,\u00a0secondo specifiche esigenze, come dimensioni e tipo di marmo, <strong>sar\u00e0 rilasciato il preventivo e le condizioni<\/strong> per l\u2019esecuzione dell\u2019opera.<\/p>\n<p>&nbsp;<\/p>\n<p><strong>L\u2019ingrandimento<\/strong><\/p>\n<p>Avvicinandoci a una forma possiamo vederla a occhi chiusi, solamente con le mani, o con le mani mentre la tocchiamo con gli occhi, oppure toccarla solo con gli occhi. Toccare con gli occhi vuol dire vedere in due dimensioni e, anche se percepiamo il volume e la prospettiva, non siamo in grado di vedere il tutto da ogni punto di vista: questo \u00e8 possibile solo toccando una forma che pu\u00f2 essere ispezionata dalle mani a una misura che permette di comporre l&#8217;intera immagine nel nostro cervello. Se \u00e8 troppo grande, come per esempio un elefante, sar\u00e0 impossibile comporre l&#8217;intera immagine in noi solo vedendo l&#8217;elefante, pezzo dopo pezzo, con le mani.<br \/>\nL&#8217;Icona iniziale, modellata nel 1995, doveva essere vista con le mani e toccata con gli occhi, un approccio in cui vista e tatto sono complementari. L\u2019approccio successivo, nel 1999, ingrandendola per vederla solo con gli occhi era inevitabile per recuperare la distanza e dunque vedere la scultura nello spazio, non solo in quello delle mani. L&#8217;altro approccio, quello di vedere esclusivamente con le mani cos\u00ec da farla sparire, \u00e8 stato spiegato nella presentazione delle immagini ridotte.<br \/>\nL&#8217;ingrandimento iniziale era quello della forma originale a misura delle mani. Per sorreggerla su un piedistallo si doveva inserire una barra sul fondo della scultura, praticando cos\u00ec un foro con l\u2019inclinazione adeguata. Nel caso degli ingrandimenti di 30 cm \u00e8 stato possibile contenere la statua all&#8217;interno di un cilindro di vetro, come le riproduzioni originali che sono sempre state, e sono, esposte presso le mostre, ma per quelle pi\u00f9 grandi la perforazione e l&#8217;installazione finale erano molto pi\u00f9 laboriose e complicate. Come risolvere questo grave inconveniente? Gi\u00e0 nel 1999 Guido Dettoni aveva realizzato una copia della scultura originale a misura delle mani aggiungendo sul suo fondo una base incorporata all\u2019opera in modo che potesse stare in piedi da sola. La scolp\u00ec in legno di ebano per collocarla all&#8217;interno del piedistallo della scultura ingrandita in marmo di Carrara esposta presso la mostra MARIA di L&#8217;albergueria, Centro Culturale del Museo Diocesano di Vic (Catalogna). Questo intervento fu concepito per unire simultaneamente l&#8217;esperienza visiva e quella tattile. \u00c8 stata un&#8217;esperienza che non si \u00e8 ripetuta, ma che ha lasciato l&#8217;immagine originale che Guido Dettoni conserv\u00f2 nella convinzione che un giorno avrebbe trovato la sua ragione di essere. Cos\u00ec avvenne nel 2016 e da allora la lavorazione e collocazione della scultura sono fluide e senza rischi.<\/p>\n<p><strong><a href=\"http:\/\/maria.guidodettoni.com\/#content2\" target=\"_blank\" rel=\"noopener noreferrer\">www.maria.guidodettoni.com<\/a><\/strong><\/p>\n","protected":false},"excerpt":{"rendered":"<p>Marmo di Carrara<br \/>\n120 cm | Altezza della scultura<br \/>\nMarmo, dimensioni e prezzo su richiesta<\/p>\n","protected":false},"featured_media":6698,"template":"","meta":{"_acf_changed":false},"product_brand":[],"product_cat":[108,110],"product_tag":[],"class_list":{"0":"post-6633","1":"product","2":"type-product","3":"status-publish","4":"has-post-thumbnail","6":"product_cat-maria-ingrandita","7":"product_cat-arte-sacra","8":"","9":"woocommerce-text-align-center","10":"woocommerce-image-align-center","11":"wc-has-gallery","13":"first","14":"onbackorder","15":"taxable","16":"shipping-taxable","17":"product-type-simple"},"acf":[],"yoast_head":"<!-- This site is optimized with the Yoast SEO plugin v24.4 - https:\/\/yoast.com\/wordpress\/plugins\/seo\/ -->\n<title>MARIA Nuovo Ingrandimento nuovo ingrandimento<\/title>\n<meta name=\"description\" content=\"MARIA Nuovo Scultura scolpita in marmo di Carrara, altezza 1,20 cm. Zoccolo scolpito in pietra basaltica, altezza 65 cm. Diametro 48 cm.\" \/>\n<meta name=\"robots\" content=\"index, follow, max-snippet:-1, max-image-preview:large, max-video-preview:-1\" \/>\n<link rel=\"canonical\" href=\"https:\/\/guidodettoni.com\/it\/art-gallery\/maria-nuovo-ingrandimento\/\" \/>\n<meta property=\"og:locale\" content=\"it_IT\" \/>\n<meta property=\"og:type\" content=\"article\" \/>\n<meta property=\"og:title\" content=\"MARIA Nuovo Ingrandimento nuovo ingrandimento\" \/>\n<meta property=\"og:description\" content=\"MARIA Nuovo Scultura scolpita in marmo di Carrara, altezza 1,20 cm. Zoccolo scolpito in pietra basaltica, altezza 65 cm. Diametro 48 cm.\" \/>\n<meta property=\"og:url\" content=\"https:\/\/guidodettoni.com\/it\/art-gallery\/maria-nuovo-ingrandimento\/\" \/>\n<meta property=\"og:site_name\" content=\"Guido Dettoni della Grazia\" \/>\n<meta property=\"article:publisher\" content=\"https:\/\/www.facebook.com\/mostramaria\" \/>\n<meta property=\"article:modified_time\" content=\"2020-10-13T06:04:56+00:00\" \/>\n<meta property=\"og:image\" content=\"https:\/\/guidodettoni.com\/wp-content\/uploads\/2020\/10\/instagram.jpg\" \/>\n\t<meta property=\"og:image:width\" content=\"1080\" \/>\n\t<meta property=\"og:image:height\" content=\"1080\" \/>\n\t<meta property=\"og:image:type\" content=\"image\/jpeg\" \/>\n<meta name=\"twitter:card\" content=\"summary_large_image\" \/>\n<meta name=\"twitter:label1\" content=\"Tempo di lettura stimato\" \/>\n\t<meta name=\"twitter:data1\" content=\"2 minuti\" \/>\n<script type=\"application\/ld+json\" class=\"yoast-schema-graph\">{\"@context\":\"https:\/\/schema.org\",\"@graph\":[{\"@type\":\"WebPage\",\"@id\":\"https:\/\/guidodettoni.com\/it\/art-gallery\/maria-nuovo-ingrandimento\/\",\"url\":\"https:\/\/guidodettoni.com\/it\/art-gallery\/maria-nuovo-ingrandimento\/\",\"name\":\"MARIA Nuovo Ingrandimento nuovo ingrandimento\",\"isPartOf\":{\"@id\":\"https:\/\/guidodettoni.com\/it\/#website\"},\"primaryImageOfPage\":{\"@id\":\"https:\/\/guidodettoni.com\/it\/art-gallery\/maria-nuovo-ingrandimento\/#primaryimage\"},\"image\":{\"@id\":\"https:\/\/guidodettoni.com\/it\/art-gallery\/maria-nuovo-ingrandimento\/#primaryimage\"},\"thumbnailUrl\":\"https:\/\/guidodettoni.com\/wp-content\/uploads\/2020\/10\/instagram.jpg\",\"datePublished\":\"2020-10-04T17:38:34+00:00\",\"dateModified\":\"2020-10-13T06:04:56+00:00\",\"description\":\"MARIA Nuovo Scultura scolpita in marmo di Carrara, altezza 1,20 cm. Zoccolo scolpito in pietra basaltica, altezza 65 cm. Diametro 48 cm.\",\"breadcrumb\":{\"@id\":\"https:\/\/guidodettoni.com\/it\/art-gallery\/maria-nuovo-ingrandimento\/#breadcrumb\"},\"inLanguage\":\"it-IT\",\"potentialAction\":[{\"@type\":\"ReadAction\",\"target\":[\"https:\/\/guidodettoni.com\/it\/art-gallery\/maria-nuovo-ingrandimento\/\"]}]},{\"@type\":\"ImageObject\",\"inLanguage\":\"it-IT\",\"@id\":\"https:\/\/guidodettoni.com\/it\/art-gallery\/maria-nuovo-ingrandimento\/#primaryimage\",\"url\":\"https:\/\/guidodettoni.com\/wp-content\/uploads\/2020\/10\/instagram.jpg\",\"contentUrl\":\"https:\/\/guidodettoni.com\/wp-content\/uploads\/2020\/10\/instagram.jpg\",\"width\":1080,\"height\":1080,\"caption\":\"this-is-the-latest-conception-of-the-enlarged-sculpture-of-maria-\"},{\"@type\":\"BreadcrumbList\",\"@id\":\"https:\/\/guidodettoni.com\/it\/art-gallery\/maria-nuovo-ingrandimento\/#breadcrumb\",\"itemListElement\":[{\"@type\":\"ListItem\",\"position\":1,\"name\":\"HOME\",\"item\":\"https:\/\/guidodettoni.com\/it\/home\/\"},{\"@type\":\"ListItem\",\"position\":2,\"name\":\"EDITIONS\",\"item\":\"https:\/\/guidodettoni.com\/?page_id=6\"},{\"@type\":\"ListItem\",\"position\":3,\"name\":\"Sculture Iconiche\",\"item\":\"https:\/\/guidodettoni.com\/it\/edizioni\/arte-sacra\/\"},{\"@type\":\"ListItem\",\"position\":4,\"name\":\"MARIA Nuovo Ingrandimento\"}]},{\"@type\":\"WebSite\",\"@id\":\"https:\/\/guidodettoni.com\/it\/#website\",\"url\":\"https:\/\/guidodettoni.com\/it\/\",\"name\":\"Guido Dettoni della Grazia\",\"description\":\"Guido Dettoni\u2019s works of art and projects\",\"publisher\":{\"@id\":\"https:\/\/guidodettoni.com\/it\/#organization\"},\"potentialAction\":[{\"@type\":\"SearchAction\",\"target\":{\"@type\":\"EntryPoint\",\"urlTemplate\":\"https:\/\/guidodettoni.com\/it\/?s={search_term_string}\"},\"query-input\":{\"@type\":\"PropertyValueSpecification\",\"valueRequired\":true,\"valueName\":\"search_term_string\"}}],\"inLanguage\":\"it-IT\"},{\"@type\":\"Organization\",\"@id\":\"https:\/\/guidodettoni.com\/it\/#organization\",\"name\":\"NESHERGALLERY\",\"url\":\"https:\/\/guidodettoni.com\/it\/\",\"logo\":{\"@type\":\"ImageObject\",\"inLanguage\":\"it-IT\",\"@id\":\"https:\/\/guidodettoni.com\/it\/#\/schema\/logo\/image\/\",\"url\":\"https:\/\/guidodettoni.com\/wp-content\/uploads\/2020\/05\/nesher-gallery-logo-1.png\",\"contentUrl\":\"https:\/\/guidodettoni.com\/wp-content\/uploads\/2020\/05\/nesher-gallery-logo-1.png\",\"width\":200,\"height\":200,\"caption\":\"NESHERGALLERY\"},\"image\":{\"@id\":\"https:\/\/guidodettoni.com\/it\/#\/schema\/logo\/image\/\"},\"sameAs\":[\"https:\/\/www.facebook.com\/mostramaria\",\"https:\/\/www.instagram.com\/mariaescultura\/\",\"https:\/\/www.youtube.com\/user\/nesherorg\"]}]}<\/script>\n<!-- \/ Yoast SEO plugin. -->","yoast_head_json":{"title":"MARIA Nuovo Ingrandimento nuovo ingrandimento","description":"MARIA Nuovo Scultura scolpita in marmo di Carrara, altezza 1,20 cm. Zoccolo scolpito in pietra basaltica, altezza 65 cm. Diametro 48 cm.","robots":{"index":"index","follow":"follow","max-snippet":"max-snippet:-1","max-image-preview":"max-image-preview:large","max-video-preview":"max-video-preview:-1"},"canonical":"https:\/\/guidodettoni.com\/it\/art-gallery\/maria-nuovo-ingrandimento\/","og_locale":"it_IT","og_type":"article","og_title":"MARIA Nuovo Ingrandimento nuovo ingrandimento","og_description":"MARIA Nuovo Scultura scolpita in marmo di Carrara, altezza 1,20 cm. Zoccolo scolpito in pietra basaltica, altezza 65 cm. Diametro 48 cm.","og_url":"https:\/\/guidodettoni.com\/it\/art-gallery\/maria-nuovo-ingrandimento\/","og_site_name":"Guido Dettoni della Grazia","article_publisher":"https:\/\/www.facebook.com\/mostramaria","article_modified_time":"2020-10-13T06:04:56+00:00","og_image":[{"width":1080,"height":1080,"url":"https:\/\/guidodettoni.com\/wp-content\/uploads\/2020\/10\/instagram.jpg","type":"image\/jpeg"}],"twitter_card":"summary_large_image","twitter_misc":{"Tempo di lettura stimato":"2 minuti"},"schema":{"@context":"https:\/\/schema.org","@graph":[{"@type":"WebPage","@id":"https:\/\/guidodettoni.com\/it\/art-gallery\/maria-nuovo-ingrandimento\/","url":"https:\/\/guidodettoni.com\/it\/art-gallery\/maria-nuovo-ingrandimento\/","name":"MARIA Nuovo Ingrandimento nuovo ingrandimento","isPartOf":{"@id":"https:\/\/guidodettoni.com\/it\/#website"},"primaryImageOfPage":{"@id":"https:\/\/guidodettoni.com\/it\/art-gallery\/maria-nuovo-ingrandimento\/#primaryimage"},"image":{"@id":"https:\/\/guidodettoni.com\/it\/art-gallery\/maria-nuovo-ingrandimento\/#primaryimage"},"thumbnailUrl":"https:\/\/guidodettoni.com\/wp-content\/uploads\/2020\/10\/instagram.jpg","datePublished":"2020-10-04T17:38:34+00:00","dateModified":"2020-10-13T06:04:56+00:00","description":"MARIA Nuovo Scultura scolpita in marmo di Carrara, altezza 1,20 cm. Zoccolo scolpito in pietra basaltica, altezza 65 cm. Diametro 48 cm.","breadcrumb":{"@id":"https:\/\/guidodettoni.com\/it\/art-gallery\/maria-nuovo-ingrandimento\/#breadcrumb"},"inLanguage":"it-IT","potentialAction":[{"@type":"ReadAction","target":["https:\/\/guidodettoni.com\/it\/art-gallery\/maria-nuovo-ingrandimento\/"]}]},{"@type":"ImageObject","inLanguage":"it-IT","@id":"https:\/\/guidodettoni.com\/it\/art-gallery\/maria-nuovo-ingrandimento\/#primaryimage","url":"https:\/\/guidodettoni.com\/wp-content\/uploads\/2020\/10\/instagram.jpg","contentUrl":"https:\/\/guidodettoni.com\/wp-content\/uploads\/2020\/10\/instagram.jpg","width":1080,"height":1080,"caption":"this-is-the-latest-conception-of-the-enlarged-sculpture-of-maria-"},{"@type":"BreadcrumbList","@id":"https:\/\/guidodettoni.com\/it\/art-gallery\/maria-nuovo-ingrandimento\/#breadcrumb","itemListElement":[{"@type":"ListItem","position":1,"name":"HOME","item":"https:\/\/guidodettoni.com\/it\/home\/"},{"@type":"ListItem","position":2,"name":"EDITIONS","item":"https:\/\/guidodettoni.com\/?page_id=6"},{"@type":"ListItem","position":3,"name":"Sculture Iconiche","item":"https:\/\/guidodettoni.com\/it\/edizioni\/arte-sacra\/"},{"@type":"ListItem","position":4,"name":"MARIA Nuovo Ingrandimento"}]},{"@type":"WebSite","@id":"https:\/\/guidodettoni.com\/it\/#website","url":"https:\/\/guidodettoni.com\/it\/","name":"Guido Dettoni della Grazia","description":"Guido Dettoni\u2019s works of art and projects","publisher":{"@id":"https:\/\/guidodettoni.com\/it\/#organization"},"potentialAction":[{"@type":"SearchAction","target":{"@type":"EntryPoint","urlTemplate":"https:\/\/guidodettoni.com\/it\/?s={search_term_string}"},"query-input":{"@type":"PropertyValueSpecification","valueRequired":true,"valueName":"search_term_string"}}],"inLanguage":"it-IT"},{"@type":"Organization","@id":"https:\/\/guidodettoni.com\/it\/#organization","name":"NESHERGALLERY","url":"https:\/\/guidodettoni.com\/it\/","logo":{"@type":"ImageObject","inLanguage":"it-IT","@id":"https:\/\/guidodettoni.com\/it\/#\/schema\/logo\/image\/","url":"https:\/\/guidodettoni.com\/wp-content\/uploads\/2020\/05\/nesher-gallery-logo-1.png","contentUrl":"https:\/\/guidodettoni.com\/wp-content\/uploads\/2020\/05\/nesher-gallery-logo-1.png","width":200,"height":200,"caption":"NESHERGALLERY"},"image":{"@id":"https:\/\/guidodettoni.com\/it\/#\/schema\/logo\/image\/"},"sameAs":["https:\/\/www.facebook.com\/mostramaria","https:\/\/www.instagram.com\/mariaescultura\/","https:\/\/www.youtube.com\/user\/nesherorg"]}]}},"_links":{"self":[{"href":"https:\/\/guidodettoni.com\/it\/wp-json\/wp\/v2\/product\/6633","targetHints":{"allow":["GET"]}}],"collection":[{"href":"https:\/\/guidodettoni.com\/it\/wp-json\/wp\/v2\/product"}],"about":[{"href":"https:\/\/guidodettoni.com\/it\/wp-json\/wp\/v2\/types\/product"}],"version-history":[{"count":9,"href":"https:\/\/guidodettoni.com\/it\/wp-json\/wp\/v2\/product\/6633\/revisions"}],"predecessor-version":[{"id":6701,"href":"https:\/\/guidodettoni.com\/it\/wp-json\/wp\/v2\/product\/6633\/revisions\/6701"}],"wp:featuredmedia":[{"embeddable":true,"href":"https:\/\/guidodettoni.com\/it\/wp-json\/wp\/v2\/media\/6698"}],"wp:attachment":[{"href":"https:\/\/guidodettoni.com\/it\/wp-json\/wp\/v2\/media?parent=6633"}],"wp:term":[{"taxonomy":"product_brand","embeddable":true,"href":"https:\/\/guidodettoni.com\/it\/wp-json\/wp\/v2\/product_brand?post=6633"},{"taxonomy":"product_cat","embeddable":true,"href":"https:\/\/guidodettoni.com\/it\/wp-json\/wp\/v2\/product_cat?post=6633"},{"taxonomy":"product_tag","embeddable":true,"href":"https:\/\/guidodettoni.com\/it\/wp-json\/wp\/v2\/product_tag?post=6633"}],"curies":[{"name":"wp","href":"https:\/\/api.w.org\/{rel}","templated":true}]}}