{"id":2886,"date":"2020-03-23T09:46:22","date_gmt":"2020-03-23T08:46:22","guid":{"rendered":"https:\/\/www.neshergallery.com\/?post_type=product&#038;p=2886"},"modified":"2020-08-28T13:28:11","modified_gmt":"2020-08-28T11:28:11","slug":"maria-ingrandita-in-alabastro","status":"publish","type":"product","link":"https:\/\/guidodettoni.com\/it\/art-gallery\/maria-ingrandita-in-alabastro\/","title":{"rendered":"MARIA Ingrandita"},"content":{"rendered":"<p>MARIA in Alabastro.<br \/>\nMARIA tra le mani, ingrandita, per essere toccata con gli occhi.<br \/>\nScolpita in alabastro.<br \/>\n40 cm | 16 in<\/p>\n<p><strong>L\u2019ingrandimento<\/strong><\/p>\n<p>Questi ingrandimenti sono scolpiti in marmo, granito o alabastro permettendo di raggiungere anche grandi dimensioni fino a 2,13 m in un unico blocco di marmo o granito.<br \/>\nUna vasta gamma di colori e tessiture \u00e8 disponibile. Il piedistallo \u00e8 progettato in base al luogo che accoglier\u00e0 l\u2019opera.<\/p>\n<p>Avvicinandoci a una forma possiamo vederla a occhi chiusi, solamente con le mani, o con le mani mentre la tocchiamo con gli occhi, oppure toccarla solo con gli occhi. Toccare con gli occhi vuol dire vedere in due dimensioni e, anche se percepiamo il volume e la prospettiva, non siamo in grado di vedere il tutto da ogni punto di vista: questo \u00e8 possibile solo toccando una forma che pu\u00f2 essere ispezionata dalle mani a una misura che permette di comporre l&#8217;intera immagine nel nostro cervello. Se \u00e8 troppo grande, come per esempio un elefante, sar\u00e0 impossibile comporre l&#8217;intera immagine in noi solo vedendo l&#8217;elefante, pezzo dopo pezzo, con le mani.<br \/>\nL&#8217;Icona iniziale, modellata nel 1995, doveva essere vista con le mani e toccata con gli occhi, un approccio in cui vista e tatto sono complementari. L\u2019approccio successivo, nel 1999, ingrandendola per vederla solo con gli occhi era inevitabile per recuperare la distanza e dunque vedere la scultura nello spazio, non solo in quello delle mani. L&#8217;altro approccio, quello di vedere esclusivamente con le mani cos\u00ec da farla sparire, \u00e8 stato spiegato nella presentazione delle immagini ridotte.<br \/>\nL&#8217;ingrandimento iniziale era quello della forma originale a misura delle mani. Per sorreggerla su un piedistallo si doveva inserire una barra sul fondo della scultura, praticando cos\u00ec un foro con l\u2019inclinazione adeguata. Nel caso degli ingrandimenti di 30 cm \u00e8 stato possibile contenere la statua all&#8217;interno di un cilindro di vetro, come le riproduzioni originali che sono sempre state, e sono, esposte presso le mostre, ma per quelle pi\u00f9 grandi la perforazione e l&#8217;installazione finale erano molto pi\u00f9 laboriose e complicate. Come risolvere questo grave inconveniente? Gi\u00e0 nel 1999 Guido Dettoni aveva realizzato una copia della scultura originale a misura delle mani aggiungendo sul suo fondo una base incorporata all\u2019opera in modo che potesse stare in piedi da sola. La scolp\u00ec in legno di ebano per collocarla all&#8217;interno del piedistallo della scultura ingrandita in marmo di Carrara esposta presso la mostra MARIA di L&#8217;albergueria, Centro Culturale del Museo Diocesano di Vic (Catalogna). Questo intervento fu concepito per unire simultaneamente l&#8217;esperienza visiva e quella tattile. \u00c8 stata un&#8217;esperienza che non si \u00e8 ripetuta, ma che ha lasciato l&#8217;immagine originale che Guido Dettoni conserv\u00f2 nella convinzione che un giorno avrebbe trovato la sua ragione di essere. Cos\u00ec avvenne nel 2016 e da allora la lavorazione e collocazione della scultura sono fluide e senza rischi.<\/p>\n<p><strong><a href=\"http:\/\/maria.guidodettoni.com\/#content2\" target=\"_blank\" rel=\"noopener noreferrer\">www.maria.guidodettoni.com<\/a><\/strong><\/p>\n","protected":false},"excerpt":{"rendered":"<p>Alabastro<br \/>\n40 cm |\u00a0 16 in<\/p>\n","protected":false},"featured_media":6153,"template":"","meta":{"_acf_changed":false},"product_brand":[],"product_cat":[108,110],"product_tag":[],"class_list":{"0":"post-2886","1":"product","2":"type-product","3":"status-publish","4":"has-post-thumbnail","6":"product_cat-maria-ingrandita","7":"product_cat-arte-sacra","8":"","9":"woocommerce-text-align-center","10":"woocommerce-image-align-center","11":"wc-has-gallery","13":"first","14":"onbackorder","15":"taxable","16":"shipping-taxable","17":"purchasable","18":"product-type-simple"},"acf":[],"yoast_head":"<!-- This site is optimized with the Yoast SEO plugin v24.4 - https:\/\/yoast.com\/wordpress\/plugins\/seo\/ -->\n<title>MARIA Ingrandita Ingrandita in Alabastro. MARIA scolopita in alabastro.<\/title>\n<meta name=\"description\" content=\"MARIA ingrandita in Alabastro. MARIA scolpita in alabastro. Dimensioni: 40 cm | 16 in Prezzo: 1.900 \u20ac. Trova le opere disponibili presso GALLERIA NESHER.\" \/>\n<meta name=\"robots\" content=\"index, follow, max-snippet:-1, max-image-preview:large, max-video-preview:-1\" \/>\n<link rel=\"canonical\" href=\"https:\/\/guidodettoni.com\/it\/art-gallery\/maria-ingrandita-in-alabastro\/\" \/>\n<meta property=\"og:locale\" content=\"it_IT\" \/>\n<meta property=\"og:type\" content=\"article\" \/>\n<meta property=\"og:title\" content=\"MARIA Ingrandita Ingrandita in Alabastro. MARIA scolopita in alabastro.\" \/>\n<meta property=\"og:description\" content=\"MARIA ingrandita in Alabastro. MARIA scolpita in alabastro. Dimensioni: 40 cm | 16 in Prezzo: 1.900 \u20ac. Trova le opere disponibili presso GALLERIA NESHER.\" \/>\n<meta property=\"og:url\" content=\"https:\/\/guidodettoni.com\/it\/art-gallery\/maria-ingrandita-in-alabastro\/\" \/>\n<meta property=\"og:site_name\" content=\"Guido Dettoni della Grazia\" \/>\n<meta property=\"article:publisher\" content=\"https:\/\/www.facebook.com\/mostramaria\" \/>\n<meta property=\"article:modified_time\" content=\"2020-08-28T11:28:11+00:00\" \/>\n<meta property=\"og:image\" content=\"https:\/\/guidodettoni.com\/wp-content\/uploads\/2020\/03\/ALABASTRO-1-680X680-1.jpg\" \/>\n\t<meta property=\"og:image:width\" content=\"680\" \/>\n\t<meta property=\"og:image:height\" content=\"680\" \/>\n\t<meta property=\"og:image:type\" content=\"image\/jpeg\" \/>\n<meta name=\"twitter:card\" content=\"summary_large_image\" \/>\n<meta name=\"twitter:label1\" content=\"Tempo di lettura stimato\" \/>\n\t<meta name=\"twitter:data1\" content=\"2 minuti\" \/>\n<script type=\"application\/ld+json\" class=\"yoast-schema-graph\">{\"@context\":\"https:\/\/schema.org\",\"@graph\":[{\"@type\":\"WebPage\",\"@id\":\"https:\/\/guidodettoni.com\/it\/art-gallery\/maria-ingrandita-in-alabastro\/\",\"url\":\"https:\/\/guidodettoni.com\/it\/art-gallery\/maria-ingrandita-in-alabastro\/\",\"name\":\"MARIA Ingrandita Ingrandita in Alabastro. MARIA scolopita in alabastro.\",\"isPartOf\":{\"@id\":\"https:\/\/guidodettoni.com\/it\/#website\"},\"primaryImageOfPage\":{\"@id\":\"https:\/\/guidodettoni.com\/it\/art-gallery\/maria-ingrandita-in-alabastro\/#primaryimage\"},\"image\":{\"@id\":\"https:\/\/guidodettoni.com\/it\/art-gallery\/maria-ingrandita-in-alabastro\/#primaryimage\"},\"thumbnailUrl\":\"https:\/\/guidodettoni.com\/wp-content\/uploads\/2020\/03\/ALABASTRO-1-680X680-1.jpg\",\"datePublished\":\"2020-03-23T08:46:22+00:00\",\"dateModified\":\"2020-08-28T11:28:11+00:00\",\"description\":\"MARIA ingrandita in Alabastro. MARIA scolpita in alabastro. Dimensioni: 40 cm | 16 in Prezzo: 1.900 \u20ac. Trova le opere disponibili presso GALLERIA NESHER.\",\"breadcrumb\":{\"@id\":\"https:\/\/guidodettoni.com\/it\/art-gallery\/maria-ingrandita-in-alabastro\/#breadcrumb\"},\"inLanguage\":\"it-IT\",\"potentialAction\":[{\"@type\":\"ReadAction\",\"target\":[\"https:\/\/guidodettoni.com\/it\/art-gallery\/maria-ingrandita-in-alabastro\/\"]}]},{\"@type\":\"ImageObject\",\"inLanguage\":\"it-IT\",\"@id\":\"https:\/\/guidodettoni.com\/it\/art-gallery\/maria-ingrandita-in-alabastro\/#primaryimage\",\"url\":\"https:\/\/guidodettoni.com\/wp-content\/uploads\/2020\/03\/ALABASTRO-1-680X680-1.jpg\",\"contentUrl\":\"https:\/\/guidodettoni.com\/wp-content\/uploads\/2020\/03\/ALABASTRO-1-680X680-1.jpg\",\"width\":680,\"height\":680,\"caption\":\"the-handheld-icon-of-mary-enlarged-so-to-be-touched-by-the-eyes-carved-in-alabaster-3\"},{\"@type\":\"BreadcrumbList\",\"@id\":\"https:\/\/guidodettoni.com\/it\/art-gallery\/maria-ingrandita-in-alabastro\/#breadcrumb\",\"itemListElement\":[{\"@type\":\"ListItem\",\"position\":1,\"name\":\"HOME\",\"item\":\"https:\/\/guidodettoni.com\/it\/home\/\"},{\"@type\":\"ListItem\",\"position\":2,\"name\":\"EDITIONS\",\"item\":\"https:\/\/guidodettoni.com\/?page_id=6\"},{\"@type\":\"ListItem\",\"position\":3,\"name\":\"Sculture Iconiche\",\"item\":\"https:\/\/guidodettoni.com\/it\/edizioni\/arte-sacra\/\"},{\"@type\":\"ListItem\",\"position\":4,\"name\":\"MARIA Ingrandita\"}]},{\"@type\":\"WebSite\",\"@id\":\"https:\/\/guidodettoni.com\/it\/#website\",\"url\":\"https:\/\/guidodettoni.com\/it\/\",\"name\":\"Guido Dettoni della Grazia\",\"description\":\"Guido Dettoni\u2019s works of art and projects\",\"publisher\":{\"@id\":\"https:\/\/guidodettoni.com\/it\/#organization\"},\"potentialAction\":[{\"@type\":\"SearchAction\",\"target\":{\"@type\":\"EntryPoint\",\"urlTemplate\":\"https:\/\/guidodettoni.com\/it\/?s={search_term_string}\"},\"query-input\":{\"@type\":\"PropertyValueSpecification\",\"valueRequired\":true,\"valueName\":\"search_term_string\"}}],\"inLanguage\":\"it-IT\"},{\"@type\":\"Organization\",\"@id\":\"https:\/\/guidodettoni.com\/it\/#organization\",\"name\":\"NESHERGALLERY\",\"url\":\"https:\/\/guidodettoni.com\/it\/\",\"logo\":{\"@type\":\"ImageObject\",\"inLanguage\":\"it-IT\",\"@id\":\"https:\/\/guidodettoni.com\/it\/#\/schema\/logo\/image\/\",\"url\":\"https:\/\/guidodettoni.com\/wp-content\/uploads\/2020\/05\/nesher-gallery-logo-1.png\",\"contentUrl\":\"https:\/\/guidodettoni.com\/wp-content\/uploads\/2020\/05\/nesher-gallery-logo-1.png\",\"width\":200,\"height\":200,\"caption\":\"NESHERGALLERY\"},\"image\":{\"@id\":\"https:\/\/guidodettoni.com\/it\/#\/schema\/logo\/image\/\"},\"sameAs\":[\"https:\/\/www.facebook.com\/mostramaria\",\"https:\/\/www.instagram.com\/mariaescultura\/\",\"https:\/\/www.youtube.com\/user\/nesherorg\"]}]}<\/script>\n<!-- \/ Yoast SEO plugin. -->","yoast_head_json":{"title":"MARIA Ingrandita Ingrandita in Alabastro. MARIA scolopita in alabastro.","description":"MARIA ingrandita in Alabastro. MARIA scolpita in alabastro. Dimensioni: 40 cm | 16 in Prezzo: 1.900 \u20ac. Trova le opere disponibili presso GALLERIA NESHER.","robots":{"index":"index","follow":"follow","max-snippet":"max-snippet:-1","max-image-preview":"max-image-preview:large","max-video-preview":"max-video-preview:-1"},"canonical":"https:\/\/guidodettoni.com\/it\/art-gallery\/maria-ingrandita-in-alabastro\/","og_locale":"it_IT","og_type":"article","og_title":"MARIA Ingrandita Ingrandita in Alabastro. MARIA scolopita in alabastro.","og_description":"MARIA ingrandita in Alabastro. MARIA scolpita in alabastro. Dimensioni: 40 cm | 16 in Prezzo: 1.900 \u20ac. Trova le opere disponibili presso GALLERIA NESHER.","og_url":"https:\/\/guidodettoni.com\/it\/art-gallery\/maria-ingrandita-in-alabastro\/","og_site_name":"Guido Dettoni della Grazia","article_publisher":"https:\/\/www.facebook.com\/mostramaria","article_modified_time":"2020-08-28T11:28:11+00:00","og_image":[{"width":680,"height":680,"url":"https:\/\/guidodettoni.com\/wp-content\/uploads\/2020\/03\/ALABASTRO-1-680X680-1.jpg","type":"image\/jpeg"}],"twitter_card":"summary_large_image","twitter_misc":{"Tempo di lettura stimato":"2 minuti"},"schema":{"@context":"https:\/\/schema.org","@graph":[{"@type":"WebPage","@id":"https:\/\/guidodettoni.com\/it\/art-gallery\/maria-ingrandita-in-alabastro\/","url":"https:\/\/guidodettoni.com\/it\/art-gallery\/maria-ingrandita-in-alabastro\/","name":"MARIA Ingrandita Ingrandita in Alabastro. MARIA scolopita in alabastro.","isPartOf":{"@id":"https:\/\/guidodettoni.com\/it\/#website"},"primaryImageOfPage":{"@id":"https:\/\/guidodettoni.com\/it\/art-gallery\/maria-ingrandita-in-alabastro\/#primaryimage"},"image":{"@id":"https:\/\/guidodettoni.com\/it\/art-gallery\/maria-ingrandita-in-alabastro\/#primaryimage"},"thumbnailUrl":"https:\/\/guidodettoni.com\/wp-content\/uploads\/2020\/03\/ALABASTRO-1-680X680-1.jpg","datePublished":"2020-03-23T08:46:22+00:00","dateModified":"2020-08-28T11:28:11+00:00","description":"MARIA ingrandita in Alabastro. MARIA scolpita in alabastro. Dimensioni: 40 cm | 16 in Prezzo: 1.900 \u20ac. Trova le opere disponibili presso GALLERIA NESHER.","breadcrumb":{"@id":"https:\/\/guidodettoni.com\/it\/art-gallery\/maria-ingrandita-in-alabastro\/#breadcrumb"},"inLanguage":"it-IT","potentialAction":[{"@type":"ReadAction","target":["https:\/\/guidodettoni.com\/it\/art-gallery\/maria-ingrandita-in-alabastro\/"]}]},{"@type":"ImageObject","inLanguage":"it-IT","@id":"https:\/\/guidodettoni.com\/it\/art-gallery\/maria-ingrandita-in-alabastro\/#primaryimage","url":"https:\/\/guidodettoni.com\/wp-content\/uploads\/2020\/03\/ALABASTRO-1-680X680-1.jpg","contentUrl":"https:\/\/guidodettoni.com\/wp-content\/uploads\/2020\/03\/ALABASTRO-1-680X680-1.jpg","width":680,"height":680,"caption":"the-handheld-icon-of-mary-enlarged-so-to-be-touched-by-the-eyes-carved-in-alabaster-3"},{"@type":"BreadcrumbList","@id":"https:\/\/guidodettoni.com\/it\/art-gallery\/maria-ingrandita-in-alabastro\/#breadcrumb","itemListElement":[{"@type":"ListItem","position":1,"name":"HOME","item":"https:\/\/guidodettoni.com\/it\/home\/"},{"@type":"ListItem","position":2,"name":"EDITIONS","item":"https:\/\/guidodettoni.com\/?page_id=6"},{"@type":"ListItem","position":3,"name":"Sculture Iconiche","item":"https:\/\/guidodettoni.com\/it\/edizioni\/arte-sacra\/"},{"@type":"ListItem","position":4,"name":"MARIA Ingrandita"}]},{"@type":"WebSite","@id":"https:\/\/guidodettoni.com\/it\/#website","url":"https:\/\/guidodettoni.com\/it\/","name":"Guido Dettoni della Grazia","description":"Guido Dettoni\u2019s works of art and projects","publisher":{"@id":"https:\/\/guidodettoni.com\/it\/#organization"},"potentialAction":[{"@type":"SearchAction","target":{"@type":"EntryPoint","urlTemplate":"https:\/\/guidodettoni.com\/it\/?s={search_term_string}"},"query-input":{"@type":"PropertyValueSpecification","valueRequired":true,"valueName":"search_term_string"}}],"inLanguage":"it-IT"},{"@type":"Organization","@id":"https:\/\/guidodettoni.com\/it\/#organization","name":"NESHERGALLERY","url":"https:\/\/guidodettoni.com\/it\/","logo":{"@type":"ImageObject","inLanguage":"it-IT","@id":"https:\/\/guidodettoni.com\/it\/#\/schema\/logo\/image\/","url":"https:\/\/guidodettoni.com\/wp-content\/uploads\/2020\/05\/nesher-gallery-logo-1.png","contentUrl":"https:\/\/guidodettoni.com\/wp-content\/uploads\/2020\/05\/nesher-gallery-logo-1.png","width":200,"height":200,"caption":"NESHERGALLERY"},"image":{"@id":"https:\/\/guidodettoni.com\/it\/#\/schema\/logo\/image\/"},"sameAs":["https:\/\/www.facebook.com\/mostramaria","https:\/\/www.instagram.com\/mariaescultura\/","https:\/\/www.youtube.com\/user\/nesherorg"]}]}},"_links":{"self":[{"href":"https:\/\/guidodettoni.com\/it\/wp-json\/wp\/v2\/product\/2886","targetHints":{"allow":["GET"]}}],"collection":[{"href":"https:\/\/guidodettoni.com\/it\/wp-json\/wp\/v2\/product"}],"about":[{"href":"https:\/\/guidodettoni.com\/it\/wp-json\/wp\/v2\/types\/product"}],"version-history":[{"count":6,"href":"https:\/\/guidodettoni.com\/it\/wp-json\/wp\/v2\/product\/2886\/revisions"}],"predecessor-version":[{"id":5787,"href":"https:\/\/guidodettoni.com\/it\/wp-json\/wp\/v2\/product\/2886\/revisions\/5787"}],"wp:featuredmedia":[{"embeddable":true,"href":"https:\/\/guidodettoni.com\/it\/wp-json\/wp\/v2\/media\/6153"}],"wp:attachment":[{"href":"https:\/\/guidodettoni.com\/it\/wp-json\/wp\/v2\/media?parent=2886"}],"wp:term":[{"taxonomy":"product_brand","embeddable":true,"href":"https:\/\/guidodettoni.com\/it\/wp-json\/wp\/v2\/product_brand?post=2886"},{"taxonomy":"product_cat","embeddable":true,"href":"https:\/\/guidodettoni.com\/it\/wp-json\/wp\/v2\/product_cat?post=2886"},{"taxonomy":"product_tag","embeddable":true,"href":"https:\/\/guidodettoni.com\/it\/wp-json\/wp\/v2\/product_tag?post=2886"}],"curies":[{"name":"wp","href":"https:\/\/api.w.org\/{rel}","templated":true}]}}