{"id":2879,"date":"2020-01-08T18:05:16","date_gmt":"2020-01-08T17:05:16","guid":{"rendered":"https:\/\/www.neshergallery.com\/shop\/senza%20categoria\/maria-edizione-firmata-legno-tasso\/"},"modified":"2020-08-28T12:58:08","modified_gmt":"2020-08-28T10:58:08","slug":"maria-legno-centenario-tasso","status":"publish","type":"product","link":"https:\/\/guidodettoni.com\/it\/art-gallery\/maria-legno-centenario-tasso\/","title":{"rendered":"MARIA Edizioni Limitate"},"content":{"rendered":"<p>MARIA in legno centenario di tasso.<br \/>\nMaria tra le mani.<br \/>\n12 esemplari firmati.<br \/>\nScolpite in legno centenario di tasso.<br \/>\nPresentata con un sacchetto di tessuto, certificato dell&#8217;artista e con volantino.<br \/>\n8 cm | 3 in<\/p>\n<p><span style=\"font-weight: 400;\">Grazie alla sua longevit\u00e0, il legno di Tasso significa anche l&#8217;immortalit\u00e0. Questo albero incarna cos\u00ec l&#8217;eternit\u00e0 mostrando alle anime il cammino verso il cielo sia per la sua verticalit\u00e0 che lo innalza verso il cielo, sia per le sue foglie perenni. Per questo motivo, sebbene il legno di tasso\u00a0 sia associato alla morte, quest&#8217;ultima diventa l&#8217;ingresso a una nuova vita e al suo continuo rinnovamento attraverso la trasformazione. Inoltre, qui troviamo\u00a0 il ciclo eterno della morte e della nascita: la porta attraverso la quale si entra nel cammino della vita eterna dell&#8217;anima e infine la promessa della vita contenuta nella morte.\u00a0<\/span><\/p>\n<p><strong><a href=\"http:\/\/maria.guidodettoni.com\/#content2\" target=\"_blank\" rel=\"noopener noreferrer\">www.maria.guidodettoni.com<\/a><\/strong><\/p>\n","protected":false},"excerpt":{"rendered":"<p>Legno Centenario di Tasso<br \/>\n12 esemplari firmati<br \/>\n8 cm | 3 in<\/p>\n","protected":false},"featured_media":710,"template":"","meta":{"_acf_changed":false},"product_brand":[],"product_cat":[104,110],"product_tag":[],"class_list":{"0":"post-2879","1":"product","2":"type-product","3":"status-publish","4":"has-post-thumbnail","6":"product_cat-maria-edizioni-limitate","7":"product_cat-arte-sacra","8":"","9":"woocommerce-text-align-center","10":"woocommerce-image-align-center","11":"wc-has-gallery","13":"first","14":"instock","15":"taxable","16":"shipping-taxable","17":"purchasable","18":"product-type-simple"},"acf":[],"yoast_head":"<!-- This site is optimized with the Yoast SEO plugin v24.4 - https:\/\/yoast.com\/wordpress\/plugins\/seo\/ -->\n<title>MARIA Edizioni Limitate legno centenario di tasso. MARIA<\/title>\n<meta name=\"description\" content=\"Maria tra le mani. MARIA scolpite in legno centenario di tasso, 12 esemplari firmati. Dimensioni: 8 cm | 3 in Prezzo: 100 \u20ac. NESHERGALLERY.\" \/>\n<meta name=\"robots\" content=\"index, follow, max-snippet:-1, max-image-preview:large, max-video-preview:-1\" \/>\n<link rel=\"canonical\" href=\"https:\/\/guidodettoni.com\/it\/art-gallery\/maria-legno-centenario-tasso\/\" \/>\n<meta property=\"og:locale\" content=\"it_IT\" \/>\n<meta property=\"og:type\" content=\"article\" \/>\n<meta property=\"og:title\" content=\"MARIA Edizioni Limitate legno centenario di tasso. MARIA\" \/>\n<meta property=\"og:description\" content=\"Maria tra le mani. MARIA scolpite in legno centenario di tasso, 12 esemplari firmati. Dimensioni: 8 cm | 3 in Prezzo: 100 \u20ac. NESHERGALLERY.\" \/>\n<meta property=\"og:url\" content=\"https:\/\/guidodettoni.com\/it\/art-gallery\/maria-legno-centenario-tasso\/\" \/>\n<meta property=\"og:site_name\" content=\"Guido Dettoni della Grazia\" \/>\n<meta property=\"article:publisher\" content=\"https:\/\/www.facebook.com\/mostramaria\" \/>\n<meta property=\"article:modified_time\" content=\"2020-08-28T10:58:08+00:00\" \/>\n<meta property=\"og:image\" content=\"https:\/\/guidodettoni.com\/wp-content\/uploads\/2020\/01\/124-MARIA-SIGNED-EDITION-3.15-In.-CENTENARY-YEW-WOOD.jpg\" \/>\n\t<meta property=\"og:image:width\" content=\"680\" \/>\n\t<meta property=\"og:image:height\" content=\"680\" \/>\n\t<meta property=\"og:image:type\" content=\"image\/jpeg\" \/>\n<meta name=\"twitter:card\" content=\"summary_large_image\" \/>\n<meta name=\"twitter:label1\" content=\"Tempo di lettura stimato\" \/>\n\t<meta name=\"twitter:data1\" content=\"1 minuto\" \/>\n<script type=\"application\/ld+json\" class=\"yoast-schema-graph\">{\"@context\":\"https:\/\/schema.org\",\"@graph\":[{\"@type\":\"WebPage\",\"@id\":\"https:\/\/guidodettoni.com\/it\/art-gallery\/maria-legno-centenario-tasso\/\",\"url\":\"https:\/\/guidodettoni.com\/it\/art-gallery\/maria-legno-centenario-tasso\/\",\"name\":\"MARIA Edizioni Limitate legno centenario di tasso. MARIA\",\"isPartOf\":{\"@id\":\"https:\/\/guidodettoni.com\/it\/#website\"},\"primaryImageOfPage\":{\"@id\":\"https:\/\/guidodettoni.com\/it\/art-gallery\/maria-legno-centenario-tasso\/#primaryimage\"},\"image\":{\"@id\":\"https:\/\/guidodettoni.com\/it\/art-gallery\/maria-legno-centenario-tasso\/#primaryimage\"},\"thumbnailUrl\":\"https:\/\/guidodettoni.com\/wp-content\/uploads\/2020\/01\/124-MARIA-SIGNED-EDITION-3.15-In.-CENTENARY-YEW-WOOD.jpg\",\"datePublished\":\"2020-01-08T17:05:16+00:00\",\"dateModified\":\"2020-08-28T10:58:08+00:00\",\"description\":\"Maria tra le mani. MARIA scolpite in legno centenario di tasso, 12 esemplari firmati. Dimensioni: 8 cm | 3 in Prezzo: 100 \u20ac. NESHERGALLERY.\",\"breadcrumb\":{\"@id\":\"https:\/\/guidodettoni.com\/it\/art-gallery\/maria-legno-centenario-tasso\/#breadcrumb\"},\"inLanguage\":\"it-IT\",\"potentialAction\":[{\"@type\":\"ReadAction\",\"target\":[\"https:\/\/guidodettoni.com\/it\/art-gallery\/maria-legno-centenario-tasso\/\"]}]},{\"@type\":\"ImageObject\",\"inLanguage\":\"it-IT\",\"@id\":\"https:\/\/guidodettoni.com\/it\/art-gallery\/maria-legno-centenario-tasso\/#primaryimage\",\"url\":\"https:\/\/guidodettoni.com\/wp-content\/uploads\/2020\/01\/124-MARIA-SIGNED-EDITION-3.15-In.-CENTENARY-YEW-WOOD.jpg\",\"contentUrl\":\"https:\/\/guidodettoni.com\/wp-content\/uploads\/2020\/01\/124-MARIA-SIGNED-EDITION-3.15-In.-CENTENARY-YEW-WOOD.jpg\",\"width\":680,\"height\":680,\"caption\":\"MARIA EDIZIONE FIRMATA 8 cm. LEGNO DI TASSO CENTENARIO\"},{\"@type\":\"BreadcrumbList\",\"@id\":\"https:\/\/guidodettoni.com\/it\/art-gallery\/maria-legno-centenario-tasso\/#breadcrumb\",\"itemListElement\":[{\"@type\":\"ListItem\",\"position\":1,\"name\":\"HOME\",\"item\":\"https:\/\/guidodettoni.com\/it\/home\/\"},{\"@type\":\"ListItem\",\"position\":2,\"name\":\"EDITIONS\",\"item\":\"https:\/\/guidodettoni.com\/?page_id=6\"},{\"@type\":\"ListItem\",\"position\":3,\"name\":\"Sculture Iconiche\",\"item\":\"https:\/\/guidodettoni.com\/it\/edizioni\/arte-sacra\/\"},{\"@type\":\"ListItem\",\"position\":4,\"name\":\"MARIA Edizioni Limitate\"}]},{\"@type\":\"WebSite\",\"@id\":\"https:\/\/guidodettoni.com\/it\/#website\",\"url\":\"https:\/\/guidodettoni.com\/it\/\",\"name\":\"Guido Dettoni della Grazia\",\"description\":\"Guido Dettoni\u2019s works of art and projects\",\"publisher\":{\"@id\":\"https:\/\/guidodettoni.com\/it\/#organization\"},\"potentialAction\":[{\"@type\":\"SearchAction\",\"target\":{\"@type\":\"EntryPoint\",\"urlTemplate\":\"https:\/\/guidodettoni.com\/it\/?s={search_term_string}\"},\"query-input\":{\"@type\":\"PropertyValueSpecification\",\"valueRequired\":true,\"valueName\":\"search_term_string\"}}],\"inLanguage\":\"it-IT\"},{\"@type\":\"Organization\",\"@id\":\"https:\/\/guidodettoni.com\/it\/#organization\",\"name\":\"NESHERGALLERY\",\"url\":\"https:\/\/guidodettoni.com\/it\/\",\"logo\":{\"@type\":\"ImageObject\",\"inLanguage\":\"it-IT\",\"@id\":\"https:\/\/guidodettoni.com\/it\/#\/schema\/logo\/image\/\",\"url\":\"https:\/\/guidodettoni.com\/wp-content\/uploads\/2020\/05\/nesher-gallery-logo-1.png\",\"contentUrl\":\"https:\/\/guidodettoni.com\/wp-content\/uploads\/2020\/05\/nesher-gallery-logo-1.png\",\"width\":200,\"height\":200,\"caption\":\"NESHERGALLERY\"},\"image\":{\"@id\":\"https:\/\/guidodettoni.com\/it\/#\/schema\/logo\/image\/\"},\"sameAs\":[\"https:\/\/www.facebook.com\/mostramaria\",\"https:\/\/www.instagram.com\/mariaescultura\/\",\"https:\/\/www.youtube.com\/user\/nesherorg\"]}]}<\/script>\n<!-- \/ Yoast SEO plugin. -->","yoast_head_json":{"title":"MARIA Edizioni Limitate legno centenario di tasso. MARIA","description":"Maria tra le mani. MARIA scolpite in legno centenario di tasso, 12 esemplari firmati. Dimensioni: 8 cm | 3 in Prezzo: 100 \u20ac. NESHERGALLERY.","robots":{"index":"index","follow":"follow","max-snippet":"max-snippet:-1","max-image-preview":"max-image-preview:large","max-video-preview":"max-video-preview:-1"},"canonical":"https:\/\/guidodettoni.com\/it\/art-gallery\/maria-legno-centenario-tasso\/","og_locale":"it_IT","og_type":"article","og_title":"MARIA Edizioni Limitate legno centenario di tasso. MARIA","og_description":"Maria tra le mani. MARIA scolpite in legno centenario di tasso, 12 esemplari firmati. Dimensioni: 8 cm | 3 in Prezzo: 100 \u20ac. NESHERGALLERY.","og_url":"https:\/\/guidodettoni.com\/it\/art-gallery\/maria-legno-centenario-tasso\/","og_site_name":"Guido Dettoni della Grazia","article_publisher":"https:\/\/www.facebook.com\/mostramaria","article_modified_time":"2020-08-28T10:58:08+00:00","og_image":[{"width":680,"height":680,"url":"https:\/\/guidodettoni.com\/wp-content\/uploads\/2020\/01\/124-MARIA-SIGNED-EDITION-3.15-In.-CENTENARY-YEW-WOOD.jpg","type":"image\/jpeg"}],"twitter_card":"summary_large_image","twitter_misc":{"Tempo di lettura stimato":"1 minuto"},"schema":{"@context":"https:\/\/schema.org","@graph":[{"@type":"WebPage","@id":"https:\/\/guidodettoni.com\/it\/art-gallery\/maria-legno-centenario-tasso\/","url":"https:\/\/guidodettoni.com\/it\/art-gallery\/maria-legno-centenario-tasso\/","name":"MARIA Edizioni Limitate legno centenario di tasso. MARIA","isPartOf":{"@id":"https:\/\/guidodettoni.com\/it\/#website"},"primaryImageOfPage":{"@id":"https:\/\/guidodettoni.com\/it\/art-gallery\/maria-legno-centenario-tasso\/#primaryimage"},"image":{"@id":"https:\/\/guidodettoni.com\/it\/art-gallery\/maria-legno-centenario-tasso\/#primaryimage"},"thumbnailUrl":"https:\/\/guidodettoni.com\/wp-content\/uploads\/2020\/01\/124-MARIA-SIGNED-EDITION-3.15-In.-CENTENARY-YEW-WOOD.jpg","datePublished":"2020-01-08T17:05:16+00:00","dateModified":"2020-08-28T10:58:08+00:00","description":"Maria tra le mani. MARIA scolpite in legno centenario di tasso, 12 esemplari firmati. Dimensioni: 8 cm | 3 in Prezzo: 100 \u20ac. NESHERGALLERY.","breadcrumb":{"@id":"https:\/\/guidodettoni.com\/it\/art-gallery\/maria-legno-centenario-tasso\/#breadcrumb"},"inLanguage":"it-IT","potentialAction":[{"@type":"ReadAction","target":["https:\/\/guidodettoni.com\/it\/art-gallery\/maria-legno-centenario-tasso\/"]}]},{"@type":"ImageObject","inLanguage":"it-IT","@id":"https:\/\/guidodettoni.com\/it\/art-gallery\/maria-legno-centenario-tasso\/#primaryimage","url":"https:\/\/guidodettoni.com\/wp-content\/uploads\/2020\/01\/124-MARIA-SIGNED-EDITION-3.15-In.-CENTENARY-YEW-WOOD.jpg","contentUrl":"https:\/\/guidodettoni.com\/wp-content\/uploads\/2020\/01\/124-MARIA-SIGNED-EDITION-3.15-In.-CENTENARY-YEW-WOOD.jpg","width":680,"height":680,"caption":"MARIA EDIZIONE FIRMATA 8 cm. LEGNO DI TASSO CENTENARIO"},{"@type":"BreadcrumbList","@id":"https:\/\/guidodettoni.com\/it\/art-gallery\/maria-legno-centenario-tasso\/#breadcrumb","itemListElement":[{"@type":"ListItem","position":1,"name":"HOME","item":"https:\/\/guidodettoni.com\/it\/home\/"},{"@type":"ListItem","position":2,"name":"EDITIONS","item":"https:\/\/guidodettoni.com\/?page_id=6"},{"@type":"ListItem","position":3,"name":"Sculture Iconiche","item":"https:\/\/guidodettoni.com\/it\/edizioni\/arte-sacra\/"},{"@type":"ListItem","position":4,"name":"MARIA Edizioni Limitate"}]},{"@type":"WebSite","@id":"https:\/\/guidodettoni.com\/it\/#website","url":"https:\/\/guidodettoni.com\/it\/","name":"Guido Dettoni della Grazia","description":"Guido Dettoni\u2019s works of art and projects","publisher":{"@id":"https:\/\/guidodettoni.com\/it\/#organization"},"potentialAction":[{"@type":"SearchAction","target":{"@type":"EntryPoint","urlTemplate":"https:\/\/guidodettoni.com\/it\/?s={search_term_string}"},"query-input":{"@type":"PropertyValueSpecification","valueRequired":true,"valueName":"search_term_string"}}],"inLanguage":"it-IT"},{"@type":"Organization","@id":"https:\/\/guidodettoni.com\/it\/#organization","name":"NESHERGALLERY","url":"https:\/\/guidodettoni.com\/it\/","logo":{"@type":"ImageObject","inLanguage":"it-IT","@id":"https:\/\/guidodettoni.com\/it\/#\/schema\/logo\/image\/","url":"https:\/\/guidodettoni.com\/wp-content\/uploads\/2020\/05\/nesher-gallery-logo-1.png","contentUrl":"https:\/\/guidodettoni.com\/wp-content\/uploads\/2020\/05\/nesher-gallery-logo-1.png","width":200,"height":200,"caption":"NESHERGALLERY"},"image":{"@id":"https:\/\/guidodettoni.com\/it\/#\/schema\/logo\/image\/"},"sameAs":["https:\/\/www.facebook.com\/mostramaria","https:\/\/www.instagram.com\/mariaescultura\/","https:\/\/www.youtube.com\/user\/nesherorg"]}]}},"_links":{"self":[{"href":"https:\/\/guidodettoni.com\/it\/wp-json\/wp\/v2\/product\/2879","targetHints":{"allow":["GET"]}}],"collection":[{"href":"https:\/\/guidodettoni.com\/it\/wp-json\/wp\/v2\/product"}],"about":[{"href":"https:\/\/guidodettoni.com\/it\/wp-json\/wp\/v2\/types\/product"}],"version-history":[{"count":8,"href":"https:\/\/guidodettoni.com\/it\/wp-json\/wp\/v2\/product\/2879\/revisions"}],"predecessor-version":[{"id":5764,"href":"https:\/\/guidodettoni.com\/it\/wp-json\/wp\/v2\/product\/2879\/revisions\/5764"}],"wp:featuredmedia":[{"embeddable":true,"href":"https:\/\/guidodettoni.com\/it\/wp-json\/wp\/v2\/media\/710"}],"wp:attachment":[{"href":"https:\/\/guidodettoni.com\/it\/wp-json\/wp\/v2\/media?parent=2879"}],"wp:term":[{"taxonomy":"product_brand","embeddable":true,"href":"https:\/\/guidodettoni.com\/it\/wp-json\/wp\/v2\/product_brand?post=2879"},{"taxonomy":"product_cat","embeddable":true,"href":"https:\/\/guidodettoni.com\/it\/wp-json\/wp\/v2\/product_cat?post=2879"},{"taxonomy":"product_tag","embeddable":true,"href":"https:\/\/guidodettoni.com\/it\/wp-json\/wp\/v2\/product_tag?post=2879"}],"curies":[{"name":"wp","href":"https:\/\/api.w.org\/{rel}","templated":true}]}}