{"id":2808,"date":"2019-10-04T09:32:47","date_gmt":"2019-10-04T07:32:47","guid":{"rendered":"https:\/\/www.neshergallery.com\/shop\/senza%20categoria\/maria-resina-bianca-grande\/"},"modified":"2021-03-11T18:15:22","modified_gmt":"2021-03-11T17:15:22","slug":"maria-resina-bianca-grande","status":"publish","type":"product","link":"https:\/\/guidodettoni.com\/it\/art-gallery\/maria-resina-bianca-grande\/","title":{"rendered":"MARIA"},"content":{"rendered":"<p>MARIA resina bianca scultura originale.<br \/>\n<strong><a href=\"http:\/\/www.maria.guidodettoni.com\/#content2\">MARIA<\/a><\/strong><br \/>\nMARIA tra le mani.<br \/>\nColata in resina bianca con polvere di marmo.<br \/>\nPresentata con un sacchetto e con volantino.<br \/>\n14 cm | 5.5 in<\/p>\n<p><strong>La copia della scultura originale.<\/strong><br \/>\nQuesta \u00e8 stata la prima copia dell&#8217;originale in cera alta 14 cm. \u00c8 stata e continua a essere colata in resina bianca con polvere di marmo. Vestita di bianco, il colore che esprime spiritualit\u00e0, candore, purezza. Il bianco \u00e8 percepito come l&#8217;immagine della forza capace di attivare la materia. Quindi la vita non \u00e8 rappresentata dal bianco, ma dall&#8217;energia vitale che \u00e8 alla base di tutta la creazione. Queste copie bianche hanno e sono sempre a portata delle mani dei visitatori delle mostre, invitandoli cos\u00ec a contenere l\u2019immagine. Ricordando ancora una volta che le mani vedono e gli occhi toccano.<br \/>\n1995, mese di febbraio, a Puebla, Messico. Guido Dettoni acquista la mattina presto al mercato locale un po&#8217; di cera. Aveva nello spirito e nella mente di modellare l&#8217;Icona di Maria, cos\u00ec, al suo ritorno a Barcellona, senza vedere, modell\u00f2 la prima Icona a misura delle mani.<br \/>\nPerch\u00e9 Guido l\u2019ha modellata? L&#8217;unica risposta che abbiamo ricevuto da lui \u00e8 che questa creazione \u00e8 stata una chiamata nella consapevolezza di doverlo fare seguendo rigorosamente il suo processo creativo: senza vedere con gli occhi, modellando una quantit\u00e0 di materia malleabile in quantit\u00e0 da intuire, svuotando la mente per far emergere la memoria mantenendo la consapevolezza dell\u2019intenzione: scoprire tra le mani l&#8217;Icona che rappresenta la Madre, il Femminile, la Spiritualit\u00e0.<br \/>\nNonostante la sua presentazione pubblica nel giugno 1995, sentendo che quest&#8217;immagine non era quello che doveva essere, ne interruppe le riproduzioni. Inizi\u00f2 cos\u00ec un periodo di tre anni per meditare e per visitare nuovamente i punti di vista dell&#8217;immagine emersi dai ricordi dei suoi soggiorni a Nazareth e in Palestina. Questo rese possibili cambiamenti quasi impercettibili, completati con, entrambe, le mani e gli occhi.<br \/>\nL&#8217;8 gennaio 1998 nel suo studio di Palma di Maiorca finalmente scoperse l&#8217;Icona definitiva.<br \/>\nAlla fine dello stesso anno ebbe luogo la prima mostra MARIA presso il Museo Diocesano di Barcellona, Pia Almoina. Da allora, le mostre e le presenze di questa Icona sono state ventinove presso chiese, cattedrali, centri d&#8217;arte e luoghi pubblici. Da vent&#8217;anni, le mostre permanenti di MARIA sono installate nella chiesa di Santa Maria delle Rose ad Assisi, da 5 anni a Praga presso Santa Maria della Neve e a Singapore presso la Chiesa di Sant&#8217;Ignazio.<\/p>\n<p><strong><a href=\"http:\/\/maria.guidodettoni.com\/#content2\" target=\"_blank\" rel=\"noopener noreferrer\">www.maria.guidodettoni.com<\/a><\/strong><\/p>\n","protected":false},"excerpt":{"rendered":"<p>Resina Bianca con Polvere di Marmo<br \/>\n14 cm | 5.5 in<\/p>\n","protected":false},"featured_media":617,"template":"","meta":{"_acf_changed":false},"product_brand":[],"product_cat":[106,110],"product_tag":[],"class_list":{"0":"post-2808","1":"product","2":"type-product","3":"status-publish","4":"has-post-thumbnail","6":"product_cat-maria","7":"product_cat-arte-sacra","8":"","9":"woocommerce-text-align-center","10":"woocommerce-image-align-center","11":"wc-has-gallery","13":"first","14":"instock","15":"taxable","16":"shipping-taxable","17":"purchasable","18":"product-type-simple"},"acf":[],"yoast_head":"<!-- This site is optimized with the Yoast SEO plugin v24.4 - https:\/\/yoast.com\/wordpress\/plugins\/seo\/ -->\n<title>MARIA resina bianca scultura originale. MARIA colata in resina bianca<\/title>\n<meta name=\"description\" content=\"MARIA tra le mani. MARIA colata in resina bianca con polvere di marmo. Dimensioni: 14 cm | 5.5 in Prezzo: \u20ac 40. GALLERIA NESHER.\" \/>\n<meta name=\"robots\" content=\"index, follow, max-snippet:-1, max-image-preview:large, max-video-preview:-1\" \/>\n<link rel=\"canonical\" href=\"https:\/\/guidodettoni.com\/it\/art-gallery\/maria-resina-bianca-grande\/\" \/>\n<meta property=\"og:locale\" content=\"it_IT\" \/>\n<meta property=\"og:type\" content=\"article\" \/>\n<meta property=\"og:title\" content=\"MARIA resina bianca scultura originale. MARIA colata in resina bianca\" \/>\n<meta property=\"og:description\" content=\"MARIA tra le mani. MARIA colata in resina bianca con polvere di marmo. Dimensioni: 14 cm | 5.5 in Prezzo: \u20ac 40. GALLERIA NESHER.\" \/>\n<meta property=\"og:url\" content=\"https:\/\/guidodettoni.com\/it\/art-gallery\/maria-resina-bianca-grande\/\" \/>\n<meta property=\"og:site_name\" content=\"Guido Dettoni della Grazia\" \/>\n<meta property=\"article:publisher\" content=\"https:\/\/www.facebook.com\/mostramaria\" \/>\n<meta property=\"article:modified_time\" content=\"2021-03-11T17:15:22+00:00\" \/>\n<meta property=\"og:image\" content=\"https:\/\/guidodettoni.com\/wp-content\/uploads\/2019\/10\/106-MARIA-5.5-In.-WHITE-RESIN-AND-MARBLE-POWDER.jpg\" \/>\n\t<meta property=\"og:image:width\" content=\"680\" \/>\n\t<meta property=\"og:image:height\" content=\"680\" \/>\n\t<meta property=\"og:image:type\" content=\"image\/jpeg\" \/>\n<meta name=\"twitter:card\" content=\"summary_large_image\" \/>\n<meta name=\"twitter:label1\" content=\"Tempo di lettura stimato\" \/>\n\t<meta name=\"twitter:data1\" content=\"2 minuti\" \/>\n<script type=\"application\/ld+json\" class=\"yoast-schema-graph\">{\"@context\":\"https:\/\/schema.org\",\"@graph\":[{\"@type\":\"WebPage\",\"@id\":\"https:\/\/guidodettoni.com\/it\/art-gallery\/maria-resina-bianca-grande\/\",\"url\":\"https:\/\/guidodettoni.com\/it\/art-gallery\/maria-resina-bianca-grande\/\",\"name\":\"MARIA resina bianca scultura originale. MARIA colata in resina bianca\",\"isPartOf\":{\"@id\":\"https:\/\/guidodettoni.com\/it\/#website\"},\"primaryImageOfPage\":{\"@id\":\"https:\/\/guidodettoni.com\/it\/art-gallery\/maria-resina-bianca-grande\/#primaryimage\"},\"image\":{\"@id\":\"https:\/\/guidodettoni.com\/it\/art-gallery\/maria-resina-bianca-grande\/#primaryimage\"},\"thumbnailUrl\":\"https:\/\/guidodettoni.com\/wp-content\/uploads\/2019\/10\/106-MARIA-5.5-In.-WHITE-RESIN-AND-MARBLE-POWDER.jpg\",\"datePublished\":\"2019-10-04T07:32:47+00:00\",\"dateModified\":\"2021-03-11T17:15:22+00:00\",\"description\":\"MARIA tra le mani. MARIA colata in resina bianca con polvere di marmo. Dimensioni: 14 cm | 5.5 in Prezzo: \u20ac 40. GALLERIA NESHER.\",\"breadcrumb\":{\"@id\":\"https:\/\/guidodettoni.com\/it\/art-gallery\/maria-resina-bianca-grande\/#breadcrumb\"},\"inLanguage\":\"it-IT\",\"potentialAction\":[{\"@type\":\"ReadAction\",\"target\":[\"https:\/\/guidodettoni.com\/it\/art-gallery\/maria-resina-bianca-grande\/\"]}]},{\"@type\":\"ImageObject\",\"inLanguage\":\"it-IT\",\"@id\":\"https:\/\/guidodettoni.com\/it\/art-gallery\/maria-resina-bianca-grande\/#primaryimage\",\"url\":\"https:\/\/guidodettoni.com\/wp-content\/uploads\/2019\/10\/106-MARIA-5.5-In.-WHITE-RESIN-AND-MARBLE-POWDER.jpg\",\"contentUrl\":\"https:\/\/guidodettoni.com\/wp-content\/uploads\/2019\/10\/106-MARIA-5.5-In.-WHITE-RESIN-AND-MARBLE-POWDER.jpg\",\"width\":680,\"height\":680,\"caption\":\"MARIA RESINA BIANCA E POLVERE DI MARMO\"},{\"@type\":\"BreadcrumbList\",\"@id\":\"https:\/\/guidodettoni.com\/it\/art-gallery\/maria-resina-bianca-grande\/#breadcrumb\",\"itemListElement\":[{\"@type\":\"ListItem\",\"position\":1,\"name\":\"HOME\",\"item\":\"https:\/\/guidodettoni.com\/it\/home\/\"},{\"@type\":\"ListItem\",\"position\":2,\"name\":\"EDITIONS\",\"item\":\"https:\/\/guidodettoni.com\/?page_id=6\"},{\"@type\":\"ListItem\",\"position\":3,\"name\":\"Sculture Iconiche\",\"item\":\"https:\/\/guidodettoni.com\/it\/edizioni\/arte-sacra\/\"},{\"@type\":\"ListItem\",\"position\":4,\"name\":\"MARIA\"}]},{\"@type\":\"WebSite\",\"@id\":\"https:\/\/guidodettoni.com\/it\/#website\",\"url\":\"https:\/\/guidodettoni.com\/it\/\",\"name\":\"Guido Dettoni della Grazia\",\"description\":\"Guido Dettoni\u2019s works of art and projects\",\"publisher\":{\"@id\":\"https:\/\/guidodettoni.com\/it\/#organization\"},\"potentialAction\":[{\"@type\":\"SearchAction\",\"target\":{\"@type\":\"EntryPoint\",\"urlTemplate\":\"https:\/\/guidodettoni.com\/it\/?s={search_term_string}\"},\"query-input\":{\"@type\":\"PropertyValueSpecification\",\"valueRequired\":true,\"valueName\":\"search_term_string\"}}],\"inLanguage\":\"it-IT\"},{\"@type\":\"Organization\",\"@id\":\"https:\/\/guidodettoni.com\/it\/#organization\",\"name\":\"NESHERGALLERY\",\"url\":\"https:\/\/guidodettoni.com\/it\/\",\"logo\":{\"@type\":\"ImageObject\",\"inLanguage\":\"it-IT\",\"@id\":\"https:\/\/guidodettoni.com\/it\/#\/schema\/logo\/image\/\",\"url\":\"https:\/\/guidodettoni.com\/wp-content\/uploads\/2020\/05\/nesher-gallery-logo-1.png\",\"contentUrl\":\"https:\/\/guidodettoni.com\/wp-content\/uploads\/2020\/05\/nesher-gallery-logo-1.png\",\"width\":200,\"height\":200,\"caption\":\"NESHERGALLERY\"},\"image\":{\"@id\":\"https:\/\/guidodettoni.com\/it\/#\/schema\/logo\/image\/\"},\"sameAs\":[\"https:\/\/www.facebook.com\/mostramaria\",\"https:\/\/www.instagram.com\/mariaescultura\/\",\"https:\/\/www.youtube.com\/user\/nesherorg\"]}]}<\/script>\n<!-- \/ Yoast SEO plugin. -->","yoast_head_json":{"title":"MARIA resina bianca scultura originale. MARIA colata in resina bianca","description":"MARIA tra le mani. MARIA colata in resina bianca con polvere di marmo. Dimensioni: 14 cm | 5.5 in Prezzo: \u20ac 40. GALLERIA NESHER.","robots":{"index":"index","follow":"follow","max-snippet":"max-snippet:-1","max-image-preview":"max-image-preview:large","max-video-preview":"max-video-preview:-1"},"canonical":"https:\/\/guidodettoni.com\/it\/art-gallery\/maria-resina-bianca-grande\/","og_locale":"it_IT","og_type":"article","og_title":"MARIA resina bianca scultura originale. MARIA colata in resina bianca","og_description":"MARIA tra le mani. MARIA colata in resina bianca con polvere di marmo. Dimensioni: 14 cm | 5.5 in Prezzo: \u20ac 40. GALLERIA NESHER.","og_url":"https:\/\/guidodettoni.com\/it\/art-gallery\/maria-resina-bianca-grande\/","og_site_name":"Guido Dettoni della Grazia","article_publisher":"https:\/\/www.facebook.com\/mostramaria","article_modified_time":"2021-03-11T17:15:22+00:00","og_image":[{"width":680,"height":680,"url":"https:\/\/guidodettoni.com\/wp-content\/uploads\/2019\/10\/106-MARIA-5.5-In.-WHITE-RESIN-AND-MARBLE-POWDER.jpg","type":"image\/jpeg"}],"twitter_card":"summary_large_image","twitter_misc":{"Tempo di lettura stimato":"2 minuti"},"schema":{"@context":"https:\/\/schema.org","@graph":[{"@type":"WebPage","@id":"https:\/\/guidodettoni.com\/it\/art-gallery\/maria-resina-bianca-grande\/","url":"https:\/\/guidodettoni.com\/it\/art-gallery\/maria-resina-bianca-grande\/","name":"MARIA resina bianca scultura originale. MARIA colata in resina bianca","isPartOf":{"@id":"https:\/\/guidodettoni.com\/it\/#website"},"primaryImageOfPage":{"@id":"https:\/\/guidodettoni.com\/it\/art-gallery\/maria-resina-bianca-grande\/#primaryimage"},"image":{"@id":"https:\/\/guidodettoni.com\/it\/art-gallery\/maria-resina-bianca-grande\/#primaryimage"},"thumbnailUrl":"https:\/\/guidodettoni.com\/wp-content\/uploads\/2019\/10\/106-MARIA-5.5-In.-WHITE-RESIN-AND-MARBLE-POWDER.jpg","datePublished":"2019-10-04T07:32:47+00:00","dateModified":"2021-03-11T17:15:22+00:00","description":"MARIA tra le mani. MARIA colata in resina bianca con polvere di marmo. Dimensioni: 14 cm | 5.5 in Prezzo: \u20ac 40. GALLERIA NESHER.","breadcrumb":{"@id":"https:\/\/guidodettoni.com\/it\/art-gallery\/maria-resina-bianca-grande\/#breadcrumb"},"inLanguage":"it-IT","potentialAction":[{"@type":"ReadAction","target":["https:\/\/guidodettoni.com\/it\/art-gallery\/maria-resina-bianca-grande\/"]}]},{"@type":"ImageObject","inLanguage":"it-IT","@id":"https:\/\/guidodettoni.com\/it\/art-gallery\/maria-resina-bianca-grande\/#primaryimage","url":"https:\/\/guidodettoni.com\/wp-content\/uploads\/2019\/10\/106-MARIA-5.5-In.-WHITE-RESIN-AND-MARBLE-POWDER.jpg","contentUrl":"https:\/\/guidodettoni.com\/wp-content\/uploads\/2019\/10\/106-MARIA-5.5-In.-WHITE-RESIN-AND-MARBLE-POWDER.jpg","width":680,"height":680,"caption":"MARIA RESINA BIANCA E POLVERE DI MARMO"},{"@type":"BreadcrumbList","@id":"https:\/\/guidodettoni.com\/it\/art-gallery\/maria-resina-bianca-grande\/#breadcrumb","itemListElement":[{"@type":"ListItem","position":1,"name":"HOME","item":"https:\/\/guidodettoni.com\/it\/home\/"},{"@type":"ListItem","position":2,"name":"EDITIONS","item":"https:\/\/guidodettoni.com\/?page_id=6"},{"@type":"ListItem","position":3,"name":"Sculture Iconiche","item":"https:\/\/guidodettoni.com\/it\/edizioni\/arte-sacra\/"},{"@type":"ListItem","position":4,"name":"MARIA"}]},{"@type":"WebSite","@id":"https:\/\/guidodettoni.com\/it\/#website","url":"https:\/\/guidodettoni.com\/it\/","name":"Guido Dettoni della Grazia","description":"Guido Dettoni\u2019s works of art and projects","publisher":{"@id":"https:\/\/guidodettoni.com\/it\/#organization"},"potentialAction":[{"@type":"SearchAction","target":{"@type":"EntryPoint","urlTemplate":"https:\/\/guidodettoni.com\/it\/?s={search_term_string}"},"query-input":{"@type":"PropertyValueSpecification","valueRequired":true,"valueName":"search_term_string"}}],"inLanguage":"it-IT"},{"@type":"Organization","@id":"https:\/\/guidodettoni.com\/it\/#organization","name":"NESHERGALLERY","url":"https:\/\/guidodettoni.com\/it\/","logo":{"@type":"ImageObject","inLanguage":"it-IT","@id":"https:\/\/guidodettoni.com\/it\/#\/schema\/logo\/image\/","url":"https:\/\/guidodettoni.com\/wp-content\/uploads\/2020\/05\/nesher-gallery-logo-1.png","contentUrl":"https:\/\/guidodettoni.com\/wp-content\/uploads\/2020\/05\/nesher-gallery-logo-1.png","width":200,"height":200,"caption":"NESHERGALLERY"},"image":{"@id":"https:\/\/guidodettoni.com\/it\/#\/schema\/logo\/image\/"},"sameAs":["https:\/\/www.facebook.com\/mostramaria","https:\/\/www.instagram.com\/mariaescultura\/","https:\/\/www.youtube.com\/user\/nesherorg"]}]}},"_links":{"self":[{"href":"https:\/\/guidodettoni.com\/it\/wp-json\/wp\/v2\/product\/2808","targetHints":{"allow":["GET"]}}],"collection":[{"href":"https:\/\/guidodettoni.com\/it\/wp-json\/wp\/v2\/product"}],"about":[{"href":"https:\/\/guidodettoni.com\/it\/wp-json\/wp\/v2\/types\/product"}],"version-history":[{"count":7,"href":"https:\/\/guidodettoni.com\/it\/wp-json\/wp\/v2\/product\/2808\/revisions"}],"predecessor-version":[{"id":5753,"href":"https:\/\/guidodettoni.com\/it\/wp-json\/wp\/v2\/product\/2808\/revisions\/5753"}],"wp:featuredmedia":[{"embeddable":true,"href":"https:\/\/guidodettoni.com\/it\/wp-json\/wp\/v2\/media\/617"}],"wp:attachment":[{"href":"https:\/\/guidodettoni.com\/it\/wp-json\/wp\/v2\/media?parent=2808"}],"wp:term":[{"taxonomy":"product_brand","embeddable":true,"href":"https:\/\/guidodettoni.com\/it\/wp-json\/wp\/v2\/product_brand?post=2808"},{"taxonomy":"product_cat","embeddable":true,"href":"https:\/\/guidodettoni.com\/it\/wp-json\/wp\/v2\/product_cat?post=2808"},{"taxonomy":"product_tag","embeddable":true,"href":"https:\/\/guidodettoni.com\/it\/wp-json\/wp\/v2\/product_tag?post=2808"}],"curies":[{"name":"wp","href":"https:\/\/api.w.org\/{rel}","templated":true}]}}