{"id":2802,"date":"2020-01-08T10:11:53","date_gmt":"2020-01-08T09:11:53","guid":{"rendered":"https:\/\/www.neshergallery.com\/shop\/senza%20categoria\/maria-colore-resina-skyblack%e2%93%92nesher\/"},"modified":"2021-08-29T16:48:08","modified_gmt":"2021-08-29T14:48:08","slug":"maria-skyblack-resina","status":"publish","type":"product","link":"https:\/\/guidodettoni.com\/it\/art-gallery\/maria-skyblack-resina\/","title":{"rendered":"MARIA"},"content":{"rendered":"<p>MARIA resina Skyblack\u00a0 (Skyblack\u24d2nesher).<br \/>\nMARIA tra le mani.<br \/>\nColata in resina Skyblack con polvere di marmo.<br \/>\nPresentata con un sacchetto e con volantino.<br \/>\n8 cm | 3 in<\/p>\n<p>Questa versione ridotta, cos\u00ec come quella dell&#8217;originale, \u00e8 colata in resina con polvere di marmo. Il colore della resina \u00e8 \u201cskyblack\u201d composto dall\u2019artista. Sono colate una a una dall\u2019artigiano di Barcellona che dal 1998 ininterrottamente le riproduce.<\/p>\n<p>\u201cSono nera, eppure sono bella.\u201d<br \/>\nNera come la terra, misteriosa come l\u2019Oriente<br \/>\nLa definizione Madonna Nera sembra una contraddizione di per s\u00e9: la madre di Ges\u00f9 non pu\u00f2 essere che luce, non ha nulla a che spartire con il nero delle tenebre. Non \u00e8 proprio cos\u00ec. Il colore nero non simboleggia solamente le tenebre, ma anche la terra scura e fangosa della fertilit\u00e0. La Madonna Nera \u00e8 la Madre Terra. Com\u2019\u00e8 possibile, allora, che un simbolo atavico del femminino sacro sia venerato nelle chiese?<br \/>\nPer scoprirlo, dobbiamo ricorrere ai documenti storici. La testimonianza scritta pi\u00f9 antica sulla Vergine Nera appare in una cronaca dell\u2019anno 1255. Secondo l\u2019autore del documento, il re francese Luigi il Santo port\u00f2 con s\u00e9, di ritorno da una Crociata in Palestina, alcune sculture della Vergine Maria che lasci\u00f2 poi nella regione di Forez. Le statue erano \u201cscolpite in legno scuro e provenivano dall\u2019Oriente\u201d. Da allora le misteriose Vergini Scure ebbero accesso ai nostri altari.<br \/>\nEx Oriente lux?<br \/>\nAncora una volta ex Oriente lux? Oggi le Madonne Nere sono presenti in tutta Europa, America del Sud e le Filippine. Almeno duecento di queste statue dominano gli altari delle chiese francesi, ma la loro culla \u00e8 nella regione dell\u2019Auvergne. Purtroppo il ricercatore che intenda intraprendere uno studio personale sulle Vergini Nere, si trova di fronte a un problema non indifferente. In molti casi il clero locale ha voluto nascondere il colore scuro e poco ortodosso delle statue. Scandalizzati dalle fattezze troppo esotiche delle Madonne, gli ecclesiastici le hanno fatte\u2026 dipingere di bianco. (https:\/\/tinyurl.com\/y6mlexzv)<\/p>\n<p>Alla fine del 1999, dopo le mostre di Barcellona, Vic, Tarragona e Tortosa, ebbe luogo la prima mostra MARIA in Italia presso l&#8217;Universit\u00e0 Georgiana di Roma. Fu anche il ritorno in patria di Guido Dettoni della Grazia dopo molti anni di assenza. All&#8217;epoca della mostra di Roma, si presentava e riproduceva l&#8217;originale dell\u2019opera, alto 14,5 cm, e anche il suo ingrandimento \u2013alto 80 cm-. MARIA &#8220;da vedere con le mani e da toccare con gli occhi&#8221;. Questi erano gli unici due approcci possibili all&#8217;immagine.<br \/>\nDurante l&#8217;installazione presso la Gregoriana, l&#8217;autore meditava ai piedi di una grande scultura di Ges\u00f9 Cristo nel Peristilio dell&#8217;Universit\u00e0 intorno al ruolo di Maria come mediatrice tra l\u2019uomo e Dio e il fatto che una volta raggiunto l\u2019obiettivo della mediazione, Ella sarebbe scomparsa. Una domanda venne allora alla sua mente: come posso far scomparire quest\u2019immagine? Immediata la risposta: riducendo il volume di MARIA in modo da farla scomparire nella mano. Nacque cos\u00ec un terzo approccio all&#8217;esperienza di MARIA: vedendo l&#8217;immagine solo con la mano in modo che Ella scompare nella mano della persona e si collega al suo cuore.<br \/>\nDopo questa visione la decisione fu presa e s\u2019inizi\u00f2 la riproduzione dell\u2019immagine ridotta di MARIA. Da allora, migliaia di persone l\u2019hanno tenuta a portata di mano nella loro vita quotidiana pregando con il tatto, aldil\u00e0 della parola e come mezzo di conforto e compassione.<\/p>\n<p><strong><a href=\"http:\/\/www.maria.guidodettoni.com\/\" target=\"_blank\" rel=\"noopener noreferrer\">www.maria.guidodettoni.com<\/a><\/strong><\/p>\n","protected":false},"excerpt":{"rendered":"<p>Resina Skyblack con Polvere di Marmo<br \/>\n8 cm | 3 in<\/p>\n","protected":false},"featured_media":595,"template":"","meta":{"_acf_changed":false},"product_brand":[],"product_cat":[106,110],"product_tag":[],"class_list":{"0":"post-2802","1":"product","2":"type-product","3":"status-publish","4":"has-post-thumbnail","6":"product_cat-maria","7":"product_cat-arte-sacra","8":"","9":"woocommerce-text-align-center","10":"woocommerce-image-align-center","11":"wc-has-gallery","13":"first","14":"instock","15":"taxable","16":"shipping-taxable","17":"purchasable","18":"product-type-simple"},"acf":[],"yoast_head":"<!-- This site is optimized with the Yoast SEO plugin v24.4 - https:\/\/yoast.com\/wordpress\/plugins\/seo\/ -->\n<title>MARIA resina skyblack. MARIA colata in resina skyblack<\/title>\n<meta name=\"description\" content=\"MARIA tra le mani. MARIA colata in resina Skyblack con polvere di marmo. Dimensione: 8 cm | 3 in Prezzo: \u20ac30. GALLERIA NESHER.\" \/>\n<meta name=\"robots\" content=\"index, follow, max-snippet:-1, max-image-preview:large, max-video-preview:-1\" \/>\n<link rel=\"canonical\" href=\"https:\/\/guidodettoni.com\/it\/art-gallery\/maria-skyblack-resina\/\" \/>\n<meta property=\"og:locale\" content=\"it_IT\" \/>\n<meta property=\"og:type\" content=\"article\" \/>\n<meta property=\"og:title\" content=\"MARIA resina skyblack. MARIA colata in resina skyblack\" \/>\n<meta property=\"og:description\" content=\"MARIA tra le mani. MARIA colata in resina Skyblack con polvere di marmo. Dimensione: 8 cm | 3 in Prezzo: \u20ac30. GALLERIA NESHER.\" \/>\n<meta property=\"og:url\" content=\"https:\/\/guidodettoni.com\/it\/art-gallery\/maria-skyblack-resina\/\" \/>\n<meta property=\"og:site_name\" content=\"Guido Dettoni della Grazia\" \/>\n<meta property=\"article:publisher\" content=\"https:\/\/www.facebook.com\/mostramaria\" \/>\n<meta property=\"article:modified_time\" content=\"2021-08-29T14:48:08+00:00\" \/>\n<meta property=\"og:image\" content=\"https:\/\/guidodettoni.com\/wp-content\/uploads\/2020\/01\/102-MARIA-SKYBLACKNESHER-RESIN-AND-MARBLE-POWDER-1.jpg\" \/>\n\t<meta property=\"og:image:width\" content=\"681\" \/>\n\t<meta property=\"og:image:height\" content=\"681\" \/>\n\t<meta property=\"og:image:type\" content=\"image\/jpeg\" \/>\n<meta name=\"twitter:card\" content=\"summary_large_image\" \/>\n<meta name=\"twitter:label1\" content=\"Tempo di lettura stimato\" \/>\n\t<meta name=\"twitter:data1\" content=\"3 minuti\" \/>\n<script type=\"application\/ld+json\" class=\"yoast-schema-graph\">{\"@context\":\"https:\/\/schema.org\",\"@graph\":[{\"@type\":\"WebPage\",\"@id\":\"https:\/\/guidodettoni.com\/it\/art-gallery\/maria-skyblack-resina\/\",\"url\":\"https:\/\/guidodettoni.com\/it\/art-gallery\/maria-skyblack-resina\/\",\"name\":\"MARIA resina skyblack. MARIA colata in resina skyblack\",\"isPartOf\":{\"@id\":\"https:\/\/guidodettoni.com\/it\/#website\"},\"primaryImageOfPage\":{\"@id\":\"https:\/\/guidodettoni.com\/it\/art-gallery\/maria-skyblack-resina\/#primaryimage\"},\"image\":{\"@id\":\"https:\/\/guidodettoni.com\/it\/art-gallery\/maria-skyblack-resina\/#primaryimage\"},\"thumbnailUrl\":\"https:\/\/guidodettoni.com\/wp-content\/uploads\/2020\/01\/102-MARIA-SKYBLACKNESHER-RESIN-AND-MARBLE-POWDER-1.jpg\",\"datePublished\":\"2020-01-08T09:11:53+00:00\",\"dateModified\":\"2021-08-29T14:48:08+00:00\",\"description\":\"MARIA tra le mani. MARIA colata in resina Skyblack con polvere di marmo. Dimensione: 8 cm | 3 in Prezzo: \u20ac30. GALLERIA NESHER.\",\"breadcrumb\":{\"@id\":\"https:\/\/guidodettoni.com\/it\/art-gallery\/maria-skyblack-resina\/#breadcrumb\"},\"inLanguage\":\"it-IT\",\"potentialAction\":[{\"@type\":\"ReadAction\",\"target\":[\"https:\/\/guidodettoni.com\/it\/art-gallery\/maria-skyblack-resina\/\"]}]},{\"@type\":\"ImageObject\",\"inLanguage\":\"it-IT\",\"@id\":\"https:\/\/guidodettoni.com\/it\/art-gallery\/maria-skyblack-resina\/#primaryimage\",\"url\":\"https:\/\/guidodettoni.com\/wp-content\/uploads\/2020\/01\/102-MARIA-SKYBLACKNESHER-RESIN-AND-MARBLE-POWDER-1.jpg\",\"contentUrl\":\"https:\/\/guidodettoni.com\/wp-content\/uploads\/2020\/01\/102-MARIA-SKYBLACKNESHER-RESIN-AND-MARBLE-POWDER-1.jpg\",\"width\":681,\"height\":681,\"caption\":\"MARIA RESINA COLORE SKYBLACKNESHER E POLVERE DI MARMO\"},{\"@type\":\"BreadcrumbList\",\"@id\":\"https:\/\/guidodettoni.com\/it\/art-gallery\/maria-skyblack-resina\/#breadcrumb\",\"itemListElement\":[{\"@type\":\"ListItem\",\"position\":1,\"name\":\"HOME\",\"item\":\"https:\/\/guidodettoni.com\/it\/home\/\"},{\"@type\":\"ListItem\",\"position\":2,\"name\":\"EDITIONS\",\"item\":\"https:\/\/guidodettoni.com\/?page_id=6\"},{\"@type\":\"ListItem\",\"position\":3,\"name\":\"Sculture Iconiche\",\"item\":\"https:\/\/guidodettoni.com\/it\/edizioni\/arte-sacra\/\"},{\"@type\":\"ListItem\",\"position\":4,\"name\":\"MARIA\"}]},{\"@type\":\"WebSite\",\"@id\":\"https:\/\/guidodettoni.com\/it\/#website\",\"url\":\"https:\/\/guidodettoni.com\/it\/\",\"name\":\"Guido Dettoni della Grazia\",\"description\":\"Guido Dettoni\u2019s works of art and projects\",\"publisher\":{\"@id\":\"https:\/\/guidodettoni.com\/it\/#organization\"},\"potentialAction\":[{\"@type\":\"SearchAction\",\"target\":{\"@type\":\"EntryPoint\",\"urlTemplate\":\"https:\/\/guidodettoni.com\/it\/?s={search_term_string}\"},\"query-input\":{\"@type\":\"PropertyValueSpecification\",\"valueRequired\":true,\"valueName\":\"search_term_string\"}}],\"inLanguage\":\"it-IT\"},{\"@type\":\"Organization\",\"@id\":\"https:\/\/guidodettoni.com\/it\/#organization\",\"name\":\"NESHERGALLERY\",\"url\":\"https:\/\/guidodettoni.com\/it\/\",\"logo\":{\"@type\":\"ImageObject\",\"inLanguage\":\"it-IT\",\"@id\":\"https:\/\/guidodettoni.com\/it\/#\/schema\/logo\/image\/\",\"url\":\"https:\/\/guidodettoni.com\/wp-content\/uploads\/2020\/05\/nesher-gallery-logo-1.png\",\"contentUrl\":\"https:\/\/guidodettoni.com\/wp-content\/uploads\/2020\/05\/nesher-gallery-logo-1.png\",\"width\":200,\"height\":200,\"caption\":\"NESHERGALLERY\"},\"image\":{\"@id\":\"https:\/\/guidodettoni.com\/it\/#\/schema\/logo\/image\/\"},\"sameAs\":[\"https:\/\/www.facebook.com\/mostramaria\",\"https:\/\/www.instagram.com\/mariaescultura\/\",\"https:\/\/www.youtube.com\/user\/nesherorg\"]}]}<\/script>\n<!-- \/ Yoast SEO plugin. -->","yoast_head_json":{"title":"MARIA resina skyblack. MARIA colata in resina skyblack","description":"MARIA tra le mani. MARIA colata in resina Skyblack con polvere di marmo. Dimensione: 8 cm | 3 in Prezzo: \u20ac30. GALLERIA NESHER.","robots":{"index":"index","follow":"follow","max-snippet":"max-snippet:-1","max-image-preview":"max-image-preview:large","max-video-preview":"max-video-preview:-1"},"canonical":"https:\/\/guidodettoni.com\/it\/art-gallery\/maria-skyblack-resina\/","og_locale":"it_IT","og_type":"article","og_title":"MARIA resina skyblack. MARIA colata in resina skyblack","og_description":"MARIA tra le mani. MARIA colata in resina Skyblack con polvere di marmo. Dimensione: 8 cm | 3 in Prezzo: \u20ac30. GALLERIA NESHER.","og_url":"https:\/\/guidodettoni.com\/it\/art-gallery\/maria-skyblack-resina\/","og_site_name":"Guido Dettoni della Grazia","article_publisher":"https:\/\/www.facebook.com\/mostramaria","article_modified_time":"2021-08-29T14:48:08+00:00","og_image":[{"width":681,"height":681,"url":"https:\/\/guidodettoni.com\/wp-content\/uploads\/2020\/01\/102-MARIA-SKYBLACKNESHER-RESIN-AND-MARBLE-POWDER-1.jpg","type":"image\/jpeg"}],"twitter_card":"summary_large_image","twitter_misc":{"Tempo di lettura stimato":"3 minuti"},"schema":{"@context":"https:\/\/schema.org","@graph":[{"@type":"WebPage","@id":"https:\/\/guidodettoni.com\/it\/art-gallery\/maria-skyblack-resina\/","url":"https:\/\/guidodettoni.com\/it\/art-gallery\/maria-skyblack-resina\/","name":"MARIA resina skyblack. MARIA colata in resina skyblack","isPartOf":{"@id":"https:\/\/guidodettoni.com\/it\/#website"},"primaryImageOfPage":{"@id":"https:\/\/guidodettoni.com\/it\/art-gallery\/maria-skyblack-resina\/#primaryimage"},"image":{"@id":"https:\/\/guidodettoni.com\/it\/art-gallery\/maria-skyblack-resina\/#primaryimage"},"thumbnailUrl":"https:\/\/guidodettoni.com\/wp-content\/uploads\/2020\/01\/102-MARIA-SKYBLACKNESHER-RESIN-AND-MARBLE-POWDER-1.jpg","datePublished":"2020-01-08T09:11:53+00:00","dateModified":"2021-08-29T14:48:08+00:00","description":"MARIA tra le mani. MARIA colata in resina Skyblack con polvere di marmo. Dimensione: 8 cm | 3 in Prezzo: \u20ac30. GALLERIA NESHER.","breadcrumb":{"@id":"https:\/\/guidodettoni.com\/it\/art-gallery\/maria-skyblack-resina\/#breadcrumb"},"inLanguage":"it-IT","potentialAction":[{"@type":"ReadAction","target":["https:\/\/guidodettoni.com\/it\/art-gallery\/maria-skyblack-resina\/"]}]},{"@type":"ImageObject","inLanguage":"it-IT","@id":"https:\/\/guidodettoni.com\/it\/art-gallery\/maria-skyblack-resina\/#primaryimage","url":"https:\/\/guidodettoni.com\/wp-content\/uploads\/2020\/01\/102-MARIA-SKYBLACKNESHER-RESIN-AND-MARBLE-POWDER-1.jpg","contentUrl":"https:\/\/guidodettoni.com\/wp-content\/uploads\/2020\/01\/102-MARIA-SKYBLACKNESHER-RESIN-AND-MARBLE-POWDER-1.jpg","width":681,"height":681,"caption":"MARIA RESINA COLORE SKYBLACKNESHER E POLVERE DI MARMO"},{"@type":"BreadcrumbList","@id":"https:\/\/guidodettoni.com\/it\/art-gallery\/maria-skyblack-resina\/#breadcrumb","itemListElement":[{"@type":"ListItem","position":1,"name":"HOME","item":"https:\/\/guidodettoni.com\/it\/home\/"},{"@type":"ListItem","position":2,"name":"EDITIONS","item":"https:\/\/guidodettoni.com\/?page_id=6"},{"@type":"ListItem","position":3,"name":"Sculture Iconiche","item":"https:\/\/guidodettoni.com\/it\/edizioni\/arte-sacra\/"},{"@type":"ListItem","position":4,"name":"MARIA"}]},{"@type":"WebSite","@id":"https:\/\/guidodettoni.com\/it\/#website","url":"https:\/\/guidodettoni.com\/it\/","name":"Guido Dettoni della Grazia","description":"Guido Dettoni\u2019s works of art and projects","publisher":{"@id":"https:\/\/guidodettoni.com\/it\/#organization"},"potentialAction":[{"@type":"SearchAction","target":{"@type":"EntryPoint","urlTemplate":"https:\/\/guidodettoni.com\/it\/?s={search_term_string}"},"query-input":{"@type":"PropertyValueSpecification","valueRequired":true,"valueName":"search_term_string"}}],"inLanguage":"it-IT"},{"@type":"Organization","@id":"https:\/\/guidodettoni.com\/it\/#organization","name":"NESHERGALLERY","url":"https:\/\/guidodettoni.com\/it\/","logo":{"@type":"ImageObject","inLanguage":"it-IT","@id":"https:\/\/guidodettoni.com\/it\/#\/schema\/logo\/image\/","url":"https:\/\/guidodettoni.com\/wp-content\/uploads\/2020\/05\/nesher-gallery-logo-1.png","contentUrl":"https:\/\/guidodettoni.com\/wp-content\/uploads\/2020\/05\/nesher-gallery-logo-1.png","width":200,"height":200,"caption":"NESHERGALLERY"},"image":{"@id":"https:\/\/guidodettoni.com\/it\/#\/schema\/logo\/image\/"},"sameAs":["https:\/\/www.facebook.com\/mostramaria","https:\/\/www.instagram.com\/mariaescultura\/","https:\/\/www.youtube.com\/user\/nesherorg"]}]}},"_links":{"self":[{"href":"https:\/\/guidodettoni.com\/it\/wp-json\/wp\/v2\/product\/2802","targetHints":{"allow":["GET"]}}],"collection":[{"href":"https:\/\/guidodettoni.com\/it\/wp-json\/wp\/v2\/product"}],"about":[{"href":"https:\/\/guidodettoni.com\/it\/wp-json\/wp\/v2\/types\/product"}],"version-history":[{"count":14,"href":"https:\/\/guidodettoni.com\/it\/wp-json\/wp\/v2\/product\/2802\/revisions"}],"predecessor-version":[{"id":5740,"href":"https:\/\/guidodettoni.com\/it\/wp-json\/wp\/v2\/product\/2802\/revisions\/5740"}],"wp:featuredmedia":[{"embeddable":true,"href":"https:\/\/guidodettoni.com\/it\/wp-json\/wp\/v2\/media\/595"}],"wp:attachment":[{"href":"https:\/\/guidodettoni.com\/it\/wp-json\/wp\/v2\/media?parent=2802"}],"wp:term":[{"taxonomy":"product_brand","embeddable":true,"href":"https:\/\/guidodettoni.com\/it\/wp-json\/wp\/v2\/product_brand?post=2802"},{"taxonomy":"product_cat","embeddable":true,"href":"https:\/\/guidodettoni.com\/it\/wp-json\/wp\/v2\/product_cat?post=2802"},{"taxonomy":"product_tag","embeddable":true,"href":"https:\/\/guidodettoni.com\/it\/wp-json\/wp\/v2\/product_tag?post=2802"}],"curies":[{"name":"wp","href":"https:\/\/api.w.org\/{rel}","templated":true}]}}