{"id":9002,"date":"2021-09-18T23:23:38","date_gmt":"2021-09-18T21:23:38","guid":{"rendered":"https:\/\/guidodettoni.com\/?page_id=9002"},"modified":"2025-11-21T08:48:32","modified_gmt":"2025-11-21T07:48:32","slug":"autore","status":"publish","type":"page","link":"https:\/\/guidodettoni.com\/it\/autore\/","title":{"rendered":"Autore"},"content":{"rendered":"\t\t<div data-elementor-type=\"wp-page\" data-elementor-id=\"9002\" class=\"elementor elementor-9002 elementor-9001\" data-elementor-post-type=\"page\">\n\t\t\t\t\t\t<section class=\"elementor-section elementor-top-section elementor-element elementor-element-9e2f0f4 elementor-section-boxed elementor-section-height-default elementor-section-height-default\" data-id=\"9e2f0f4\" data-element_type=\"section\" data-settings=\"{&quot;background_background&quot;:&quot;classic&quot;}\">\n\t\t\t\t\t\t\t<div class=\"elementor-background-overlay\"><\/div>\n\t\t\t\t\t\t\t<div class=\"elementor-container elementor-column-gap-default\">\n\t\t\t\t\t<div class=\"elementor-column elementor-col-100 elementor-top-column elementor-element elementor-element-856c8b3\" data-id=\"856c8b3\" data-element_type=\"column\" data-settings=\"{&quot;background_background&quot;:&quot;slideshow&quot;,&quot;background_slideshow_gallery&quot;:[],&quot;background_slideshow_loop&quot;:&quot;yes&quot;,&quot;background_slideshow_slide_duration&quot;:5000,&quot;background_slideshow_slide_transition&quot;:&quot;fade&quot;,&quot;background_slideshow_transition_duration&quot;:500}\">\n\t\t\t<div class=\"elementor-widget-wrap elementor-element-populated\">\n\t\t\t\t\t\t<div class=\"elementor-element elementor-element-fe7a687 elementor-widget elementor-widget-heading\" data-id=\"fe7a687\" data-element_type=\"widget\" data-widget_type=\"heading.default\">\n\t\t\t\t<div class=\"elementor-widget-container\">\n\t\t\t\t\t<h2 class=\"elementor-heading-title elementor-size-default\">Guido Dettoni della Grazia -1946 Milano, Italia. Artista visuale e tattile.<\/h2>\t\t\t\t<\/div>\n\t\t\t\t<\/div>\n\t\t\t\t<div class=\"elementor-element elementor-element-73c5ded elementor-widget__width-initial elementor-widget elementor-widget-text-editor\" data-id=\"73c5ded\" data-element_type=\"widget\" data-widget_type=\"text-editor.default\">\n\t\t\t\t<div class=\"elementor-widget-container\">\n\t\t\t\t\t\t\t\t\t<p><strong>Guido Dettoni della Grazia<\/strong> (Milano, 1946) \u00e8 autore di arte tattile e visiva, di performance artistiche collettive ed esperienze sensoriali con attenzione all&#8217;arte sacra che dal 2000 \u00e8 oggetto della sua <a href=\"https:\/\/santamariadellerose.art\/\" target=\"_blank\" rel=\"noopener\">mostra permanente ad Assisi presso la chiesa Santa Maria delle Rose<\/a>.<br \/>&#8220;Vedere con le mani e toccare con gli occhi&#8221; \u00e8 una rilevante caratteristica delle opere che realizza a misura delle mani, in cecit\u00e0, con materia malleabile.<br \/><br \/><\/p><p>Ha praticato l&#8217;arte fin dall&#8217;infanzia avendo abitato in vari paesi d&#8217;Europa e Africa Occidentale. Ha esposto, installato opere e condotto esperienze artistiche collettive in Europa, Asia, Canada, Stati Uniti, Colombia e Australia. Le prime mostre sono degli anni 68\/69, in Germania. <a href=\"https:\/\/guidodettoni.com\/it\/opere-mostre-installazioni\/\">Cronologia dal 1960 al 2024<\/a>.<br \/><br \/><\/p><p>Dal 1999 sviluppa la complementariet\u00e0 tra &#8220;reale&#8221; e &#8220;virtuale&#8221;, avvalendosi di strumenti digitali e di animazione 3D. Alcune sue sculture a misura delle mani, una volta ingrandite, ci contengono, cosicch\u00e9 &#8220;siamo contenuti da quello che conteniamo&#8221;. Una volta ridotte diventano anche portabili. Spesso sono un&#8217;esperienza multisensoriale, quando sono integrate al suono, alla fragranza e ad un elemento commestibile.<br \/><br \/><\/p><p>Negli anni settanta cap\u00ec che il suo modo di &#8220;fare arte&#8221; poteva essere anche collettivo. Incominci\u00f2 cos\u00ec a tenere laboratori che chiam\u00f2 <a href=\"https:\/\/guidodettoni.com\/it\/manimateria\/\">MANIMATERIA<\/a>. Questo processo creativo ha trovato varie implementazioni: in ambito artistico (Europa, Africa Occidentale, Singapore, Nord e Sud America), nel campo della disabilit\u00e0 con persone sordocieche (Catalogna, USA e Canada) e in quelli della didattica e della terapia (Catalogna e Baleari).<\/p><p>Spesso <a href=\"https:\/\/guidodettoni.com\/it\/trasmutazioni\/\">TRASMUTA <\/a>le forme create durante un laboratorio, per generare la propria opera relativa al tema che ha ispirato i partecipanti.<br \/><br \/><\/p><p><em>&#8220;Le mani sono l&#8217;una specchio dell&#8217;altra; due met\u00e0 che formano l&#8217;unit\u00e0, il cervello, fonte della parola. Mani-cervello-parola. Con le mani manifestiamo i nostri sentimenti e le nostre emozioni e possiamo plasmare dentro di noi la realt\u00e0 che ci circonda, anche perch\u00e9 la stiamo toccando e, allo stesso tempo, ne siamo toccati.&#8221; (Guido Dettoni &#8211; Riflessioni sull&#8217;arte)<\/em><\/p>\t\t\t\t\t\t\t\t<\/div>\n\t\t\t\t<\/div>\n\t\t\t\t\t<\/div>\n\t\t<\/div>\n\t\t\t\t\t<\/div>\n\t\t<\/section>\n\t\t\t\t<\/div>\n\t\t","protected":false},"excerpt":{"rendered":"<p>Guido Dettoni della Grazia -1946 Milano, Italia. Artista visuale e tattile. Guido Dettoni della Grazia (Milano, 1946) \u00e8 autore di arte tattile e visiva, di performance artistiche collettive ed esperienze sensoriali con attenzione all&#8217;arte sacra che dal 2000 \u00e8 oggetto della sua mostra permanente ad Assisi presso la chiesa Santa Maria delle Rose.&#8220;Vedere con le &#8230; <\/p>\n<p class=\"read-more-container\"><a title=\"Autore\" class=\"read-more button\" href=\"https:\/\/guidodettoni.com\/it\/autore\/#more-9002\" aria-label=\"More on Autore\">Leggi tutto<\/a><\/p>\n","protected":false},"author":13,"featured_media":9132,"parent":0,"menu_order":0,"comment_status":"closed","ping_status":"closed","template":"","meta":{"_acf_changed":false,"footnotes":""},"class_list":["post-9002","page","type-page","status-publish","has-post-thumbnail"],"acf":[],"yoast_head":"<!-- This site is optimized with the Yoast SEO plugin v24.4 - https:\/\/yoast.com\/wordpress\/plugins\/seo\/ -->\n<title>Autore Guido Dettoni della Grazia - artista visuale e tattile<\/title>\n<meta name=\"description\" content=\"Guido Dettoni 1946, Italia. Artista visuale e tattile.\" \/>\n<meta name=\"robots\" content=\"index, follow, max-snippet:-1, max-image-preview:large, max-video-preview:-1\" \/>\n<link rel=\"canonical\" href=\"https:\/\/guidodettoni.com\/it\/autore\/\" \/>\n<meta property=\"og:locale\" content=\"it_IT\" \/>\n<meta property=\"og:type\" content=\"article\" \/>\n<meta property=\"og:title\" content=\"Autore Guido Dettoni della Grazia - artista visuale e tattile\" \/>\n<meta property=\"og:description\" content=\"Guido Dettoni 1946, Italia. Artista visuale e tattile.\" \/>\n<meta property=\"og:url\" content=\"https:\/\/guidodettoni.com\/it\/autore\/\" \/>\n<meta property=\"og:site_name\" content=\"Guido Dettoni della Grazia\" \/>\n<meta property=\"article:publisher\" content=\"https:\/\/www.facebook.com\/mostramaria\" \/>\n<meta property=\"article:modified_time\" content=\"2025-11-21T07:48:32+00:00\" \/>\n<meta property=\"og:image\" content=\"https:\/\/guidodettoni.com\/wp-content\/uploads\/2021\/09\/guido-dettoni-com.jpg\" \/>\n\t<meta property=\"og:image:width\" content=\"800\" \/>\n\t<meta property=\"og:image:height\" content=\"800\" \/>\n\t<meta property=\"og:image:type\" content=\"image\/jpeg\" \/>\n<meta name=\"twitter:card\" content=\"summary_large_image\" \/>\n<meta name=\"twitter:label1\" content=\"Tempo di lettura stimato\" \/>\n\t<meta name=\"twitter:data1\" content=\"2 minuti\" \/>\n<script type=\"application\/ld+json\" class=\"yoast-schema-graph\">{\"@context\":\"https:\/\/schema.org\",\"@graph\":[{\"@type\":\"WebPage\",\"@id\":\"https:\/\/guidodettoni.com\/it\/autore\/\",\"url\":\"https:\/\/guidodettoni.com\/it\/autore\/\",\"name\":\"Autore Guido Dettoni della Grazia - artista visuale e tattile\",\"isPartOf\":{\"@id\":\"https:\/\/guidodettoni.com\/it\/#website\"},\"primaryImageOfPage\":{\"@id\":\"https:\/\/guidodettoni.com\/it\/autore\/#primaryimage\"},\"image\":{\"@id\":\"https:\/\/guidodettoni.com\/it\/autore\/#primaryimage\"},\"thumbnailUrl\":\"https:\/\/guidodettoni.com\/wp-content\/uploads\/2021\/09\/guido-dettoni-com.jpg\",\"datePublished\":\"2021-09-18T21:23:38+00:00\",\"dateModified\":\"2025-11-21T07:48:32+00:00\",\"description\":\"Guido Dettoni 1946, Italia. Artista visuale e tattile.\",\"breadcrumb\":{\"@id\":\"https:\/\/guidodettoni.com\/it\/autore\/#breadcrumb\"},\"inLanguage\":\"it-IT\",\"potentialAction\":[{\"@type\":\"ReadAction\",\"target\":[\"https:\/\/guidodettoni.com\/it\/autore\/\"]}]},{\"@type\":\"ImageObject\",\"inLanguage\":\"it-IT\",\"@id\":\"https:\/\/guidodettoni.com\/it\/autore\/#primaryimage\",\"url\":\"https:\/\/guidodettoni.com\/wp-content\/uploads\/2021\/09\/guido-dettoni-com.jpg\",\"contentUrl\":\"https:\/\/guidodettoni.com\/wp-content\/uploads\/2021\/09\/guido-dettoni-com.jpg\",\"width\":800,\"height\":800,\"caption\":\"Guido Dettoni\"},{\"@type\":\"BreadcrumbList\",\"@id\":\"https:\/\/guidodettoni.com\/it\/autore\/#breadcrumb\",\"itemListElement\":[{\"@type\":\"ListItem\",\"position\":1,\"name\":\"HOME\",\"item\":\"https:\/\/guidodettoni.com\/it\/home\/\"},{\"@type\":\"ListItem\",\"position\":2,\"name\":\"Autore\"}]},{\"@type\":\"WebSite\",\"@id\":\"https:\/\/guidodettoni.com\/it\/#website\",\"url\":\"https:\/\/guidodettoni.com\/it\/\",\"name\":\"Guido Dettoni della Grazia\",\"description\":\"Guido Dettoni\u2019s works of art and projects\",\"publisher\":{\"@id\":\"https:\/\/guidodettoni.com\/it\/#organization\"},\"potentialAction\":[{\"@type\":\"SearchAction\",\"target\":{\"@type\":\"EntryPoint\",\"urlTemplate\":\"https:\/\/guidodettoni.com\/it\/?s={search_term_string}\"},\"query-input\":{\"@type\":\"PropertyValueSpecification\",\"valueRequired\":true,\"valueName\":\"search_term_string\"}}],\"inLanguage\":\"it-IT\"},{\"@type\":\"Organization\",\"@id\":\"https:\/\/guidodettoni.com\/it\/#organization\",\"name\":\"NESHERGALLERY\",\"url\":\"https:\/\/guidodettoni.com\/it\/\",\"logo\":{\"@type\":\"ImageObject\",\"inLanguage\":\"it-IT\",\"@id\":\"https:\/\/guidodettoni.com\/it\/#\/schema\/logo\/image\/\",\"url\":\"https:\/\/guidodettoni.com\/wp-content\/uploads\/2020\/05\/nesher-gallery-logo-1.png\",\"contentUrl\":\"https:\/\/guidodettoni.com\/wp-content\/uploads\/2020\/05\/nesher-gallery-logo-1.png\",\"width\":200,\"height\":200,\"caption\":\"NESHERGALLERY\"},\"image\":{\"@id\":\"https:\/\/guidodettoni.com\/it\/#\/schema\/logo\/image\/\"},\"sameAs\":[\"https:\/\/www.facebook.com\/mostramaria\",\"https:\/\/www.instagram.com\/mariaescultura\/\",\"https:\/\/www.youtube.com\/user\/nesherorg\"]}]}<\/script>\n<!-- \/ Yoast SEO plugin. -->","yoast_head_json":{"title":"Autore Guido Dettoni della Grazia - artista visuale e tattile","description":"Guido Dettoni 1946, Italia. Artista visuale e tattile.","robots":{"index":"index","follow":"follow","max-snippet":"max-snippet:-1","max-image-preview":"max-image-preview:large","max-video-preview":"max-video-preview:-1"},"canonical":"https:\/\/guidodettoni.com\/it\/autore\/","og_locale":"it_IT","og_type":"article","og_title":"Autore Guido Dettoni della Grazia - artista visuale e tattile","og_description":"Guido Dettoni 1946, Italia. Artista visuale e tattile.","og_url":"https:\/\/guidodettoni.com\/it\/autore\/","og_site_name":"Guido Dettoni della Grazia","article_publisher":"https:\/\/www.facebook.com\/mostramaria","article_modified_time":"2025-11-21T07:48:32+00:00","og_image":[{"width":800,"height":800,"url":"https:\/\/guidodettoni.com\/wp-content\/uploads\/2021\/09\/guido-dettoni-com.jpg","type":"image\/jpeg"}],"twitter_card":"summary_large_image","twitter_misc":{"Tempo di lettura stimato":"2 minuti"},"schema":{"@context":"https:\/\/schema.org","@graph":[{"@type":"WebPage","@id":"https:\/\/guidodettoni.com\/it\/autore\/","url":"https:\/\/guidodettoni.com\/it\/autore\/","name":"Autore Guido Dettoni della Grazia - artista visuale e tattile","isPartOf":{"@id":"https:\/\/guidodettoni.com\/it\/#website"},"primaryImageOfPage":{"@id":"https:\/\/guidodettoni.com\/it\/autore\/#primaryimage"},"image":{"@id":"https:\/\/guidodettoni.com\/it\/autore\/#primaryimage"},"thumbnailUrl":"https:\/\/guidodettoni.com\/wp-content\/uploads\/2021\/09\/guido-dettoni-com.jpg","datePublished":"2021-09-18T21:23:38+00:00","dateModified":"2025-11-21T07:48:32+00:00","description":"Guido Dettoni 1946, Italia. Artista visuale e tattile.","breadcrumb":{"@id":"https:\/\/guidodettoni.com\/it\/autore\/#breadcrumb"},"inLanguage":"it-IT","potentialAction":[{"@type":"ReadAction","target":["https:\/\/guidodettoni.com\/it\/autore\/"]}]},{"@type":"ImageObject","inLanguage":"it-IT","@id":"https:\/\/guidodettoni.com\/it\/autore\/#primaryimage","url":"https:\/\/guidodettoni.com\/wp-content\/uploads\/2021\/09\/guido-dettoni-com.jpg","contentUrl":"https:\/\/guidodettoni.com\/wp-content\/uploads\/2021\/09\/guido-dettoni-com.jpg","width":800,"height":800,"caption":"Guido Dettoni"},{"@type":"BreadcrumbList","@id":"https:\/\/guidodettoni.com\/it\/autore\/#breadcrumb","itemListElement":[{"@type":"ListItem","position":1,"name":"HOME","item":"https:\/\/guidodettoni.com\/it\/home\/"},{"@type":"ListItem","position":2,"name":"Autore"}]},{"@type":"WebSite","@id":"https:\/\/guidodettoni.com\/it\/#website","url":"https:\/\/guidodettoni.com\/it\/","name":"Guido Dettoni della Grazia","description":"Guido Dettoni\u2019s works of art and projects","publisher":{"@id":"https:\/\/guidodettoni.com\/it\/#organization"},"potentialAction":[{"@type":"SearchAction","target":{"@type":"EntryPoint","urlTemplate":"https:\/\/guidodettoni.com\/it\/?s={search_term_string}"},"query-input":{"@type":"PropertyValueSpecification","valueRequired":true,"valueName":"search_term_string"}}],"inLanguage":"it-IT"},{"@type":"Organization","@id":"https:\/\/guidodettoni.com\/it\/#organization","name":"NESHERGALLERY","url":"https:\/\/guidodettoni.com\/it\/","logo":{"@type":"ImageObject","inLanguage":"it-IT","@id":"https:\/\/guidodettoni.com\/it\/#\/schema\/logo\/image\/","url":"https:\/\/guidodettoni.com\/wp-content\/uploads\/2020\/05\/nesher-gallery-logo-1.png","contentUrl":"https:\/\/guidodettoni.com\/wp-content\/uploads\/2020\/05\/nesher-gallery-logo-1.png","width":200,"height":200,"caption":"NESHERGALLERY"},"image":{"@id":"https:\/\/guidodettoni.com\/it\/#\/schema\/logo\/image\/"},"sameAs":["https:\/\/www.facebook.com\/mostramaria","https:\/\/www.instagram.com\/mariaescultura\/","https:\/\/www.youtube.com\/user\/nesherorg"]}]}},"_links":{"self":[{"href":"https:\/\/guidodettoni.com\/it\/wp-json\/wp\/v2\/pages\/9002","targetHints":{"allow":["GET"]}}],"collection":[{"href":"https:\/\/guidodettoni.com\/it\/wp-json\/wp\/v2\/pages"}],"about":[{"href":"https:\/\/guidodettoni.com\/it\/wp-json\/wp\/v2\/types\/page"}],"author":[{"embeddable":true,"href":"https:\/\/guidodettoni.com\/it\/wp-json\/wp\/v2\/users\/13"}],"replies":[{"embeddable":true,"href":"https:\/\/guidodettoni.com\/it\/wp-json\/wp\/v2\/comments?post=9002"}],"version-history":[{"count":29,"href":"https:\/\/guidodettoni.com\/it\/wp-json\/wp\/v2\/pages\/9002\/revisions"}],"predecessor-version":[{"id":24648,"href":"https:\/\/guidodettoni.com\/it\/wp-json\/wp\/v2\/pages\/9002\/revisions\/24648"}],"wp:featuredmedia":[{"embeddable":true,"href":"https:\/\/guidodettoni.com\/it\/wp-json\/wp\/v2\/media\/9132"}],"wp:attachment":[{"href":"https:\/\/guidodettoni.com\/it\/wp-json\/wp\/v2\/media?parent=9002"}],"curies":[{"name":"wp","href":"https:\/\/api.w.org\/{rel}","templated":true}]}}