{"id":3041,"date":"2020-06-19T17:33:12","date_gmt":"2020-06-19T15:33:12","guid":{"rendered":"https:\/\/www.neshergallery.com\/?page_id=3041"},"modified":"2023-05-30T16:43:47","modified_gmt":"2023-05-30T14:43:47","slug":"atelier-de-guido-dettoni","status":"publish","type":"page","link":"https:\/\/guidodettoni.com\/it\/atelier-de-guido-dettoni\/","title":{"rendered":"Atelier de Guido Dettoni"},"content":{"rendered":"\t\t<div data-elementor-type=\"wp-page\" data-elementor-id=\"3041\" class=\"elementor elementor-3041 elementor-3040\" data-elementor-post-type=\"page\">\n\t\t\t\t\t\t<section class=\"elementor-section elementor-top-section elementor-element elementor-element-7412ea6 elementor-section-full_width elementor-section-height-default elementor-section-height-default\" data-id=\"7412ea6\" data-element_type=\"section\">\n\t\t\t\t\t\t<div class=\"elementor-container elementor-column-gap-no\">\n\t\t\t\t\t<div class=\"elementor-column elementor-col-100 elementor-top-column elementor-element elementor-element-edce302\" data-id=\"edce302\" data-element_type=\"column\">\n\t\t\t<div class=\"elementor-widget-wrap elementor-element-populated\">\n\t\t\t\t\t\t<div class=\"elementor-element elementor-element-f740c8d elementor--h-position-center elementor--v-position-middle elementor-arrows-position-inside elementor-pagination-position-inside elementor-widget elementor-widget-slides\" data-id=\"f740c8d\" data-element_type=\"widget\" data-settings=\"{&quot;navigation&quot;:&quot;both&quot;,&quot;autoplay&quot;:&quot;yes&quot;,&quot;pause_on_hover&quot;:&quot;yes&quot;,&quot;pause_on_interaction&quot;:&quot;yes&quot;,&quot;autoplay_speed&quot;:5000,&quot;infinite&quot;:&quot;yes&quot;,&quot;transition&quot;:&quot;slide&quot;,&quot;transition_speed&quot;:500}\" data-widget_type=\"slides.default\">\n\t\t\t\t<div class=\"elementor-widget-container\">\n\t\t\t\t\t\t\t\t\t<div class=\"elementor-swiper\">\n\t\t\t\t\t<div class=\"elementor-slides-wrapper elementor-main-swiper swiper\" role=\"region\" aria-roledescription=\"carousel\" aria-label=\"Slides\" dir=\"ltr\" data-animation=\"fadeInUp\">\n\t\t\t\t<div class=\"swiper-wrapper elementor-slides\">\n\t\t\t\t\t\t\t\t\t\t<div class=\"elementor-repeater-item-5113373 swiper-slide\" role=\"group\" aria-roledescription=\"slide\"><div class=\"swiper-slide-bg elementor-ken-burns elementor-ken-burns--in\" role=\"img\"><\/div><div class=\"elementor-background-overlay\"><\/div><div class=\"swiper-slide-inner\" ><div class=\"swiper-slide-contents\"><div class=\"elementor-slide-heading\">Atelier de Guido Dettoni<\/div><\/div><\/div><\/div><div class=\"elementor-repeater-item-ecfcbf7 swiper-slide\" role=\"group\" aria-roledescription=\"slide\"><div class=\"swiper-slide-bg elementor-ken-burns elementor-ken-burns--in\" role=\"img\"><\/div><div class=\"elementor-background-overlay\"><\/div><div class=\"swiper-slide-inner\" ><div class=\"swiper-slide-contents\"><div class=\"elementor-slide-heading\">OMNIA MEA MECUM PORTO<\/div><\/div><\/div><\/div><div class=\"elementor-repeater-item-8b3df14 swiper-slide\" role=\"group\" aria-roledescription=\"slide\"><div class=\"swiper-slide-bg elementor-ken-burns elementor-ken-burns--in\" role=\"img\"><\/div><div class=\"elementor-background-overlay\"><\/div><div class=\"swiper-slide-inner\" ><div class=\"swiper-slide-contents\"><div class=\"elementor-slide-heading\">Luogo di lavoro<\/div><\/div><\/div><\/div>\t\t\t\t<\/div>\n\t\t\t\t\t\t\t\t\t\t\t\t\t\t\t<div class=\"elementor-swiper-button elementor-swiper-button-prev\" role=\"button\" tabindex=\"0\" aria-label=\"Diapositiva precedente\">\n\t\t\t\t\t\t\t<svg aria-hidden=\"true\" class=\"e-font-icon-svg e-eicon-chevron-left\" viewBox=\"0 0 1000 1000\" xmlns=\"http:\/\/www.w3.org\/2000\/svg\"><path d=\"M646 125C629 125 613 133 604 142L308 442C296 454 292 471 292 487 292 504 296 521 308 533L604 854C617 867 629 875 646 875 663 875 679 871 692 858 704 846 713 829 713 812 713 796 708 779 692 767L438 487 692 225C700 217 708 204 708 187 708 171 704 154 692 142 675 129 663 125 646 125Z\"><\/path><\/svg>\t\t\t\t\t\t<\/div>\n\t\t\t\t\t\t<div class=\"elementor-swiper-button elementor-swiper-button-next\" role=\"button\" tabindex=\"0\" aria-label=\"Prossima diapositiva\">\n\t\t\t\t\t\t\t<svg aria-hidden=\"true\" class=\"e-font-icon-svg e-eicon-chevron-right\" viewBox=\"0 0 1000 1000\" xmlns=\"http:\/\/www.w3.org\/2000\/svg\"><path d=\"M696 533C708 521 713 504 713 487 713 471 708 454 696 446L400 146C388 133 375 125 354 125 338 125 325 129 313 142 300 154 292 171 292 187 292 204 296 221 308 233L563 492 304 771C292 783 288 800 288 817 288 833 296 850 308 863 321 871 338 875 354 875 371 875 388 867 400 854L696 533Z\"><\/path><\/svg>\t\t\t\t\t\t<\/div>\n\t\t\t\t\t\t\t\t\t\t\t\t\t\t\t\t<div class=\"swiper-pagination\"><\/div>\n\t\t\t\t\t\t\t\t\t\t\t\t<\/div>\n\t\t\t\t<\/div>\n\t\t\t\t\t\t\t\t<\/div>\n\t\t\t\t<\/div>\n\t\t\t\t\t<\/div>\n\t\t<\/div>\n\t\t\t\t\t<\/div>\n\t\t<\/section>\n\t\t\t\t<section class=\"elementor-section elementor-top-section elementor-element elementor-element-6be4be1 elementor-section-boxed elementor-section-height-default elementor-section-height-default\" data-id=\"6be4be1\" data-element_type=\"section\" id=\"aproach\">\n\t\t\t\t\t\t<div class=\"elementor-container elementor-column-gap-default\">\n\t\t\t\t\t<div class=\"elementor-column elementor-col-100 elementor-top-column elementor-element elementor-element-7a9b7cd\" data-id=\"7a9b7cd\" data-element_type=\"column\">\n\t\t\t<div class=\"elementor-widget-wrap elementor-element-populated\">\n\t\t\t\t\t\t<div class=\"elementor-element elementor-element-11b4700 elementor-widget elementor-widget-heading\" data-id=\"11b4700\" data-element_type=\"widget\" data-widget_type=\"heading.default\">\n\t\t\t\t<div class=\"elementor-widget-container\">\n\t\t\t\t\t<h2 class=\"elementor-heading-title elementor-size-default\">OMNIA MEA MECUM PORTO<\/h2>\t\t\t\t<\/div>\n\t\t\t\t<\/div>\n\t\t\t\t<div class=\"elementor-element elementor-element-d0faf68 elementor-widget elementor-widget-text-editor\" data-id=\"d0faf68\" data-element_type=\"widget\" data-widget_type=\"text-editor.default\">\n\t\t\t\t<div class=\"elementor-widget-container\">\n\t\t\t\t\t\t\t\t\t<p>Nel corso della mia vita ho avuto molti laboratori\/ateliers dove tenere cere, argille, legni, pigmenti, pennelli, oli, tessuti, fresatrici, lucidatrici e utensili per finiture.<br \/>Tuttavia, dopo molti anni di pratica con materiali, forme e superfici, i miei luoghi di lavoro sono stati quelli in cui le mie mani e la mia mente si manifestavano.<br \/>Le mie mani e la mia mente sono quello che porto con me, una potenzialit\u00e0 che si manifesta dove pu\u00f2: presso il marmista, la falegnameria, la fonderia, lo stampatore e nella terra che modello scavando dentro di essa, con la materia malleabile tra le mie mani, in ogni luogo, in mezzo alla natura o all&#8217;architettura.<br \/>I laboratori\/ateliers che inevitabilmente si sono alternati nel corso della mia vita sono stati porti di passaggio. I porti non rimangono, n\u00e9 le navi, ma solo le rotte e i collegamenti che hanno generato.<\/p><p>Quando avevo quattordici anni, un giorno, in classe di lingua latina leggevamo il Paradoxa Stoicorum di Cicerone e in esso egli raccontava la storia del filosofo greco Bias di Priene. Gli fu chiesto perch\u00e9 non portava con s\u00e9 nulla fuggendo dalla distruzione della sua citt\u00e0 natale ed egli rispose: &#8220;omnia mea mecum porto&#8221; (porto con me tutte le mie cose). Una rivelazione che ha segnato la mia vita!<\/p><p>Quando iniziai a lavorare nella dimensione digitale nel 1993, scoprii il modo di andare oltre la mia esperienza analogica e dal 2000, con la rete, avevo solo bisogno di un terminale -computer- collegato a Internet per accedere alle mie opere, che dalla loro dimensione analogica erano diventate digitali e quindi potevo continuare a lavorare anche l\u00ec: dalla mano, concreta, alla mente, virtuale.<\/p><p>Con i laboratori analogici che ho avuto, \u00e8 successa un po la stessa cosa. Di fatto essi erano sempre stati eterei diventano concreti ovunque, secondo il tempo e le necessit\u00e0, laddove le mie mani e la mia mente volessero manifestare e scoprire.<br \/>Forma e immagine sono al servizio di un processo cognitivo ed evolutivo, il laboratorio, l\u2019atelier, \u00e8 s\u00e9 stessi.<\/p><p><em>Guido Dettoni della Grazia \/ 2020<\/em><\/p>\t\t\t\t\t\t\t\t<\/div>\n\t\t\t\t<\/div>\n\t\t\t\t\t<\/div>\n\t\t<\/div>\n\t\t\t\t\t<\/div>\n\t\t<\/section>\n\t\t\t\t<\/div>\n\t\t","protected":false},"excerpt":{"rendered":"<p>Atelier de Guido DettoniOMNIA MEA MECUM PORTOLuogo di lavoro Previous Next OMNIA MEA MECUM PORTO Nel corso della mia vita ho avuto molti laboratori\/ateliers dove tenere cere, argille, legni, pigmenti, pennelli, oli, tessuti, fresatrici, lucidatrici e utensili per finiture.Tuttavia, dopo molti anni di pratica con materiali, forme e superfici, i miei luoghi di lavoro sono &#8230; <\/p>\n<p class=\"read-more-container\"><a title=\"Atelier de Guido Dettoni\" class=\"read-more button\" href=\"https:\/\/guidodettoni.com\/it\/atelier-de-guido-dettoni\/#more-3041\" aria-label=\"More on Atelier de Guido Dettoni\">Leggi tutto<\/a><\/p>\n","protected":false},"author":13,"featured_media":3253,"parent":0,"menu_order":2,"comment_status":"closed","ping_status":"closed","template":"","meta":{"_acf_changed":false,"footnotes":""},"class_list":["post-3041","page","type-page","status-publish","has-post-thumbnail"],"acf":[],"yoast_head":"<!-- This site is optimized with the Yoast SEO plugin v24.4 - https:\/\/yoast.com\/wordpress\/plugins\/seo\/ -->\n<title>Atelier de Guido Dettoni &#8226; Guido Dettoni della Grazia<\/title>\n<meta name=\"description\" content=\"Omnia mea mecum porto. Ho avuto molti studi durante la mia vita, ma sono porti di passaggio. Non rimangono i porti, n\u00e9 le navi, ma solo ....\" \/>\n<meta name=\"robots\" content=\"index, follow, max-snippet:-1, max-image-preview:large, max-video-preview:-1\" \/>\n<link rel=\"canonical\" href=\"https:\/\/guidodettoni.com\/it\/atelier-de-guido-dettoni\/\" \/>\n<meta property=\"og:locale\" content=\"it_IT\" \/>\n<meta property=\"og:type\" content=\"article\" \/>\n<meta property=\"og:title\" content=\"Atelier de Guido Dettoni &#8226; Guido Dettoni della Grazia\" \/>\n<meta property=\"og:description\" content=\"Omnia mea mecum porto. Ho avuto molti studi durante la mia vita, ma sono porti di passaggio. Non rimangono i porti, n\u00e9 le navi, ma solo ....\" \/>\n<meta property=\"og:url\" content=\"https:\/\/guidodettoni.com\/it\/atelier-de-guido-dettoni\/\" \/>\n<meta property=\"og:site_name\" content=\"Guido Dettoni della Grazia\" \/>\n<meta property=\"article:publisher\" content=\"https:\/\/www.facebook.com\/mostramaria\" \/>\n<meta property=\"article:modified_time\" content=\"2023-05-30T14:43:47+00:00\" \/>\n<meta property=\"og:image\" content=\"https:\/\/guidodettoni.com\/wp-content\/uploads\/2020\/06\/guido-dettoni-studio-pic.jpg\" \/>\n\t<meta property=\"og:image:width\" content=\"200\" \/>\n\t<meta property=\"og:image:height\" content=\"200\" \/>\n\t<meta property=\"og:image:type\" content=\"image\/jpeg\" \/>\n<meta name=\"twitter:card\" content=\"summary_large_image\" \/>\n<meta name=\"twitter:label1\" content=\"Tempo di lettura stimato\" \/>\n\t<meta name=\"twitter:data1\" content=\"3 minuti\" \/>\n<script type=\"application\/ld+json\" class=\"yoast-schema-graph\">{\"@context\":\"https:\/\/schema.org\",\"@graph\":[{\"@type\":\"WebPage\",\"@id\":\"https:\/\/guidodettoni.com\/it\/atelier-de-guido-dettoni\/\",\"url\":\"https:\/\/guidodettoni.com\/it\/atelier-de-guido-dettoni\/\",\"name\":\"Atelier de Guido Dettoni &#8226; Guido Dettoni della Grazia\",\"isPartOf\":{\"@id\":\"https:\/\/guidodettoni.com\/it\/#website\"},\"primaryImageOfPage\":{\"@id\":\"https:\/\/guidodettoni.com\/it\/atelier-de-guido-dettoni\/#primaryimage\"},\"image\":{\"@id\":\"https:\/\/guidodettoni.com\/it\/atelier-de-guido-dettoni\/#primaryimage\"},\"thumbnailUrl\":\"https:\/\/guidodettoni.com\/wp-content\/uploads\/2020\/06\/guido-dettoni-studio-pic.jpg\",\"datePublished\":\"2020-06-19T15:33:12+00:00\",\"dateModified\":\"2023-05-30T14:43:47+00:00\",\"description\":\"Omnia mea mecum porto. Ho avuto molti studi durante la mia vita, ma sono porti di passaggio. Non rimangono i porti, n\u00e9 le navi, ma solo ....\",\"breadcrumb\":{\"@id\":\"https:\/\/guidodettoni.com\/it\/atelier-de-guido-dettoni\/#breadcrumb\"},\"inLanguage\":\"it-IT\",\"potentialAction\":[{\"@type\":\"ReadAction\",\"target\":[\"https:\/\/guidodettoni.com\/it\/atelier-de-guido-dettoni\/\"]}]},{\"@type\":\"ImageObject\",\"inLanguage\":\"it-IT\",\"@id\":\"https:\/\/guidodettoni.com\/it\/atelier-de-guido-dettoni\/#primaryimage\",\"url\":\"https:\/\/guidodettoni.com\/wp-content\/uploads\/2020\/06\/guido-dettoni-studio-pic.jpg\",\"contentUrl\":\"https:\/\/guidodettoni.com\/wp-content\/uploads\/2020\/06\/guido-dettoni-studio-pic.jpg\",\"width\":200,\"height\":200},{\"@type\":\"BreadcrumbList\",\"@id\":\"https:\/\/guidodettoni.com\/it\/atelier-de-guido-dettoni\/#breadcrumb\",\"itemListElement\":[{\"@type\":\"ListItem\",\"position\":1,\"name\":\"HOME\",\"item\":\"https:\/\/guidodettoni.com\/it\/home\/\"},{\"@type\":\"ListItem\",\"position\":2,\"name\":\"Atelier de Guido Dettoni\"}]},{\"@type\":\"WebSite\",\"@id\":\"https:\/\/guidodettoni.com\/it\/#website\",\"url\":\"https:\/\/guidodettoni.com\/it\/\",\"name\":\"Guido Dettoni della Grazia\",\"description\":\"Guido Dettoni\u2019s works of art and projects\",\"publisher\":{\"@id\":\"https:\/\/guidodettoni.com\/it\/#organization\"},\"potentialAction\":[{\"@type\":\"SearchAction\",\"target\":{\"@type\":\"EntryPoint\",\"urlTemplate\":\"https:\/\/guidodettoni.com\/it\/?s={search_term_string}\"},\"query-input\":{\"@type\":\"PropertyValueSpecification\",\"valueRequired\":true,\"valueName\":\"search_term_string\"}}],\"inLanguage\":\"it-IT\"},{\"@type\":\"Organization\",\"@id\":\"https:\/\/guidodettoni.com\/it\/#organization\",\"name\":\"NESHERGALLERY\",\"url\":\"https:\/\/guidodettoni.com\/it\/\",\"logo\":{\"@type\":\"ImageObject\",\"inLanguage\":\"it-IT\",\"@id\":\"https:\/\/guidodettoni.com\/it\/#\/schema\/logo\/image\/\",\"url\":\"https:\/\/guidodettoni.com\/wp-content\/uploads\/2020\/05\/nesher-gallery-logo-1.png\",\"contentUrl\":\"https:\/\/guidodettoni.com\/wp-content\/uploads\/2020\/05\/nesher-gallery-logo-1.png\",\"width\":200,\"height\":200,\"caption\":\"NESHERGALLERY\"},\"image\":{\"@id\":\"https:\/\/guidodettoni.com\/it\/#\/schema\/logo\/image\/\"},\"sameAs\":[\"https:\/\/www.facebook.com\/mostramaria\",\"https:\/\/www.instagram.com\/mariaescultura\/\",\"https:\/\/www.youtube.com\/user\/nesherorg\"]}]}<\/script>\n<!-- \/ Yoast SEO plugin. -->","yoast_head_json":{"title":"Atelier de Guido Dettoni &#8226; Guido Dettoni della Grazia","description":"Omnia mea mecum porto. Ho avuto molti studi durante la mia vita, ma sono porti di passaggio. Non rimangono i porti, n\u00e9 le navi, ma solo ....","robots":{"index":"index","follow":"follow","max-snippet":"max-snippet:-1","max-image-preview":"max-image-preview:large","max-video-preview":"max-video-preview:-1"},"canonical":"https:\/\/guidodettoni.com\/it\/atelier-de-guido-dettoni\/","og_locale":"it_IT","og_type":"article","og_title":"Atelier de Guido Dettoni &#8226; Guido Dettoni della Grazia","og_description":"Omnia mea mecum porto. Ho avuto molti studi durante la mia vita, ma sono porti di passaggio. Non rimangono i porti, n\u00e9 le navi, ma solo ....","og_url":"https:\/\/guidodettoni.com\/it\/atelier-de-guido-dettoni\/","og_site_name":"Guido Dettoni della Grazia","article_publisher":"https:\/\/www.facebook.com\/mostramaria","article_modified_time":"2023-05-30T14:43:47+00:00","og_image":[{"width":200,"height":200,"url":"https:\/\/guidodettoni.com\/wp-content\/uploads\/2020\/06\/guido-dettoni-studio-pic.jpg","type":"image\/jpeg"}],"twitter_card":"summary_large_image","twitter_misc":{"Tempo di lettura stimato":"3 minuti"},"schema":{"@context":"https:\/\/schema.org","@graph":[{"@type":"WebPage","@id":"https:\/\/guidodettoni.com\/it\/atelier-de-guido-dettoni\/","url":"https:\/\/guidodettoni.com\/it\/atelier-de-guido-dettoni\/","name":"Atelier de Guido Dettoni &#8226; Guido Dettoni della Grazia","isPartOf":{"@id":"https:\/\/guidodettoni.com\/it\/#website"},"primaryImageOfPage":{"@id":"https:\/\/guidodettoni.com\/it\/atelier-de-guido-dettoni\/#primaryimage"},"image":{"@id":"https:\/\/guidodettoni.com\/it\/atelier-de-guido-dettoni\/#primaryimage"},"thumbnailUrl":"https:\/\/guidodettoni.com\/wp-content\/uploads\/2020\/06\/guido-dettoni-studio-pic.jpg","datePublished":"2020-06-19T15:33:12+00:00","dateModified":"2023-05-30T14:43:47+00:00","description":"Omnia mea mecum porto. Ho avuto molti studi durante la mia vita, ma sono porti di passaggio. Non rimangono i porti, n\u00e9 le navi, ma solo ....","breadcrumb":{"@id":"https:\/\/guidodettoni.com\/it\/atelier-de-guido-dettoni\/#breadcrumb"},"inLanguage":"it-IT","potentialAction":[{"@type":"ReadAction","target":["https:\/\/guidodettoni.com\/it\/atelier-de-guido-dettoni\/"]}]},{"@type":"ImageObject","inLanguage":"it-IT","@id":"https:\/\/guidodettoni.com\/it\/atelier-de-guido-dettoni\/#primaryimage","url":"https:\/\/guidodettoni.com\/wp-content\/uploads\/2020\/06\/guido-dettoni-studio-pic.jpg","contentUrl":"https:\/\/guidodettoni.com\/wp-content\/uploads\/2020\/06\/guido-dettoni-studio-pic.jpg","width":200,"height":200},{"@type":"BreadcrumbList","@id":"https:\/\/guidodettoni.com\/it\/atelier-de-guido-dettoni\/#breadcrumb","itemListElement":[{"@type":"ListItem","position":1,"name":"HOME","item":"https:\/\/guidodettoni.com\/it\/home\/"},{"@type":"ListItem","position":2,"name":"Atelier de Guido Dettoni"}]},{"@type":"WebSite","@id":"https:\/\/guidodettoni.com\/it\/#website","url":"https:\/\/guidodettoni.com\/it\/","name":"Guido Dettoni della Grazia","description":"Guido Dettoni\u2019s works of art and projects","publisher":{"@id":"https:\/\/guidodettoni.com\/it\/#organization"},"potentialAction":[{"@type":"SearchAction","target":{"@type":"EntryPoint","urlTemplate":"https:\/\/guidodettoni.com\/it\/?s={search_term_string}"},"query-input":{"@type":"PropertyValueSpecification","valueRequired":true,"valueName":"search_term_string"}}],"inLanguage":"it-IT"},{"@type":"Organization","@id":"https:\/\/guidodettoni.com\/it\/#organization","name":"NESHERGALLERY","url":"https:\/\/guidodettoni.com\/it\/","logo":{"@type":"ImageObject","inLanguage":"it-IT","@id":"https:\/\/guidodettoni.com\/it\/#\/schema\/logo\/image\/","url":"https:\/\/guidodettoni.com\/wp-content\/uploads\/2020\/05\/nesher-gallery-logo-1.png","contentUrl":"https:\/\/guidodettoni.com\/wp-content\/uploads\/2020\/05\/nesher-gallery-logo-1.png","width":200,"height":200,"caption":"NESHERGALLERY"},"image":{"@id":"https:\/\/guidodettoni.com\/it\/#\/schema\/logo\/image\/"},"sameAs":["https:\/\/www.facebook.com\/mostramaria","https:\/\/www.instagram.com\/mariaescultura\/","https:\/\/www.youtube.com\/user\/nesherorg"]}]}},"_links":{"self":[{"href":"https:\/\/guidodettoni.com\/it\/wp-json\/wp\/v2\/pages\/3041","targetHints":{"allow":["GET"]}}],"collection":[{"href":"https:\/\/guidodettoni.com\/it\/wp-json\/wp\/v2\/pages"}],"about":[{"href":"https:\/\/guidodettoni.com\/it\/wp-json\/wp\/v2\/types\/page"}],"author":[{"embeddable":true,"href":"https:\/\/guidodettoni.com\/it\/wp-json\/wp\/v2\/users\/13"}],"replies":[{"embeddable":true,"href":"https:\/\/guidodettoni.com\/it\/wp-json\/wp\/v2\/comments?post=3041"}],"version-history":[{"count":11,"href":"https:\/\/guidodettoni.com\/it\/wp-json\/wp\/v2\/pages\/3041\/revisions"}],"predecessor-version":[{"id":12588,"href":"https:\/\/guidodettoni.com\/it\/wp-json\/wp\/v2\/pages\/3041\/revisions\/12588"}],"wp:featuredmedia":[{"embeddable":true,"href":"https:\/\/guidodettoni.com\/it\/wp-json\/wp\/v2\/media\/3253"}],"wp:attachment":[{"href":"https:\/\/guidodettoni.com\/it\/wp-json\/wp\/v2\/media?parent=3041"}],"curies":[{"name":"wp","href":"https:\/\/api.w.org\/{rel}","templated":true}]}}