{"id":2536,"date":"2019-10-04T08:06:57","date_gmt":"2019-10-04T06:06:57","guid":{"rendered":"https:\/\/www.neshergallery.com\/privacy-e-protezione-dei-dati\/"},"modified":"2021-09-19T16:48:26","modified_gmt":"2021-09-19T14:48:26","slug":"privacy-e-protezione-dei-dati","status":"publish","type":"page","link":"https:\/\/guidodettoni.com\/it\/avviso-legale\/privacy-e-protezione-dei-dati\/","title":{"rendered":"Privacy e protezione dei dati"},"content":{"rendered":"\t\t<div data-elementor-type=\"wp-page\" data-elementor-id=\"2536\" class=\"elementor elementor-2536 elementor-3\" data-elementor-post-type=\"page\">\n\t\t\t\t\t\t<section class=\"elementor-section elementor-top-section elementor-element elementor-element-a29c5c5 elementor-section-height-min-height elementor-section-content-middle elementor-section-boxed elementor-section-height-default elementor-section-items-middle\" data-id=\"a29c5c5\" data-element_type=\"section\" data-settings=\"{&quot;background_background&quot;:&quot;classic&quot;}\">\n\t\t\t\t\t\t<div class=\"elementor-container elementor-column-gap-default\">\n\t\t\t\t\t<div class=\"elementor-column elementor-col-100 elementor-top-column elementor-element elementor-element-4491a76\" data-id=\"4491a76\" data-element_type=\"column\">\n\t\t\t<div class=\"elementor-widget-wrap elementor-element-populated\">\n\t\t\t\t\t\t<div class=\"elementor-element elementor-element-5de3177 elementor-widget elementor-widget-heading\" data-id=\"5de3177\" data-element_type=\"widget\" data-widget_type=\"heading.default\">\n\t\t\t\t<div class=\"elementor-widget-container\">\n\t\t\t\t\t<h1 class=\"elementor-heading-title elementor-size-default\">Privacy e Protezione dei Dati<\/h1>\t\t\t\t<\/div>\n\t\t\t\t<\/div>\n\t\t\t\t\t<\/div>\n\t\t<\/div>\n\t\t\t\t\t<\/div>\n\t\t<\/section>\n\t\t\t\t<section class=\"elementor-section elementor-top-section elementor-element elementor-element-4170f3d6 elementor-section-boxed elementor-section-height-default elementor-section-height-default\" data-id=\"4170f3d6\" data-element_type=\"section\">\n\t\t\t\t\t\t<div class=\"elementor-container elementor-column-gap-default\">\n\t\t\t\t\t<div class=\"elementor-column elementor-col-100 elementor-top-column elementor-element elementor-element-76e1a567\" data-id=\"76e1a567\" data-element_type=\"column\">\n\t\t\t<div class=\"elementor-widget-wrap elementor-element-populated\">\n\t\t\t\t\t\t<div class=\"elementor-element elementor-element-544d358c elementor-widget elementor-widget-text-editor\" data-id=\"544d358c\" data-element_type=\"widget\" data-widget_type=\"text-editor.default\">\n\t\t\t\t<div class=\"elementor-widget-container\">\n\t\t\t\t\t\t\t\t\t<p><\/p>\n<h2><strong>P<b>rivacy e protezione dei dati<\/b><\/strong><\/h2>\n<p><span style=\"font-weight: 400;\">In conformit\u00e0 con le disposizioni della Legge Organica 15\/1999 sulla Protezione dei Dati Personali,\u00a0 e il regolamento generale dell&#8217;Unione europea sulla protezione dei dati (GDPS) del 25 maggio 2018 si dichiara che la compilazione da parte del rimettente di qualsiasi formulario del sito www.nesher.gallery.com o qualsiasi dato inviato via e-mail a info@nesher.org saranno trattati con la massima riservatezza. Dati questi che\u00a0 faranno parte del file automatizzato di propriet\u00e0 della NESHEREDITIONS SL, per la gestire la relazione commerciale e informativa con il remittente.\u00a0<\/span><\/p>\n<p><span style=\"font-weight: 400;\">La societ\u00e0 presume che i dati siano stati inseriti dall&#8217;utente o da persone da esso autorizzate e che sono veritieri. L\u2019utente, inoltre autorizza esplicitamente la <\/span><b>Galleria <\/b><span style=\"font-weight: 400;\">ad utilizzarli per l&#8217;invio di informazioni, promozioni o newsletter tramite qualsiasi mezzo.<\/span><span style=\"font-weight: 400;\"> \u00c8 responsabilit\u00e0 degli <\/span><span style=\"font-weight: 400;\">utenti registrati aggiornare i propri dati.<\/span><\/p>\n<p><span style=\"font-weight: 400;\">In qualsiasi momento l&#8217;Utente Registrato avr\u00e0 il diritto di accesso, rettifica e cancellazione di tutti i suoi dati personali. Per esercitare tale facolt\u00e0 (in particolare quella della cancellazione) dovr\u00e0 inviare una richiesta indirizzata alla <\/span><b>Galleria<\/b><span style=\"font-weight: 400;\"> all&#8217;indirizzo e-mail info@nesher.org. Per esercitare la facolt\u00e0 di rettifica o modifica dei dati personali, la <\/span><b>Galleria<\/b><span style=\"font-weight: 400;\"> consiglia di farlo attraverso il sito web stesso. Pertanto, l&#8217;Utente Registrato \u00e8 responsabile della veridicit\u00e0 dei dati e la<\/span><b> Galleria<\/b><span style=\"font-weight: 400;\"> non sar\u00e0 responsabile dell&#8217;inesattezza degli stessi.<\/span><\/p>\n<p><span style=\"font-weight: 400;\">In conformit\u00e0 alla normativa vigente, la <\/span><b>Galleria<\/b><span style=\"font-weight: 400;\"> ha adottato i livelli di sicurezza adeguati e, inoltre, ha installato tutti i mezzi e le misure a sua disposizione per prevenire la perdita, il cattivo uso, l&#8217;alterazione, l&#8217;accesso non autorizzato e la copia degli stessi.<\/span><\/p>\n<p><span style=\"font-weight: 400;\">NESHER pu\u00f2 utilizzare i cookies durante la fornitura dei servizi del SITO. I cookies sono file fisici di informazioni personali ospitati nel terminale dell&#8217;utente. L&#8217;utente ha la possibilit\u00e0 di configurare il proprio programma di navigazione in modo che la creazione di file cookie venga impedita o avvertita.<\/span><\/p>\n<p><\/p>\n\t\t\t\t\t\t\t\t<\/div>\n\t\t\t\t<\/div>\n\t\t\t\t\t<\/div>\n\t\t<\/div>\n\t\t\t\t\t<\/div>\n\t\t<\/section>\n\t\t\t\t<\/div>\n\t\t","protected":false},"excerpt":{"rendered":"<p>Privacy e Protezione dei Dati Privacy e protezione dei dati In conformit\u00e0 con le disposizioni della Legge Organica 15\/1999 sulla Protezione dei Dati Personali,\u00a0 e il regolamento generale dell&#8217;Unione europea sulla protezione dei dati (GDPS) del 25 maggio 2018 si dichiara che la compilazione da parte del rimettente di qualsiasi formulario del sito www.nesher.gallery.com o &#8230; <\/p>\n<p class=\"read-more-container\"><a title=\"Privacy e protezione dei dati\" class=\"read-more button\" href=\"https:\/\/guidodettoni.com\/it\/avviso-legale\/privacy-e-protezione-dei-dati\/#more-2536\" aria-label=\"More on Privacy e protezione dei dati\">Leggi tutto<\/a><\/p>\n","protected":false},"author":13,"featured_media":9132,"parent":2514,"menu_order":1000,"comment_status":"closed","ping_status":"closed","template":"","meta":{"_acf_changed":false,"footnotes":""},"class_list":["post-2536","page","type-page","status-publish","has-post-thumbnail"],"acf":[],"yoast_head":"<!-- This site is optimized with the Yoast SEO plugin v24.4 - https:\/\/yoast.com\/wordpress\/plugins\/seo\/ -->\n<title>Privacy e protezione dei dati &#8226; Guido Dettoni della Grazia<\/title>\n<meta name=\"description\" content=\"Privacy e protezione dei dati che regola il sito Web di Guido Dettoni della Grazia.\" \/>\n<meta name=\"robots\" content=\"noindex, nofollow\" \/>\n<meta property=\"og:locale\" content=\"it_IT\" \/>\n<meta property=\"og:type\" content=\"article\" \/>\n<meta property=\"og:title\" content=\"Privacy e protezione dei dati &#8226; Guido Dettoni della Grazia\" \/>\n<meta property=\"og:description\" content=\"Privacy e protezione dei dati che regola il sito Web di Guido Dettoni della Grazia.\" \/>\n<meta property=\"og:url\" content=\"https:\/\/guidodettoni.com\/it\/avviso-legale\/privacy-e-protezione-dei-dati\/\" \/>\n<meta property=\"og:site_name\" content=\"Guido Dettoni della Grazia\" \/>\n<meta property=\"article:publisher\" content=\"https:\/\/www.facebook.com\/mostramaria\" \/>\n<meta property=\"article:modified_time\" content=\"2021-09-19T14:48:26+00:00\" \/>\n<meta property=\"og:image\" content=\"https:\/\/guidodettoni.com\/wp-content\/uploads\/2021\/09\/guido-dettoni-com.jpg\" \/>\n\t<meta property=\"og:image:width\" content=\"800\" \/>\n\t<meta property=\"og:image:height\" content=\"800\" \/>\n\t<meta property=\"og:image:type\" content=\"image\/jpeg\" \/>\n<meta name=\"twitter:card\" content=\"summary_large_image\" \/>\n<meta name=\"twitter:label1\" content=\"Tempo di lettura stimato\" \/>\n\t<meta name=\"twitter:data1\" content=\"2 minuti\" \/>\n<script type=\"application\/ld+json\" class=\"yoast-schema-graph\">{\"@context\":\"https:\/\/schema.org\",\"@graph\":[{\"@type\":\"WebPage\",\"@id\":\"https:\/\/guidodettoni.com\/it\/avviso-legale\/privacy-e-protezione-dei-dati\/\",\"url\":\"https:\/\/guidodettoni.com\/it\/avviso-legale\/privacy-e-protezione-dei-dati\/\",\"name\":\"Privacy e protezione dei dati &#8226; Guido Dettoni della Grazia\",\"isPartOf\":{\"@id\":\"https:\/\/guidodettoni.com\/it\/#website\"},\"primaryImageOfPage\":{\"@id\":\"https:\/\/guidodettoni.com\/it\/avviso-legale\/privacy-e-protezione-dei-dati\/#primaryimage\"},\"image\":{\"@id\":\"https:\/\/guidodettoni.com\/it\/avviso-legale\/privacy-e-protezione-dei-dati\/#primaryimage\"},\"thumbnailUrl\":\"https:\/\/guidodettoni.com\/wp-content\/uploads\/2021\/09\/guido-dettoni-com.jpg\",\"datePublished\":\"2019-10-04T06:06:57+00:00\",\"dateModified\":\"2021-09-19T14:48:26+00:00\",\"description\":\"Privacy e protezione dei dati che regola il sito Web di Guido Dettoni della Grazia.\",\"breadcrumb\":{\"@id\":\"https:\/\/guidodettoni.com\/it\/avviso-legale\/privacy-e-protezione-dei-dati\/#breadcrumb\"},\"inLanguage\":\"it-IT\",\"potentialAction\":[{\"@type\":\"ReadAction\",\"target\":[\"https:\/\/guidodettoni.com\/it\/avviso-legale\/privacy-e-protezione-dei-dati\/\"]}]},{\"@type\":\"ImageObject\",\"inLanguage\":\"it-IT\",\"@id\":\"https:\/\/guidodettoni.com\/it\/avviso-legale\/privacy-e-protezione-dei-dati\/#primaryimage\",\"url\":\"https:\/\/guidodettoni.com\/wp-content\/uploads\/2021\/09\/guido-dettoni-com.jpg\",\"contentUrl\":\"https:\/\/guidodettoni.com\/wp-content\/uploads\/2021\/09\/guido-dettoni-com.jpg\",\"width\":800,\"height\":800,\"caption\":\"Guido Dettoni\"},{\"@type\":\"BreadcrumbList\",\"@id\":\"https:\/\/guidodettoni.com\/it\/avviso-legale\/privacy-e-protezione-dei-dati\/#breadcrumb\",\"itemListElement\":[{\"@type\":\"ListItem\",\"position\":1,\"name\":\"HOME\",\"item\":\"https:\/\/guidodettoni.com\/it\/home\/\"},{\"@type\":\"ListItem\",\"position\":2,\"name\":\"Avviso legale\",\"item\":\"https:\/\/guidodettoni.com\/it\/avviso-legale\/\"},{\"@type\":\"ListItem\",\"position\":3,\"name\":\"Privacy e protezione dei dati\"}]},{\"@type\":\"WebSite\",\"@id\":\"https:\/\/guidodettoni.com\/it\/#website\",\"url\":\"https:\/\/guidodettoni.com\/it\/\",\"name\":\"Guido Dettoni della Grazia\",\"description\":\"Guido Dettoni\u2019s works of art and projects\",\"publisher\":{\"@id\":\"https:\/\/guidodettoni.com\/it\/#organization\"},\"potentialAction\":[{\"@type\":\"SearchAction\",\"target\":{\"@type\":\"EntryPoint\",\"urlTemplate\":\"https:\/\/guidodettoni.com\/it\/?s={search_term_string}\"},\"query-input\":{\"@type\":\"PropertyValueSpecification\",\"valueRequired\":true,\"valueName\":\"search_term_string\"}}],\"inLanguage\":\"it-IT\"},{\"@type\":\"Organization\",\"@id\":\"https:\/\/guidodettoni.com\/it\/#organization\",\"name\":\"NESHERGALLERY\",\"url\":\"https:\/\/guidodettoni.com\/it\/\",\"logo\":{\"@type\":\"ImageObject\",\"inLanguage\":\"it-IT\",\"@id\":\"https:\/\/guidodettoni.com\/it\/#\/schema\/logo\/image\/\",\"url\":\"https:\/\/guidodettoni.com\/wp-content\/uploads\/2020\/05\/nesher-gallery-logo-1.png\",\"contentUrl\":\"https:\/\/guidodettoni.com\/wp-content\/uploads\/2020\/05\/nesher-gallery-logo-1.png\",\"width\":200,\"height\":200,\"caption\":\"NESHERGALLERY\"},\"image\":{\"@id\":\"https:\/\/guidodettoni.com\/it\/#\/schema\/logo\/image\/\"},\"sameAs\":[\"https:\/\/www.facebook.com\/mostramaria\",\"https:\/\/www.instagram.com\/mariaescultura\/\",\"https:\/\/www.youtube.com\/user\/nesherorg\"]}]}<\/script>\n<!-- \/ Yoast SEO plugin. -->","yoast_head_json":{"title":"Privacy e protezione dei dati &#8226; Guido Dettoni della Grazia","description":"Privacy e protezione dei dati che regola il sito Web di Guido Dettoni della Grazia.","robots":{"index":"noindex","follow":"nofollow"},"og_locale":"it_IT","og_type":"article","og_title":"Privacy e protezione dei dati &#8226; Guido Dettoni della Grazia","og_description":"Privacy e protezione dei dati che regola il sito Web di Guido Dettoni della Grazia.","og_url":"https:\/\/guidodettoni.com\/it\/avviso-legale\/privacy-e-protezione-dei-dati\/","og_site_name":"Guido Dettoni della Grazia","article_publisher":"https:\/\/www.facebook.com\/mostramaria","article_modified_time":"2021-09-19T14:48:26+00:00","og_image":[{"width":800,"height":800,"url":"https:\/\/guidodettoni.com\/wp-content\/uploads\/2021\/09\/guido-dettoni-com.jpg","type":"image\/jpeg"}],"twitter_card":"summary_large_image","twitter_misc":{"Tempo di lettura stimato":"2 minuti"},"schema":{"@context":"https:\/\/schema.org","@graph":[{"@type":"WebPage","@id":"https:\/\/guidodettoni.com\/it\/avviso-legale\/privacy-e-protezione-dei-dati\/","url":"https:\/\/guidodettoni.com\/it\/avviso-legale\/privacy-e-protezione-dei-dati\/","name":"Privacy e protezione dei dati &#8226; Guido Dettoni della Grazia","isPartOf":{"@id":"https:\/\/guidodettoni.com\/it\/#website"},"primaryImageOfPage":{"@id":"https:\/\/guidodettoni.com\/it\/avviso-legale\/privacy-e-protezione-dei-dati\/#primaryimage"},"image":{"@id":"https:\/\/guidodettoni.com\/it\/avviso-legale\/privacy-e-protezione-dei-dati\/#primaryimage"},"thumbnailUrl":"https:\/\/guidodettoni.com\/wp-content\/uploads\/2021\/09\/guido-dettoni-com.jpg","datePublished":"2019-10-04T06:06:57+00:00","dateModified":"2021-09-19T14:48:26+00:00","description":"Privacy e protezione dei dati che regola il sito Web di Guido Dettoni della Grazia.","breadcrumb":{"@id":"https:\/\/guidodettoni.com\/it\/avviso-legale\/privacy-e-protezione-dei-dati\/#breadcrumb"},"inLanguage":"it-IT","potentialAction":[{"@type":"ReadAction","target":["https:\/\/guidodettoni.com\/it\/avviso-legale\/privacy-e-protezione-dei-dati\/"]}]},{"@type":"ImageObject","inLanguage":"it-IT","@id":"https:\/\/guidodettoni.com\/it\/avviso-legale\/privacy-e-protezione-dei-dati\/#primaryimage","url":"https:\/\/guidodettoni.com\/wp-content\/uploads\/2021\/09\/guido-dettoni-com.jpg","contentUrl":"https:\/\/guidodettoni.com\/wp-content\/uploads\/2021\/09\/guido-dettoni-com.jpg","width":800,"height":800,"caption":"Guido Dettoni"},{"@type":"BreadcrumbList","@id":"https:\/\/guidodettoni.com\/it\/avviso-legale\/privacy-e-protezione-dei-dati\/#breadcrumb","itemListElement":[{"@type":"ListItem","position":1,"name":"HOME","item":"https:\/\/guidodettoni.com\/it\/home\/"},{"@type":"ListItem","position":2,"name":"Avviso legale","item":"https:\/\/guidodettoni.com\/it\/avviso-legale\/"},{"@type":"ListItem","position":3,"name":"Privacy e protezione dei dati"}]},{"@type":"WebSite","@id":"https:\/\/guidodettoni.com\/it\/#website","url":"https:\/\/guidodettoni.com\/it\/","name":"Guido Dettoni della Grazia","description":"Guido Dettoni\u2019s works of art and projects","publisher":{"@id":"https:\/\/guidodettoni.com\/it\/#organization"},"potentialAction":[{"@type":"SearchAction","target":{"@type":"EntryPoint","urlTemplate":"https:\/\/guidodettoni.com\/it\/?s={search_term_string}"},"query-input":{"@type":"PropertyValueSpecification","valueRequired":true,"valueName":"search_term_string"}}],"inLanguage":"it-IT"},{"@type":"Organization","@id":"https:\/\/guidodettoni.com\/it\/#organization","name":"NESHERGALLERY","url":"https:\/\/guidodettoni.com\/it\/","logo":{"@type":"ImageObject","inLanguage":"it-IT","@id":"https:\/\/guidodettoni.com\/it\/#\/schema\/logo\/image\/","url":"https:\/\/guidodettoni.com\/wp-content\/uploads\/2020\/05\/nesher-gallery-logo-1.png","contentUrl":"https:\/\/guidodettoni.com\/wp-content\/uploads\/2020\/05\/nesher-gallery-logo-1.png","width":200,"height":200,"caption":"NESHERGALLERY"},"image":{"@id":"https:\/\/guidodettoni.com\/it\/#\/schema\/logo\/image\/"},"sameAs":["https:\/\/www.facebook.com\/mostramaria","https:\/\/www.instagram.com\/mariaescultura\/","https:\/\/www.youtube.com\/user\/nesherorg"]}]}},"_links":{"self":[{"href":"https:\/\/guidodettoni.com\/it\/wp-json\/wp\/v2\/pages\/2536","targetHints":{"allow":["GET"]}}],"collection":[{"href":"https:\/\/guidodettoni.com\/it\/wp-json\/wp\/v2\/pages"}],"about":[{"href":"https:\/\/guidodettoni.com\/it\/wp-json\/wp\/v2\/types\/page"}],"author":[{"embeddable":true,"href":"https:\/\/guidodettoni.com\/it\/wp-json\/wp\/v2\/users\/13"}],"replies":[{"embeddable":true,"href":"https:\/\/guidodettoni.com\/it\/wp-json\/wp\/v2\/comments?post=2536"}],"version-history":[{"count":15,"href":"https:\/\/guidodettoni.com\/it\/wp-json\/wp\/v2\/pages\/2536\/revisions"}],"predecessor-version":[{"id":9140,"href":"https:\/\/guidodettoni.com\/it\/wp-json\/wp\/v2\/pages\/2536\/revisions\/9140"}],"up":[{"embeddable":true,"href":"https:\/\/guidodettoni.com\/it\/wp-json\/wp\/v2\/pages\/2514"}],"wp:featuredmedia":[{"embeddable":true,"href":"https:\/\/guidodettoni.com\/it\/wp-json\/wp\/v2\/media\/9132"}],"wp:attachment":[{"href":"https:\/\/guidodettoni.com\/it\/wp-json\/wp\/v2\/media?parent=2536"}],"curies":[{"name":"wp","href":"https:\/\/api.w.org\/{rel}","templated":true}]}}