{"id":2514,"date":"2020-02-06T09:57:01","date_gmt":"2020-02-06T08:57:01","guid":{"rendered":"https:\/\/www.neshergallery.com\/avviso-legale\/"},"modified":"2021-09-19T16:48:30","modified_gmt":"2021-09-19T14:48:30","slug":"avviso-legale","status":"publish","type":"page","link":"https:\/\/guidodettoni.com\/it\/avviso-legale\/","title":{"rendered":"Avviso legale"},"content":{"rendered":"\t\t<div data-elementor-type=\"wp-page\" data-elementor-id=\"2514\" class=\"elementor elementor-2514 elementor-1260\" data-elementor-post-type=\"page\">\n\t\t\t\t\t\t<section class=\"elementor-section elementor-top-section elementor-element elementor-element-58673e9 elementor-section-height-min-height elementor-section-content-middle elementor-section-boxed elementor-section-height-default elementor-section-items-middle\" data-id=\"58673e9\" data-element_type=\"section\" data-settings=\"{&quot;background_background&quot;:&quot;classic&quot;}\">\n\t\t\t\t\t\t<div class=\"elementor-container elementor-column-gap-default\">\n\t\t\t\t\t<div class=\"elementor-column elementor-col-100 elementor-top-column elementor-element elementor-element-11a91d9\" data-id=\"11a91d9\" data-element_type=\"column\">\n\t\t\t<div class=\"elementor-widget-wrap elementor-element-populated\">\n\t\t\t\t\t\t<div class=\"elementor-element elementor-element-71f5a27 elementor-widget elementor-widget-heading\" data-id=\"71f5a27\" data-element_type=\"widget\" data-widget_type=\"heading.default\">\n\t\t\t\t<div class=\"elementor-widget-container\">\n\t\t\t\t\t<h1 class=\"elementor-heading-title elementor-size-default\">Avviso legale<\/h1>\t\t\t\t<\/div>\n\t\t\t\t<\/div>\n\t\t\t\t\t<\/div>\n\t\t<\/div>\n\t\t\t\t\t<\/div>\n\t\t<\/section>\n\t\t\t\t<section class=\"elementor-section elementor-top-section elementor-element elementor-element-b15ef42 elementor-section-boxed elementor-section-height-default elementor-section-height-default\" data-id=\"b15ef42\" data-element_type=\"section\">\n\t\t\t\t\t\t<div class=\"elementor-container elementor-column-gap-default\">\n\t\t\t\t\t<div class=\"elementor-column elementor-col-100 elementor-top-column elementor-element elementor-element-088e2a7\" data-id=\"088e2a7\" data-element_type=\"column\">\n\t\t\t<div class=\"elementor-widget-wrap elementor-element-populated\">\n\t\t\t\t\t\t<div class=\"elementor-element elementor-element-e9a848a elementor-widget elementor-widget-text-editor\" data-id=\"e9a848a\" data-element_type=\"widget\" data-widget_type=\"text-editor.default\">\n\t\t\t\t<div class=\"elementor-widget-container\">\n\t\t\t\t\t\t\t\t\t<ol>\n<li><b> Oggetto e accettazione<\/b><\/li>\n<\/ol>\n<p><span style=\"font-weight: 400;\">Il presente avviso legale regola l&#8217;uso del sito www.nesher.gallery.com (di seguito, IL SITO), che \u00e8 di propriet\u00e0 della NESHEREDITIONS S.L, (di seguito, NESHER).<\/span><\/p>\n<p><span style=\"font-weight: 400;\">La navigazione nel sito NESHER attribuisce la condizione di utente dello stesso e implica l&#8217;accettazione piena e senza riserve di tutte le disposizioni incluse nel presente Avviso Legale, che possono subire modifiche.<\/span><\/p>\n<p><span style=\"font-weight: 400;\">L&#8217;utente si impegna a fare un uso corretto del sito in conformit\u00e0 alle leggi, la buona fede, l&#8217;ordine pubblico, gli usi del traffico on-line e il presente Avviso Legale. L&#8217;utente risponder\u00e0 a NESHER o a terzi per qualsiasi danno che possa essere causato dalla violazione di tale obbligo.<\/span><\/p>\n<ol start=\"2\">\n<li><b> Condizioni di accesso e di utilizzo<\/b><\/li>\n<\/ol>\n<p>&nbsp;<\/p>\n<p><span style=\"font-weight: 400;\">Il sito web e i suoi servizi sono ad accesso libero e aperto, tuttavia, NESHER condiziona l&#8217;utilizzo di alcuni dei servizi offerti sul proprio sito alla preventiva compilazione di un modulo.<\/span><\/p>\n<p>&nbsp;<\/p>\n<p><span style=\"font-weight: 400;\">L&#8217;utente garantisce l&#8217;autenticit\u00e0 e l\u2019attualit\u00e0 di tutti i dati che comunica a NESHER e sar\u00e0 l&#8217;unico responsabile di eventuali dichiarazioni false o inesatte.<\/span><\/p>\n<p>&nbsp;<\/p>\n<p><span style=\"font-weight: 400;\">L&#8217;utente si impegna espressamente a fare un uso adeguato dei contenuti e dei servizi di NESHER e a non utilizzarli per:<\/span><\/p>\n<p>&nbsp;<\/p>\n<ol>\n<li><span style=\"font-weight: 400;\"> Diffondere contenuti criminali, violenti, pornografici, razzisti, xenofobi, offensivi, di apologia del terrorismo o, in generale, contrari alla legge o all&#8217;ordine pubblico.<\/span><\/li>\n<li><span style=\"font-weight: 400;\"> Introdurre virus informatici o compiere azioni che possano alterare, deteriorare, interrompere o generare errori o danni nei documenti elettronici, nei dati o nei sistemi soft e hardware di NESHER; nonch\u00e9 ostacolare l&#8217;accesso di altri utenti al sito web e ai suoi servizi attraverso il massiccio consumo di risorse informatiche attraverso le quali NESHER fornisce i suoi servizi.<\/span><\/li>\n<li><span style=\"font-weight: 400;\"> Tentare di accedere agli account di posta elettronica di altri utenti o alle aree riservate dei sistemi informatici di NESHER o di terzi e, se del caso, estrarre informazioni.<\/span><\/li>\n<li><span style=\"font-weight: 400;\"> Violare i diritti di propriet\u00e0 intellettuale o industriale, cos\u00ec come violare la riservatezza delle informazioni del PROPRIETARIO DEL WEB o di terzi.<\/span><\/li>\n<li><span style=\"font-weight: 400;\"> Soppiantare l&#8217;identit\u00e0 di un altro utente, di una pubblica amministrazione o di un terzo.<\/span><\/li>\n<li><span style=\"font-weight: 400;\"> Riprodurre, copiare, distribuire, mettere a disposizione o in qualsiasi altro modo comunicare pubblicamente, trasformare o modificare i contenuti, a meno che non si disponga dell&#8217;autorizzazione di NESHER,\u00a0 dei diritti corrispondenti o sia legalmente consentito.<\/span><\/li>\n<li><span style=\"font-weight: 400;\"> Raccogliere i dati per scopi pubblicitari e inviare pubblicit\u00e0 di qualsiasi tipo e comunicazioni per la vendita o altri scopi commerciali senza la preventiva richiesta o consenso.<\/span><\/li>\n<\/ol>\n<p>&nbsp;<\/p>\n<p><span style=\"font-weight: 400;\">Tutti i contenuti del sito web, come testi, fotografie, grafica, immagini, icone, tecnologia, software, cos\u00ec come la sua progettazione grafica e i codici fonte, costituiscono un&#8217;opera la cui propriet\u00e0 appartiene a NESHER, senza che si intenda assegnare all&#8217;utente nessuno dei diritti di sfruttamento su di essi al di l\u00e0 di quanto strettamente necessario per il corretto utilizzo del sito web.<\/span><\/p>\n<p>&nbsp;<\/p>\n<p><span style=\"font-weight: 400;\">Allo stesso modo, tutti i marchi, nomi commerciali o segni distintivi di classe che compaiono sul sito web sono di propriet\u00e0 di NESHER, senza che sia inteso che l&#8217;uso o l&#8217;accesso ad esso conferisca all&#8217;utente alcun diritto su di essi.<\/span><\/p>\n<p>&nbsp;<\/p>\n<p><span style=\"font-weight: 400;\">La distribuzione, la modifica, la cessione o la comunicazione pubblica dei contenuti e qualsiasi altro atto che non sia stato espressamente autorizzato dal titolare dei diritti di sfruttamento sono vietati.<\/span><\/p>\n<p>&nbsp;<\/p>\n<p><span style=\"font-weight: 400;\">La creazione di un collegamento ipertestuale non implica in ogni caso l&#8217;esistenza di rapporti tra NESHER e il proprietario del sito web collegato, n\u00e9 l&#8217;accettazione e l&#8217;approvazione da parte di NESHER dei suoi contenuti o servizi. Coloro che intendono stabilire un collegamento ipertestuale devono preventivamente richiedere l&#8217;autorizzazione scritta a NESHER . In ogni caso, il collegamento ipertestuale consente l&#8217;accesso solo alla home page o alla home page del SITO,, deve inoltre astenersi da dichiarazioni o indicazioni false, inesatte o non corrette su NESHER o includere contenuti illegali, contrari alle buone consuetudini e all&#8217;ordine pubblico.<\/span><\/p>\n<p><span style=\"font-weight: 400;\">NESHER non \u00e8 responsabile dell&#8217;uso che ogni utente fa dei materiali messi a disposizione su questo SITO o delle azioni che compie in base ad essi.<\/span><\/p>\n<p>&nbsp;<\/p>\n<ol start=\"3\">\n<li><b> Esclusioni di garanzia e responsabilit\u00e0<\/b><\/li>\n<\/ol>\n<p>&nbsp;<\/p>\n<p><span style=\"font-weight: 400;\">Il contenuto del SITO \u00e8 di carattere generale e ha solo scopo informativo, senza garantire pienamente l&#8217;accesso a tutti i contenuti, la loro completezza, correttezza, validit\u00e0 o attualit\u00e0, n\u00e9 la loro idoneit\u00e0 o utilit\u00e0 per uno scopo specifico.<\/span><\/p>\n<p>&nbsp;<\/p>\n<p><span style=\"font-weight: 400;\">NESHER esclude, per quanto consentito dall&#8217;ordinamento giuridico, qualsiasi responsabilit\u00e0 per danni di qualsiasi natura da cui derivi:<\/span><\/p>\n<p>&nbsp;<\/p>\n<ol>\n<li><span style=\"font-weight: 400;\"> L&#8217;impossibilit\u00e0 di accedere al sito web o la mancanza di veridicit\u00e0, accuratezza, completezza e\/o attualit\u00e0 dei contenuti, nonch\u00e9 l&#8217;esistenza di difetti e vizi di ogni genere dei contenuti trasmessi, diffusi, memorizzati, messi a disposizione di chi vi ha avuto accesso attraverso il SITO o i servizi offerti.<\/span><\/li>\n<li><span style=\"font-weight: 400;\"> La presenza di virus o altri elementi nei contenuti che possono causare alterazioni nei sistemi informatici, nei documenti elettronici o nei dati degli utenti.<\/span><\/li>\n<li><span style=\"font-weight: 400;\"> l\u2019Inosservanza delle leggi, buona fede, ordine pubblico, uso del traffico on-line e del presente avviso legale a seguito di un uso improprio del SITO. In particolare, e a titolo esemplificativo, NESHER non \u00e8 responsabile delle azioni di terzi che violano i diritti di propriet\u00e0 intellettuale e industriale, i segreti commerciali, i diritti all&#8217;onore, la privacy personale e familiare e l&#8217;immagine stessa, nonch\u00e9 le norme sulla concorrenza sleale e la pubblicit\u00e0 illegale.<\/span><\/li>\n<\/ol>\n<p>&nbsp;<\/p>\n<p><span style=\"font-weight: 400;\">Allo stesso modo, NESHER declina ogni responsabilit\u00e0 per quanto riguarda le informazioni che si trovano al di fuori di questo sito web e non sono gestite direttamente dal nostro webmaster. La funzione dei link che appaiono su questo sito web \u00e8 esclusivamente quella di informare l&#8217;utente dell&#8217;esistenza di altre fonti che possono ampliare i contenuti offerti da questo sito web. NESHER non garantisce n\u00e9 \u00e8 responsabile del funzionamento o dell&#8217;accessibilit\u00e0 dei siti collegati; n\u00e9 suggerisce, invita o raccomanda una visita ad essi, per cui non sar\u00e0 responsabile del risultato ottenuto. NESHER non \u00e8 responsabile della creazione di collegamenti ipertestuali da parte di terzi.<\/span><\/p>\n<p>&nbsp;<\/p>\n<ol start=\"4\">\n<li><b> Procedura in caso di realizzazione di attivit\u00e0 illegali<\/b><\/li>\n<\/ol>\n<p>&nbsp;<\/p>\n<p><span style=\"font-weight: 400;\">Nel caso in cui un utente o un terzo ritenga che vi siano fatti o circostanze che rivelino la natura illecita dell&#8217;utilizzo di qualsiasi contenuto e\/o dello svolgimento di qualsiasi attivit\u00e0 sulle pagine web incluse o accessibili attraverso il SITO, l&#8217;utente deve inviare una notifica a\u00a0 NESHER debitamente identificata, specificando le presunte infrazioni e dichiarando espressamente e sotto la propria responsabilit\u00e0 che le informazioni fornite nella notifica sono accurate.<\/span><\/p>\n<p>&nbsp;<\/p>\n<p><span style=\"font-weight: 400;\">Per qualsiasi controversia che riguardi il SITO di NESHER, sar\u00e0 applicabile la legislazione spagnola, con la competenza dei Tribunali di Barcellona.<\/span><\/p>\n<p>&nbsp;<\/p>\n<ol start=\"5\">\n<li><b> Pubblicazioni<\/b><\/li>\n<\/ol>\n<p>&nbsp;<\/p>\n<p><span style=\"font-weight: 400;\">Le informazioni amministrative fornite attraverso il SITO non sostituiscono la pubblicit\u00e0 legale di leggi, regolamenti, piani, disposizioni generali e atti che devono essere formalmente pubblicati nelle gazzette ufficiali delle pubbliche amministrazioni, che costituiscono l&#8217;unico strumento che ne attesta l&#8217;autenticit\u00e0 e il contenuto. Le informazioni disponibili su questo SITO devono essere intese come una guida senza scopo di validit\u00e0 legale.<\/span><\/p>\n\t\t\t\t\t\t\t\t<\/div>\n\t\t\t\t<\/div>\n\t\t\t\t\t<\/div>\n\t\t<\/div>\n\t\t\t\t\t<\/div>\n\t\t<\/section>\n\t\t\t\t<\/div>\n\t\t","protected":false},"excerpt":{"rendered":"<p>Avviso legale Oggetto e accettazione Il presente avviso legale regola l&#8217;uso del sito www.nesher.gallery.com (di seguito, IL SITO), che \u00e8 di propriet\u00e0 della NESHEREDITIONS S.L, (di seguito, NESHER). La navigazione nel sito NESHER attribuisce la condizione di utente dello stesso e implica l&#8217;accettazione piena e senza riserve di tutte le disposizioni incluse nel presente Avviso &#8230; <\/p>\n<p class=\"read-more-container\"><a title=\"Avviso legale\" class=\"read-more button\" href=\"https:\/\/guidodettoni.com\/it\/avviso-legale\/#more-2514\" aria-label=\"More on Avviso legale\">Leggi tutto<\/a><\/p>\n","protected":false},"author":13,"featured_media":9132,"parent":0,"menu_order":90,"comment_status":"closed","ping_status":"closed","template":"","meta":{"_acf_changed":false,"footnotes":""},"class_list":["post-2514","page","type-page","status-publish","has-post-thumbnail"],"acf":[],"yoast_head":"<!-- This site is optimized with the Yoast SEO plugin v24.4 - https:\/\/yoast.com\/wordpress\/plugins\/seo\/ -->\n<title>Avviso legale &#8226; Guido Dettoni della Grazia<\/title>\n<meta name=\"description\" content=\"Termini e le condizioni legali che raccoglie il sito Web di Guido Dettoni della Grazia.\" \/>\n<meta name=\"robots\" content=\"noindex, nofollow\" \/>\n<meta property=\"og:locale\" content=\"it_IT\" \/>\n<meta property=\"og:type\" content=\"article\" \/>\n<meta property=\"og:title\" content=\"Avviso legale &#8226; Guido Dettoni della Grazia\" \/>\n<meta property=\"og:description\" content=\"Termini e le condizioni legali che raccoglie il sito Web di Guido Dettoni della Grazia.\" \/>\n<meta property=\"og:url\" content=\"https:\/\/guidodettoni.com\/it\/avviso-legale\/\" \/>\n<meta property=\"og:site_name\" content=\"Guido Dettoni della Grazia\" \/>\n<meta property=\"article:publisher\" content=\"https:\/\/www.facebook.com\/mostramaria\" \/>\n<meta property=\"article:modified_time\" content=\"2021-09-19T14:48:30+00:00\" \/>\n<meta property=\"og:image\" content=\"https:\/\/guidodettoni.com\/wp-content\/uploads\/2021\/09\/guido-dettoni-com.jpg\" \/>\n\t<meta property=\"og:image:width\" content=\"800\" \/>\n\t<meta property=\"og:image:height\" content=\"800\" \/>\n\t<meta property=\"og:image:type\" content=\"image\/jpeg\" \/>\n<meta name=\"twitter:card\" content=\"summary_large_image\" \/>\n<meta name=\"twitter:label1\" content=\"Tempo di lettura stimato\" \/>\n\t<meta name=\"twitter:data1\" content=\"5 minuti\" \/>\n<script type=\"application\/ld+json\" class=\"yoast-schema-graph\">{\"@context\":\"https:\/\/schema.org\",\"@graph\":[{\"@type\":\"WebPage\",\"@id\":\"https:\/\/guidodettoni.com\/it\/avviso-legale\/\",\"url\":\"https:\/\/guidodettoni.com\/it\/avviso-legale\/\",\"name\":\"Avviso legale &#8226; Guido Dettoni della Grazia\",\"isPartOf\":{\"@id\":\"https:\/\/guidodettoni.com\/it\/#website\"},\"primaryImageOfPage\":{\"@id\":\"https:\/\/guidodettoni.com\/it\/avviso-legale\/#primaryimage\"},\"image\":{\"@id\":\"https:\/\/guidodettoni.com\/it\/avviso-legale\/#primaryimage\"},\"thumbnailUrl\":\"https:\/\/guidodettoni.com\/wp-content\/uploads\/2021\/09\/guido-dettoni-com.jpg\",\"datePublished\":\"2020-02-06T08:57:01+00:00\",\"dateModified\":\"2021-09-19T14:48:30+00:00\",\"description\":\"Termini e le condizioni legali che raccoglie il sito Web di Guido Dettoni della Grazia.\",\"breadcrumb\":{\"@id\":\"https:\/\/guidodettoni.com\/it\/avviso-legale\/#breadcrumb\"},\"inLanguage\":\"it-IT\",\"potentialAction\":[{\"@type\":\"ReadAction\",\"target\":[\"https:\/\/guidodettoni.com\/it\/avviso-legale\/\"]}]},{\"@type\":\"ImageObject\",\"inLanguage\":\"it-IT\",\"@id\":\"https:\/\/guidodettoni.com\/it\/avviso-legale\/#primaryimage\",\"url\":\"https:\/\/guidodettoni.com\/wp-content\/uploads\/2021\/09\/guido-dettoni-com.jpg\",\"contentUrl\":\"https:\/\/guidodettoni.com\/wp-content\/uploads\/2021\/09\/guido-dettoni-com.jpg\",\"width\":800,\"height\":800,\"caption\":\"Guido Dettoni\"},{\"@type\":\"BreadcrumbList\",\"@id\":\"https:\/\/guidodettoni.com\/it\/avviso-legale\/#breadcrumb\",\"itemListElement\":[{\"@type\":\"ListItem\",\"position\":1,\"name\":\"HOME\",\"item\":\"https:\/\/guidodettoni.com\/it\/home\/\"},{\"@type\":\"ListItem\",\"position\":2,\"name\":\"Avviso legale\"}]},{\"@type\":\"WebSite\",\"@id\":\"https:\/\/guidodettoni.com\/it\/#website\",\"url\":\"https:\/\/guidodettoni.com\/it\/\",\"name\":\"Guido Dettoni della Grazia\",\"description\":\"Guido Dettoni\u2019s works of art and projects\",\"publisher\":{\"@id\":\"https:\/\/guidodettoni.com\/it\/#organization\"},\"potentialAction\":[{\"@type\":\"SearchAction\",\"target\":{\"@type\":\"EntryPoint\",\"urlTemplate\":\"https:\/\/guidodettoni.com\/it\/?s={search_term_string}\"},\"query-input\":{\"@type\":\"PropertyValueSpecification\",\"valueRequired\":true,\"valueName\":\"search_term_string\"}}],\"inLanguage\":\"it-IT\"},{\"@type\":\"Organization\",\"@id\":\"https:\/\/guidodettoni.com\/it\/#organization\",\"name\":\"NESHERGALLERY\",\"url\":\"https:\/\/guidodettoni.com\/it\/\",\"logo\":{\"@type\":\"ImageObject\",\"inLanguage\":\"it-IT\",\"@id\":\"https:\/\/guidodettoni.com\/it\/#\/schema\/logo\/image\/\",\"url\":\"https:\/\/guidodettoni.com\/wp-content\/uploads\/2020\/05\/nesher-gallery-logo-1.png\",\"contentUrl\":\"https:\/\/guidodettoni.com\/wp-content\/uploads\/2020\/05\/nesher-gallery-logo-1.png\",\"width\":200,\"height\":200,\"caption\":\"NESHERGALLERY\"},\"image\":{\"@id\":\"https:\/\/guidodettoni.com\/it\/#\/schema\/logo\/image\/\"},\"sameAs\":[\"https:\/\/www.facebook.com\/mostramaria\",\"https:\/\/www.instagram.com\/mariaescultura\/\",\"https:\/\/www.youtube.com\/user\/nesherorg\"]}]}<\/script>\n<!-- \/ Yoast SEO plugin. -->","yoast_head_json":{"title":"Avviso legale &#8226; Guido Dettoni della Grazia","description":"Termini e le condizioni legali che raccoglie il sito Web di Guido Dettoni della Grazia.","robots":{"index":"noindex","follow":"nofollow"},"og_locale":"it_IT","og_type":"article","og_title":"Avviso legale &#8226; Guido Dettoni della Grazia","og_description":"Termini e le condizioni legali che raccoglie il sito Web di Guido Dettoni della Grazia.","og_url":"https:\/\/guidodettoni.com\/it\/avviso-legale\/","og_site_name":"Guido Dettoni della Grazia","article_publisher":"https:\/\/www.facebook.com\/mostramaria","article_modified_time":"2021-09-19T14:48:30+00:00","og_image":[{"width":800,"height":800,"url":"https:\/\/guidodettoni.com\/wp-content\/uploads\/2021\/09\/guido-dettoni-com.jpg","type":"image\/jpeg"}],"twitter_card":"summary_large_image","twitter_misc":{"Tempo di lettura stimato":"5 minuti"},"schema":{"@context":"https:\/\/schema.org","@graph":[{"@type":"WebPage","@id":"https:\/\/guidodettoni.com\/it\/avviso-legale\/","url":"https:\/\/guidodettoni.com\/it\/avviso-legale\/","name":"Avviso legale &#8226; Guido Dettoni della Grazia","isPartOf":{"@id":"https:\/\/guidodettoni.com\/it\/#website"},"primaryImageOfPage":{"@id":"https:\/\/guidodettoni.com\/it\/avviso-legale\/#primaryimage"},"image":{"@id":"https:\/\/guidodettoni.com\/it\/avviso-legale\/#primaryimage"},"thumbnailUrl":"https:\/\/guidodettoni.com\/wp-content\/uploads\/2021\/09\/guido-dettoni-com.jpg","datePublished":"2020-02-06T08:57:01+00:00","dateModified":"2021-09-19T14:48:30+00:00","description":"Termini e le condizioni legali che raccoglie il sito Web di Guido Dettoni della Grazia.","breadcrumb":{"@id":"https:\/\/guidodettoni.com\/it\/avviso-legale\/#breadcrumb"},"inLanguage":"it-IT","potentialAction":[{"@type":"ReadAction","target":["https:\/\/guidodettoni.com\/it\/avviso-legale\/"]}]},{"@type":"ImageObject","inLanguage":"it-IT","@id":"https:\/\/guidodettoni.com\/it\/avviso-legale\/#primaryimage","url":"https:\/\/guidodettoni.com\/wp-content\/uploads\/2021\/09\/guido-dettoni-com.jpg","contentUrl":"https:\/\/guidodettoni.com\/wp-content\/uploads\/2021\/09\/guido-dettoni-com.jpg","width":800,"height":800,"caption":"Guido Dettoni"},{"@type":"BreadcrumbList","@id":"https:\/\/guidodettoni.com\/it\/avviso-legale\/#breadcrumb","itemListElement":[{"@type":"ListItem","position":1,"name":"HOME","item":"https:\/\/guidodettoni.com\/it\/home\/"},{"@type":"ListItem","position":2,"name":"Avviso legale"}]},{"@type":"WebSite","@id":"https:\/\/guidodettoni.com\/it\/#website","url":"https:\/\/guidodettoni.com\/it\/","name":"Guido Dettoni della Grazia","description":"Guido Dettoni\u2019s works of art and projects","publisher":{"@id":"https:\/\/guidodettoni.com\/it\/#organization"},"potentialAction":[{"@type":"SearchAction","target":{"@type":"EntryPoint","urlTemplate":"https:\/\/guidodettoni.com\/it\/?s={search_term_string}"},"query-input":{"@type":"PropertyValueSpecification","valueRequired":true,"valueName":"search_term_string"}}],"inLanguage":"it-IT"},{"@type":"Organization","@id":"https:\/\/guidodettoni.com\/it\/#organization","name":"NESHERGALLERY","url":"https:\/\/guidodettoni.com\/it\/","logo":{"@type":"ImageObject","inLanguage":"it-IT","@id":"https:\/\/guidodettoni.com\/it\/#\/schema\/logo\/image\/","url":"https:\/\/guidodettoni.com\/wp-content\/uploads\/2020\/05\/nesher-gallery-logo-1.png","contentUrl":"https:\/\/guidodettoni.com\/wp-content\/uploads\/2020\/05\/nesher-gallery-logo-1.png","width":200,"height":200,"caption":"NESHERGALLERY"},"image":{"@id":"https:\/\/guidodettoni.com\/it\/#\/schema\/logo\/image\/"},"sameAs":["https:\/\/www.facebook.com\/mostramaria","https:\/\/www.instagram.com\/mariaescultura\/","https:\/\/www.youtube.com\/user\/nesherorg"]}]}},"_links":{"self":[{"href":"https:\/\/guidodettoni.com\/it\/wp-json\/wp\/v2\/pages\/2514","targetHints":{"allow":["GET"]}}],"collection":[{"href":"https:\/\/guidodettoni.com\/it\/wp-json\/wp\/v2\/pages"}],"about":[{"href":"https:\/\/guidodettoni.com\/it\/wp-json\/wp\/v2\/types\/page"}],"author":[{"embeddable":true,"href":"https:\/\/guidodettoni.com\/it\/wp-json\/wp\/v2\/users\/13"}],"replies":[{"embeddable":true,"href":"https:\/\/guidodettoni.com\/it\/wp-json\/wp\/v2\/comments?post=2514"}],"version-history":[{"count":9,"href":"https:\/\/guidodettoni.com\/it\/wp-json\/wp\/v2\/pages\/2514\/revisions"}],"predecessor-version":[{"id":9139,"href":"https:\/\/guidodettoni.com\/it\/wp-json\/wp\/v2\/pages\/2514\/revisions\/9139"}],"wp:featuredmedia":[{"embeddable":true,"href":"https:\/\/guidodettoni.com\/it\/wp-json\/wp\/v2\/media\/9132"}],"wp:attachment":[{"href":"https:\/\/guidodettoni.com\/it\/wp-json\/wp\/v2\/media?parent=2514"}],"curies":[{"name":"wp","href":"https:\/\/api.w.org\/{rel}","templated":true}]}}