{"id":24595,"date":"2025-03-11T20:50:03","date_gmt":"2025-03-11T19:50:03","guid":{"rendered":"https:\/\/guidodettoni.com\/manimateria\/haptic-nexus\/"},"modified":"2025-04-23T11:13:50","modified_gmt":"2025-04-23T09:13:50","slug":"haptic-nexus","status":"publish","type":"page","link":"https:\/\/guidodettoni.com\/it\/manimateria\/haptic-nexus\/","title":{"rendered":"HAPTIC-NEXUS"},"content":{"rendered":"\t\t<div data-elementor-type=\"wp-page\" data-elementor-id=\"24595\" class=\"elementor elementor-24595 elementor-24518\" data-elementor-post-type=\"page\">\n\t\t\t\t\t\t<section class=\"elementor-section elementor-top-section elementor-element elementor-element-6be4be1 elementor-section-boxed elementor-section-height-default elementor-section-height-default\" data-id=\"6be4be1\" data-element_type=\"section\" id=\"aproach\">\n\t\t\t\t\t\t<div class=\"elementor-container elementor-column-gap-default\">\n\t\t\t\t\t<div class=\"elementor-column elementor-col-100 elementor-top-column elementor-element elementor-element-7a9b7cd\" data-id=\"7a9b7cd\" data-element_type=\"column\">\n\t\t\t<div class=\"elementor-widget-wrap elementor-element-populated\">\n\t\t\t\t\t\t<div class=\"elementor-element elementor-element-11b4700 elementor-widget elementor-widget-heading\" data-id=\"11b4700\" data-element_type=\"widget\" data-widget_type=\"heading.default\">\n\t\t\t\t<div class=\"elementor-widget-container\">\n\t\t\t\t\t<h1 class=\"elementor-heading-title elementor-size-default\">HAPTIC-NEXUS<\/h1>\t\t\t\t<\/div>\n\t\t\t\t<\/div>\n\t\t\t\t<div class=\"elementor-element elementor-element-d0af3e0 elementor-widget elementor-widget-text-editor\" data-id=\"d0af3e0\" data-element_type=\"widget\" data-widget_type=\"text-editor.default\">\n\t\t\t\t<div class=\"elementor-widget-container\">\n\t\t\t\t\t\t\t\t\t<p style=\"text-align: center;\"><strong>Un approccio tattile all&#8217;arte e alla cognizione<br \/><\/strong>Guido Dettoni, 2024<\/p>\n<p style=\"text-align: center;\"><strong> <\/strong><\/p>\n\t\t\t\t\t\t\t\t<\/div>\n\t\t\t\t<\/div>\n\t\t\t\t\t<\/div>\n\t\t<\/div>\n\t\t\t\t\t<\/div>\n\t\t<\/section>\n\t\t<div class=\"elementor-element elementor-element-335ec7e e-flex e-con-boxed e-con e-parent\" data-id=\"335ec7e\" data-element_type=\"container\">\n\t\t\t\t\t<div class=\"e-con-inner\">\n\t\t\t\t<div class=\"elementor-element elementor-element-c886fe7 elementor-widget elementor-widget-image\" data-id=\"c886fe7\" data-element_type=\"widget\" data-widget_type=\"image.default\">\n\t\t\t\t<div class=\"elementor-widget-container\">\n\t\t\t\t\t\t\t\t\t\t\t\t\t\t\t<img fetchpriority=\"high\" decoding=\"async\" width=\"1890\" height=\"236\" src=\"https:\/\/guidodettoni.com\/wp-content\/uploads\/2023\/06\/handsmatter-hands-strip.jpg\" class=\"attachment-full size-full wp-image-20049\" alt=\"\" srcset=\"https:\/\/guidodettoni.com\/wp-content\/uploads\/2023\/06\/handsmatter-hands-strip.jpg 1890w, https:\/\/guidodettoni.com\/wp-content\/uploads\/2023\/06\/handsmatter-hands-strip-300x37.jpg 300w, https:\/\/guidodettoni.com\/wp-content\/uploads\/2023\/06\/handsmatter-hands-strip-1024x128.jpg 1024w, https:\/\/guidodettoni.com\/wp-content\/uploads\/2023\/06\/handsmatter-hands-strip-768x96.jpg 768w, https:\/\/guidodettoni.com\/wp-content\/uploads\/2023\/06\/handsmatter-hands-strip-1536x192.jpg 1536w, https:\/\/guidodettoni.com\/wp-content\/uploads\/2023\/06\/handsmatter-hands-strip-600x75.jpg 600w\" sizes=\"(max-width: 1890px) 100vw, 1890px\" \/>\t\t\t\t\t\t\t\t\t\t\t\t\t\t\t<\/div>\n\t\t\t\t<\/div>\n\t\t\t\t<div class=\"elementor-element elementor-element-6f94c43 elementor-widget elementor-widget-text-editor\" data-id=\"6f94c43\" data-element_type=\"widget\" data-widget_type=\"text-editor.default\">\n\t\t\t\t<div class=\"elementor-widget-container\">\n\t\t\t\t\t\t\t\t\t<h2 style=\"text-align: left;\"><strong>Definizione di HAPTIC-NEXUS<\/strong><\/h2>\n<p style=\"text-align: left;\">HAPTIC-NEXUS si riferisce alla connessione tra il tatto attivo e le esperienze e i processi cognitivi o emotivi. Il tatto attivo implica l\u2019approccio a oggetti, attraverso il tatto, che le mani possono contenere (vedere). <\/p>\n<h2 style=\"text-align: left;\"><strong>Aspetti chiave<\/strong><\/h2>\n<p style=\"text-align: left;\"><strong>Processo di creazione<\/strong>: I partecipanti creano oggetti a misura delle mani, modellati con materia malleabile mentre sperimentano processi cognitivi o emotivi.<\/p>\n<p><strong>Dimensioni psicologiche<\/strong>: Il processo pu\u00f2 coinvolgere emozioni e sentimenti, risvegliare zone di memoria nascoste (regressioni), processi di apprendimento, condivisione di obiettivi di gruppo, processo decisionale, incontro con s\u00e9 stessi (autoanalisi psico-comportamentale) e riconoscimento di s\u00e9, sentimenti emozioni traumi.<\/p>\n<p><strong>Oggetti evocativi<\/strong>: Gli oggetti\/sculture risultanti evocano questi processi, diventando il loro NEXUS quando sono di nuovo in contatto con le mani che li hanno creati.<\/p>\n<h2 style=\"text-align: left;\"><strong>Interpretazione e visualizzazione<\/strong><\/h2>\n<p style=\"text-align: left;\">L&#8217;interpretazione e l\u2019interiorizzazione di questi oggetti \u00e8 facilitata dall&#8217;osservazione delle sequenze delle loro viste bidimensionali, ottenute attraverso processi fotografici o scansioni 3D. Il passaggio da forme tangibili 3D a rappresentazioni visive 2D, cos\u00ec come l\u2019ordine delle sequenze (A), rivela l\u2019informazione contenuta nelle forme e il nesso tra il tatto attivo, le esperienze e i processi cognitivi o emozionali. <\/p>\n<h2 style=\"text-align: left;\"><strong>Comprendere il termine<\/strong><\/h2>\n<p style=\"text-align: left;\">\u201cL&#8217;aptica, termine adottato da Katz, Revesz e Gibson nella seconda met\u00e0 del XX secolo, descrive la modalit\u00e0 sensoriale in cui il tatto attivo va oltre la semplice somma di sensazioni tattili e cinestesiche, includendo aspetti esplorativi e intenzionali. \u201cNexus\u201d significa connessione o collegamento. Insieme, HAPTIC-NEXUS pu\u00f2 essere interpretato come una \u201cconnessione tattile\u201d o un \u201clegame tattile\u201d.  <\/p>\n<h2 style=\"text-align: left;\"><strong>Potenziale significato<\/strong><\/h2>\n<p style=\"text-align: left;\">Pur non essendo, per ora, un termine ufficiale, HAPTIC-NEXUS pu\u00f2 riferirsi a:<\/p>\n<ol>\n<li style=\"text-align: left;\">Neural pathways connecting tactile sensations to other sensory experiences or cognitive processes.\n<\/li>\n<li style=\"text-align: left;\">L&#8217;associazione psicologica tra il tatto e altre esperienze sensoriali o emozionali.\n<\/li>\n<li style=\"text-align: left;\">Il processo di integrazione delle informazioni tattili con altri input sensoriali per creare un&#8217;esperienza percettiva coesa.\n<\/li>\n<\/ol>\n<h2 style=\"text-align: left;\"><strong>Concetti correlati<\/strong><\/h2>\n<p style=\"text-align: left;\">Sebbene HAPTIC-NEXUS non sia un termine formale, concetti consolidati nelle neuroscienze e nella psicologia riguardano l&#8217;integrazione del tatto con altri sensi:<\/p>\n<p style=\"text-align: left; padding-left: 40px;\">1. Integrazione multisensoriale: Il processo attraverso il quale le informazioni provenienti da diverse modalit\u00e0 sensoriali vengono combinate nel cervello.<\/p>\n<p>2. Plasticit\u00e0 cross-modale: La capacit\u00e0 del cervello di riorganizzarsi per elaborare le informazioni sensoriali di una modalit\u00e0 utilizzando strutture neurali tipicamente associate a un&#8217;altra modalit\u00e0.<\/p>\n<p>3. Percezione aptica: Il processo di riconoscimento degli oggetti attraverso il tatto, che spesso comporta l&#8217;integrazione di informazioni tattili e propriocettive.<\/p>\n<p style=\"text-align: left;\">HAPTIC-NEXUS \u00e8 un&#8217;espressione evocativa che potrebbe essere utilizzata per descrivere le complesse interconnessioni tra il tatto e gli altri processi sensoriali o cognitivi.<\/p>\n<\/p>\n<p style=\"text-align: left;\"><em>(*) Il processo compositivo viene realizzato utilizzando un programma semplificato di editing di immagini concepito da Guido Dettoni o altri disponibili sul mercato.<\/em><\/p>\n<p style=\"text-align: left;\"><em>(**) Questo stesso programma, o altri, viene utilizzato per ordinare e mettere in sequenza le immagini delle forme, che possono a loro volta essere composte tra loro e generare scenari che ampliano le informazioni.<\/em><\/p>\n\t\t\t\t\t\t\t\t<\/div>\n\t\t\t\t<\/div>\n\t\t\t\t\t<\/div>\n\t\t\t\t<\/div>\n\t\t\t\t<\/div>\n\t\t","protected":false},"excerpt":{"rendered":"<p>HAPTIC-NEXUS Un approccio tattile all&#8217;arte e alla cognizioneGuido Dettoni, 2024 Definizione di HAPTIC-NEXUS HAPTIC-NEXUS si riferisce alla connessione tra il tatto attivo e le esperienze e i processi cognitivi o emotivi. Il tatto attivo implica l\u2019approccio a oggetti, attraverso il tatto, che le mani possono contenere (vedere). Aspetti chiave Processo di creazione: I partecipanti creano &#8230; <\/p>\n<p class=\"read-more-container\"><a title=\"HAPTIC-NEXUS\" class=\"read-more button\" href=\"https:\/\/guidodettoni.com\/it\/manimateria\/haptic-nexus\/#more-24595\" aria-label=\"More on HAPTIC-NEXUS\">Leggi tutto<\/a><\/p>\n","protected":false},"author":13,"featured_media":20371,"parent":18667,"menu_order":2,"comment_status":"closed","ping_status":"closed","template":"","meta":{"_acf_changed":false,"footnotes":""},"class_list":["post-24595","page","type-page","status-publish","has-post-thumbnail"],"acf":[],"yoast_head":"<!-- This site is optimized with the Yoast SEO plugin v24.4 - https:\/\/yoast.com\/wordpress\/plugins\/seo\/ -->\n<title>HAPTIC-NEXUS &#8226; Guido Dettoni della Grazia<\/title>\n<meta name=\"description\" content=\"HAPTIC-NEXUS: Un approccio tattile all&#039;arte e alla cognizione\" \/>\n<meta name=\"robots\" content=\"index, follow, max-snippet:-1, max-image-preview:large, max-video-preview:-1\" \/>\n<link rel=\"canonical\" href=\"https:\/\/guidodettoni.com\/it\/manimateria\/haptic-nexus\/\" \/>\n<meta property=\"og:locale\" content=\"it_IT\" \/>\n<meta property=\"og:type\" content=\"article\" \/>\n<meta property=\"og:title\" content=\"HAPTIC-NEXUS &#8226; Guido Dettoni della Grazia\" \/>\n<meta property=\"og:description\" content=\"HAPTIC-NEXUS: Un approccio tattile all&#039;arte e alla cognizione\" \/>\n<meta property=\"og:url\" content=\"https:\/\/guidodettoni.com\/it\/manimateria\/haptic-nexus\/\" \/>\n<meta property=\"og:site_name\" content=\"Guido Dettoni della Grazia\" \/>\n<meta property=\"article:publisher\" content=\"https:\/\/www.facebook.com\/mostramaria\" \/>\n<meta property=\"article:modified_time\" content=\"2025-04-23T09:13:50+00:00\" \/>\n<meta property=\"og:image\" content=\"https:\/\/guidodettoni.com\/wp-content\/uploads\/2023\/06\/featured-hm.jpg\" \/>\n\t<meta property=\"og:image:width\" content=\"300\" \/>\n\t<meta property=\"og:image:height\" content=\"300\" \/>\n\t<meta property=\"og:image:type\" content=\"image\/jpeg\" \/>\n<meta name=\"twitter:card\" content=\"summary_large_image\" \/>\n<meta name=\"twitter:label1\" content=\"Tempo di lettura stimato\" \/>\n\t<meta name=\"twitter:data1\" content=\"2 minuti\" \/>\n<script type=\"application\/ld+json\" class=\"yoast-schema-graph\">{\"@context\":\"https:\/\/schema.org\",\"@graph\":[{\"@type\":\"WebPage\",\"@id\":\"https:\/\/guidodettoni.com\/it\/manimateria\/haptic-nexus\/\",\"url\":\"https:\/\/guidodettoni.com\/it\/manimateria\/haptic-nexus\/\",\"name\":\"HAPTIC-NEXUS &#8226; Guido Dettoni della Grazia\",\"isPartOf\":{\"@id\":\"https:\/\/guidodettoni.com\/it\/#website\"},\"primaryImageOfPage\":{\"@id\":\"https:\/\/guidodettoni.com\/it\/manimateria\/haptic-nexus\/#primaryimage\"},\"image\":{\"@id\":\"https:\/\/guidodettoni.com\/it\/manimateria\/haptic-nexus\/#primaryimage\"},\"thumbnailUrl\":\"https:\/\/guidodettoni.com\/wp-content\/uploads\/2023\/06\/featured-hm.jpg\",\"datePublished\":\"2025-03-11T19:50:03+00:00\",\"dateModified\":\"2025-04-23T09:13:50+00:00\",\"description\":\"HAPTIC-NEXUS: Un approccio tattile all'arte e alla cognizione\",\"breadcrumb\":{\"@id\":\"https:\/\/guidodettoni.com\/it\/manimateria\/haptic-nexus\/#breadcrumb\"},\"inLanguage\":\"it-IT\",\"potentialAction\":[{\"@type\":\"ReadAction\",\"target\":[\"https:\/\/guidodettoni.com\/it\/manimateria\/haptic-nexus\/\"]}]},{\"@type\":\"ImageObject\",\"inLanguage\":\"it-IT\",\"@id\":\"https:\/\/guidodettoni.com\/it\/manimateria\/haptic-nexus\/#primaryimage\",\"url\":\"https:\/\/guidodettoni.com\/wp-content\/uploads\/2023\/06\/featured-hm.jpg\",\"contentUrl\":\"https:\/\/guidodettoni.com\/wp-content\/uploads\/2023\/06\/featured-hm.jpg\",\"width\":300,\"height\":300},{\"@type\":\"BreadcrumbList\",\"@id\":\"https:\/\/guidodettoni.com\/it\/manimateria\/haptic-nexus\/#breadcrumb\",\"itemListElement\":[{\"@type\":\"ListItem\",\"position\":1,\"name\":\"HOME\",\"item\":\"https:\/\/guidodettoni.com\/it\/home\/\"},{\"@type\":\"ListItem\",\"position\":2,\"name\":\"MANIMATERIA\",\"item\":\"https:\/\/guidodettoni.com\/it\/manimateria\/\"},{\"@type\":\"ListItem\",\"position\":3,\"name\":\"HAPTIC-NEXUS\"}]},{\"@type\":\"WebSite\",\"@id\":\"https:\/\/guidodettoni.com\/it\/#website\",\"url\":\"https:\/\/guidodettoni.com\/it\/\",\"name\":\"Guido Dettoni della Grazia\",\"description\":\"Guido Dettoni\u2019s works of art and projects\",\"publisher\":{\"@id\":\"https:\/\/guidodettoni.com\/it\/#organization\"},\"potentialAction\":[{\"@type\":\"SearchAction\",\"target\":{\"@type\":\"EntryPoint\",\"urlTemplate\":\"https:\/\/guidodettoni.com\/it\/?s={search_term_string}\"},\"query-input\":{\"@type\":\"PropertyValueSpecification\",\"valueRequired\":true,\"valueName\":\"search_term_string\"}}],\"inLanguage\":\"it-IT\"},{\"@type\":\"Organization\",\"@id\":\"https:\/\/guidodettoni.com\/it\/#organization\",\"name\":\"NESHERGALLERY\",\"url\":\"https:\/\/guidodettoni.com\/it\/\",\"logo\":{\"@type\":\"ImageObject\",\"inLanguage\":\"it-IT\",\"@id\":\"https:\/\/guidodettoni.com\/it\/#\/schema\/logo\/image\/\",\"url\":\"https:\/\/guidodettoni.com\/wp-content\/uploads\/2020\/05\/nesher-gallery-logo-1.png\",\"contentUrl\":\"https:\/\/guidodettoni.com\/wp-content\/uploads\/2020\/05\/nesher-gallery-logo-1.png\",\"width\":200,\"height\":200,\"caption\":\"NESHERGALLERY\"},\"image\":{\"@id\":\"https:\/\/guidodettoni.com\/it\/#\/schema\/logo\/image\/\"},\"sameAs\":[\"https:\/\/www.facebook.com\/mostramaria\",\"https:\/\/www.instagram.com\/mariaescultura\/\",\"https:\/\/www.youtube.com\/user\/nesherorg\"]}]}<\/script>\n<!-- \/ Yoast SEO plugin. -->","yoast_head_json":{"title":"HAPTIC-NEXUS &#8226; Guido Dettoni della Grazia","description":"HAPTIC-NEXUS: Un approccio tattile all'arte e alla cognizione","robots":{"index":"index","follow":"follow","max-snippet":"max-snippet:-1","max-image-preview":"max-image-preview:large","max-video-preview":"max-video-preview:-1"},"canonical":"https:\/\/guidodettoni.com\/it\/manimateria\/haptic-nexus\/","og_locale":"it_IT","og_type":"article","og_title":"HAPTIC-NEXUS &#8226; Guido Dettoni della Grazia","og_description":"HAPTIC-NEXUS: Un approccio tattile all'arte e alla cognizione","og_url":"https:\/\/guidodettoni.com\/it\/manimateria\/haptic-nexus\/","og_site_name":"Guido Dettoni della Grazia","article_publisher":"https:\/\/www.facebook.com\/mostramaria","article_modified_time":"2025-04-23T09:13:50+00:00","og_image":[{"width":300,"height":300,"url":"https:\/\/guidodettoni.com\/wp-content\/uploads\/2023\/06\/featured-hm.jpg","type":"image\/jpeg"}],"twitter_card":"summary_large_image","twitter_misc":{"Tempo di lettura stimato":"2 minuti"},"schema":{"@context":"https:\/\/schema.org","@graph":[{"@type":"WebPage","@id":"https:\/\/guidodettoni.com\/it\/manimateria\/haptic-nexus\/","url":"https:\/\/guidodettoni.com\/it\/manimateria\/haptic-nexus\/","name":"HAPTIC-NEXUS &#8226; Guido Dettoni della Grazia","isPartOf":{"@id":"https:\/\/guidodettoni.com\/it\/#website"},"primaryImageOfPage":{"@id":"https:\/\/guidodettoni.com\/it\/manimateria\/haptic-nexus\/#primaryimage"},"image":{"@id":"https:\/\/guidodettoni.com\/it\/manimateria\/haptic-nexus\/#primaryimage"},"thumbnailUrl":"https:\/\/guidodettoni.com\/wp-content\/uploads\/2023\/06\/featured-hm.jpg","datePublished":"2025-03-11T19:50:03+00:00","dateModified":"2025-04-23T09:13:50+00:00","description":"HAPTIC-NEXUS: Un approccio tattile all'arte e alla cognizione","breadcrumb":{"@id":"https:\/\/guidodettoni.com\/it\/manimateria\/haptic-nexus\/#breadcrumb"},"inLanguage":"it-IT","potentialAction":[{"@type":"ReadAction","target":["https:\/\/guidodettoni.com\/it\/manimateria\/haptic-nexus\/"]}]},{"@type":"ImageObject","inLanguage":"it-IT","@id":"https:\/\/guidodettoni.com\/it\/manimateria\/haptic-nexus\/#primaryimage","url":"https:\/\/guidodettoni.com\/wp-content\/uploads\/2023\/06\/featured-hm.jpg","contentUrl":"https:\/\/guidodettoni.com\/wp-content\/uploads\/2023\/06\/featured-hm.jpg","width":300,"height":300},{"@type":"BreadcrumbList","@id":"https:\/\/guidodettoni.com\/it\/manimateria\/haptic-nexus\/#breadcrumb","itemListElement":[{"@type":"ListItem","position":1,"name":"HOME","item":"https:\/\/guidodettoni.com\/it\/home\/"},{"@type":"ListItem","position":2,"name":"MANIMATERIA","item":"https:\/\/guidodettoni.com\/it\/manimateria\/"},{"@type":"ListItem","position":3,"name":"HAPTIC-NEXUS"}]},{"@type":"WebSite","@id":"https:\/\/guidodettoni.com\/it\/#website","url":"https:\/\/guidodettoni.com\/it\/","name":"Guido Dettoni della Grazia","description":"Guido Dettoni\u2019s works of art and projects","publisher":{"@id":"https:\/\/guidodettoni.com\/it\/#organization"},"potentialAction":[{"@type":"SearchAction","target":{"@type":"EntryPoint","urlTemplate":"https:\/\/guidodettoni.com\/it\/?s={search_term_string}"},"query-input":{"@type":"PropertyValueSpecification","valueRequired":true,"valueName":"search_term_string"}}],"inLanguage":"it-IT"},{"@type":"Organization","@id":"https:\/\/guidodettoni.com\/it\/#organization","name":"NESHERGALLERY","url":"https:\/\/guidodettoni.com\/it\/","logo":{"@type":"ImageObject","inLanguage":"it-IT","@id":"https:\/\/guidodettoni.com\/it\/#\/schema\/logo\/image\/","url":"https:\/\/guidodettoni.com\/wp-content\/uploads\/2020\/05\/nesher-gallery-logo-1.png","contentUrl":"https:\/\/guidodettoni.com\/wp-content\/uploads\/2020\/05\/nesher-gallery-logo-1.png","width":200,"height":200,"caption":"NESHERGALLERY"},"image":{"@id":"https:\/\/guidodettoni.com\/it\/#\/schema\/logo\/image\/"},"sameAs":["https:\/\/www.facebook.com\/mostramaria","https:\/\/www.instagram.com\/mariaescultura\/","https:\/\/www.youtube.com\/user\/nesherorg"]}]}},"_links":{"self":[{"href":"https:\/\/guidodettoni.com\/it\/wp-json\/wp\/v2\/pages\/24595","targetHints":{"allow":["GET"]}}],"collection":[{"href":"https:\/\/guidodettoni.com\/it\/wp-json\/wp\/v2\/pages"}],"about":[{"href":"https:\/\/guidodettoni.com\/it\/wp-json\/wp\/v2\/types\/page"}],"author":[{"embeddable":true,"href":"https:\/\/guidodettoni.com\/it\/wp-json\/wp\/v2\/users\/13"}],"replies":[{"embeddable":true,"href":"https:\/\/guidodettoni.com\/it\/wp-json\/wp\/v2\/comments?post=24595"}],"version-history":[{"count":1,"href":"https:\/\/guidodettoni.com\/it\/wp-json\/wp\/v2\/pages\/24595\/revisions"}],"predecessor-version":[{"id":24596,"href":"https:\/\/guidodettoni.com\/it\/wp-json\/wp\/v2\/pages\/24595\/revisions\/24596"}],"up":[{"embeddable":true,"href":"https:\/\/guidodettoni.com\/it\/wp-json\/wp\/v2\/pages\/18667"}],"wp:featuredmedia":[{"embeddable":true,"href":"https:\/\/guidodettoni.com\/it\/wp-json\/wp\/v2\/media\/20371"}],"wp:attachment":[{"href":"https:\/\/guidodettoni.com\/it\/wp-json\/wp\/v2\/media?parent=24595"}],"curies":[{"name":"wp","href":"https:\/\/api.w.org\/{rel}","templated":true}]}}