{"id":21437,"date":"2023-07-21T14:17:51","date_gmt":"2023-07-21T12:17:51","guid":{"rendered":"https:\/\/guidodettoni.com\/?page_id=21437"},"modified":"2024-02-13T20:11:13","modified_gmt":"2024-02-13T19:11:13","slug":"azioni-di-scavo","status":"publish","type":"page","link":"https:\/\/guidodettoni.com\/it\/azioni-di-scavo\/","title":{"rendered":"AZIONI DI SCAVO"},"content":{"rendered":"\t\t<div data-elementor-type=\"wp-page\" data-elementor-id=\"21437\" class=\"elementor elementor-21437 elementor-21436\" data-elementor-post-type=\"page\">\n\t\t\t\t\t\t<section class=\"elementor-section elementor-top-section elementor-element elementor-element-6be4be1 elementor-section-boxed elementor-section-height-default elementor-section-height-default\" data-id=\"6be4be1\" data-element_type=\"section\" id=\"aproach\">\n\t\t\t\t\t\t<div class=\"elementor-container elementor-column-gap-default\">\n\t\t\t\t\t<div class=\"elementor-column elementor-col-100 elementor-top-column elementor-element elementor-element-7a9b7cd\" data-id=\"7a9b7cd\" data-element_type=\"column\">\n\t\t\t<div class=\"elementor-widget-wrap elementor-element-populated\">\n\t\t\t\t\t\t<div class=\"elementor-element elementor-element-11b4700 elementor-widget elementor-widget-heading\" data-id=\"11b4700\" data-element_type=\"widget\" data-widget_type=\"heading.default\">\n\t\t\t\t<div class=\"elementor-widget-container\">\n\t\t\t\t\t<h1 class=\"elementor-heading-title elementor-size-default\">AZIONI DI SCAVO<\/h1>\t\t\t\t<\/div>\n\t\t\t\t<\/div>\n\t\t\t\t\t<\/div>\n\t\t<\/div>\n\t\t\t\t\t<\/div>\n\t\t<\/section>\n\t\t<div class=\"elementor-element elementor-element-335ec7e e-con-full e-flex e-con e-parent\" data-id=\"335ec7e\" data-element_type=\"container\" data-settings=\"{&quot;background_background&quot;:&quot;classic&quot;}\">\n\t\t\t\t<\/div>\n\t\t<div class=\"elementor-element elementor-element-cb6a85a e-con-full e-flex e-con e-parent\" data-id=\"cb6a85a\" data-element_type=\"container\" data-settings=\"{&quot;background_background&quot;:&quot;classic&quot;}\">\n\t\t\t\t<div class=\"elementor-element elementor-element-51e2905 elementor-widget elementor-widget-text-editor\" data-id=\"51e2905\" data-element_type=\"widget\" data-widget_type=\"text-editor.default\">\n\t\t\t\t<div class=\"elementor-widget-container\">\n\t\t\t\t\t\t\t\t\t<p>Guido Dettoni, sperimenta e propone lo scavo come pratica scultorea di connessione con la terra.<\/p>\n<p>Scavare nel terreno di un luogo scelto.  <\/p>\n<p>Si inginocchia e piega il corpo in avanti per penetrare nella terra con le mani. Lascia che esse vi scoprano le loro visioni e memoria, o ci\u00f2 che \u00e8 gi\u00e0 l\u00ec: la memoria conosciuta o sconosciuta, ma solo intuita, del luogo stesso.  <\/p>\n<p>La forma di terra viene indurita o avvolta con bende per essere conservata o per diventare il modello originale di uno stampo per la fusione.<\/p>\n\t\t\t\t\t\t\t\t<\/div>\n\t\t\t\t<\/div>\n\t\t\t\t<\/div>\n\t\t<div class=\"elementor-element elementor-element-8159fe2 e-flex e-con-boxed e-con e-parent\" data-id=\"8159fe2\" data-element_type=\"container\">\n\t\t\t\t\t<div class=\"e-con-inner\">\n\t\t\t\t<div class=\"elementor-element elementor-element-0e8b0c8 elementor-widget elementor-widget-heading\" data-id=\"0e8b0c8\" data-element_type=\"widget\" data-widget_type=\"heading.default\">\n\t\t\t\t<div class=\"elementor-widget-container\">\n\t\t\t\t\t<h2 class=\"elementor-heading-title elementor-size-default\">Alcune opere:<\/h2>\t\t\t\t<\/div>\n\t\t\t\t<\/div>\n\t\t\t\t<div class=\"elementor-element elementor-element-26f9c3e elementor-widget elementor-widget-text-editor\" data-id=\"26f9c3e\" data-element_type=\"widget\" data-widget_type=\"text-editor.default\">\n\t\t\t\t<div class=\"elementor-widget-container\">\n\t\t\t\t\t\t\t\t\t<p><a href=\"https:\/\/guidodettoni.com\/it\/azioni-di-scavo\/cristo-di-terra-ginevra\/\"><strong>CRISTO DI TERRA GINEVRA <\/strong><\/a><\/p>\n<p><a href=\"https:\/\/guidodettoni.com\/it\/azioni-di-scavo\/body\/\"><strong>CORPO <\/strong><\/a><\/p>\n<p><a href=\"https:\/\/guidodettoni.com\/it\/azioni-di-scavo\/corpo-ascendente\/\"><strong>CORPO ASCENDENTE <\/strong><\/a><\/p>\n<p><a href=\"https:\/\/guidodettoni.com\/it\/azioni-di-scavo\/tamarro\/\"><strong>TAMARRO <\/strong><\/a><\/p>\n<p><a href=\"https:\/\/guidodettoni.com\/it\/azioni-di-scavo\/cristo-di-terra-vielha\/\"><strong>CRISTO DI TERRA VIELHA <\/strong><\/a><\/p>\n<p><a href=\"https:\/\/guidodettoni.com\/it\/azioni-di-scavo\/cristo-di-terra-di-mig-aran\/\"><strong>CRISTO DI TERRA DI MIG ARAN <\/strong><\/a><\/p>\n<p><strong><a href=\"https:\/\/guidodettoni.com\/it\/sculture\/sant-felix\/sant-felix-scavo\/\">SANT FELIX <\/a><\/strong><\/p>\n\t\t\t\t\t\t\t\t<\/div>\n\t\t\t\t<\/div>\n\t\t\t\t\t<\/div>\n\t\t\t\t<\/div>\n\t\t\t\t<\/div>\n\t\t","protected":false},"excerpt":{"rendered":"<p>AZIONI DI SCAVO Guido Dettoni, sperimenta e propone lo scavo come pratica scultorea di connessione con la terra. Scavare nel terreno di un luogo scelto. Si inginocchia e piega il corpo in avanti per penetrare nella terra con le mani. Lascia che esse vi scoprano le loro visioni e memoria, o ci\u00f2 che \u00e8 gi\u00e0 &#8230; <\/p>\n<p class=\"read-more-container\"><a title=\"AZIONI DI SCAVO\" class=\"read-more button\" href=\"https:\/\/guidodettoni.com\/it\/azioni-di-scavo\/#more-21437\" aria-label=\"More on AZIONI DI SCAVO\">Leggi tutto<\/a><\/p>\n","protected":false},"author":13,"featured_media":20371,"parent":0,"menu_order":2,"comment_status":"closed","ping_status":"closed","template":"","meta":{"_acf_changed":false,"footnotes":""},"class_list":["post-21437","page","type-page","status-publish","has-post-thumbnail"],"acf":[],"yoast_head":"<!-- This site is optimized with the Yoast SEO plugin v24.4 - https:\/\/yoast.com\/wordpress\/plugins\/seo\/ -->\n<title>AZIONI DI SCAVO &#8226; Guido Dettoni della Grazia<\/title>\n<meta name=\"description\" content=\"Sperimenta e propone lo scavo come pratica scultorea in connessione con la terra. Scavando, in un luogo scelto...\" \/>\n<meta name=\"robots\" content=\"index, follow, max-snippet:-1, max-image-preview:large, max-video-preview:-1\" \/>\n<link rel=\"canonical\" href=\"https:\/\/guidodettoni.com\/it\/azioni-di-scavo\/\" \/>\n<meta property=\"og:locale\" content=\"it_IT\" \/>\n<meta property=\"og:type\" content=\"article\" \/>\n<meta property=\"og:title\" content=\"AZIONI DI SCAVO &#8226; Guido Dettoni della Grazia\" \/>\n<meta property=\"og:description\" content=\"Sperimenta e propone lo scavo come pratica scultorea in connessione con la terra. Scavando, in un luogo scelto...\" \/>\n<meta property=\"og:url\" content=\"https:\/\/guidodettoni.com\/it\/azioni-di-scavo\/\" \/>\n<meta property=\"og:site_name\" content=\"Guido Dettoni della Grazia\" \/>\n<meta property=\"article:publisher\" content=\"https:\/\/www.facebook.com\/mostramaria\" \/>\n<meta property=\"article:modified_time\" content=\"2024-02-13T19:11:13+00:00\" \/>\n<meta property=\"og:image\" content=\"https:\/\/guidodettoni.com\/wp-content\/uploads\/2023\/06\/featured-hm.jpg\" \/>\n\t<meta property=\"og:image:width\" content=\"300\" \/>\n\t<meta property=\"og:image:height\" content=\"300\" \/>\n\t<meta property=\"og:image:type\" content=\"image\/jpeg\" \/>\n<meta name=\"twitter:card\" content=\"summary_large_image\" \/>\n<meta name=\"twitter:label1\" content=\"Tempo di lettura stimato\" \/>\n\t<meta name=\"twitter:data1\" content=\"3 minuti\" \/>\n<script type=\"application\/ld+json\" class=\"yoast-schema-graph\">{\"@context\":\"https:\/\/schema.org\",\"@graph\":[{\"@type\":\"WebPage\",\"@id\":\"https:\/\/guidodettoni.com\/it\/azioni-di-scavo\/\",\"url\":\"https:\/\/guidodettoni.com\/it\/azioni-di-scavo\/\",\"name\":\"AZIONI DI SCAVO &#8226; Guido Dettoni della Grazia\",\"isPartOf\":{\"@id\":\"https:\/\/guidodettoni.com\/it\/#website\"},\"primaryImageOfPage\":{\"@id\":\"https:\/\/guidodettoni.com\/it\/azioni-di-scavo\/#primaryimage\"},\"image\":{\"@id\":\"https:\/\/guidodettoni.com\/it\/azioni-di-scavo\/#primaryimage\"},\"thumbnailUrl\":\"https:\/\/guidodettoni.com\/wp-content\/uploads\/2023\/06\/featured-hm.jpg\",\"datePublished\":\"2023-07-21T12:17:51+00:00\",\"dateModified\":\"2024-02-13T19:11:13+00:00\",\"description\":\"Sperimenta e propone lo scavo come pratica scultorea in connessione con la terra. Scavando, in un luogo scelto...\",\"breadcrumb\":{\"@id\":\"https:\/\/guidodettoni.com\/it\/azioni-di-scavo\/#breadcrumb\"},\"inLanguage\":\"it-IT\",\"potentialAction\":[{\"@type\":\"ReadAction\",\"target\":[\"https:\/\/guidodettoni.com\/it\/azioni-di-scavo\/\"]}]},{\"@type\":\"ImageObject\",\"inLanguage\":\"it-IT\",\"@id\":\"https:\/\/guidodettoni.com\/it\/azioni-di-scavo\/#primaryimage\",\"url\":\"https:\/\/guidodettoni.com\/wp-content\/uploads\/2023\/06\/featured-hm.jpg\",\"contentUrl\":\"https:\/\/guidodettoni.com\/wp-content\/uploads\/2023\/06\/featured-hm.jpg\",\"width\":300,\"height\":300},{\"@type\":\"BreadcrumbList\",\"@id\":\"https:\/\/guidodettoni.com\/it\/azioni-di-scavo\/#breadcrumb\",\"itemListElement\":[{\"@type\":\"ListItem\",\"position\":1,\"name\":\"HOME\",\"item\":\"https:\/\/guidodettoni.com\/it\/home\/\"},{\"@type\":\"ListItem\",\"position\":2,\"name\":\"AZIONI DI SCAVO\"}]},{\"@type\":\"WebSite\",\"@id\":\"https:\/\/guidodettoni.com\/it\/#website\",\"url\":\"https:\/\/guidodettoni.com\/it\/\",\"name\":\"Guido Dettoni della Grazia\",\"description\":\"Guido Dettoni\u2019s works of art and projects\",\"publisher\":{\"@id\":\"https:\/\/guidodettoni.com\/it\/#organization\"},\"potentialAction\":[{\"@type\":\"SearchAction\",\"target\":{\"@type\":\"EntryPoint\",\"urlTemplate\":\"https:\/\/guidodettoni.com\/it\/?s={search_term_string}\"},\"query-input\":{\"@type\":\"PropertyValueSpecification\",\"valueRequired\":true,\"valueName\":\"search_term_string\"}}],\"inLanguage\":\"it-IT\"},{\"@type\":\"Organization\",\"@id\":\"https:\/\/guidodettoni.com\/it\/#organization\",\"name\":\"NESHERGALLERY\",\"url\":\"https:\/\/guidodettoni.com\/it\/\",\"logo\":{\"@type\":\"ImageObject\",\"inLanguage\":\"it-IT\",\"@id\":\"https:\/\/guidodettoni.com\/it\/#\/schema\/logo\/image\/\",\"url\":\"https:\/\/guidodettoni.com\/wp-content\/uploads\/2020\/05\/nesher-gallery-logo-1.png\",\"contentUrl\":\"https:\/\/guidodettoni.com\/wp-content\/uploads\/2020\/05\/nesher-gallery-logo-1.png\",\"width\":200,\"height\":200,\"caption\":\"NESHERGALLERY\"},\"image\":{\"@id\":\"https:\/\/guidodettoni.com\/it\/#\/schema\/logo\/image\/\"},\"sameAs\":[\"https:\/\/www.facebook.com\/mostramaria\",\"https:\/\/www.instagram.com\/mariaescultura\/\",\"https:\/\/www.youtube.com\/user\/nesherorg\"]}]}<\/script>\n<!-- \/ Yoast SEO plugin. -->","yoast_head_json":{"title":"AZIONI DI SCAVO &#8226; Guido Dettoni della Grazia","description":"Sperimenta e propone lo scavo come pratica scultorea in connessione con la terra. Scavando, in un luogo scelto...","robots":{"index":"index","follow":"follow","max-snippet":"max-snippet:-1","max-image-preview":"max-image-preview:large","max-video-preview":"max-video-preview:-1"},"canonical":"https:\/\/guidodettoni.com\/it\/azioni-di-scavo\/","og_locale":"it_IT","og_type":"article","og_title":"AZIONI DI SCAVO &#8226; Guido Dettoni della Grazia","og_description":"Sperimenta e propone lo scavo come pratica scultorea in connessione con la terra. Scavando, in un luogo scelto...","og_url":"https:\/\/guidodettoni.com\/it\/azioni-di-scavo\/","og_site_name":"Guido Dettoni della Grazia","article_publisher":"https:\/\/www.facebook.com\/mostramaria","article_modified_time":"2024-02-13T19:11:13+00:00","og_image":[{"width":300,"height":300,"url":"https:\/\/guidodettoni.com\/wp-content\/uploads\/2023\/06\/featured-hm.jpg","type":"image\/jpeg"}],"twitter_card":"summary_large_image","twitter_misc":{"Tempo di lettura stimato":"3 minuti"},"schema":{"@context":"https:\/\/schema.org","@graph":[{"@type":"WebPage","@id":"https:\/\/guidodettoni.com\/it\/azioni-di-scavo\/","url":"https:\/\/guidodettoni.com\/it\/azioni-di-scavo\/","name":"AZIONI DI SCAVO &#8226; Guido Dettoni della Grazia","isPartOf":{"@id":"https:\/\/guidodettoni.com\/it\/#website"},"primaryImageOfPage":{"@id":"https:\/\/guidodettoni.com\/it\/azioni-di-scavo\/#primaryimage"},"image":{"@id":"https:\/\/guidodettoni.com\/it\/azioni-di-scavo\/#primaryimage"},"thumbnailUrl":"https:\/\/guidodettoni.com\/wp-content\/uploads\/2023\/06\/featured-hm.jpg","datePublished":"2023-07-21T12:17:51+00:00","dateModified":"2024-02-13T19:11:13+00:00","description":"Sperimenta e propone lo scavo come pratica scultorea in connessione con la terra. Scavando, in un luogo scelto...","breadcrumb":{"@id":"https:\/\/guidodettoni.com\/it\/azioni-di-scavo\/#breadcrumb"},"inLanguage":"it-IT","potentialAction":[{"@type":"ReadAction","target":["https:\/\/guidodettoni.com\/it\/azioni-di-scavo\/"]}]},{"@type":"ImageObject","inLanguage":"it-IT","@id":"https:\/\/guidodettoni.com\/it\/azioni-di-scavo\/#primaryimage","url":"https:\/\/guidodettoni.com\/wp-content\/uploads\/2023\/06\/featured-hm.jpg","contentUrl":"https:\/\/guidodettoni.com\/wp-content\/uploads\/2023\/06\/featured-hm.jpg","width":300,"height":300},{"@type":"BreadcrumbList","@id":"https:\/\/guidodettoni.com\/it\/azioni-di-scavo\/#breadcrumb","itemListElement":[{"@type":"ListItem","position":1,"name":"HOME","item":"https:\/\/guidodettoni.com\/it\/home\/"},{"@type":"ListItem","position":2,"name":"AZIONI DI SCAVO"}]},{"@type":"WebSite","@id":"https:\/\/guidodettoni.com\/it\/#website","url":"https:\/\/guidodettoni.com\/it\/","name":"Guido Dettoni della Grazia","description":"Guido Dettoni\u2019s works of art and projects","publisher":{"@id":"https:\/\/guidodettoni.com\/it\/#organization"},"potentialAction":[{"@type":"SearchAction","target":{"@type":"EntryPoint","urlTemplate":"https:\/\/guidodettoni.com\/it\/?s={search_term_string}"},"query-input":{"@type":"PropertyValueSpecification","valueRequired":true,"valueName":"search_term_string"}}],"inLanguage":"it-IT"},{"@type":"Organization","@id":"https:\/\/guidodettoni.com\/it\/#organization","name":"NESHERGALLERY","url":"https:\/\/guidodettoni.com\/it\/","logo":{"@type":"ImageObject","inLanguage":"it-IT","@id":"https:\/\/guidodettoni.com\/it\/#\/schema\/logo\/image\/","url":"https:\/\/guidodettoni.com\/wp-content\/uploads\/2020\/05\/nesher-gallery-logo-1.png","contentUrl":"https:\/\/guidodettoni.com\/wp-content\/uploads\/2020\/05\/nesher-gallery-logo-1.png","width":200,"height":200,"caption":"NESHERGALLERY"},"image":{"@id":"https:\/\/guidodettoni.com\/it\/#\/schema\/logo\/image\/"},"sameAs":["https:\/\/www.facebook.com\/mostramaria","https:\/\/www.instagram.com\/mariaescultura\/","https:\/\/www.youtube.com\/user\/nesherorg"]}]}},"_links":{"self":[{"href":"https:\/\/guidodettoni.com\/it\/wp-json\/wp\/v2\/pages\/21437","targetHints":{"allow":["GET"]}}],"collection":[{"href":"https:\/\/guidodettoni.com\/it\/wp-json\/wp\/v2\/pages"}],"about":[{"href":"https:\/\/guidodettoni.com\/it\/wp-json\/wp\/v2\/types\/page"}],"author":[{"embeddable":true,"href":"https:\/\/guidodettoni.com\/it\/wp-json\/wp\/v2\/users\/13"}],"replies":[{"embeddable":true,"href":"https:\/\/guidodettoni.com\/it\/wp-json\/wp\/v2\/comments?post=21437"}],"version-history":[{"count":10,"href":"https:\/\/guidodettoni.com\/it\/wp-json\/wp\/v2\/pages\/21437\/revisions"}],"predecessor-version":[{"id":23306,"href":"https:\/\/guidodettoni.com\/it\/wp-json\/wp\/v2\/pages\/21437\/revisions\/23306"}],"wp:featuredmedia":[{"embeddable":true,"href":"https:\/\/guidodettoni.com\/it\/wp-json\/wp\/v2\/media\/20371"}],"wp:attachment":[{"href":"https:\/\/guidodettoni.com\/it\/wp-json\/wp\/v2\/media?parent=21437"}],"curies":[{"name":"wp","href":"https:\/\/api.w.org\/{rel}","templated":true}]}}