{"id":20717,"date":"2023-06-28T21:13:31","date_gmt":"2023-06-28T19:13:31","guid":{"rendered":"https:\/\/guidodettoni.com\/?page_id=20717"},"modified":"2024-02-13T22:22:34","modified_gmt":"2024-02-13T21:22:34","slug":"maria-madre","status":"publish","type":"page","link":"https:\/\/guidodettoni.com\/it\/manimateria\/maria-madre\/","title":{"rendered":"Maria Madre"},"content":{"rendered":"\t\t<div data-elementor-type=\"wp-page\" data-elementor-id=\"20717\" class=\"elementor elementor-20717 elementor-20716\" data-elementor-post-type=\"page\">\n\t\t\t\t\t\t<section class=\"elementor-section elementor-top-section elementor-element elementor-element-6be4be1 elementor-section-boxed elementor-section-height-default elementor-section-height-default\" data-id=\"6be4be1\" data-element_type=\"section\" id=\"aproach\">\n\t\t\t\t\t\t<div class=\"elementor-container elementor-column-gap-default\">\n\t\t\t\t\t<div class=\"elementor-column elementor-col-100 elementor-top-column elementor-element elementor-element-7a9b7cd\" data-id=\"7a9b7cd\" data-element_type=\"column\">\n\t\t\t<div class=\"elementor-widget-wrap elementor-element-populated\">\n\t\t\t\t\t\t<div class=\"elementor-element elementor-element-fa2d40b elementor-widget elementor-widget-breadcrumbs\" data-id=\"fa2d40b\" data-element_type=\"widget\" data-widget_type=\"breadcrumbs.default\">\n\t\t\t\t<div class=\"elementor-widget-container\">\n\t\t\t\t\t<p id=\"breadcrumbs\"><span><span><a href=\"https:\/\/guidodettoni.com\/it\/home\/\">HOME<\/a><\/span><\/span><\/p>\t\t\t\t<\/div>\n\t\t\t\t<\/div>\n\t\t\t\t\t<\/div>\n\t\t<\/div>\n\t\t\t\t\t<\/div>\n\t\t<\/section>\n\t\t\t\t<section class=\"elementor-section elementor-top-section elementor-element elementor-element-66876d7 elementor-section-boxed elementor-section-height-default elementor-section-height-default\" data-id=\"66876d7\" data-element_type=\"section\">\n\t\t\t\t\t\t<div class=\"elementor-container elementor-column-gap-default\">\n\t\t\t\t\t<div class=\"elementor-column elementor-col-100 elementor-top-column elementor-element elementor-element-21dae21\" data-id=\"21dae21\" data-element_type=\"column\">\n\t\t\t<div class=\"elementor-widget-wrap elementor-element-populated\">\n\t\t\t\t\t\t<div class=\"elementor-element elementor-element-248774c elementor-widget elementor-widget-heading\" data-id=\"248774c\" data-element_type=\"widget\" data-widget_type=\"heading.default\">\n\t\t\t\t<div class=\"elementor-widget-container\">\n\t\t\t\t\t<h1 class=\"elementor-heading-title elementor-size-default\">MARIA MADRE<\/h1>\t\t\t\t<\/div>\n\t\t\t\t<\/div>\n\t\t\t\t<div class=\"elementor-element elementor-element-82ad558 elementor-widget elementor-widget-heading\" data-id=\"82ad558\" data-element_type=\"widget\" data-widget_type=\"heading.default\">\n\t\t\t\t<div class=\"elementor-widget-container\">\n\t\t\t\t\t<h2 class=\"elementor-heading-title elementor-size-default\">MANIMATERIA <\/h2>\t\t\t\t<\/div>\n\t\t\t\t<\/div>\n\t\t\t\t<div class=\"elementor-element elementor-element-49eb3c2 elementor-widget elementor-widget-spacer\" data-id=\"49eb3c2\" data-element_type=\"widget\" data-widget_type=\"spacer.default\">\n\t\t\t\t<div class=\"elementor-widget-container\">\n\t\t\t\t\t\t\t<div class=\"elementor-spacer\">\n\t\t\t<div class=\"elementor-spacer-inner\"><\/div>\n\t\t<\/div>\n\t\t\t\t\t\t<\/div>\n\t\t\t\t<\/div>\n\t\t\t\t\t<\/div>\n\t\t<\/div>\n\t\t\t\t\t<\/div>\n\t\t<\/section>\n\t\t\t\t<section class=\"elementor-section elementor-top-section elementor-element elementor-element-aee7d94 elementor-section-boxed elementor-section-height-default elementor-section-height-default\" data-id=\"aee7d94\" data-element_type=\"section\" data-settings=\"{&quot;background_background&quot;:&quot;classic&quot;}\">\n\t\t\t\t\t\t<div class=\"elementor-container elementor-column-gap-default\">\n\t\t\t\t\t<div class=\"elementor-column elementor-col-100 elementor-top-column elementor-element elementor-element-b6de176\" data-id=\"b6de176\" data-element_type=\"column\">\n\t\t\t<div class=\"elementor-widget-wrap elementor-element-populated\">\n\t\t\t\t\t\t<div class=\"elementor-element elementor-element-70d2c5b elementor-widget elementor-widget-video\" data-id=\"70d2c5b\" data-element_type=\"widget\" data-settings=\"{&quot;video_type&quot;:&quot;vimeo&quot;}\" data-widget_type=\"video.default\">\n\t\t\t\t<div class=\"elementor-widget-container\">\n\t\t\t\t\t\t\t<div class=\"elementor-wrapper elementor-open-inline\">\n\t\t\t<iframe class=\"elementor-video-iframe\" allowfullscreen allow=\"clipboard-write\" title=\"vimeo Video Player\" src=\"https:\/\/player.vimeo.com\/video\/91443539?color&amp;autopause=0&amp;loop=0&amp;muted=0&amp;title=0&amp;portrait=0&amp;byline=0#t=\"><\/iframe>\t\t<\/div>\n\t\t\t\t\t\t<\/div>\n\t\t\t\t<\/div>\n\t\t\t\t<div class=\"elementor-element elementor-element-cfffecd elementor-widget elementor-widget-text-editor\" data-id=\"cfffecd\" data-element_type=\"widget\" data-widget_type=\"text-editor.default\">\n\t\t\t\t<div class=\"elementor-widget-container\">\n\t\t\t\t\t\t\t\t\t<p>MARIA MADRE &#8211; un&#8217;esperienza di creativit\u00e0 collettiva COLEGIO PUREZA DE MARIA &#8211; <br \/>Sant Cugat del Vall\u00e8s &#8211; Barcellona, dicembre 2015<\/p>\n\t\t\t\t\t\t\t\t<\/div>\n\t\t\t\t<\/div>\n\t\t\t\t<div class=\"elementor-element elementor-element-09638e9 elementor-widget elementor-widget-spacer\" data-id=\"09638e9\" data-element_type=\"widget\" data-widget_type=\"spacer.default\">\n\t\t\t\t<div class=\"elementor-widget-container\">\n\t\t\t\t\t\t\t<div class=\"elementor-spacer\">\n\t\t\t<div class=\"elementor-spacer-inner\"><\/div>\n\t\t<\/div>\n\t\t\t\t\t\t<\/div>\n\t\t\t\t<\/div>\n\t\t\t\t\t<\/div>\n\t\t<\/div>\n\t\t\t\t\t<\/div>\n\t\t<\/section>\n\t\t<div class=\"elementor-element elementor-element-68577e9 e-flex e-con-boxed e-con e-parent\" data-id=\"68577e9\" data-element_type=\"container\">\n\t\t\t\t\t<div class=\"e-con-inner\">\n\t\t\t\t<div class=\"elementor-element elementor-element-d9fc651 elementor-widget elementor-widget-text-editor\" data-id=\"d9fc651\" data-element_type=\"widget\" data-widget_type=\"text-editor.default\">\n\t\t\t\t<div class=\"elementor-widget-container\">\n\t\t\t\t\t\t\t\t\t<p>Invitato dalle Sorelle della Congregazione <a href=\"https:\/\/pmaria-santcugat.org\/es\/\" target=\"_blank\" rel=\"noopener\"><strong>PUREZA DE MARIA<\/strong><\/a>, <strong>Guido Dettoni<\/strong> propone l\u2019esperienza <strong>MANIMATERIA<\/strong> <strong>MARIA MADRE<\/strong>, indirizzata a sedici alunni, tra i 16 e i 17 anni, del secondo anno di maturit\u00e0 classica.<\/p>\n<\/p>\n<p>Dopo aver ricevuto una quantit\u00e0 di cera malleabile, a misura delle mani, gli occhi degli alunni furono bendati dalle Sorelle e tutti si sedettero per terra in circolo.<\/p>\n<\/p>\n<p>Allora le mani incominciarono a modellare la cera senza alcuna intenzione di fare alcunch\u00e9 di specifico, bens\u00ec lasciandosi trasportare dalla visione di Maria Madre e dai sentimenti che Ella evoca per arrivare con la materia a una spontanea e non intenzionata espressione.<\/p>\n<\/p>\n<p>La forma che appare, quando le mani si fermano, \u00e8 quella e non un\u2019altra. Ognuna contiene e custodisce quello che il suo autore ha vissuto.<\/p>\n<p>Le mani cessano di vedere quando noi incominciamo a guardare per interpretare con l\u2019intelletto, alimentato dalla memoria, facendo uso della parola.<\/p>\n<p>Con gli occhi aperti, ognuno trova la sua forma riconoscendola nella bacinella dell\u2019acqua fredda che l\u2019ha indurita.<\/p>\n<p>Inizia allora il processo per condividere le interpretazioni che la forma suggerisce al suo artefice e a altri.<\/p>\n<p>Questa \u201ctempesta interpretativa\u201d si registr\u00f2 ed ecco le interpretazioni date a ogni forma dai loro autori: Ciotola, Mezzo uovo, Lago, Papavero, Conchiglie, Ossa, Cigno, Cuore, Affetto, Montagna, Gocce, Spruzzi, Cellule, Volto, Cervello, Onde di vento, Farfalle, Pesci, Orecchia, Verme, Serpente, Mare, Faccia, Corpo, libert\u00e0, Maria Madre, Bambino Ges\u00f9, Tenerezza, Roccia, Madre, Abbraccio, Energia.<\/p>\n<\/p>\n<p>Le interpretazioni degli alunni e i loro commenti diventano cos\u00ec un\u2019altra cera che non \u00e8, n\u00e9 vista, n\u00e9 toccata: una cera fatta di emozioni, sentimenti, visioni interiori e stati d\u2019animo.<\/p>\n<p>Guido Dettoni ha modellato questa altra cera, per tessere tra loro tutte le interpretazioni e comporre il testo MADRE che fa parte dell\u2019audio del video, tradotto poi in inglese e italiano.<\/p>\n\t\t\t\t\t\t\t\t<\/div>\n\t\t\t\t<\/div>\n\t\t\t\t<div class=\"elementor-element elementor-element-ab92c05 elementor-widget elementor-widget-spacer\" data-id=\"ab92c05\" data-element_type=\"widget\" data-widget_type=\"spacer.default\">\n\t\t\t\t<div class=\"elementor-widget-container\">\n\t\t\t\t\t\t\t<div class=\"elementor-spacer\">\n\t\t\t<div class=\"elementor-spacer-inner\"><\/div>\n\t\t<\/div>\n\t\t\t\t\t\t<\/div>\n\t\t\t\t<\/div>\n\t\t\t\t\t<\/div>\n\t\t\t\t<\/div>\n\t\t<div class=\"elementor-element elementor-element-f32d56f e-flex e-con-boxed e-con e-parent\" data-id=\"f32d56f\" data-element_type=\"container\">\n\t\t\t\t\t<div class=\"e-con-inner\">\n\t\t<div class=\"elementor-element elementor-element-5c19bbe e-con-full e-flex e-con e-parent\" data-id=\"5c19bbe\" data-element_type=\"container\">\n\t\t\t\t<div class=\"elementor-element elementor-element-b6c439c elementor-widget elementor-widget-text-editor\" data-id=\"b6c439c\" data-element_type=\"widget\" data-widget_type=\"text-editor.default\">\n\t\t\t\t<div class=\"elementor-widget-container\">\n\t\t\t\t\t\t\t\t\t<blockquote>\n<p><strong>MADRE<\/strong><\/p>\n<p>La \u201ctempesta\u201d nel LAGO ci sorprese protetti in una CIOTOLA, quasi un MEZZO UOVO che alla fine divent\u00f2 un PAPAVERO. Nel fondo del lago apparvero CONCHIGLIE e OSSA, mentre vicino galleggiava un CIGNO.<\/p>\n<p>All\u2019orizzonte apparve allora un CUORE, innalzato nella mano. Ci era offerto per farci percepire <span style=\"font-size: 1.2em; text-align: var(--text-align);\">l\u2019AFFETTO che avremmo potuto sentire con le nostre dita per trovare la vita nelle sue impronte. E cos\u00ec <\/span><span style=\"font-size: 1.2em; text-align: var(--text-align);\">l\u2019affetto ci condusse alla MADRE.<\/span><\/p>\n<p>Il lago e la ciotola sono ormai lontani. Camminiamo con fatica cercando il miglior sentiero, carichi di ricordi che lasciamo uno dopo l\u2019altro e ci fermiamo quando, forse esausti, arriviamo alla MONTAGNA&#8230;e la guardiamo, la delineiamo con le dita e ricordiamo&#8230;\u00e8 come se tutto il nostro cammino fosse da lei contenuto.<\/p>\n<p>Nella pianura, alcune GOCCE e SPRUZZI che formano CELLULE e&#8230; capovolgendo tutto&#8230;appare un VOLTO che ci conduce al suo interiore, al CERVELLO per farci entrare nella prigione del pensiero che accentra tutto con i suoi spietati obbiettivi e &#8230;capovolgendo tutto di nuovo&#8230;aldil\u00e0 del cervello e del volto, scopriamo ONDE di VENTO che ci conducono alla LIBERT\u00c0 rivelandoci FARFALLE e PESCI.<\/p>\n<p>Qualcuno solo ascolta e ce lo dice mostrandoci un ORECCHIO, mentre sorge dalla terra un VERME, quasi un SERPENTE, che \u00e8 la met\u00e0 speculare di qualcosa che unito alla sua origine rivela il profilo disegnato di un cuore, e forse anche altro. Ci rendiamo conto allora che non sappiamo quello che abbiamo fatto&#8230;<\/p>\n<p>Attraversando ora un MARE che contiene una FACCIA, CORPO e LIBERT\u00c0, ci incontriamo con MARIA MADRE.<\/p>\n<p>Nel gesto che ripetutamente mette la materia verso l\u2019interno, tocchiamo e vediamo il BAMBINO GES\u00d9 che <span style=\"font-size: 1.2em; text-align: var(--text-align);\">dalla sua protezione risorge dopo ogni movimento. TENEREZZA e&#8230;ancora capovolgendo tutto&#8230;appare una ROCCIA, immobile, perenne. MADRE, nutrita di ricordi di tenerezza in un ABBRACCIO che ci rivela come in lei sono contenute tutte le ENERGIE del momento.<\/span><\/p>\n<p>Alla fine, torniamo a navigare nella ciotola portando con noi tutte le forme per conservare, nel silenzio del freddo, il mistero di ognuna che solo i loro autori possono rivelare.<\/p>\n<\/blockquote>\n\t\t\t\t\t\t\t\t<\/div>\n\t\t\t\t<\/div>\n\t\t\t\t<\/div>\n\t\t<div class=\"elementor-element elementor-element-328cbb3 e-con-full e-flex e-con e-parent\" data-id=\"328cbb3\" data-element_type=\"container\">\n\t\t\t\t<div class=\"elementor-element elementor-element-2ce09cb elementor-widget elementor-widget-text-editor\" data-id=\"2ce09cb\" data-element_type=\"widget\" data-widget_type=\"text-editor.default\">\n\t\t\t\t<div class=\"elementor-widget-container\">\n\t\t\t\t\t\t\t\t\t<blockquote>\n<p><strong>MADRE<\/strong><\/p>\n<p>La \u201ctempestad\u201d en el LAGO nos sorprendi\u00f3 estando amparados en un CUENCO, casi un MEDIO HUEVO que acab\u00f3 convirti\u00e9ndose en una AMAPOLA. En el fondo del lago aparecieron CARACOLAS y HUESOS, mientras cerca flotaba un CISNE.<\/p>\n<p>En el horizonte apareci\u00f3 entonces un CORAZ\u00d3N elevado en la mano. Nos era ofrecido para hacernos percibir el CARI\u00d1O que hubi\u00e9ramos podido sentir con nuestros dedos para encontrar la vida en sus huellas. Y as\u00ed el cari\u00f1o nos condujo a la MADRE.<\/p>\n<p>El lago y el cuenco ya quedan lejos. Caminamos con esfuerzo buscando el mejor sendero, cargamos con recuerdos que vamos dejando uno tras otro y nos paramos cuando, quiz\u00e1s exhaustos, llegamos a la MONTA\u00d1A&#8230;y la miramos, la contorneamos con los dedos y recordamos&#8230;es como si todo nuestro andar estuviera metido en ella.<\/p>\n<p>En la llanura unas GOTAS, unas SALPICADURAS que forman C\u00c9LULAS y&#8230;d\u00e1ndole la vuelta&#8230;aparece una CARA que nos conduce a su interior, al CEREBRO para que entremos en la prisi\u00f3n del pensamiento que lo centra todo con sus despiadados objetivos y&#8230; d\u00e1ndole de nuevo la vuelta&#8230; m\u00e1s all\u00e1 del cerebro y de la cara, descubrimos OLAS de VIENTO que nos llevan a la libertad revel\u00e1ndose MARIPOSAS y PECES.<\/p>\n<p>Alguien, tan s\u00f3lo escucha y nos lo dice mostr\u00e1ndonos una OREJA, mientras surge de la tierra un GUSANO, casi una SERPIENTE que es la mitad especular de algo que unido a su origen revela ser el perfil dibujado de un coraz\u00f3n y m\u00e1s cosas quiz\u00e1s. Nos damos entonces cuenta de que no sabemos lo que hemos hecho&#8230;<\/p>\n<p>Atravesando ahora un MAR que contiene ROSTRO, CUERPO y LIBERTAD nos encontramos con MARIA MADRE. En el gesto que vuelve a meter, una y otra vez, la materia para dentro, tocamos y vemos al NI\u00d1O JES\u00daS que desde su amparo resurge despu\u00e9s de cada movimiento. TERNURA y&#8230; d\u00e1ndole la vuelta&#8230;aparece una ROCA, inamovible, perenne. MADRE, alimentada de recuerdos de TERNURA en un ABRAZO que nos revela c\u00f3mo en ella est\u00e1n contenidas todas las ENERG\u00cdAS del momento.<\/p>\n<p>Al final, volvemos a navegar en el CUENCO llev\u00e1ndonos todas las formas para guardar, en el silencio del fr\u00edo, el misterio de cada una de ellas que s\u00f3lo sus autores pueden revelar.<\/p>\n<\/blockquote>\n\t\t\t\t\t\t\t\t<\/div>\n\t\t\t\t<\/div>\n\t\t\t\t<\/div>\n\t\t\t\t\t<\/div>\n\t\t\t\t<\/div>\n\t\t\t\t<\/div>\n\t\t","protected":false},"excerpt":{"rendered":"<p>MARIA MADRE MANIMATERIA https:\/\/vimeo.com\/91443539 MARIA MADRE &#8211; un&#8217;esperienza di creativit\u00e0 collettiva COLEGIO PUREZA DE MARIA &#8211; Sant Cugat del Vall\u00e8s &#8211; Barcellona, dicembre 2015 Invitato dalle Sorelle della Congregazione PUREZA DE MARIA, Guido Dettoni propone l\u2019esperienza MANIMATERIA MARIA MADRE, indirizzata a sedici alunni, tra i 16 e i 17 anni, del secondo anno di maturit\u00e0 &#8230; <\/p>\n<p class=\"read-more-container\"><a title=\"Maria Madre\" class=\"read-more button\" href=\"https:\/\/guidodettoni.com\/it\/manimateria\/maria-madre\/#more-20717\" aria-label=\"More on Maria Madre\">Leggi tutto<\/a><\/p>\n","protected":false},"author":13,"featured_media":20371,"parent":18667,"menu_order":3,"comment_status":"closed","ping_status":"closed","template":"","meta":{"_acf_changed":false,"footnotes":""},"class_list":["post-20717","page","type-page","status-publish","has-post-thumbnail"],"acf":[],"yoast_head":"<!-- This site is optimized with the Yoast SEO plugin v24.4 - https:\/\/yoast.com\/wordpress\/plugins\/seo\/ -->\n<title>Maria Madre &#8226; Guido Dettoni della Grazia della Grazia<\/title>\n<meta name=\"description\" content=\"un&#039;esperienza MANIMATERIA rivolta a sedici alunni, tra i 16 e i 17 anni, del secondo anno di scuola superiore, ...\" \/>\n<meta name=\"robots\" content=\"index, follow, max-snippet:-1, max-image-preview:large, max-video-preview:-1\" \/>\n<link rel=\"canonical\" href=\"https:\/\/guidodettoni.com\/it\/manimateria\/maria-madre\/\" \/>\n<meta property=\"og:locale\" content=\"it_IT\" \/>\n<meta property=\"og:type\" content=\"article\" \/>\n<meta property=\"og:title\" content=\"Maria Madre &#8226; Guido Dettoni della Grazia della Grazia\" \/>\n<meta property=\"og:description\" content=\"un&#039;esperienza MANIMATERIA rivolta a sedici alunni, tra i 16 e i 17 anni, del secondo anno di scuola superiore, ...\" \/>\n<meta property=\"og:url\" content=\"https:\/\/guidodettoni.com\/it\/manimateria\/maria-madre\/\" \/>\n<meta property=\"og:site_name\" content=\"Guido Dettoni della Grazia\" \/>\n<meta property=\"article:publisher\" content=\"https:\/\/www.facebook.com\/mostramaria\" \/>\n<meta property=\"article:modified_time\" content=\"2024-02-13T21:22:34+00:00\" \/>\n<meta property=\"og:image\" content=\"https:\/\/guidodettoni.com\/wp-content\/uploads\/2023\/06\/featured-hm.jpg\" \/>\n\t<meta property=\"og:image:width\" content=\"300\" \/>\n\t<meta property=\"og:image:height\" content=\"300\" \/>\n\t<meta property=\"og:image:type\" content=\"image\/jpeg\" \/>\n<meta name=\"twitter:card\" content=\"summary_large_image\" \/>\n<meta name=\"twitter:label1\" content=\"Tempo di lettura stimato\" \/>\n\t<meta name=\"twitter:data1\" content=\"3 minuti\" \/>\n<script type=\"application\/ld+json\" class=\"yoast-schema-graph\">{\"@context\":\"https:\/\/schema.org\",\"@graph\":[{\"@type\":\"WebPage\",\"@id\":\"https:\/\/guidodettoni.com\/it\/manimateria\/maria-madre\/\",\"url\":\"https:\/\/guidodettoni.com\/it\/manimateria\/maria-madre\/\",\"name\":\"Maria Madre &#8226; Guido Dettoni della Grazia della Grazia\",\"isPartOf\":{\"@id\":\"https:\/\/guidodettoni.com\/it\/#website\"},\"primaryImageOfPage\":{\"@id\":\"https:\/\/guidodettoni.com\/it\/manimateria\/maria-madre\/#primaryimage\"},\"image\":{\"@id\":\"https:\/\/guidodettoni.com\/it\/manimateria\/maria-madre\/#primaryimage\"},\"thumbnailUrl\":\"https:\/\/guidodettoni.com\/wp-content\/uploads\/2023\/06\/featured-hm.jpg\",\"datePublished\":\"2023-06-28T19:13:31+00:00\",\"dateModified\":\"2024-02-13T21:22:34+00:00\",\"description\":\"un'esperienza MANIMATERIA rivolta a sedici alunni, tra i 16 e i 17 anni, del secondo anno di scuola superiore, ...\",\"breadcrumb\":{\"@id\":\"https:\/\/guidodettoni.com\/it\/manimateria\/maria-madre\/#breadcrumb\"},\"inLanguage\":\"it-IT\",\"potentialAction\":[{\"@type\":\"ReadAction\",\"target\":[\"https:\/\/guidodettoni.com\/it\/manimateria\/maria-madre\/\"]}]},{\"@type\":\"ImageObject\",\"inLanguage\":\"it-IT\",\"@id\":\"https:\/\/guidodettoni.com\/it\/manimateria\/maria-madre\/#primaryimage\",\"url\":\"https:\/\/guidodettoni.com\/wp-content\/uploads\/2023\/06\/featured-hm.jpg\",\"contentUrl\":\"https:\/\/guidodettoni.com\/wp-content\/uploads\/2023\/06\/featured-hm.jpg\",\"width\":300,\"height\":300},{\"@type\":\"BreadcrumbList\",\"@id\":\"https:\/\/guidodettoni.com\/it\/manimateria\/maria-madre\/#breadcrumb\",\"itemListElement\":[{\"@type\":\"ListItem\",\"position\":1,\"name\":\"HOME\",\"item\":\"https:\/\/guidodettoni.com\/it\/home\/\"},{\"@type\":\"ListItem\",\"position\":2,\"name\":\"MANIMATERIA\",\"item\":\"https:\/\/guidodettoni.com\/it\/manimateria\/\"},{\"@type\":\"ListItem\",\"position\":3,\"name\":\"Maria Madre\"}]},{\"@type\":\"WebSite\",\"@id\":\"https:\/\/guidodettoni.com\/it\/#website\",\"url\":\"https:\/\/guidodettoni.com\/it\/\",\"name\":\"Guido Dettoni della Grazia\",\"description\":\"Guido Dettoni\u2019s works of art and projects\",\"publisher\":{\"@id\":\"https:\/\/guidodettoni.com\/it\/#organization\"},\"potentialAction\":[{\"@type\":\"SearchAction\",\"target\":{\"@type\":\"EntryPoint\",\"urlTemplate\":\"https:\/\/guidodettoni.com\/it\/?s={search_term_string}\"},\"query-input\":{\"@type\":\"PropertyValueSpecification\",\"valueRequired\":true,\"valueName\":\"search_term_string\"}}],\"inLanguage\":\"it-IT\"},{\"@type\":\"Organization\",\"@id\":\"https:\/\/guidodettoni.com\/it\/#organization\",\"name\":\"NESHERGALLERY\",\"url\":\"https:\/\/guidodettoni.com\/it\/\",\"logo\":{\"@type\":\"ImageObject\",\"inLanguage\":\"it-IT\",\"@id\":\"https:\/\/guidodettoni.com\/it\/#\/schema\/logo\/image\/\",\"url\":\"https:\/\/guidodettoni.com\/wp-content\/uploads\/2020\/05\/nesher-gallery-logo-1.png\",\"contentUrl\":\"https:\/\/guidodettoni.com\/wp-content\/uploads\/2020\/05\/nesher-gallery-logo-1.png\",\"width\":200,\"height\":200,\"caption\":\"NESHERGALLERY\"},\"image\":{\"@id\":\"https:\/\/guidodettoni.com\/it\/#\/schema\/logo\/image\/\"},\"sameAs\":[\"https:\/\/www.facebook.com\/mostramaria\",\"https:\/\/www.instagram.com\/mariaescultura\/\",\"https:\/\/www.youtube.com\/user\/nesherorg\"]}]}<\/script>\n<!-- \/ Yoast SEO plugin. -->","yoast_head_json":{"title":"Maria Madre &#8226; Guido Dettoni della Grazia della Grazia","description":"un'esperienza MANIMATERIA rivolta a sedici alunni, tra i 16 e i 17 anni, del secondo anno di scuola superiore, ...","robots":{"index":"index","follow":"follow","max-snippet":"max-snippet:-1","max-image-preview":"max-image-preview:large","max-video-preview":"max-video-preview:-1"},"canonical":"https:\/\/guidodettoni.com\/it\/manimateria\/maria-madre\/","og_locale":"it_IT","og_type":"article","og_title":"Maria Madre &#8226; Guido Dettoni della Grazia della Grazia","og_description":"un'esperienza MANIMATERIA rivolta a sedici alunni, tra i 16 e i 17 anni, del secondo anno di scuola superiore, ...","og_url":"https:\/\/guidodettoni.com\/it\/manimateria\/maria-madre\/","og_site_name":"Guido Dettoni della Grazia","article_publisher":"https:\/\/www.facebook.com\/mostramaria","article_modified_time":"2024-02-13T21:22:34+00:00","og_image":[{"width":300,"height":300,"url":"https:\/\/guidodettoni.com\/wp-content\/uploads\/2023\/06\/featured-hm.jpg","type":"image\/jpeg"}],"twitter_card":"summary_large_image","twitter_misc":{"Tempo di lettura stimato":"3 minuti"},"schema":{"@context":"https:\/\/schema.org","@graph":[{"@type":"WebPage","@id":"https:\/\/guidodettoni.com\/it\/manimateria\/maria-madre\/","url":"https:\/\/guidodettoni.com\/it\/manimateria\/maria-madre\/","name":"Maria Madre &#8226; Guido Dettoni della Grazia della Grazia","isPartOf":{"@id":"https:\/\/guidodettoni.com\/it\/#website"},"primaryImageOfPage":{"@id":"https:\/\/guidodettoni.com\/it\/manimateria\/maria-madre\/#primaryimage"},"image":{"@id":"https:\/\/guidodettoni.com\/it\/manimateria\/maria-madre\/#primaryimage"},"thumbnailUrl":"https:\/\/guidodettoni.com\/wp-content\/uploads\/2023\/06\/featured-hm.jpg","datePublished":"2023-06-28T19:13:31+00:00","dateModified":"2024-02-13T21:22:34+00:00","description":"un'esperienza MANIMATERIA rivolta a sedici alunni, tra i 16 e i 17 anni, del secondo anno di scuola superiore, ...","breadcrumb":{"@id":"https:\/\/guidodettoni.com\/it\/manimateria\/maria-madre\/#breadcrumb"},"inLanguage":"it-IT","potentialAction":[{"@type":"ReadAction","target":["https:\/\/guidodettoni.com\/it\/manimateria\/maria-madre\/"]}]},{"@type":"ImageObject","inLanguage":"it-IT","@id":"https:\/\/guidodettoni.com\/it\/manimateria\/maria-madre\/#primaryimage","url":"https:\/\/guidodettoni.com\/wp-content\/uploads\/2023\/06\/featured-hm.jpg","contentUrl":"https:\/\/guidodettoni.com\/wp-content\/uploads\/2023\/06\/featured-hm.jpg","width":300,"height":300},{"@type":"BreadcrumbList","@id":"https:\/\/guidodettoni.com\/it\/manimateria\/maria-madre\/#breadcrumb","itemListElement":[{"@type":"ListItem","position":1,"name":"HOME","item":"https:\/\/guidodettoni.com\/it\/home\/"},{"@type":"ListItem","position":2,"name":"MANIMATERIA","item":"https:\/\/guidodettoni.com\/it\/manimateria\/"},{"@type":"ListItem","position":3,"name":"Maria Madre"}]},{"@type":"WebSite","@id":"https:\/\/guidodettoni.com\/it\/#website","url":"https:\/\/guidodettoni.com\/it\/","name":"Guido Dettoni della Grazia","description":"Guido Dettoni\u2019s works of art and projects","publisher":{"@id":"https:\/\/guidodettoni.com\/it\/#organization"},"potentialAction":[{"@type":"SearchAction","target":{"@type":"EntryPoint","urlTemplate":"https:\/\/guidodettoni.com\/it\/?s={search_term_string}"},"query-input":{"@type":"PropertyValueSpecification","valueRequired":true,"valueName":"search_term_string"}}],"inLanguage":"it-IT"},{"@type":"Organization","@id":"https:\/\/guidodettoni.com\/it\/#organization","name":"NESHERGALLERY","url":"https:\/\/guidodettoni.com\/it\/","logo":{"@type":"ImageObject","inLanguage":"it-IT","@id":"https:\/\/guidodettoni.com\/it\/#\/schema\/logo\/image\/","url":"https:\/\/guidodettoni.com\/wp-content\/uploads\/2020\/05\/nesher-gallery-logo-1.png","contentUrl":"https:\/\/guidodettoni.com\/wp-content\/uploads\/2020\/05\/nesher-gallery-logo-1.png","width":200,"height":200,"caption":"NESHERGALLERY"},"image":{"@id":"https:\/\/guidodettoni.com\/it\/#\/schema\/logo\/image\/"},"sameAs":["https:\/\/www.facebook.com\/mostramaria","https:\/\/www.instagram.com\/mariaescultura\/","https:\/\/www.youtube.com\/user\/nesherorg"]}]}},"_links":{"self":[{"href":"https:\/\/guidodettoni.com\/it\/wp-json\/wp\/v2\/pages\/20717","targetHints":{"allow":["GET"]}}],"collection":[{"href":"https:\/\/guidodettoni.com\/it\/wp-json\/wp\/v2\/pages"}],"about":[{"href":"https:\/\/guidodettoni.com\/it\/wp-json\/wp\/v2\/types\/page"}],"author":[{"embeddable":true,"href":"https:\/\/guidodettoni.com\/it\/wp-json\/wp\/v2\/users\/13"}],"replies":[{"embeddable":true,"href":"https:\/\/guidodettoni.com\/it\/wp-json\/wp\/v2\/comments?post=20717"}],"version-history":[{"count":9,"href":"https:\/\/guidodettoni.com\/it\/wp-json\/wp\/v2\/pages\/20717\/revisions"}],"predecessor-version":[{"id":23317,"href":"https:\/\/guidodettoni.com\/it\/wp-json\/wp\/v2\/pages\/20717\/revisions\/23317"}],"up":[{"embeddable":true,"href":"https:\/\/guidodettoni.com\/it\/wp-json\/wp\/v2\/pages\/18667"}],"wp:featuredmedia":[{"embeddable":true,"href":"https:\/\/guidodettoni.com\/it\/wp-json\/wp\/v2\/media\/20371"}],"wp:attachment":[{"href":"https:\/\/guidodettoni.com\/it\/wp-json\/wp\/v2\/media?parent=20717"}],"curies":[{"name":"wp","href":"https:\/\/api.w.org\/{rel}","templated":true}]}}