{"id":17397,"date":"2023-05-22T17:28:43","date_gmt":"2023-05-22T15:28:43","guid":{"rendered":"https:\/\/guidodettoni.com\/?page_id=17397"},"modified":"2023-05-30T15:28:54","modified_gmt":"2023-05-30T13:28:54","slug":"porgere-l-altra-guancia","status":"publish","type":"page","link":"https:\/\/guidodettoni.com\/it\/sculture\/porgere-l-altra-guancia\/","title":{"rendered":"PORGERE L&#8217;ALTRA GUANCIA"},"content":{"rendered":"\t\t<div data-elementor-type=\"wp-page\" data-elementor-id=\"17397\" class=\"elementor elementor-17397 elementor-17396\" data-elementor-post-type=\"page\">\n\t\t\t\t\t\t<section class=\"elementor-section elementor-top-section elementor-element elementor-element-a509080 elementor-section-boxed elementor-section-height-default elementor-section-height-default\" data-id=\"a509080\" data-element_type=\"section\">\n\t\t\t\t\t\t<div class=\"elementor-container elementor-column-gap-default\">\n\t\t\t\t\t<div class=\"elementor-column elementor-col-100 elementor-top-column elementor-element elementor-element-bdfb3e3\" data-id=\"bdfb3e3\" data-element_type=\"column\">\n\t\t\t<div class=\"elementor-widget-wrap elementor-element-populated\">\n\t\t\t\t\t\t<div class=\"elementor-element elementor-element-c5dd11b elementor-widget elementor-widget-breadcrumbs\" data-id=\"c5dd11b\" data-element_type=\"widget\" data-widget_type=\"breadcrumbs.default\">\n\t\t\t\t<div class=\"elementor-widget-container\">\n\t\t\t\t\t<p id=\"breadcrumbs\"><span><span><a href=\"https:\/\/guidodettoni.com\/it\/home\/\">HOME<\/a><\/span><\/span><\/p>\t\t\t\t<\/div>\n\t\t\t\t<\/div>\n\t\t\t\t\t<\/div>\n\t\t<\/div>\n\t\t\t\t\t<\/div>\n\t\t<\/section>\n\t\t\t\t<section class=\"elementor-section elementor-top-section elementor-element elementor-element-6be4be1 elementor-section-boxed elementor-section-height-default elementor-section-height-default\" data-id=\"6be4be1\" data-element_type=\"section\" id=\"aproach\">\n\t\t\t\t\t\t<div class=\"elementor-container elementor-column-gap-default\">\n\t\t\t\t\t<div class=\"elementor-column elementor-col-100 elementor-top-column elementor-element elementor-element-7a9b7cd\" data-id=\"7a9b7cd\" data-element_type=\"column\">\n\t\t\t<div class=\"elementor-widget-wrap elementor-element-populated\">\n\t\t\t\t\t\t<div class=\"elementor-element elementor-element-11b4700 elementor-widget elementor-widget-heading\" data-id=\"11b4700\" data-element_type=\"widget\" data-widget_type=\"heading.default\">\n\t\t\t\t<div class=\"elementor-widget-container\">\n\t\t\t\t\t<h1 class=\"elementor-heading-title elementor-size-default\">PORGERE L'ALTRA GUANCIA<\/h1>\t\t\t\t<\/div>\n\t\t\t\t<\/div>\n\t\t\t\t<div class=\"elementor-element elementor-element-78d8fc8 elementor-arrows-position-inside elementor-widget elementor-widget-image-carousel\" data-id=\"78d8fc8\" data-element_type=\"widget\" data-settings=\"{&quot;slides_to_show&quot;:&quot;4&quot;,&quot;slides_to_show_tablet&quot;:&quot;3&quot;,&quot;slides_to_show_mobile&quot;:&quot;1&quot;,&quot;slides_to_scroll&quot;:&quot;1&quot;,&quot;navigation&quot;:&quot;arrows&quot;,&quot;autoplay&quot;:&quot;yes&quot;,&quot;pause_on_hover&quot;:&quot;yes&quot;,&quot;pause_on_interaction&quot;:&quot;yes&quot;,&quot;autoplay_speed&quot;:5000,&quot;infinite&quot;:&quot;yes&quot;,&quot;speed&quot;:500}\" data-widget_type=\"image-carousel.default\">\n\t\t\t\t<div class=\"elementor-widget-container\">\n\t\t\t\t\t\t\t<div class=\"elementor-image-carousel-wrapper swiper\" role=\"region\" aria-roledescription=\"carousel\" aria-label=\"Carosello d&#039;immagini\" dir=\"ltr\">\n\t\t\t<div class=\"elementor-image-carousel swiper-wrapper\" aria-live=\"off\">\n\t\t\t\t\t\t\t\t<div class=\"swiper-slide\" role=\"group\" aria-roledescription=\"slide\" aria-label=\"1 di 4\"><a data-elementor-open-lightbox=\"yes\" data-elementor-lightbox-slideshow=\"78d8fc8\" data-elementor-lightbox-description=\"TURN THE OTHER CHEEK\" data-e-action-hash=\"#elementor-action%3Aaction%3Dlightbox%26settings%3DeyJpZCI6MTc0MDQsInVybCI6Imh0dHBzOlwvXC9ndWlkb2RldHRvbmkuY29tXC93cC1jb250ZW50XC91cGxvYWRzXC8yMDIzXC8wNVwvZ3VpZG8tZGV0dG9uaS1vdGhlci1jaGVlay0wMS5qcGciLCJzbGlkZXNob3ciOiI3OGQ4ZmM4In0%3D\" href=\"https:\/\/guidodettoni.com\/wp-content\/uploads\/2023\/05\/guido-dettoni-other-cheek-01.jpg\"><figure class=\"swiper-slide-inner\"><img decoding=\"async\" class=\"swiper-slide-image\" src=\"https:\/\/guidodettoni.com\/wp-content\/uploads\/2023\/05\/guido-dettoni-other-cheek-01-300x300.jpg\" alt=\"TURN THE OTHER CHEEK\" \/><\/figure><\/a><\/div><div class=\"swiper-slide\" role=\"group\" aria-roledescription=\"slide\" aria-label=\"2 di 4\"><a data-elementor-open-lightbox=\"yes\" data-elementor-lightbox-slideshow=\"78d8fc8\" data-elementor-lightbox-description=\"TURN THE OTHER CHEEK\" data-e-action-hash=\"#elementor-action%3Aaction%3Dlightbox%26settings%3DeyJpZCI6MTc0MDksInVybCI6Imh0dHBzOlwvXC9ndWlkb2RldHRvbmkuY29tXC93cC1jb250ZW50XC91cGxvYWRzXC8yMDIzXC8wNVwvZ3VpZG8tZGV0dG9uaS1vdGhlci1jaGVlay0wMi5qcGciLCJzbGlkZXNob3ciOiI3OGQ4ZmM4In0%3D\" href=\"https:\/\/guidodettoni.com\/wp-content\/uploads\/2023\/05\/guido-dettoni-other-cheek-02.jpg\"><figure class=\"swiper-slide-inner\"><img decoding=\"async\" class=\"swiper-slide-image\" src=\"https:\/\/guidodettoni.com\/wp-content\/uploads\/2023\/05\/guido-dettoni-other-cheek-02-300x300.jpg\" alt=\"TURN THE OTHER CHEEK\" \/><\/figure><\/a><\/div><div class=\"swiper-slide\" role=\"group\" aria-roledescription=\"slide\" aria-label=\"3 di 4\"><a data-elementor-open-lightbox=\"yes\" data-elementor-lightbox-slideshow=\"78d8fc8\" data-elementor-lightbox-description=\"TURN THE OTHER CHEEK\" data-e-action-hash=\"#elementor-action%3Aaction%3Dlightbox%26settings%3DeyJpZCI6MTc0MTQsInVybCI6Imh0dHBzOlwvXC9ndWlkb2RldHRvbmkuY29tXC93cC1jb250ZW50XC91cGxvYWRzXC8yMDIzXC8wNVwvZ3VpZG8tZGV0dG9uaS1vdGhlci1jaGVlay0wMy5qcGciLCJzbGlkZXNob3ciOiI3OGQ4ZmM4In0%3D\" href=\"https:\/\/guidodettoni.com\/wp-content\/uploads\/2023\/05\/guido-dettoni-other-cheek-03.jpg\"><figure class=\"swiper-slide-inner\"><img decoding=\"async\" class=\"swiper-slide-image\" src=\"https:\/\/guidodettoni.com\/wp-content\/uploads\/2023\/05\/guido-dettoni-other-cheek-03-300x300.jpg\" alt=\"TURN THE OTHER CHEEK\" \/><\/figure><\/a><\/div><div class=\"swiper-slide\" role=\"group\" aria-roledescription=\"slide\" aria-label=\"4 di 4\"><a data-elementor-open-lightbox=\"yes\" data-elementor-lightbox-slideshow=\"78d8fc8\" data-elementor-lightbox-description=\"TURN THE OTHER CHEEK\" data-e-action-hash=\"#elementor-action%3Aaction%3Dlightbox%26settings%3DeyJpZCI6MTc0MTksInVybCI6Imh0dHBzOlwvXC9ndWlkb2RldHRvbmkuY29tXC93cC1jb250ZW50XC91cGxvYWRzXC8yMDIzXC8wNVwvZ3VpZG8tZGV0dG9uaS1vdGhlci1jaGVlay0wNC5qcGciLCJzbGlkZXNob3ciOiI3OGQ4ZmM4In0%3D\" href=\"https:\/\/guidodettoni.com\/wp-content\/uploads\/2023\/05\/guido-dettoni-other-cheek-04.jpg\"><figure class=\"swiper-slide-inner\"><img decoding=\"async\" class=\"swiper-slide-image\" src=\"https:\/\/guidodettoni.com\/wp-content\/uploads\/2023\/05\/guido-dettoni-other-cheek-04-300x300.jpg\" alt=\"TURN THE OTHER CHEEK\" \/><\/figure><\/a><\/div>\t\t\t<\/div>\n\t\t\t\t\t\t\t\t\t\t\t\t<div class=\"elementor-swiper-button elementor-swiper-button-prev\" role=\"button\" tabindex=\"0\">\n\t\t\t\t\t\t<svg aria-hidden=\"true\" class=\"e-font-icon-svg e-eicon-chevron-left\" viewBox=\"0 0 1000 1000\" xmlns=\"http:\/\/www.w3.org\/2000\/svg\"><path d=\"M646 125C629 125 613 133 604 142L308 442C296 454 292 471 292 487 292 504 296 521 308 533L604 854C617 867 629 875 646 875 663 875 679 871 692 858 704 846 713 829 713 812 713 796 708 779 692 767L438 487 692 225C700 217 708 204 708 187 708 171 704 154 692 142 675 129 663 125 646 125Z\"><\/path><\/svg>\t\t\t\t\t<\/div>\n\t\t\t\t\t<div class=\"elementor-swiper-button elementor-swiper-button-next\" role=\"button\" tabindex=\"0\">\n\t\t\t\t\t\t<svg aria-hidden=\"true\" class=\"e-font-icon-svg e-eicon-chevron-right\" viewBox=\"0 0 1000 1000\" xmlns=\"http:\/\/www.w3.org\/2000\/svg\"><path d=\"M696 533C708 521 713 504 713 487 713 471 708 454 696 446L400 146C388 133 375 125 354 125 338 125 325 129 313 142 300 154 292 171 292 187 292 204 296 221 308 233L563 492 304 771C292 783 288 800 288 817 288 833 296 850 308 863 321 871 338 875 354 875 371 875 388 867 400 854L696 533Z\"><\/path><\/svg>\t\t\t\t\t<\/div>\n\t\t\t\t\n\t\t\t\t\t\t\t\t\t<\/div>\n\t\t\t\t\t\t<\/div>\n\t\t\t\t<\/div>\n\t\t\t\t<div class=\"elementor-element elementor-element-8b6f29c elementor-widget elementor-widget-text-editor\" data-id=\"8b6f29c\" data-element_type=\"widget\" data-widget_type=\"text-editor.default\">\n\t\t\t\t<div class=\"elementor-widget-container\">\n\t\t\t\t\t\t\t\t\t<p>La scultura di Dettoni &#8220;Porgere l&#8217;altra guancia&#8221;. Testo di presentazione della scultura di <strong><a href=\"https:\/\/ca.wikipedia.org\/wiki\/M%C3%ADriam_D%C3%ADez_Bosch\" target=\"_blank\" rel=\"noopener\">Miriam Diez Bosch<\/a><\/strong> pubblicato nel libro: <strong>L&#8217;ULL DE LA VIOLENCIA &#8211; L&#8217;occhio della violenza &#8211;<\/strong>. ISBN:978.84-9136-088-9 &#8211; diversi autori insieme alle immagini della scultura.<\/p>\n<\/p>\n<blockquote>\n<p><strong>La Pace reversibile<\/strong><\/p>\n<h3>Riflessione sull&#8217;opera &#8220;<strong>Porgere l\u2019altra guancia<\/strong>&#8221; di <strong>Guido Dettoni<\/strong>.<\/p>\n<\/h3>\n<h3><strong>M\u00edriam D\u00edez Bosch PhD<br \/><\/strong>Vice decana di Ricerca, Postgrado e Relazioni Internazionali<br \/>Direttrice dell\u2019Osservatorio Blanquerna di Comunicazione, Religione e Cultura &#8211; Barcellona<\/h3>\n<\/p>\n<p>Porgere l&#8217;altra guancia pu\u00f2 diventare un gesto insolente: dove tradizionalmente abbiamo visto la grandezza del cristianesimo, in un mondo privo di riferimenti, pu\u00f2 diventare una provocazione. Mi hai ferito, ti sfido a fare pi\u00f9 guerra. Aristotele distingueva tra movimenti naturali e violenti. Ci sono azioni naturali, come un pezzo di tetto che cade. Cade. Non \u00e8 stato forzato. Cade, ma quando lancio intenzionalmente un sasso, un missile, una parola avvelenata, ecco che compio un esplicito atto di violenza.<\/p>\n<\/p>\n<p><strong>Guido Dettoni<\/strong> \u00e8 un pacifista della materia. Gi\u00e0 con la sua celebre e rivoluzionaria &#8220;<strong>Maria<\/strong>&#8220;, una scultura della Vergine Maria fatta per essere &#8220;toccata&#8221;, ruppe il silenzio e si avventur\u00f2 in un&#8217;insolita tangibilit\u00e0 mariana. Ora, con la scultura &#8220;<strong>Porgere l&#8217;altra guancia<\/strong>&#8220;, traccia quel filo pacifico ma dinamico che caratterizza il suo lavoro. La pace non \u00e8 uno stato di incoscienza, ma il risultato di una tensione, di una rinuncia, di un contenimento. In una scultura, senza contenimento, continueremmo ad avere pezzi di materia amorfa. \u00c8 nella sensibilit\u00e0 e nella limitazione che si realizza il pezzo.<\/p>\n<\/p>\n<p>Il volto che Dettoni ci offre non \u00e8 completo, perch\u00e9 la violenza lascia sempre la parzialit\u00e0. Se spostiamo questa faccia, c&#8217;\u00e8 un angolo da cui ci accenna a un sorriso. Smascherare la violenza, spesso celata sotto parametri di autodifesa, \u00e8 pi\u00f9 facile con un sorriso. Questa scultura non \u00e8 violenta. Ci\u00f2 nonostante, ci getta nello spazio in cui la violenza \u00e8 possibile. Pu\u00f2 sempre esserci un gesto violento che spazza via una situazione irenica. Da un momento all&#8217;altro, la violenza, che \u00e8 figlia della natura e scava la sua tana nelle viscere del pi\u00f9 umano, s\u2019infiltra.<\/p>\n<\/p>\n<p>Porgere l&#8217;altra guancia per Guido Dettoni \u00e8 seguire l&#8217;esortazione di Ges\u00f9 che chiede di accogliere l&#8217;aggressore per rinunciare alla vendetta e ad ogni violenza. Nel Vangelo leggiamo che se qualcuno ti colpisce sulla guancia destra, porgi anche l&#8217;altra (Matteo 5:39). L&#8217;artista, con questa scultura, ha voluto dire visivamente e tattilmente, come interpreta questa frase del Vangelo. Ha modellato un oggetto a grandezza delle mani che rappresenta un volto in cui la met\u00e0 sinistra perde il rilievo anatomico del volto per accogliere il palmo della mano che ne colpisce la guancia e, inevitabilmente, la prende facendola suo. \u00c8 un movimento che afferra senza lasciare andare, che si completa mentre si svuota.<\/p>\n<\/p>\n<p>La richiesta di Ges\u00f9 non \u00e8 cosa facile. Chiede di porgere l&#8217;altra guancia. Dettoni vede, nell&#8217;atto di colpire una seconda volta, la consapevolezza della prima violenza esercitata.<\/p>\n<p>Il volto, condensazione di tutta la persona, \u00e8 accolto ed \u00e8 la mano che, colpendolo, lo prende. Guido Dettoni ritiene che l&#8217;esortazione di Ges\u00f9 indichi un cammino di pace basato sulla comprensione del nostro gesto che pu\u00f2 portare all&#8217;empatia: &#8220;Fallo di nuovo, colpiscimi ancora, cos\u00ec capirai quello che hai fatto!&#8221;. Al male non si risponde con il male ma con un atto rivoluzionario come amare il nemico. Risposta che colpisce in pieno e destabilizza le leggi del taglione e della vendetta. Cristianesimo in stato puro. La materialit\u00e0 di questa guancia ferma, presentata da Dettoni \u00e8 un invito a sopportare il polso della pace, una pace che non arriva fermando il colpo, ma creando le condizioni per la possibilit\u00e0 di un altro colpo.<\/p>\n<p>Ed \u00e8 forse qui, in questo disarmarsi, che l&#8217;aggressore pu\u00f2 intravedere che il suo atto violento \u00e8 inutile.<\/p>\n<\/p>\n<p>Offrire la guancia \u00e8 offrire il volto, e offrendo il volto si offre l&#8217;anima. Accarezzare la guancia \u00e8 avvicinarsi allo sguardo interiore che tutto percepisce. La guancia \u00e8 l&#8217;incarnazione di questa volont\u00e0 di fare la pace a dispetto della violenza. La scultura parla e distilla una tenue musicalit\u00e0 con vibrazioni, pizzichi. Non \u00e8 una scultura che urla, n\u00e9 \u00e8 una scultura silenziosa. La violenza \u00e8 assordante. La pace che emerge da questa immagine, invece, arriva in sordina.<\/p>\n<\/blockquote>\n\t\t\t\t\t\t\t\t<\/div>\n\t\t\t\t<\/div>\n\t\t\t\t<div class=\"elementor-element elementor-element-613c3c5 elementor-widget elementor-widget-text-editor\" data-id=\"613c3c5\" data-element_type=\"widget\" data-widget_type=\"text-editor.default\">\n\t\t\t\t<div class=\"elementor-widget-container\">\n\t\t\t\t\t\t\t\t\t<h4 style=\"text-align: right;\"><a href=\"https:\/\/docs.google.com\/document\/d\/e\/2PACX-1vRafsHqEdpbXwE05IL-08A_r_bGTHJI9BsFX05BnAnCctxoOu9_5CkgF8MjrI0OYPFfVMsz_IogsOSN\/pub\" target=\"_blank\" rel=\"noopener\">Catal\u00e0<\/a> \/ <a href=\"https:\/\/docs.google.com\/document\/d\/e\/2PACX-1vThXJnhuB5HXQ-nRqqca0d6koDxZzvxpJuXVQfUs-jTrsVTHuhkOLl6w7TwxRXPw4ptob-6wVEjQ_E-\/pub\" target=\"_blank\" rel=\"noopener\">Espa\u00f1ol<\/a><\/h4>\n\t\t\t\t\t\t\t\t<\/div>\n\t\t\t\t<\/div>\n\t\t\t\t<div class=\"elementor-element elementor-element-6c11b0b elementor-widget elementor-widget-spacer\" data-id=\"6c11b0b\" data-element_type=\"widget\" data-widget_type=\"spacer.default\">\n\t\t\t\t<div class=\"elementor-widget-container\">\n\t\t\t\t\t\t\t<div class=\"elementor-spacer\">\n\t\t\t<div class=\"elementor-spacer-inner\"><\/div>\n\t\t<\/div>\n\t\t\t\t\t\t<\/div>\n\t\t\t\t<\/div>\n\t\t\t\t\t<\/div>\n\t\t<\/div>\n\t\t\t\t\t<\/div>\n\t\t<\/section>\n\t\t\t\t<\/div>\n\t\t","protected":false},"excerpt":{"rendered":"<p>PORGERE L&#8217;ALTRA GUANCIA Previous image Next image La scultura di Dettoni &#8220;Porgere l&#8217;altra guancia&#8221;. Testo di presentazione della scultura di Miriam Diez Bosch pubblicato nel libro: L&#8217;ULL DE LA VIOLENCIA &#8211; L&#8217;occhio della violenza &#8211;. ISBN:978.84-9136-088-9 &#8211; diversi autori insieme alle immagini della scultura. La Pace reversibile Riflessione sull&#8217;opera &#8220;Porgere l\u2019altra guancia&#8221; di Guido Dettoni. &#8230; <\/p>\n<p class=\"read-more-container\"><a title=\"PORGERE L&#8217;ALTRA GUANCIA\" class=\"read-more button\" href=\"https:\/\/guidodettoni.com\/it\/sculture\/porgere-l-altra-guancia\/#more-17397\" aria-label=\"More on PORGERE L&#8217;ALTRA GUANCIA\">Leggi tutto<\/a><\/p>\n","protected":false},"author":13,"featured_media":16508,"parent":16438,"menu_order":140,"comment_status":"closed","ping_status":"closed","template":"","meta":{"_acf_changed":false,"footnotes":""},"class_list":["post-17397","page","type-page","status-publish","has-post-thumbnail"],"acf":[],"yoast_head":"<!-- This site is optimized with the Yoast SEO plugin v24.4 - https:\/\/yoast.com\/wordpress\/plugins\/seo\/ -->\n<title>PORGERE L&#039;ALTRA GUANCIA &#8226; Guido Dettoni della Grazia<\/title>\n<meta name=\"description\" content=\"PORGERE L&#039;ALTRA GUANCIA sculpture by Guido Dettoni\" \/>\n<meta name=\"robots\" content=\"index, follow, max-snippet:-1, max-image-preview:large, max-video-preview:-1\" \/>\n<link rel=\"canonical\" href=\"https:\/\/guidodettoni.com\/it\/sculture\/porgere-l-altra-guancia\/\" \/>\n<meta property=\"og:locale\" content=\"it_IT\" \/>\n<meta property=\"og:type\" content=\"article\" \/>\n<meta property=\"og:title\" content=\"PORGERE L&#039;ALTRA GUANCIA &#8226; Guido Dettoni della Grazia\" \/>\n<meta property=\"og:description\" content=\"PORGERE L&#039;ALTRA GUANCIA sculpture by Guido Dettoni\" \/>\n<meta property=\"og:url\" content=\"https:\/\/guidodettoni.com\/it\/sculture\/porgere-l-altra-guancia\/\" \/>\n<meta property=\"og:site_name\" content=\"Guido Dettoni della Grazia\" \/>\n<meta property=\"article:publisher\" content=\"https:\/\/www.facebook.com\/mostramaria\" \/>\n<meta property=\"article:modified_time\" content=\"2023-05-30T13:28:54+00:00\" \/>\n<meta property=\"og:image\" content=\"https:\/\/guidodettoni.com\/wp-content\/uploads\/2023\/05\/14-guido-dettoni-other-cheek-00.jpg\" \/>\n\t<meta property=\"og:image:width\" content=\"1080\" \/>\n\t<meta property=\"og:image:height\" content=\"1080\" \/>\n\t<meta property=\"og:image:type\" content=\"image\/jpeg\" \/>\n<meta name=\"twitter:card\" content=\"summary_large_image\" \/>\n<meta name=\"twitter:label1\" content=\"Tempo di lettura stimato\" \/>\n\t<meta name=\"twitter:data1\" content=\"3 minuti\" \/>\n<script type=\"application\/ld+json\" class=\"yoast-schema-graph\">{\"@context\":\"https:\/\/schema.org\",\"@graph\":[{\"@type\":\"WebPage\",\"@id\":\"https:\/\/guidodettoni.com\/it\/sculture\/porgere-l-altra-guancia\/\",\"url\":\"https:\/\/guidodettoni.com\/it\/sculture\/porgere-l-altra-guancia\/\",\"name\":\"PORGERE L'ALTRA GUANCIA &#8226; Guido Dettoni della Grazia\",\"isPartOf\":{\"@id\":\"https:\/\/guidodettoni.com\/it\/#website\"},\"primaryImageOfPage\":{\"@id\":\"https:\/\/guidodettoni.com\/it\/sculture\/porgere-l-altra-guancia\/#primaryimage\"},\"image\":{\"@id\":\"https:\/\/guidodettoni.com\/it\/sculture\/porgere-l-altra-guancia\/#primaryimage\"},\"thumbnailUrl\":\"https:\/\/guidodettoni.com\/wp-content\/uploads\/2023\/05\/14-guido-dettoni-other-cheek-00.jpg\",\"datePublished\":\"2023-05-22T15:28:43+00:00\",\"dateModified\":\"2023-05-30T13:28:54+00:00\",\"description\":\"PORGERE L'ALTRA GUANCIA sculpture by Guido Dettoni\",\"breadcrumb\":{\"@id\":\"https:\/\/guidodettoni.com\/it\/sculture\/porgere-l-altra-guancia\/#breadcrumb\"},\"inLanguage\":\"it-IT\",\"potentialAction\":[{\"@type\":\"ReadAction\",\"target\":[\"https:\/\/guidodettoni.com\/it\/sculture\/porgere-l-altra-guancia\/\"]}]},{\"@type\":\"ImageObject\",\"inLanguage\":\"it-IT\",\"@id\":\"https:\/\/guidodettoni.com\/it\/sculture\/porgere-l-altra-guancia\/#primaryimage\",\"url\":\"https:\/\/guidodettoni.com\/wp-content\/uploads\/2023\/05\/14-guido-dettoni-other-cheek-00.jpg\",\"contentUrl\":\"https:\/\/guidodettoni.com\/wp-content\/uploads\/2023\/05\/14-guido-dettoni-other-cheek-00.jpg\",\"width\":1080,\"height\":1080,\"caption\":\"TURN THE OTHER CHEEK\"},{\"@type\":\"BreadcrumbList\",\"@id\":\"https:\/\/guidodettoni.com\/it\/sculture\/porgere-l-altra-guancia\/#breadcrumb\",\"itemListElement\":[{\"@type\":\"ListItem\",\"position\":1,\"name\":\"HOME\",\"item\":\"https:\/\/guidodettoni.com\/it\/home\/\"},{\"@type\":\"ListItem\",\"position\":2,\"name\":\"SCULTURE\",\"item\":\"https:\/\/guidodettoni.com\/it\/sculture\/\"},{\"@type\":\"ListItem\",\"position\":3,\"name\":\"PORGERE L&#8217;ALTRA GUANCIA\"}]},{\"@type\":\"WebSite\",\"@id\":\"https:\/\/guidodettoni.com\/it\/#website\",\"url\":\"https:\/\/guidodettoni.com\/it\/\",\"name\":\"Guido Dettoni della Grazia\",\"description\":\"Guido Dettoni\u2019s works of art and projects\",\"publisher\":{\"@id\":\"https:\/\/guidodettoni.com\/it\/#organization\"},\"potentialAction\":[{\"@type\":\"SearchAction\",\"target\":{\"@type\":\"EntryPoint\",\"urlTemplate\":\"https:\/\/guidodettoni.com\/it\/?s={search_term_string}\"},\"query-input\":{\"@type\":\"PropertyValueSpecification\",\"valueRequired\":true,\"valueName\":\"search_term_string\"}}],\"inLanguage\":\"it-IT\"},{\"@type\":\"Organization\",\"@id\":\"https:\/\/guidodettoni.com\/it\/#organization\",\"name\":\"NESHERGALLERY\",\"url\":\"https:\/\/guidodettoni.com\/it\/\",\"logo\":{\"@type\":\"ImageObject\",\"inLanguage\":\"it-IT\",\"@id\":\"https:\/\/guidodettoni.com\/it\/#\/schema\/logo\/image\/\",\"url\":\"https:\/\/guidodettoni.com\/wp-content\/uploads\/2020\/05\/nesher-gallery-logo-1.png\",\"contentUrl\":\"https:\/\/guidodettoni.com\/wp-content\/uploads\/2020\/05\/nesher-gallery-logo-1.png\",\"width\":200,\"height\":200,\"caption\":\"NESHERGALLERY\"},\"image\":{\"@id\":\"https:\/\/guidodettoni.com\/it\/#\/schema\/logo\/image\/\"},\"sameAs\":[\"https:\/\/www.facebook.com\/mostramaria\",\"https:\/\/www.instagram.com\/mariaescultura\/\",\"https:\/\/www.youtube.com\/user\/nesherorg\"]}]}<\/script>\n<!-- \/ Yoast SEO plugin. -->","yoast_head_json":{"title":"PORGERE L'ALTRA GUANCIA &#8226; Guido Dettoni della Grazia","description":"PORGERE L'ALTRA GUANCIA sculpture by Guido Dettoni","robots":{"index":"index","follow":"follow","max-snippet":"max-snippet:-1","max-image-preview":"max-image-preview:large","max-video-preview":"max-video-preview:-1"},"canonical":"https:\/\/guidodettoni.com\/it\/sculture\/porgere-l-altra-guancia\/","og_locale":"it_IT","og_type":"article","og_title":"PORGERE L'ALTRA GUANCIA &#8226; Guido Dettoni della Grazia","og_description":"PORGERE L'ALTRA GUANCIA sculpture by Guido Dettoni","og_url":"https:\/\/guidodettoni.com\/it\/sculture\/porgere-l-altra-guancia\/","og_site_name":"Guido Dettoni della Grazia","article_publisher":"https:\/\/www.facebook.com\/mostramaria","article_modified_time":"2023-05-30T13:28:54+00:00","og_image":[{"width":1080,"height":1080,"url":"https:\/\/guidodettoni.com\/wp-content\/uploads\/2023\/05\/14-guido-dettoni-other-cheek-00.jpg","type":"image\/jpeg"}],"twitter_card":"summary_large_image","twitter_misc":{"Tempo di lettura stimato":"3 minuti"},"schema":{"@context":"https:\/\/schema.org","@graph":[{"@type":"WebPage","@id":"https:\/\/guidodettoni.com\/it\/sculture\/porgere-l-altra-guancia\/","url":"https:\/\/guidodettoni.com\/it\/sculture\/porgere-l-altra-guancia\/","name":"PORGERE L'ALTRA GUANCIA &#8226; Guido Dettoni della Grazia","isPartOf":{"@id":"https:\/\/guidodettoni.com\/it\/#website"},"primaryImageOfPage":{"@id":"https:\/\/guidodettoni.com\/it\/sculture\/porgere-l-altra-guancia\/#primaryimage"},"image":{"@id":"https:\/\/guidodettoni.com\/it\/sculture\/porgere-l-altra-guancia\/#primaryimage"},"thumbnailUrl":"https:\/\/guidodettoni.com\/wp-content\/uploads\/2023\/05\/14-guido-dettoni-other-cheek-00.jpg","datePublished":"2023-05-22T15:28:43+00:00","dateModified":"2023-05-30T13:28:54+00:00","description":"PORGERE L'ALTRA GUANCIA sculpture by Guido Dettoni","breadcrumb":{"@id":"https:\/\/guidodettoni.com\/it\/sculture\/porgere-l-altra-guancia\/#breadcrumb"},"inLanguage":"it-IT","potentialAction":[{"@type":"ReadAction","target":["https:\/\/guidodettoni.com\/it\/sculture\/porgere-l-altra-guancia\/"]}]},{"@type":"ImageObject","inLanguage":"it-IT","@id":"https:\/\/guidodettoni.com\/it\/sculture\/porgere-l-altra-guancia\/#primaryimage","url":"https:\/\/guidodettoni.com\/wp-content\/uploads\/2023\/05\/14-guido-dettoni-other-cheek-00.jpg","contentUrl":"https:\/\/guidodettoni.com\/wp-content\/uploads\/2023\/05\/14-guido-dettoni-other-cheek-00.jpg","width":1080,"height":1080,"caption":"TURN THE OTHER CHEEK"},{"@type":"BreadcrumbList","@id":"https:\/\/guidodettoni.com\/it\/sculture\/porgere-l-altra-guancia\/#breadcrumb","itemListElement":[{"@type":"ListItem","position":1,"name":"HOME","item":"https:\/\/guidodettoni.com\/it\/home\/"},{"@type":"ListItem","position":2,"name":"SCULTURE","item":"https:\/\/guidodettoni.com\/it\/sculture\/"},{"@type":"ListItem","position":3,"name":"PORGERE L&#8217;ALTRA GUANCIA"}]},{"@type":"WebSite","@id":"https:\/\/guidodettoni.com\/it\/#website","url":"https:\/\/guidodettoni.com\/it\/","name":"Guido Dettoni della Grazia","description":"Guido Dettoni\u2019s works of art and projects","publisher":{"@id":"https:\/\/guidodettoni.com\/it\/#organization"},"potentialAction":[{"@type":"SearchAction","target":{"@type":"EntryPoint","urlTemplate":"https:\/\/guidodettoni.com\/it\/?s={search_term_string}"},"query-input":{"@type":"PropertyValueSpecification","valueRequired":true,"valueName":"search_term_string"}}],"inLanguage":"it-IT"},{"@type":"Organization","@id":"https:\/\/guidodettoni.com\/it\/#organization","name":"NESHERGALLERY","url":"https:\/\/guidodettoni.com\/it\/","logo":{"@type":"ImageObject","inLanguage":"it-IT","@id":"https:\/\/guidodettoni.com\/it\/#\/schema\/logo\/image\/","url":"https:\/\/guidodettoni.com\/wp-content\/uploads\/2020\/05\/nesher-gallery-logo-1.png","contentUrl":"https:\/\/guidodettoni.com\/wp-content\/uploads\/2020\/05\/nesher-gallery-logo-1.png","width":200,"height":200,"caption":"NESHERGALLERY"},"image":{"@id":"https:\/\/guidodettoni.com\/it\/#\/schema\/logo\/image\/"},"sameAs":["https:\/\/www.facebook.com\/mostramaria","https:\/\/www.instagram.com\/mariaescultura\/","https:\/\/www.youtube.com\/user\/nesherorg"]}]}},"_links":{"self":[{"href":"https:\/\/guidodettoni.com\/it\/wp-json\/wp\/v2\/pages\/17397","targetHints":{"allow":["GET"]}}],"collection":[{"href":"https:\/\/guidodettoni.com\/it\/wp-json\/wp\/v2\/pages"}],"about":[{"href":"https:\/\/guidodettoni.com\/it\/wp-json\/wp\/v2\/types\/page"}],"author":[{"embeddable":true,"href":"https:\/\/guidodettoni.com\/it\/wp-json\/wp\/v2\/users\/13"}],"replies":[{"embeddable":true,"href":"https:\/\/guidodettoni.com\/it\/wp-json\/wp\/v2\/comments?post=17397"}],"version-history":[{"count":5,"href":"https:\/\/guidodettoni.com\/it\/wp-json\/wp\/v2\/pages\/17397\/revisions"}],"predecessor-version":[{"id":17459,"href":"https:\/\/guidodettoni.com\/it\/wp-json\/wp\/v2\/pages\/17397\/revisions\/17459"}],"up":[{"embeddable":true,"href":"https:\/\/guidodettoni.com\/it\/wp-json\/wp\/v2\/pages\/16438"}],"wp:featuredmedia":[{"embeddable":true,"href":"https:\/\/guidodettoni.com\/it\/wp-json\/wp\/v2\/media\/16508"}],"wp:attachment":[{"href":"https:\/\/guidodettoni.com\/it\/wp-json\/wp\/v2\/media?parent=17397"}],"curies":[{"name":"wp","href":"https:\/\/api.w.org\/{rel}","templated":true}]}}