{"id":17088,"date":"2023-05-22T13:05:38","date_gmt":"2023-05-22T11:05:38","guid":{"rendered":"https:\/\/guidodettoni.com\/?page_id=17088"},"modified":"2023-12-15T15:59:41","modified_gmt":"2023-12-15T14:59:41","slug":"senza-fine","status":"publish","type":"page","link":"https:\/\/guidodettoni.com\/it\/sculture\/senza-fine\/","title":{"rendered":"SENZA FINE"},"content":{"rendered":"\t\t<div data-elementor-type=\"wp-page\" data-elementor-id=\"17088\" class=\"elementor elementor-17088 elementor-17087\" data-elementor-post-type=\"page\">\n\t\t\t\t\t\t<section class=\"elementor-section elementor-top-section elementor-element elementor-element-a509080 elementor-section-boxed elementor-section-height-default elementor-section-height-default\" data-id=\"a509080\" data-element_type=\"section\">\n\t\t\t\t\t\t<div class=\"elementor-container elementor-column-gap-default\">\n\t\t\t\t\t<div class=\"elementor-column elementor-col-100 elementor-top-column elementor-element elementor-element-bdfb3e3\" data-id=\"bdfb3e3\" data-element_type=\"column\">\n\t\t\t<div class=\"elementor-widget-wrap elementor-element-populated\">\n\t\t\t\t\t\t<div class=\"elementor-element elementor-element-c5dd11b elementor-widget elementor-widget-breadcrumbs\" data-id=\"c5dd11b\" data-element_type=\"widget\" data-widget_type=\"breadcrumbs.default\">\n\t\t\t\t<div class=\"elementor-widget-container\">\n\t\t\t\t\t<p id=\"breadcrumbs\"><span><span><a href=\"https:\/\/guidodettoni.com\/it\/home\/\">HOME<\/a><\/span><\/span><\/p>\t\t\t\t<\/div>\n\t\t\t\t<\/div>\n\t\t\t\t\t<\/div>\n\t\t<\/div>\n\t\t\t\t\t<\/div>\n\t\t<\/section>\n\t\t\t\t<section class=\"elementor-section elementor-top-section elementor-element elementor-element-6be4be1 elementor-section-boxed elementor-section-height-default elementor-section-height-default\" data-id=\"6be4be1\" data-element_type=\"section\" id=\"aproach\">\n\t\t\t\t\t\t<div class=\"elementor-container elementor-column-gap-default\">\n\t\t\t\t\t<div class=\"elementor-column elementor-col-100 elementor-top-column elementor-element elementor-element-7a9b7cd\" data-id=\"7a9b7cd\" data-element_type=\"column\">\n\t\t\t<div class=\"elementor-widget-wrap elementor-element-populated\">\n\t\t\t\t\t\t<div class=\"elementor-element elementor-element-11b4700 elementor-widget elementor-widget-heading\" data-id=\"11b4700\" data-element_type=\"widget\" data-widget_type=\"heading.default\">\n\t\t\t\t<div class=\"elementor-widget-container\">\n\t\t\t\t\t<h1 class=\"elementor-heading-title elementor-size-default\">SENZA FINE<\/h1>\t\t\t\t<\/div>\n\t\t\t\t<\/div>\n\t\t\t\t<div class=\"elementor-element elementor-element-78d8fc8 elementor-arrows-position-inside elementor-widget elementor-widget-image-carousel\" data-id=\"78d8fc8\" data-element_type=\"widget\" data-settings=\"{&quot;slides_to_show&quot;:&quot;4&quot;,&quot;slides_to_show_tablet&quot;:&quot;3&quot;,&quot;slides_to_show_mobile&quot;:&quot;1&quot;,&quot;slides_to_scroll&quot;:&quot;1&quot;,&quot;navigation&quot;:&quot;arrows&quot;,&quot;autoplay&quot;:&quot;yes&quot;,&quot;pause_on_hover&quot;:&quot;yes&quot;,&quot;pause_on_interaction&quot;:&quot;yes&quot;,&quot;autoplay_speed&quot;:5000,&quot;infinite&quot;:&quot;yes&quot;,&quot;speed&quot;:500}\" data-widget_type=\"image-carousel.default\">\n\t\t\t\t<div class=\"elementor-widget-container\">\n\t\t\t\t\t\t\t<div class=\"elementor-image-carousel-wrapper swiper\" role=\"region\" aria-roledescription=\"carousel\" aria-label=\"Carosello d&#039;immagini\" dir=\"ltr\">\n\t\t\t<div class=\"elementor-image-carousel swiper-wrapper\" aria-live=\"off\">\n\t\t\t\t\t\t\t\t<div class=\"swiper-slide\" role=\"group\" aria-roledescription=\"slide\" aria-label=\"1 di 4\"><a data-elementor-open-lightbox=\"yes\" data-elementor-lightbox-slideshow=\"78d8fc8\" data-elementor-lightbox-description=\"ENDLESS\" data-e-action-hash=\"#elementor-action%3Aaction%3Dlightbox%26settings%3DeyJpZCI6MTcwOTQsInVybCI6Imh0dHBzOlwvXC9ndWlkb2RldHRvbmkuY29tXC93cC1jb250ZW50XC91cGxvYWRzXC8yMDIzXC8wNVwvZ3VpZG8tZGV0dG9uaS1zZW56YWZpbmUtMDEuanBnIiwic2xpZGVzaG93IjoiNzhkOGZjOCJ9\" href=\"https:\/\/guidodettoni.com\/wp-content\/uploads\/2023\/05\/guido-dettoni-senzafine-01.jpg\"><figure class=\"swiper-slide-inner\"><img decoding=\"async\" class=\"swiper-slide-image\" src=\"https:\/\/guidodettoni.com\/wp-content\/uploads\/2023\/05\/guido-dettoni-senzafine-01-300x300.jpg\" alt=\"ENDLESS\" \/><\/figure><\/a><\/div><div class=\"swiper-slide\" role=\"group\" aria-roledescription=\"slide\" aria-label=\"2 di 4\"><a data-elementor-open-lightbox=\"yes\" data-elementor-lightbox-slideshow=\"78d8fc8\" data-elementor-lightbox-description=\"ENDLESS\" data-e-action-hash=\"#elementor-action%3Aaction%3Dlightbox%26settings%3DeyJpZCI6MTcwOTksInVybCI6Imh0dHBzOlwvXC9ndWlkb2RldHRvbmkuY29tXC93cC1jb250ZW50XC91cGxvYWRzXC8yMDIzXC8wNVwvZ3VpZG8tZGV0dG9uaS1zZW56YWZpbmUtMDIuanBnIiwic2xpZGVzaG93IjoiNzhkOGZjOCJ9\" href=\"https:\/\/guidodettoni.com\/wp-content\/uploads\/2023\/05\/guido-dettoni-senzafine-02.jpg\"><figure class=\"swiper-slide-inner\"><img decoding=\"async\" class=\"swiper-slide-image\" src=\"https:\/\/guidodettoni.com\/wp-content\/uploads\/2023\/05\/guido-dettoni-senzafine-02-300x300.jpg\" alt=\"ENDLESS\" \/><\/figure><\/a><\/div><div class=\"swiper-slide\" role=\"group\" aria-roledescription=\"slide\" aria-label=\"3 di 4\"><a data-elementor-open-lightbox=\"yes\" data-elementor-lightbox-slideshow=\"78d8fc8\" data-elementor-lightbox-description=\"ENDLESS\" data-e-action-hash=\"#elementor-action%3Aaction%3Dlightbox%26settings%3DeyJpZCI6MTcxMDQsInVybCI6Imh0dHBzOlwvXC9ndWlkb2RldHRvbmkuY29tXC93cC1jb250ZW50XC91cGxvYWRzXC8yMDIzXC8wNVwvZ3VpZG8tZGV0dG9uaS1zZW56YWZpbmUtMDMuanBnIiwic2xpZGVzaG93IjoiNzhkOGZjOCJ9\" href=\"https:\/\/guidodettoni.com\/wp-content\/uploads\/2023\/05\/guido-dettoni-senzafine-03.jpg\"><figure class=\"swiper-slide-inner\"><img decoding=\"async\" class=\"swiper-slide-image\" src=\"https:\/\/guidodettoni.com\/wp-content\/uploads\/2023\/05\/guido-dettoni-senzafine-03-300x300.jpg\" alt=\"ENDLESS\" \/><\/figure><\/a><\/div><div class=\"swiper-slide\" role=\"group\" aria-roledescription=\"slide\" aria-label=\"4 di 4\"><a data-elementor-open-lightbox=\"yes\" data-elementor-lightbox-slideshow=\"78d8fc8\" data-elementor-lightbox-description=\"ENDLESS\" data-e-action-hash=\"#elementor-action%3Aaction%3Dlightbox%26settings%3DeyJpZCI6MTcxMDksInVybCI6Imh0dHBzOlwvXC9ndWlkb2RldHRvbmkuY29tXC93cC1jb250ZW50XC91cGxvYWRzXC8yMDIzXC8wNVwvZ3VpZG8tZGV0dG9uaS1zZW56YWZpbmUtMDQuanBnIiwic2xpZGVzaG93IjoiNzhkOGZjOCJ9\" href=\"https:\/\/guidodettoni.com\/wp-content\/uploads\/2023\/05\/guido-dettoni-senzafine-04.jpg\"><figure class=\"swiper-slide-inner\"><img decoding=\"async\" class=\"swiper-slide-image\" src=\"https:\/\/guidodettoni.com\/wp-content\/uploads\/2023\/05\/guido-dettoni-senzafine-04-300x300.jpg\" alt=\"ENDLESS\" \/><\/figure><\/a><\/div>\t\t\t<\/div>\n\t\t\t\t\t\t\t\t\t\t\t\t<div class=\"elementor-swiper-button elementor-swiper-button-prev\" role=\"button\" tabindex=\"0\">\n\t\t\t\t\t\t<svg aria-hidden=\"true\" class=\"e-font-icon-svg e-eicon-chevron-left\" viewBox=\"0 0 1000 1000\" xmlns=\"http:\/\/www.w3.org\/2000\/svg\"><path d=\"M646 125C629 125 613 133 604 142L308 442C296 454 292 471 292 487 292 504 296 521 308 533L604 854C617 867 629 875 646 875 663 875 679 871 692 858 704 846 713 829 713 812 713 796 708 779 692 767L438 487 692 225C700 217 708 204 708 187 708 171 704 154 692 142 675 129 663 125 646 125Z\"><\/path><\/svg>\t\t\t\t\t<\/div>\n\t\t\t\t\t<div class=\"elementor-swiper-button elementor-swiper-button-next\" role=\"button\" tabindex=\"0\">\n\t\t\t\t\t\t<svg aria-hidden=\"true\" class=\"e-font-icon-svg e-eicon-chevron-right\" viewBox=\"0 0 1000 1000\" xmlns=\"http:\/\/www.w3.org\/2000\/svg\"><path d=\"M696 533C708 521 713 504 713 487 713 471 708 454 696 446L400 146C388 133 375 125 354 125 338 125 325 129 313 142 300 154 292 171 292 187 292 204 296 221 308 233L563 492 304 771C292 783 288 800 288 817 288 833 296 850 308 863 321 871 338 875 354 875 371 875 388 867 400 854L696 533Z\"><\/path><\/svg>\t\t\t\t\t<\/div>\n\t\t\t\t\n\t\t\t\t\t\t\t\t\t<\/div>\n\t\t\t\t\t\t<\/div>\n\t\t\t\t<\/div>\n\t\t\t\t<div class=\"elementor-element elementor-element-8b6f29c elementor-widget elementor-widget-text-editor\" data-id=\"8b6f29c\" data-element_type=\"widget\" data-widget_type=\"text-editor.default\">\n\t\t\t\t<div class=\"elementor-widget-container\">\n\t\t\t\t\t\t\t\t\t<p>Modellando la cera, <strong>Guido Dettoni<\/strong> ha creato questa forma a mano ad Assisi, durante le sue meditazioni che accompagnavano la morte della madre.  <\/p>\n<p>L&#8217;<a href=\"https:\/\/guidodettoni.com\/sculptures\/eagles\/\"><em><strong>Accuario di Sant Antoniet, Palma di Maiorca<\/strong><\/em><\/a> \u00e8 stato utilizzato per sperimentare il movimento di questa scultura che danza nell&#8217;acqua.<\/p>\n\t\t\t\t\t\t\t\t<\/div>\n\t\t\t\t<\/div>\n\t\t\t\t\t<\/div>\n\t\t<\/div>\n\t\t\t\t\t<\/div>\n\t\t<\/section>\n\t\t<div class=\"elementor-element elementor-element-6c518b6 e-flex e-con-boxed e-con e-parent\" data-id=\"6c518b6\" data-element_type=\"container\">\n\t\t\t\t\t<div class=\"e-con-inner\">\n\t\t<div class=\"elementor-element elementor-element-767fc38 e-con-full e-flex e-con e-parent\" data-id=\"767fc38\" data-element_type=\"container\">\n\t\t\t\t<div class=\"elementor-element elementor-element-25abd3b elementor-widget elementor-widget-image\" data-id=\"25abd3b\" data-element_type=\"widget\" data-widget_type=\"image.default\">\n\t\t\t\t<div class=\"elementor-widget-container\">\n\t\t\t\t\t\t\t\t\t\t\t\t\t\t\t<img fetchpriority=\"high\" decoding=\"async\" width=\"1024\" height=\"1024\" src=\"https:\/\/guidodettoni.com\/wp-content\/uploads\/2023\/05\/guido-dettoni-senzafine-aquarium-05-1024x1024.jpg\" class=\"attachment-large size-large wp-image-17114\" alt=\"\" srcset=\"https:\/\/guidodettoni.com\/wp-content\/uploads\/2023\/05\/guido-dettoni-senzafine-aquarium-05-1024x1024.jpg 1024w, https:\/\/guidodettoni.com\/wp-content\/uploads\/2023\/05\/guido-dettoni-senzafine-aquarium-05-300x300.jpg 300w, https:\/\/guidodettoni.com\/wp-content\/uploads\/2023\/05\/guido-dettoni-senzafine-aquarium-05-150x150.jpg 150w, https:\/\/guidodettoni.com\/wp-content\/uploads\/2023\/05\/guido-dettoni-senzafine-aquarium-05-768x768.jpg 768w, https:\/\/guidodettoni.com\/wp-content\/uploads\/2023\/05\/guido-dettoni-senzafine-aquarium-05-600x600.jpg 600w, https:\/\/guidodettoni.com\/wp-content\/uploads\/2023\/05\/guido-dettoni-senzafine-aquarium-05-100x100.jpg 100w, https:\/\/guidodettoni.com\/wp-content\/uploads\/2023\/05\/guido-dettoni-senzafine-aquarium-05.jpg 1080w\" sizes=\"(max-width: 1024px) 100vw, 1024px\" \/>\t\t\t\t\t\t\t\t\t\t\t\t\t\t\t<\/div>\n\t\t\t\t<\/div>\n\t\t\t\t<\/div>\n\t\t<div class=\"elementor-element elementor-element-160e101 e-con-full e-flex e-con e-parent\" data-id=\"160e101\" data-element_type=\"container\">\n\t\t\t\t<div class=\"elementor-element elementor-element-4261213 elementor-widget elementor-widget-image\" data-id=\"4261213\" data-element_type=\"widget\" data-widget_type=\"image.default\">\n\t\t\t\t<div class=\"elementor-widget-container\">\n\t\t\t\t\t\t\t\t\t\t\t\t\t\t\t<img decoding=\"async\" width=\"1024\" height=\"1024\" src=\"https:\/\/guidodettoni.com\/wp-content\/uploads\/2023\/05\/guido-dettoni-senzafine-aquarium-06-1024x1024.jpg\" class=\"attachment-large size-large wp-image-17119\" alt=\"\" srcset=\"https:\/\/guidodettoni.com\/wp-content\/uploads\/2023\/05\/guido-dettoni-senzafine-aquarium-06-1024x1024.jpg 1024w, https:\/\/guidodettoni.com\/wp-content\/uploads\/2023\/05\/guido-dettoni-senzafine-aquarium-06-300x300.jpg 300w, https:\/\/guidodettoni.com\/wp-content\/uploads\/2023\/05\/guido-dettoni-senzafine-aquarium-06-150x150.jpg 150w, https:\/\/guidodettoni.com\/wp-content\/uploads\/2023\/05\/guido-dettoni-senzafine-aquarium-06-768x768.jpg 768w, https:\/\/guidodettoni.com\/wp-content\/uploads\/2023\/05\/guido-dettoni-senzafine-aquarium-06-600x600.jpg 600w, https:\/\/guidodettoni.com\/wp-content\/uploads\/2023\/05\/guido-dettoni-senzafine-aquarium-06-100x100.jpg 100w, https:\/\/guidodettoni.com\/wp-content\/uploads\/2023\/05\/guido-dettoni-senzafine-aquarium-06.jpg 1080w\" sizes=\"(max-width: 1024px) 100vw, 1024px\" \/>\t\t\t\t\t\t\t\t\t\t\t\t\t\t\t<\/div>\n\t\t\t\t<\/div>\n\t\t\t\t<\/div>\n\t\t\t\t\t<\/div>\n\t\t\t\t<\/div>\n\t\t<div class=\"elementor-element elementor-element-6d73311 e-flex e-con-boxed e-con e-parent\" data-id=\"6d73311\" data-element_type=\"container\">\n\t\t\t\t\t<div class=\"e-con-inner\">\n\t\t\t\t<div class=\"elementor-element elementor-element-f5596f9 elementor-widget elementor-widget-text-editor\" data-id=\"f5596f9\" data-element_type=\"widget\" data-widget_type=\"text-editor.default\">\n\t\t\t\t<div class=\"elementor-widget-container\">\n\t\t\t\t\t\t\t\t\t<p>\u00c8 stato previsto l&#8217;ampliamento per consentirne l&#8217;abitabilit\u00e0.<\/p>\n\t\t\t\t\t\t\t\t<\/div>\n\t\t\t\t<\/div>\n\t\t\t\t<div class=\"elementor-element elementor-element-cc045b6 elementor-widget elementor-widget-spacer\" data-id=\"cc045b6\" data-element_type=\"widget\" data-widget_type=\"spacer.default\">\n\t\t\t\t<div class=\"elementor-widget-container\">\n\t\t\t\t\t\t\t<div class=\"elementor-spacer\">\n\t\t\t<div class=\"elementor-spacer-inner\"><\/div>\n\t\t<\/div>\n\t\t\t\t\t\t<\/div>\n\t\t\t\t<\/div>\n\t\t\t\t\t<\/div>\n\t\t\t\t<\/div>\n\t\t\t\t<\/div>\n\t\t","protected":false},"excerpt":{"rendered":"<p>SENZA FINE Modellando la cera, Guido Dettoni ha creato questa forma a mano ad Assisi, durante le sue meditazioni che accompagnavano la morte della madre. L&#8217;Accuario di Sant Antoniet, Palma di Maiorca \u00e8 stato utilizzato per sperimentare il movimento di questa scultura che danza nell&#8217;acqua. \u00c8 stato previsto l&#8217;ampliamento per consentirne l&#8217;abitabilit\u00e0.<\/p>\n","protected":false},"author":13,"featured_media":16473,"parent":16438,"menu_order":7,"comment_status":"closed","ping_status":"closed","template":"","meta":{"_acf_changed":false,"footnotes":""},"class_list":["post-17088","page","type-page","status-publish","has-post-thumbnail"],"acf":[],"yoast_head":"<!-- This site is optimized with the Yoast SEO plugin v24.4 - https:\/\/yoast.com\/wordpress\/plugins\/seo\/ -->\n<title>SENZA FINE &#8226; Guido Dettoni della Grazia<\/title>\n<meta name=\"description\" content=\"SENZA FINE scultura di Guido Dettoni\" \/>\n<meta name=\"robots\" content=\"index, follow, max-snippet:-1, max-image-preview:large, max-video-preview:-1\" \/>\n<link rel=\"canonical\" href=\"https:\/\/guidodettoni.com\/it\/sculture\/senza-fine\/\" \/>\n<meta property=\"og:locale\" content=\"it_IT\" \/>\n<meta property=\"og:type\" content=\"article\" \/>\n<meta property=\"og:title\" content=\"SENZA FINE &#8226; Guido Dettoni della Grazia\" \/>\n<meta property=\"og:description\" content=\"SENZA FINE scultura di Guido Dettoni\" \/>\n<meta property=\"og:url\" content=\"https:\/\/guidodettoni.com\/it\/sculture\/senza-fine\/\" \/>\n<meta property=\"og:site_name\" content=\"Guido Dettoni della Grazia\" \/>\n<meta property=\"article:publisher\" content=\"https:\/\/www.facebook.com\/mostramaria\" \/>\n<meta property=\"article:modified_time\" content=\"2023-12-15T14:59:41+00:00\" \/>\n<meta property=\"og:image\" content=\"https:\/\/guidodettoni.com\/wp-content\/uploads\/2023\/05\/07-guido-dettoni-endless-00.jpg\" \/>\n\t<meta property=\"og:image:width\" content=\"1080\" \/>\n\t<meta property=\"og:image:height\" content=\"1080\" \/>\n\t<meta property=\"og:image:type\" content=\"image\/jpeg\" \/>\n<meta name=\"twitter:card\" content=\"summary_large_image\" \/>\n<meta name=\"twitter:label1\" content=\"Tempo di lettura stimato\" \/>\n\t<meta name=\"twitter:data1\" content=\"3 minuti\" \/>\n<script type=\"application\/ld+json\" class=\"yoast-schema-graph\">{\"@context\":\"https:\/\/schema.org\",\"@graph\":[{\"@type\":\"WebPage\",\"@id\":\"https:\/\/guidodettoni.com\/it\/sculture\/senza-fine\/\",\"url\":\"https:\/\/guidodettoni.com\/it\/sculture\/senza-fine\/\",\"name\":\"SENZA FINE &#8226; Guido Dettoni della Grazia\",\"isPartOf\":{\"@id\":\"https:\/\/guidodettoni.com\/it\/#website\"},\"primaryImageOfPage\":{\"@id\":\"https:\/\/guidodettoni.com\/it\/sculture\/senza-fine\/#primaryimage\"},\"image\":{\"@id\":\"https:\/\/guidodettoni.com\/it\/sculture\/senza-fine\/#primaryimage\"},\"thumbnailUrl\":\"https:\/\/guidodettoni.com\/wp-content\/uploads\/2023\/05\/07-guido-dettoni-endless-00.jpg\",\"datePublished\":\"2023-05-22T11:05:38+00:00\",\"dateModified\":\"2023-12-15T14:59:41+00:00\",\"description\":\"SENZA FINE scultura di Guido Dettoni\",\"breadcrumb\":{\"@id\":\"https:\/\/guidodettoni.com\/it\/sculture\/senza-fine\/#breadcrumb\"},\"inLanguage\":\"it-IT\",\"potentialAction\":[{\"@type\":\"ReadAction\",\"target\":[\"https:\/\/guidodettoni.com\/it\/sculture\/senza-fine\/\"]}]},{\"@type\":\"ImageObject\",\"inLanguage\":\"it-IT\",\"@id\":\"https:\/\/guidodettoni.com\/it\/sculture\/senza-fine\/#primaryimage\",\"url\":\"https:\/\/guidodettoni.com\/wp-content\/uploads\/2023\/05\/07-guido-dettoni-endless-00.jpg\",\"contentUrl\":\"https:\/\/guidodettoni.com\/wp-content\/uploads\/2023\/05\/07-guido-dettoni-endless-00.jpg\",\"width\":1080,\"height\":1080,\"caption\":\"ENDLESS\"},{\"@type\":\"BreadcrumbList\",\"@id\":\"https:\/\/guidodettoni.com\/it\/sculture\/senza-fine\/#breadcrumb\",\"itemListElement\":[{\"@type\":\"ListItem\",\"position\":1,\"name\":\"HOME\",\"item\":\"https:\/\/guidodettoni.com\/it\/home\/\"},{\"@type\":\"ListItem\",\"position\":2,\"name\":\"SCULTURE\",\"item\":\"https:\/\/guidodettoni.com\/it\/sculture\/\"},{\"@type\":\"ListItem\",\"position\":3,\"name\":\"SENZA FINE\"}]},{\"@type\":\"WebSite\",\"@id\":\"https:\/\/guidodettoni.com\/it\/#website\",\"url\":\"https:\/\/guidodettoni.com\/it\/\",\"name\":\"Guido Dettoni della Grazia\",\"description\":\"Guido Dettoni\u2019s works of art and projects\",\"publisher\":{\"@id\":\"https:\/\/guidodettoni.com\/it\/#organization\"},\"potentialAction\":[{\"@type\":\"SearchAction\",\"target\":{\"@type\":\"EntryPoint\",\"urlTemplate\":\"https:\/\/guidodettoni.com\/it\/?s={search_term_string}\"},\"query-input\":{\"@type\":\"PropertyValueSpecification\",\"valueRequired\":true,\"valueName\":\"search_term_string\"}}],\"inLanguage\":\"it-IT\"},{\"@type\":\"Organization\",\"@id\":\"https:\/\/guidodettoni.com\/it\/#organization\",\"name\":\"NESHERGALLERY\",\"url\":\"https:\/\/guidodettoni.com\/it\/\",\"logo\":{\"@type\":\"ImageObject\",\"inLanguage\":\"it-IT\",\"@id\":\"https:\/\/guidodettoni.com\/it\/#\/schema\/logo\/image\/\",\"url\":\"https:\/\/guidodettoni.com\/wp-content\/uploads\/2020\/05\/nesher-gallery-logo-1.png\",\"contentUrl\":\"https:\/\/guidodettoni.com\/wp-content\/uploads\/2020\/05\/nesher-gallery-logo-1.png\",\"width\":200,\"height\":200,\"caption\":\"NESHERGALLERY\"},\"image\":{\"@id\":\"https:\/\/guidodettoni.com\/it\/#\/schema\/logo\/image\/\"},\"sameAs\":[\"https:\/\/www.facebook.com\/mostramaria\",\"https:\/\/www.instagram.com\/mariaescultura\/\",\"https:\/\/www.youtube.com\/user\/nesherorg\"]}]}<\/script>\n<!-- \/ Yoast SEO plugin. -->","yoast_head_json":{"title":"SENZA FINE &#8226; Guido Dettoni della Grazia","description":"SENZA FINE scultura di Guido Dettoni","robots":{"index":"index","follow":"follow","max-snippet":"max-snippet:-1","max-image-preview":"max-image-preview:large","max-video-preview":"max-video-preview:-1"},"canonical":"https:\/\/guidodettoni.com\/it\/sculture\/senza-fine\/","og_locale":"it_IT","og_type":"article","og_title":"SENZA FINE &#8226; Guido Dettoni della Grazia","og_description":"SENZA FINE scultura di Guido Dettoni","og_url":"https:\/\/guidodettoni.com\/it\/sculture\/senza-fine\/","og_site_name":"Guido Dettoni della Grazia","article_publisher":"https:\/\/www.facebook.com\/mostramaria","article_modified_time":"2023-12-15T14:59:41+00:00","og_image":[{"width":1080,"height":1080,"url":"https:\/\/guidodettoni.com\/wp-content\/uploads\/2023\/05\/07-guido-dettoni-endless-00.jpg","type":"image\/jpeg"}],"twitter_card":"summary_large_image","twitter_misc":{"Tempo di lettura stimato":"3 minuti"},"schema":{"@context":"https:\/\/schema.org","@graph":[{"@type":"WebPage","@id":"https:\/\/guidodettoni.com\/it\/sculture\/senza-fine\/","url":"https:\/\/guidodettoni.com\/it\/sculture\/senza-fine\/","name":"SENZA FINE &#8226; Guido Dettoni della Grazia","isPartOf":{"@id":"https:\/\/guidodettoni.com\/it\/#website"},"primaryImageOfPage":{"@id":"https:\/\/guidodettoni.com\/it\/sculture\/senza-fine\/#primaryimage"},"image":{"@id":"https:\/\/guidodettoni.com\/it\/sculture\/senza-fine\/#primaryimage"},"thumbnailUrl":"https:\/\/guidodettoni.com\/wp-content\/uploads\/2023\/05\/07-guido-dettoni-endless-00.jpg","datePublished":"2023-05-22T11:05:38+00:00","dateModified":"2023-12-15T14:59:41+00:00","description":"SENZA FINE scultura di Guido Dettoni","breadcrumb":{"@id":"https:\/\/guidodettoni.com\/it\/sculture\/senza-fine\/#breadcrumb"},"inLanguage":"it-IT","potentialAction":[{"@type":"ReadAction","target":["https:\/\/guidodettoni.com\/it\/sculture\/senza-fine\/"]}]},{"@type":"ImageObject","inLanguage":"it-IT","@id":"https:\/\/guidodettoni.com\/it\/sculture\/senza-fine\/#primaryimage","url":"https:\/\/guidodettoni.com\/wp-content\/uploads\/2023\/05\/07-guido-dettoni-endless-00.jpg","contentUrl":"https:\/\/guidodettoni.com\/wp-content\/uploads\/2023\/05\/07-guido-dettoni-endless-00.jpg","width":1080,"height":1080,"caption":"ENDLESS"},{"@type":"BreadcrumbList","@id":"https:\/\/guidodettoni.com\/it\/sculture\/senza-fine\/#breadcrumb","itemListElement":[{"@type":"ListItem","position":1,"name":"HOME","item":"https:\/\/guidodettoni.com\/it\/home\/"},{"@type":"ListItem","position":2,"name":"SCULTURE","item":"https:\/\/guidodettoni.com\/it\/sculture\/"},{"@type":"ListItem","position":3,"name":"SENZA FINE"}]},{"@type":"WebSite","@id":"https:\/\/guidodettoni.com\/it\/#website","url":"https:\/\/guidodettoni.com\/it\/","name":"Guido Dettoni della Grazia","description":"Guido Dettoni\u2019s works of art and projects","publisher":{"@id":"https:\/\/guidodettoni.com\/it\/#organization"},"potentialAction":[{"@type":"SearchAction","target":{"@type":"EntryPoint","urlTemplate":"https:\/\/guidodettoni.com\/it\/?s={search_term_string}"},"query-input":{"@type":"PropertyValueSpecification","valueRequired":true,"valueName":"search_term_string"}}],"inLanguage":"it-IT"},{"@type":"Organization","@id":"https:\/\/guidodettoni.com\/it\/#organization","name":"NESHERGALLERY","url":"https:\/\/guidodettoni.com\/it\/","logo":{"@type":"ImageObject","inLanguage":"it-IT","@id":"https:\/\/guidodettoni.com\/it\/#\/schema\/logo\/image\/","url":"https:\/\/guidodettoni.com\/wp-content\/uploads\/2020\/05\/nesher-gallery-logo-1.png","contentUrl":"https:\/\/guidodettoni.com\/wp-content\/uploads\/2020\/05\/nesher-gallery-logo-1.png","width":200,"height":200,"caption":"NESHERGALLERY"},"image":{"@id":"https:\/\/guidodettoni.com\/it\/#\/schema\/logo\/image\/"},"sameAs":["https:\/\/www.facebook.com\/mostramaria","https:\/\/www.instagram.com\/mariaescultura\/","https:\/\/www.youtube.com\/user\/nesherorg"]}]}},"_links":{"self":[{"href":"https:\/\/guidodettoni.com\/it\/wp-json\/wp\/v2\/pages\/17088","targetHints":{"allow":["GET"]}}],"collection":[{"href":"https:\/\/guidodettoni.com\/it\/wp-json\/wp\/v2\/pages"}],"about":[{"href":"https:\/\/guidodettoni.com\/it\/wp-json\/wp\/v2\/types\/page"}],"author":[{"embeddable":true,"href":"https:\/\/guidodettoni.com\/it\/wp-json\/wp\/v2\/users\/13"}],"replies":[{"embeddable":true,"href":"https:\/\/guidodettoni.com\/it\/wp-json\/wp\/v2\/comments?post=17088"}],"version-history":[{"count":12,"href":"https:\/\/guidodettoni.com\/it\/wp-json\/wp\/v2\/pages\/17088\/revisions"}],"predecessor-version":[{"id":22661,"href":"https:\/\/guidodettoni.com\/it\/wp-json\/wp\/v2\/pages\/17088\/revisions\/22661"}],"up":[{"embeddable":true,"href":"https:\/\/guidodettoni.com\/it\/wp-json\/wp\/v2\/pages\/16438"}],"wp:featuredmedia":[{"embeddable":true,"href":"https:\/\/guidodettoni.com\/it\/wp-json\/wp\/v2\/media\/16473"}],"wp:attachment":[{"href":"https:\/\/guidodettoni.com\/it\/wp-json\/wp\/v2\/media?parent=17088"}],"curies":[{"name":"wp","href":"https:\/\/api.w.org\/{rel}","templated":true}]}}