{"id":22495,"date":"2023-09-19T18:15:45","date_gmt":"2023-09-19T16:15:45","guid":{"rendered":"https:\/\/guidodettoni.com\/quimera\/"},"modified":"2023-09-24T19:24:03","modified_gmt":"2023-09-24T17:24:03","slug":"quimera","status":"publish","type":"page","link":"https:\/\/guidodettoni.com\/es\/quimera\/","title":{"rendered":"QUIMERA"},"content":{"rendered":"\t\t<div data-elementor-type=\"wp-page\" data-elementor-id=\"22495\" class=\"elementor elementor-22495 elementor-22479\" data-elementor-post-type=\"page\">\n\t\t\t\t\t\t<section class=\"elementor-section elementor-top-section elementor-element elementor-element-a509080 elementor-section-boxed elementor-section-height-default elementor-section-height-default\" data-id=\"a509080\" data-element_type=\"section\">\n\t\t\t\t\t\t<div class=\"elementor-container elementor-column-gap-default\">\n\t\t\t\t\t<div class=\"elementor-column elementor-col-100 elementor-top-column elementor-element elementor-element-bdfb3e3\" data-id=\"bdfb3e3\" data-element_type=\"column\">\n\t\t\t<div class=\"elementor-widget-wrap elementor-element-populated\">\n\t\t\t\t\t\t<div class=\"elementor-element elementor-element-c5dd11b elementor-widget elementor-widget-breadcrumbs\" data-id=\"c5dd11b\" data-element_type=\"widget\" data-widget_type=\"breadcrumbs.default\">\n\t\t\t\t<div class=\"elementor-widget-container\">\n\t\t\t\t\t<p id=\"breadcrumbs\"><span><span><a href=\"https:\/\/guidodettoni.com\/es\/\">HOME<\/a><\/span><\/span><\/p>\t\t\t\t<\/div>\n\t\t\t\t<\/div>\n\t\t\t\t\t<\/div>\n\t\t<\/div>\n\t\t\t\t\t<\/div>\n\t\t<\/section>\n\t\t\t\t<section class=\"elementor-section elementor-top-section elementor-element elementor-element-6be4be1 elementor-section-boxed elementor-section-height-default elementor-section-height-default\" data-id=\"6be4be1\" data-element_type=\"section\" id=\"aproach\">\n\t\t\t\t\t\t<div class=\"elementor-container elementor-column-gap-default\">\n\t\t\t\t\t<div class=\"elementor-column elementor-col-100 elementor-top-column elementor-element elementor-element-7a9b7cd\" data-id=\"7a9b7cd\" data-element_type=\"column\">\n\t\t\t<div class=\"elementor-widget-wrap elementor-element-populated\">\n\t\t\t\t\t\t<div class=\"elementor-element elementor-element-11b4700 elementor-widget elementor-widget-heading\" data-id=\"11b4700\" data-element_type=\"widget\" data-widget_type=\"heading.default\">\n\t\t\t\t<div class=\"elementor-widget-container\">\n\t\t\t\t\t<h1 class=\"elementor-heading-title elementor-size-default\">QUIMERA<\/h1>\t\t\t\t<\/div>\n\t\t\t\t<\/div>\n\t\t\t\t\t<\/div>\n\t\t<\/div>\n\t\t\t\t\t<\/div>\n\t\t<\/section>\n\t\t\t\t<section class=\"elementor-section elementor-top-section elementor-element elementor-element-cac120f elementor-section-boxed elementor-section-height-default elementor-section-height-default\" data-id=\"cac120f\" data-element_type=\"section\">\n\t\t\t\t\t\t<div class=\"elementor-container elementor-column-gap-default\">\n\t\t\t\t\t<div class=\"elementor-column elementor-col-100 elementor-top-column elementor-element elementor-element-fa17848\" data-id=\"fa17848\" data-element_type=\"column\">\n\t\t\t<div class=\"elementor-widget-wrap elementor-element-populated\">\n\t\t\t\t\t\t<div class=\"elementor-element elementor-element-b3a317d elementor-widget elementor-widget-text-editor\" data-id=\"b3a317d\" data-element_type=\"widget\" data-widget_type=\"text-editor.default\">\n\t\t\t\t<div class=\"elementor-widget-container\">\n\t\t\t\t\t\t\t\t\t<p>Un ejercicio creativo del verano de 2023 compartido con los sobrinos de mi hermano Luca en su finca, La Selva. Se trataba de descubrir un nuevo animal.<\/p>\n<p>Para ello, lo buscar\u00edamos entre las im\u00e1genes de las formas modeladas en cera, escuchando el cuento que Eloine y Marguerita, de diez y nueve a\u00f1os, escribir\u00edan a cuatro manos.<\/p>\n<p>Despu\u00e9s, las im\u00e1genes de las formas creadas se transmutar\u00edan en la del nuevo animal.<br \/>Se uni\u00f3 el hermano peque\u00f1o de Marguerita, Sebasti\u00e1n, de tres a\u00f1os, y los tres, escuchando el cuento, modelaron la cera con los ojos vendados, sin intenci\u00f3n de representar nada, sino dej\u00e1ndose llevar.<br \/>El nuevo animal recibi\u00f3 el nombre de QUIMERA.<\/p>\n\t\t\t\t\t\t\t\t<\/div>\n\t\t\t\t<\/div>\n\t\t\t\t\t<\/div>\n\t\t<\/div>\n\t\t\t\t\t<\/div>\n\t\t<\/section>\n\t\t\t\t<section class=\"elementor-section elementor-top-section elementor-element elementor-element-379d872 elementor-section-boxed elementor-section-height-default elementor-section-height-default\" data-id=\"379d872\" data-element_type=\"section\" data-settings=\"{&quot;background_background&quot;:&quot;classic&quot;}\">\n\t\t\t\t\t\t<div class=\"elementor-container elementor-column-gap-default\">\n\t\t\t\t\t<div class=\"elementor-column elementor-col-100 elementor-top-column elementor-element elementor-element-6fd223e\" data-id=\"6fd223e\" data-element_type=\"column\">\n\t\t\t<div class=\"elementor-widget-wrap elementor-element-populated\">\n\t\t\t\t\t\t<div class=\"elementor-element elementor-element-7805962 elementor-widget elementor-widget-video\" data-id=\"7805962\" data-element_type=\"widget\" data-settings=\"{&quot;video_type&quot;:&quot;vimeo&quot;,&quot;autoplay&quot;:&quot;yes&quot;,&quot;loop&quot;:&quot;yes&quot;,&quot;yt_privacy&quot;:&quot;yes&quot;,&quot;start&quot;:2}\" data-widget_type=\"video.default\">\n\t\t\t\t<div class=\"elementor-widget-container\">\n\t\t\t\t\t\t\t<div class=\"elementor-wrapper elementor-open-inline\">\n\t\t\t<iframe class=\"elementor-video-iframe\" allowfullscreen allow=\"autoplay\" title=\"Reproductor de v\u00eddeo vimeo\" src=\"https:\/\/player.vimeo.com\/video\/865315366?autoplay=1&amp;color&amp;autopause=0&amp;dnt=true&amp;loop=1&amp;muted=0&amp;title=0&amp;portrait=0&amp;byline=0#t=00h00m02s\"><\/iframe>\t\t<\/div>\n\t\t\t\t\t\t<\/div>\n\t\t\t\t<\/div>\n\t\t\t\t\t<\/div>\n\t\t<\/div>\n\t\t\t\t\t<\/div>\n\t\t<\/section>\n\t\t\t\t<\/div>\n\t\t","protected":false},"excerpt":{"rendered":"<p>QUIMERA Un ejercicio creativo del verano de 2023 compartido con los sobrinos de mi hermano Luca en su finca, La Selva. Se trataba de descubrir un nuevo animal. Para ello, lo buscar\u00edamos entre las im\u00e1genes de las formas modeladas en cera, escuchando el cuento que Eloine y Marguerita, de diez y nueve a\u00f1os, escribir\u00edan a &#8230; <\/p>\n<p class=\"read-more-container\"><a title=\"QUIMERA\" class=\"read-more button\" href=\"https:\/\/guidodettoni.com\/es\/quimera\/#more-22495\" aria-label=\"M\u00e1s en QUIMERA\">Leer m\u00e1s<\/a><\/p>\n","protected":false},"author":13,"featured_media":22486,"parent":0,"menu_order":0,"comment_status":"closed","ping_status":"closed","template":"","meta":{"_acf_changed":false,"footnotes":""},"class_list":["post-22495","page","type-page","status-publish","has-post-thumbnail"],"acf":[],"yoast_head":"<!-- This site is optimized with the Yoast SEO plugin v24.4 - https:\/\/yoast.com\/wordpress\/plugins\/seo\/ -->\n<title>QUIMERA &#8226; Guido Dettoni della Grazia<\/title>\n<meta name=\"description\" content=\"Transmutaci\u00f3n de Guido Dettoni en un ejercicio creativo compartido con los nietos de su hermano Luca. Se trataba de descubrir un nuevo animal...\" \/>\n<meta name=\"robots\" content=\"index, follow, max-snippet:-1, max-image-preview:large, max-video-preview:-1\" \/>\n<link rel=\"canonical\" href=\"https:\/\/guidodettoni.com\/es\/quimera\/\" \/>\n<meta property=\"og:locale\" content=\"es_ES\" \/>\n<meta property=\"og:type\" content=\"article\" \/>\n<meta property=\"og:title\" content=\"QUIMERA &#8226; Guido Dettoni della Grazia\" \/>\n<meta property=\"og:description\" content=\"Transmutaci\u00f3n de Guido Dettoni en un ejercicio creativo compartido con los nietos de su hermano Luca. Se trataba de descubrir un nuevo animal...\" \/>\n<meta property=\"og:url\" content=\"https:\/\/guidodettoni.com\/es\/quimera\/\" \/>\n<meta property=\"og:site_name\" content=\"Guido Dettoni della Grazia\" \/>\n<meta property=\"article:publisher\" content=\"https:\/\/www.facebook.com\/mostramaria\" \/>\n<meta property=\"article:modified_time\" content=\"2023-09-24T17:24:03+00:00\" \/>\n<meta property=\"og:image\" content=\"https:\/\/guidodettoni.com\/wp-content\/uploads\/2023\/09\/guido-dettoni-transmutation-chimera.png\" \/>\n\t<meta property=\"og:image:width\" content=\"800\" \/>\n\t<meta property=\"og:image:height\" content=\"800\" \/>\n\t<meta property=\"og:image:type\" content=\"image\/png\" \/>\n<meta name=\"twitter:card\" content=\"summary_large_image\" \/>\n<meta name=\"twitter:label1\" content=\"Tiempo de lectura\" \/>\n\t<meta name=\"twitter:data1\" content=\"1 minuto\" \/>\n<script type=\"application\/ld+json\" class=\"yoast-schema-graph\">{\"@context\":\"https:\/\/schema.org\",\"@graph\":[{\"@type\":\"WebPage\",\"@id\":\"https:\/\/guidodettoni.com\/es\/quimera\/\",\"url\":\"https:\/\/guidodettoni.com\/es\/quimera\/\",\"name\":\"QUIMERA &#8226; Guido Dettoni della Grazia\",\"isPartOf\":{\"@id\":\"https:\/\/guidodettoni.com\/es\/#website\"},\"primaryImageOfPage\":{\"@id\":\"https:\/\/guidodettoni.com\/es\/quimera\/#primaryimage\"},\"image\":{\"@id\":\"https:\/\/guidodettoni.com\/es\/quimera\/#primaryimage\"},\"thumbnailUrl\":\"https:\/\/guidodettoni.com\/wp-content\/uploads\/2023\/09\/guido-dettoni-transmutation-chimera.png\",\"datePublished\":\"2023-09-19T16:15:45+00:00\",\"dateModified\":\"2023-09-24T17:24:03+00:00\",\"description\":\"Transmutaci\u00f3n de Guido Dettoni en un ejercicio creativo compartido con los nietos de su hermano Luca. Se trataba de descubrir un nuevo animal...\",\"breadcrumb\":{\"@id\":\"https:\/\/guidodettoni.com\/es\/quimera\/#breadcrumb\"},\"inLanguage\":\"es\",\"potentialAction\":[{\"@type\":\"ReadAction\",\"target\":[\"https:\/\/guidodettoni.com\/es\/quimera\/\"]}]},{\"@type\":\"ImageObject\",\"inLanguage\":\"es\",\"@id\":\"https:\/\/guidodettoni.com\/es\/quimera\/#primaryimage\",\"url\":\"https:\/\/guidodettoni.com\/wp-content\/uploads\/2023\/09\/guido-dettoni-transmutation-chimera.png\",\"contentUrl\":\"https:\/\/guidodettoni.com\/wp-content\/uploads\/2023\/09\/guido-dettoni-transmutation-chimera.png\",\"width\":800,\"height\":800},{\"@type\":\"BreadcrumbList\",\"@id\":\"https:\/\/guidodettoni.com\/es\/quimera\/#breadcrumb\",\"itemListElement\":[{\"@type\":\"ListItem\",\"position\":1,\"name\":\"HOME\",\"item\":\"https:\/\/guidodettoni.com\/es\/\"},{\"@type\":\"ListItem\",\"position\":2,\"name\":\"QUIMERA\"}]},{\"@type\":\"WebSite\",\"@id\":\"https:\/\/guidodettoni.com\/es\/#website\",\"url\":\"https:\/\/guidodettoni.com\/es\/\",\"name\":\"Guido Dettoni della Grazia\",\"description\":\"Guido Dettoni\u2019s works of art and projects\",\"publisher\":{\"@id\":\"https:\/\/guidodettoni.com\/es\/#organization\"},\"potentialAction\":[{\"@type\":\"SearchAction\",\"target\":{\"@type\":\"EntryPoint\",\"urlTemplate\":\"https:\/\/guidodettoni.com\/es\/?s={search_term_string}\"},\"query-input\":{\"@type\":\"PropertyValueSpecification\",\"valueRequired\":true,\"valueName\":\"search_term_string\"}}],\"inLanguage\":\"es\"},{\"@type\":\"Organization\",\"@id\":\"https:\/\/guidodettoni.com\/es\/#organization\",\"name\":\"NESHERGALLERY\",\"url\":\"https:\/\/guidodettoni.com\/es\/\",\"logo\":{\"@type\":\"ImageObject\",\"inLanguage\":\"es\",\"@id\":\"https:\/\/guidodettoni.com\/es\/#\/schema\/logo\/image\/\",\"url\":\"https:\/\/guidodettoni.com\/wp-content\/uploads\/2020\/05\/nesher-gallery-logo-1.png\",\"contentUrl\":\"https:\/\/guidodettoni.com\/wp-content\/uploads\/2020\/05\/nesher-gallery-logo-1.png\",\"width\":200,\"height\":200,\"caption\":\"NESHERGALLERY\"},\"image\":{\"@id\":\"https:\/\/guidodettoni.com\/es\/#\/schema\/logo\/image\/\"},\"sameAs\":[\"https:\/\/www.facebook.com\/mostramaria\",\"https:\/\/www.instagram.com\/mariaescultura\/\",\"https:\/\/www.youtube.com\/user\/nesherorg\"]}]}<\/script>\n<!-- \/ Yoast SEO plugin. -->","yoast_head_json":{"title":"QUIMERA &#8226; Guido Dettoni della Grazia","description":"Transmutaci\u00f3n de Guido Dettoni en un ejercicio creativo compartido con los nietos de su hermano Luca. Se trataba de descubrir un nuevo animal...","robots":{"index":"index","follow":"follow","max-snippet":"max-snippet:-1","max-image-preview":"max-image-preview:large","max-video-preview":"max-video-preview:-1"},"canonical":"https:\/\/guidodettoni.com\/es\/quimera\/","og_locale":"es_ES","og_type":"article","og_title":"QUIMERA &#8226; Guido Dettoni della Grazia","og_description":"Transmutaci\u00f3n de Guido Dettoni en un ejercicio creativo compartido con los nietos de su hermano Luca. Se trataba de descubrir un nuevo animal...","og_url":"https:\/\/guidodettoni.com\/es\/quimera\/","og_site_name":"Guido Dettoni della Grazia","article_publisher":"https:\/\/www.facebook.com\/mostramaria","article_modified_time":"2023-09-24T17:24:03+00:00","og_image":[{"width":800,"height":800,"url":"https:\/\/guidodettoni.com\/wp-content\/uploads\/2023\/09\/guido-dettoni-transmutation-chimera.png","type":"image\/png"}],"twitter_card":"summary_large_image","twitter_misc":{"Tiempo de lectura":"1 minuto"},"schema":{"@context":"https:\/\/schema.org","@graph":[{"@type":"WebPage","@id":"https:\/\/guidodettoni.com\/es\/quimera\/","url":"https:\/\/guidodettoni.com\/es\/quimera\/","name":"QUIMERA &#8226; Guido Dettoni della Grazia","isPartOf":{"@id":"https:\/\/guidodettoni.com\/es\/#website"},"primaryImageOfPage":{"@id":"https:\/\/guidodettoni.com\/es\/quimera\/#primaryimage"},"image":{"@id":"https:\/\/guidodettoni.com\/es\/quimera\/#primaryimage"},"thumbnailUrl":"https:\/\/guidodettoni.com\/wp-content\/uploads\/2023\/09\/guido-dettoni-transmutation-chimera.png","datePublished":"2023-09-19T16:15:45+00:00","dateModified":"2023-09-24T17:24:03+00:00","description":"Transmutaci\u00f3n de Guido Dettoni en un ejercicio creativo compartido con los nietos de su hermano Luca. Se trataba de descubrir un nuevo animal...","breadcrumb":{"@id":"https:\/\/guidodettoni.com\/es\/quimera\/#breadcrumb"},"inLanguage":"es","potentialAction":[{"@type":"ReadAction","target":["https:\/\/guidodettoni.com\/es\/quimera\/"]}]},{"@type":"ImageObject","inLanguage":"es","@id":"https:\/\/guidodettoni.com\/es\/quimera\/#primaryimage","url":"https:\/\/guidodettoni.com\/wp-content\/uploads\/2023\/09\/guido-dettoni-transmutation-chimera.png","contentUrl":"https:\/\/guidodettoni.com\/wp-content\/uploads\/2023\/09\/guido-dettoni-transmutation-chimera.png","width":800,"height":800},{"@type":"BreadcrumbList","@id":"https:\/\/guidodettoni.com\/es\/quimera\/#breadcrumb","itemListElement":[{"@type":"ListItem","position":1,"name":"HOME","item":"https:\/\/guidodettoni.com\/es\/"},{"@type":"ListItem","position":2,"name":"QUIMERA"}]},{"@type":"WebSite","@id":"https:\/\/guidodettoni.com\/es\/#website","url":"https:\/\/guidodettoni.com\/es\/","name":"Guido Dettoni della Grazia","description":"Guido Dettoni\u2019s works of art and projects","publisher":{"@id":"https:\/\/guidodettoni.com\/es\/#organization"},"potentialAction":[{"@type":"SearchAction","target":{"@type":"EntryPoint","urlTemplate":"https:\/\/guidodettoni.com\/es\/?s={search_term_string}"},"query-input":{"@type":"PropertyValueSpecification","valueRequired":true,"valueName":"search_term_string"}}],"inLanguage":"es"},{"@type":"Organization","@id":"https:\/\/guidodettoni.com\/es\/#organization","name":"NESHERGALLERY","url":"https:\/\/guidodettoni.com\/es\/","logo":{"@type":"ImageObject","inLanguage":"es","@id":"https:\/\/guidodettoni.com\/es\/#\/schema\/logo\/image\/","url":"https:\/\/guidodettoni.com\/wp-content\/uploads\/2020\/05\/nesher-gallery-logo-1.png","contentUrl":"https:\/\/guidodettoni.com\/wp-content\/uploads\/2020\/05\/nesher-gallery-logo-1.png","width":200,"height":200,"caption":"NESHERGALLERY"},"image":{"@id":"https:\/\/guidodettoni.com\/es\/#\/schema\/logo\/image\/"},"sameAs":["https:\/\/www.facebook.com\/mostramaria","https:\/\/www.instagram.com\/mariaescultura\/","https:\/\/www.youtube.com\/user\/nesherorg"]}]}},"_links":{"self":[{"href":"https:\/\/guidodettoni.com\/es\/wp-json\/wp\/v2\/pages\/22495","targetHints":{"allow":["GET"]}}],"collection":[{"href":"https:\/\/guidodettoni.com\/es\/wp-json\/wp\/v2\/pages"}],"about":[{"href":"https:\/\/guidodettoni.com\/es\/wp-json\/wp\/v2\/types\/page"}],"author":[{"embeddable":true,"href":"https:\/\/guidodettoni.com\/es\/wp-json\/wp\/v2\/users\/13"}],"replies":[{"embeddable":true,"href":"https:\/\/guidodettoni.com\/es\/wp-json\/wp\/v2\/comments?post=22495"}],"version-history":[{"count":3,"href":"https:\/\/guidodettoni.com\/es\/wp-json\/wp\/v2\/pages\/22495\/revisions"}],"predecessor-version":[{"id":22545,"href":"https:\/\/guidodettoni.com\/es\/wp-json\/wp\/v2\/pages\/22495\/revisions\/22545"}],"wp:featuredmedia":[{"embeddable":true,"href":"https:\/\/guidodettoni.com\/es\/wp-json\/wp\/v2\/media\/22486"}],"wp:attachment":[{"href":"https:\/\/guidodettoni.com\/es\/wp-json\/wp\/v2\/media?parent=22495"}],"curies":[{"name":"wp","href":"https:\/\/api.w.org\/{rel}","templated":true}]}}