{"id":22763,"date":"2024-01-26T22:00:37","date_gmt":"2024-01-26T21:00:37","guid":{"rendered":"https:\/\/guidodettoni.com\/tactilia\/"},"modified":"2024-02-08T23:18:52","modified_gmt":"2024-02-08T22:18:52","slug":"tactilia","status":"publish","type":"page","link":"https:\/\/guidodettoni.com\/ca\/tactilia\/","title":{"rendered":"TACTILIA"},"content":{"rendered":"\t\t<div data-elementor-type=\"wp-page\" data-elementor-id=\"22763\" class=\"elementor elementor-22763 elementor-22754\" data-elementor-post-type=\"page\">\n\t\t\t\t<div class=\"elementor-element elementor-element-5f7d1b7 e-flex e-con-boxed e-con e-parent\" data-id=\"5f7d1b7\" data-element_type=\"container\">\n\t\t\t\t\t<div class=\"e-con-inner\">\n\t\t<div class=\"elementor-element elementor-element-6257936 e-con-full e-flex e-con e-parent\" data-id=\"6257936\" data-element_type=\"container\">\n\t\t\t\t<div class=\"elementor-element elementor-element-fa49c78 elementor-widget elementor-widget-breadcrumbs\" data-id=\"fa49c78\" data-element_type=\"widget\" data-widget_type=\"breadcrumbs.default\">\n\t\t\t\t<div class=\"elementor-widget-container\">\n\t\t\t\t\t<p id=\"breadcrumbs\"><span><span><a href=\"https:\/\/guidodettoni.com\/ca\/\">HOME<\/a><\/span><\/span><\/p>\t\t\t\t<\/div>\n\t\t\t\t<\/div>\n\t\t\t\t<\/div>\n\t\t\t\t\t<\/div>\n\t\t\t\t<\/div>\n\t\t<div class=\"elementor-element elementor-element-cba230a e-flex e-con-boxed e-con e-parent\" data-id=\"cba230a\" data-element_type=\"container\" id=\"aproach\">\n\t\t\t\t\t<div class=\"e-con-inner\">\n\t\t<div class=\"elementor-element elementor-element-ae9c2b3 e-con-full e-flex e-con e-parent\" data-id=\"ae9c2b3\" data-element_type=\"container\">\n\t\t\t\t<div class=\"elementor-element elementor-element-b631cba elementor-widget elementor-widget-heading\" data-id=\"b631cba\" data-element_type=\"widget\" data-widget_type=\"heading.default\">\n\t\t\t\t<div class=\"elementor-widget-container\">\n\t\t\t\t\t<h1 class=\"elementor-heading-title elementor-size-default\">TACTILIA<\/h1>\t\t\t\t<\/div>\n\t\t\t\t<\/div>\n\t\t\t\t<div class=\"elementor-element elementor-element-9255a43 elementor-widget elementor-widget-text-editor\" data-id=\"9255a43\" data-element_type=\"widget\" data-widget_type=\"text-editor.default\">\n\t\t\t\t<div class=\"elementor-widget-container\">\n\t\t\t\t\t\t\t\t\t<p>Les obres <strong>TACITILIA<\/strong> s\u00f3n una proposta est\u00e8tica i sensorial de <a href=\"https:\/\/guidodettoni.com\/guido-dettoni-work-exhibits-installations\/\"><strong>Guido Dettoni<\/strong><\/a> que aix\u00ed les va anomenar l&#8217;any 2021 encara que abans estaven presents en la seva pr\u00e0ctica art\u00edstica. L&#8217;obra in\u00e8dita de refer\u00e8ncia \u00e9s <strong><a href=\"https:\/\/guidodettoni.com\/sculptures\/hands-journey\/\">VIATGE DE LES MANS<\/a><\/strong> de 2003.<\/p>\n<p>Les obres <strong>TACTILIA<\/strong> s\u00f3n escultures per ser mirades i tocades, tamb\u00e9 amb els ulls closos. Esculpides o modelades en diferents materials, consisteixen en volums o superf\u00edcies gravades amb empremtes, solcs i altres relleus, fets per l&#8217;autor per provocar una experi\u00e8ncia que generi visions interiors i interioritzaci\u00f3. Es produeix aix\u00ed el sincronisme entre imaginar i interioritzar que \u00e9s la din\u00e0mica de l&#8217;experi\u00e8ncia. Imaginar: veure amb les mans, sentir i desvetllar visions interiors. Interioritzar: tocar amb els ulls, mirar, fer que sorgeixi una narraci\u00f3.<\/p>\n<p>En les obres <strong>TACTILIA<\/strong> la visi\u00f3 t\u00e0ctil \u00e9s possible en explorar-les, \u201cviatjant-hi\u201d amb dits i palmell. No es tracta nom\u00e9s de contenir el seu volum en l\u2019estan\u00e7a de les mans per percebre\u2019n la forma en la seva totalitat, si no de percebre amb les mans en moviment la seva superf\u00edcie, textura i temperatura.<\/p>\n<p><strong>TACTILIA<\/strong> tamb\u00e9 \u00e9s una pr\u00e0ctica col\u00b7lectiva.<\/p>\n\t\t\t\t\t\t\t\t<\/div>\n\t\t\t\t<\/div>\n\t\t\t\t<div class=\"elementor-element elementor-element-53b41c3 elementor-widget elementor-widget-heading\" data-id=\"53b41c3\" data-element_type=\"widget\" data-widget_type=\"heading.default\">\n\t\t\t\t<div class=\"elementor-widget-container\">\n\t\t\t\t\t<h2 class=\"elementor-heading-title elementor-size-default\">ESCULTURES TACTILIA<\/h2>\t\t\t\t<\/div>\n\t\t\t\t<\/div>\n\t\t\t\t<div class=\"elementor-element elementor-element-bd299cb elementor-grid-4 elementor-grid-tablet-2 elementor-grid-mobile-1 elementor-widget elementor-widget-portfolio\" data-id=\"bd299cb\" data-element_type=\"widget\" data-settings=\"{&quot;columns&quot;:&quot;4&quot;,&quot;item_ratio&quot;:{&quot;unit&quot;:&quot;px&quot;,&quot;size&quot;:&quot;&quot;,&quot;sizes&quot;:[]},&quot;columns_tablet&quot;:&quot;2&quot;,&quot;columns_mobile&quot;:&quot;1&quot;,&quot;item_gap&quot;:{&quot;unit&quot;:&quot;px&quot;,&quot;size&quot;:&quot;&quot;,&quot;sizes&quot;:[]},&quot;row_gap&quot;:{&quot;unit&quot;:&quot;px&quot;,&quot;size&quot;:&quot;&quot;,&quot;sizes&quot;:[]}}\" data-widget_type=\"portfolio.default\">\n\t\t\t\t<div class=\"elementor-widget-container\">\n\t\t\t\t\t\t\t<div class=\"elementor-portfolio elementor-grid elementor-posts-container\">\n\t\t\t\t<article class=\"elementor-portfolio-item elementor-post  post-22885 page type-page status-publish has-post-thumbnail\">\n\t\t\t<a class=\"elementor-post__thumbnail__link\" href=\"https:\/\/guidodettoni.com\/ca\/tactilia-padauk\/\">\n\t\t\t\t<div class=\"elementor-portfolio-item__img elementor-post__thumbnail\">\n\t\t\t<img fetchpriority=\"high\" decoding=\"async\" width=\"300\" height=\"300\" src=\"https:\/\/guidodettoni.com\/wp-content\/uploads\/2023\/05\/29-guido-dettoni-tactilia-padauk-300x300.jpg\" class=\"attachment-medium size-medium wp-image-16581\" alt=\"\" srcset=\"https:\/\/guidodettoni.com\/wp-content\/uploads\/2023\/05\/29-guido-dettoni-tactilia-padauk-300x300.jpg 300w, https:\/\/guidodettoni.com\/wp-content\/uploads\/2023\/05\/29-guido-dettoni-tactilia-padauk-1024x1024.jpg 1024w, https:\/\/guidodettoni.com\/wp-content\/uploads\/2023\/05\/29-guido-dettoni-tactilia-padauk-150x150.jpg 150w, https:\/\/guidodettoni.com\/wp-content\/uploads\/2023\/05\/29-guido-dettoni-tactilia-padauk-768x768.jpg 768w, https:\/\/guidodettoni.com\/wp-content\/uploads\/2023\/05\/29-guido-dettoni-tactilia-padauk-600x600.jpg 600w, https:\/\/guidodettoni.com\/wp-content\/uploads\/2023\/05\/29-guido-dettoni-tactilia-padauk-100x100.jpg 100w, https:\/\/guidodettoni.com\/wp-content\/uploads\/2023\/05\/29-guido-dettoni-tactilia-padauk.jpg 1080w\" sizes=\"(max-width: 300px) 100vw, 300px\" \/>\t\t<\/div>\n\t\t\t\t<div class=\"elementor-portfolio-item__overlay\">\n\t\t\t\t<h3 class=\"elementor-portfolio-item__title\">\n\t\tTACTILIA PADAUK\t\t<\/h3>\n\t\t\t\t<\/div>\n\t\t\t\t<\/a>\n\t\t<\/article>\n\t\t\t\t<article class=\"elementor-portfolio-item elementor-post  post-22889 page type-page status-publish has-post-thumbnail\">\n\t\t\t<a class=\"elementor-post__thumbnail__link\" href=\"https:\/\/guidodettoni.com\/ca\/tactilia-sicomor\/\">\n\t\t\t\t<div class=\"elementor-portfolio-item__img elementor-post__thumbnail\">\n\t\t\t<img decoding=\"async\" width=\"300\" height=\"300\" src=\"https:\/\/guidodettoni.com\/wp-content\/uploads\/2023\/05\/30-guido-dettoni-tactilia-sycamore-300x300.jpg\" class=\"attachment-medium size-medium wp-image-16586\" alt=\"\" srcset=\"https:\/\/guidodettoni.com\/wp-content\/uploads\/2023\/05\/30-guido-dettoni-tactilia-sycamore-300x300.jpg 300w, https:\/\/guidodettoni.com\/wp-content\/uploads\/2023\/05\/30-guido-dettoni-tactilia-sycamore-1024x1024.jpg 1024w, https:\/\/guidodettoni.com\/wp-content\/uploads\/2023\/05\/30-guido-dettoni-tactilia-sycamore-150x150.jpg 150w, https:\/\/guidodettoni.com\/wp-content\/uploads\/2023\/05\/30-guido-dettoni-tactilia-sycamore-768x768.jpg 768w, https:\/\/guidodettoni.com\/wp-content\/uploads\/2023\/05\/30-guido-dettoni-tactilia-sycamore-600x600.jpg 600w, https:\/\/guidodettoni.com\/wp-content\/uploads\/2023\/05\/30-guido-dettoni-tactilia-sycamore-100x100.jpg 100w, https:\/\/guidodettoni.com\/wp-content\/uploads\/2023\/05\/30-guido-dettoni-tactilia-sycamore.jpg 1080w\" sizes=\"(max-width: 300px) 100vw, 300px\" \/>\t\t<\/div>\n\t\t\t\t<div class=\"elementor-portfolio-item__overlay\">\n\t\t\t\t<h3 class=\"elementor-portfolio-item__title\">\n\t\tTACTILIA SIC\u00d2MOR\t\t<\/h3>\n\t\t\t\t<\/div>\n\t\t\t\t<\/a>\n\t\t<\/article>\n\t\t\t\t<article class=\"elementor-portfolio-item elementor-post  post-22898 page type-page status-publish has-post-thumbnail\">\n\t\t\t<a class=\"elementor-post__thumbnail__link\" href=\"https:\/\/guidodettoni.com\/ca\/tactilia-white-one\/\">\n\t\t\t\t<div class=\"elementor-portfolio-item__img elementor-post__thumbnail\">\n\t\t\t<img decoding=\"async\" width=\"300\" height=\"300\" src=\"https:\/\/guidodettoni.com\/wp-content\/uploads\/2023\/05\/31-guidodettoni-tactilia-white-300x300.jpg\" class=\"attachment-medium size-medium wp-image-16591\" alt=\"\" srcset=\"https:\/\/guidodettoni.com\/wp-content\/uploads\/2023\/05\/31-guidodettoni-tactilia-white-300x300.jpg 300w, https:\/\/guidodettoni.com\/wp-content\/uploads\/2023\/05\/31-guidodettoni-tactilia-white-1024x1024.jpg 1024w, https:\/\/guidodettoni.com\/wp-content\/uploads\/2023\/05\/31-guidodettoni-tactilia-white-150x150.jpg 150w, https:\/\/guidodettoni.com\/wp-content\/uploads\/2023\/05\/31-guidodettoni-tactilia-white-768x768.jpg 768w, https:\/\/guidodettoni.com\/wp-content\/uploads\/2023\/05\/31-guidodettoni-tactilia-white-600x600.jpg 600w, https:\/\/guidodettoni.com\/wp-content\/uploads\/2023\/05\/31-guidodettoni-tactilia-white-100x100.jpg 100w, https:\/\/guidodettoni.com\/wp-content\/uploads\/2023\/05\/31-guidodettoni-tactilia-white.jpg 1080w\" sizes=\"(max-width: 300px) 100vw, 300px\" \/>\t\t<\/div>\n\t\t\t\t<div class=\"elementor-portfolio-item__overlay\">\n\t\t\t\t<h3 class=\"elementor-portfolio-item__title\">\n\t\tTACTILIA WHITE ONE\t\t<\/h3>\n\t\t\t\t<\/div>\n\t\t\t\t<\/a>\n\t\t<\/article>\n\t\t\t\t<article class=\"elementor-portfolio-item elementor-post  post-22902 page type-page status-publish has-post-thumbnail\">\n\t\t\t<a class=\"elementor-post__thumbnail__link\" href=\"https:\/\/guidodettoni.com\/ca\/tactilia-quatre-elements\/\">\n\t\t\t\t<div class=\"elementor-portfolio-item__img elementor-post__thumbnail\">\n\t\t\t<img loading=\"lazy\" decoding=\"async\" width=\"300\" height=\"300\" src=\"https:\/\/guidodettoni.com\/wp-content\/uploads\/2023\/05\/32-guido-dettoni-tactilia-fyer-03-300x300.jpg\" class=\"attachment-medium size-medium wp-image-16596\" alt=\"\" srcset=\"https:\/\/guidodettoni.com\/wp-content\/uploads\/2023\/05\/32-guido-dettoni-tactilia-fyer-03-300x300.jpg 300w, https:\/\/guidodettoni.com\/wp-content\/uploads\/2023\/05\/32-guido-dettoni-tactilia-fyer-03-1024x1024.jpg 1024w, https:\/\/guidodettoni.com\/wp-content\/uploads\/2023\/05\/32-guido-dettoni-tactilia-fyer-03-150x150.jpg 150w, https:\/\/guidodettoni.com\/wp-content\/uploads\/2023\/05\/32-guido-dettoni-tactilia-fyer-03-768x768.jpg 768w, https:\/\/guidodettoni.com\/wp-content\/uploads\/2023\/05\/32-guido-dettoni-tactilia-fyer-03-600x600.jpg 600w, https:\/\/guidodettoni.com\/wp-content\/uploads\/2023\/05\/32-guido-dettoni-tactilia-fyer-03-100x100.jpg 100w, https:\/\/guidodettoni.com\/wp-content\/uploads\/2023\/05\/32-guido-dettoni-tactilia-fyer-03.jpg 1080w\" sizes=\"(max-width: 300px) 100vw, 300px\" \/>\t\t<\/div>\n\t\t\t\t<div class=\"elementor-portfolio-item__overlay\">\n\t\t\t\t<h3 class=\"elementor-portfolio-item__title\">\n\t\tTACTILIA 4 ELEMENTS\t\t<\/h3>\n\t\t\t\t<\/div>\n\t\t\t\t<\/a>\n\t\t<\/article>\n\t\t\t\t<\/div>\n\t\t\t\t\t\t<\/div>\n\t\t\t\t<\/div>\n\t\t\t\t<div class=\"elementor-element elementor-element-0114bcf elementor-widget elementor-widget-spacer\" data-id=\"0114bcf\" data-element_type=\"widget\" data-widget_type=\"spacer.default\">\n\t\t\t\t<div class=\"elementor-widget-container\">\n\t\t\t\t\t\t\t<div class=\"elementor-spacer\">\n\t\t\t<div class=\"elementor-spacer-inner\"><\/div>\n\t\t<\/div>\n\t\t\t\t\t\t<\/div>\n\t\t\t\t<\/div>\n\t\t\t\t<\/div>\n\t\t\t\t\t<\/div>\n\t\t\t\t<\/div>\n\t\t\t\t<\/div>\n\t\t","protected":false},"excerpt":{"rendered":"<p>TACTILIA Les obres TACITILIA s\u00f3n una proposta est\u00e8tica i sensorial de Guido Dettoni que aix\u00ed les va anomenar l&#8217;any 2021 encara que abans estaven presents en la seva pr\u00e0ctica art\u00edstica. L&#8217;obra in\u00e8dita de refer\u00e8ncia \u00e9s VIATGE DE LES MANS de 2003. Les obres TACTILIA s\u00f3n escultures per ser mirades i tocades, tamb\u00e9 amb els ulls &#8230; <\/p>\n<p class=\"read-more-container\"><a title=\"TACTILIA 4 ELEMENTS\" class=\"read-more button\" href=\"https:\/\/guidodettoni.com\/ca\/tactilia-quatre-elements\/#more-22902\" aria-label=\"More on TACTILIA 4 ELEMENTS\">Read more<\/a><\/p>\n","protected":false},"author":13,"featured_media":18438,"parent":0,"menu_order":220,"comment_status":"closed","ping_status":"closed","template":"","meta":{"_acf_changed":false,"footnotes":""},"class_list":["post-22763","page","type-page","status-publish","has-post-thumbnail"],"acf":[],"yoast_head":"<!-- This site is optimized with the Yoast SEO plugin v24.4 - https:\/\/yoast.com\/wordpress\/plugins\/seo\/ -->\n<title>TACTILIA &#8226; Guido Dettoni della Grazia<\/title>\n<meta name=\"description\" content=\"una proposta est\u00e8tica i sensorial per provocar una experi\u00e8ncia que generi visions interiors i interioritzaci\u00f3,...\" \/>\n<meta name=\"robots\" content=\"index, follow, max-snippet:-1, max-image-preview:large, max-video-preview:-1\" \/>\n<link rel=\"canonical\" href=\"https:\/\/guidodettoni.com\/ca\/tactilia\/\" \/>\n<meta property=\"og:locale\" content=\"ca_ES\" \/>\n<meta property=\"og:type\" content=\"article\" \/>\n<meta property=\"og:title\" content=\"TACTILIA &#8226; Guido Dettoni della Grazia\" \/>\n<meta property=\"og:description\" content=\"una proposta est\u00e8tica i sensorial per provocar una experi\u00e8ncia que generi visions interiors i interioritzaci\u00f3,...\" \/>\n<meta property=\"og:url\" content=\"https:\/\/guidodettoni.com\/ca\/tactilia\/\" \/>\n<meta property=\"og:site_name\" content=\"Guido Dettoni della Grazia\" \/>\n<meta property=\"article:publisher\" content=\"https:\/\/www.facebook.com\/mostramaria\" \/>\n<meta property=\"article:modified_time\" content=\"2024-02-08T22:18:52+00:00\" \/>\n<meta property=\"og:image\" content=\"https:\/\/guidodettoni.com\/wp-content\/uploads\/2023\/06\/guido-dettoni-tactilia-padauk-02.jpg\" \/>\n\t<meta property=\"og:image:width\" content=\"600\" \/>\n\t<meta property=\"og:image:height\" content=\"600\" \/>\n\t<meta property=\"og:image:type\" content=\"image\/jpeg\" \/>\n<meta name=\"twitter:card\" content=\"summary_large_image\" \/>\n<meta name=\"twitter:label1\" content=\"Temps estimat de lectura\" \/>\n\t<meta name=\"twitter:data1\" content=\"1 minut\" \/>\n<script type=\"application\/ld+json\" class=\"yoast-schema-graph\">{\"@context\":\"https:\/\/schema.org\",\"@graph\":[{\"@type\":\"WebPage\",\"@id\":\"https:\/\/guidodettoni.com\/ca\/tactilia\/\",\"url\":\"https:\/\/guidodettoni.com\/ca\/tactilia\/\",\"name\":\"TACTILIA &#8226; Guido Dettoni della Grazia\",\"isPartOf\":{\"@id\":\"https:\/\/guidodettoni.com\/ca\/#website\"},\"primaryImageOfPage\":{\"@id\":\"https:\/\/guidodettoni.com\/ca\/tactilia\/#primaryimage\"},\"image\":{\"@id\":\"https:\/\/guidodettoni.com\/ca\/tactilia\/#primaryimage\"},\"thumbnailUrl\":\"https:\/\/guidodettoni.com\/wp-content\/uploads\/2023\/06\/guido-dettoni-tactilia-padauk-02.jpg\",\"datePublished\":\"2024-01-26T21:00:37+00:00\",\"dateModified\":\"2024-02-08T22:18:52+00:00\",\"description\":\"una proposta est\u00e8tica i sensorial per provocar una experi\u00e8ncia que generi visions interiors i interioritzaci\u00f3,...\",\"breadcrumb\":{\"@id\":\"https:\/\/guidodettoni.com\/ca\/tactilia\/#breadcrumb\"},\"inLanguage\":\"ca\",\"potentialAction\":[{\"@type\":\"ReadAction\",\"target\":[\"https:\/\/guidodettoni.com\/ca\/tactilia\/\"]}]},{\"@type\":\"ImageObject\",\"inLanguage\":\"ca\",\"@id\":\"https:\/\/guidodettoni.com\/ca\/tactilia\/#primaryimage\",\"url\":\"https:\/\/guidodettoni.com\/wp-content\/uploads\/2023\/06\/guido-dettoni-tactilia-padauk-02.jpg\",\"contentUrl\":\"https:\/\/guidodettoni.com\/wp-content\/uploads\/2023\/06\/guido-dettoni-tactilia-padauk-02.jpg\",\"width\":600,\"height\":600,\"caption\":\"TACTILIA PADAUK\"},{\"@type\":\"BreadcrumbList\",\"@id\":\"https:\/\/guidodettoni.com\/ca\/tactilia\/#breadcrumb\",\"itemListElement\":[{\"@type\":\"ListItem\",\"position\":1,\"name\":\"HOME\",\"item\":\"https:\/\/guidodettoni.com\/ca\/\"},{\"@type\":\"ListItem\",\"position\":2,\"name\":\"TACTILIA\"}]},{\"@type\":\"WebSite\",\"@id\":\"https:\/\/guidodettoni.com\/ca\/#website\",\"url\":\"https:\/\/guidodettoni.com\/ca\/\",\"name\":\"Guido Dettoni della Grazia\",\"description\":\"Guido Dettoni\u2019s works of art and projects\",\"publisher\":{\"@id\":\"https:\/\/guidodettoni.com\/ca\/#organization\"},\"potentialAction\":[{\"@type\":\"SearchAction\",\"target\":{\"@type\":\"EntryPoint\",\"urlTemplate\":\"https:\/\/guidodettoni.com\/ca\/?s={search_term_string}\"},\"query-input\":{\"@type\":\"PropertyValueSpecification\",\"valueRequired\":true,\"valueName\":\"search_term_string\"}}],\"inLanguage\":\"ca\"},{\"@type\":\"Organization\",\"@id\":\"https:\/\/guidodettoni.com\/ca\/#organization\",\"name\":\"NESHERGALLERY\",\"url\":\"https:\/\/guidodettoni.com\/ca\/\",\"logo\":{\"@type\":\"ImageObject\",\"inLanguage\":\"ca\",\"@id\":\"https:\/\/guidodettoni.com\/ca\/#\/schema\/logo\/image\/\",\"url\":\"https:\/\/guidodettoni.com\/wp-content\/uploads\/2020\/05\/nesher-gallery-logo-1.png\",\"contentUrl\":\"https:\/\/guidodettoni.com\/wp-content\/uploads\/2020\/05\/nesher-gallery-logo-1.png\",\"width\":200,\"height\":200,\"caption\":\"NESHERGALLERY\"},\"image\":{\"@id\":\"https:\/\/guidodettoni.com\/ca\/#\/schema\/logo\/image\/\"},\"sameAs\":[\"https:\/\/www.facebook.com\/mostramaria\",\"https:\/\/www.instagram.com\/mariaescultura\/\",\"https:\/\/www.youtube.com\/user\/nesherorg\"]}]}<\/script>\n<!-- \/ Yoast SEO plugin. -->","yoast_head_json":{"title":"TACTILIA &#8226; Guido Dettoni della Grazia","description":"una proposta est\u00e8tica i sensorial per provocar una experi\u00e8ncia que generi visions interiors i interioritzaci\u00f3,...","robots":{"index":"index","follow":"follow","max-snippet":"max-snippet:-1","max-image-preview":"max-image-preview:large","max-video-preview":"max-video-preview:-1"},"canonical":"https:\/\/guidodettoni.com\/ca\/tactilia\/","og_locale":"ca_ES","og_type":"article","og_title":"TACTILIA &#8226; Guido Dettoni della Grazia","og_description":"una proposta est\u00e8tica i sensorial per provocar una experi\u00e8ncia que generi visions interiors i interioritzaci\u00f3,...","og_url":"https:\/\/guidodettoni.com\/ca\/tactilia\/","og_site_name":"Guido Dettoni della Grazia","article_publisher":"https:\/\/www.facebook.com\/mostramaria","article_modified_time":"2024-02-08T22:18:52+00:00","og_image":[{"width":600,"height":600,"url":"https:\/\/guidodettoni.com\/wp-content\/uploads\/2023\/06\/guido-dettoni-tactilia-padauk-02.jpg","type":"image\/jpeg"}],"twitter_card":"summary_large_image","twitter_misc":{"Temps estimat de lectura":"1 minut"},"schema":{"@context":"https:\/\/schema.org","@graph":[{"@type":"WebPage","@id":"https:\/\/guidodettoni.com\/ca\/tactilia\/","url":"https:\/\/guidodettoni.com\/ca\/tactilia\/","name":"TACTILIA &#8226; Guido Dettoni della Grazia","isPartOf":{"@id":"https:\/\/guidodettoni.com\/ca\/#website"},"primaryImageOfPage":{"@id":"https:\/\/guidodettoni.com\/ca\/tactilia\/#primaryimage"},"image":{"@id":"https:\/\/guidodettoni.com\/ca\/tactilia\/#primaryimage"},"thumbnailUrl":"https:\/\/guidodettoni.com\/wp-content\/uploads\/2023\/06\/guido-dettoni-tactilia-padauk-02.jpg","datePublished":"2024-01-26T21:00:37+00:00","dateModified":"2024-02-08T22:18:52+00:00","description":"una proposta est\u00e8tica i sensorial per provocar una experi\u00e8ncia que generi visions interiors i interioritzaci\u00f3,...","breadcrumb":{"@id":"https:\/\/guidodettoni.com\/ca\/tactilia\/#breadcrumb"},"inLanguage":"ca","potentialAction":[{"@type":"ReadAction","target":["https:\/\/guidodettoni.com\/ca\/tactilia\/"]}]},{"@type":"ImageObject","inLanguage":"ca","@id":"https:\/\/guidodettoni.com\/ca\/tactilia\/#primaryimage","url":"https:\/\/guidodettoni.com\/wp-content\/uploads\/2023\/06\/guido-dettoni-tactilia-padauk-02.jpg","contentUrl":"https:\/\/guidodettoni.com\/wp-content\/uploads\/2023\/06\/guido-dettoni-tactilia-padauk-02.jpg","width":600,"height":600,"caption":"TACTILIA PADAUK"},{"@type":"BreadcrumbList","@id":"https:\/\/guidodettoni.com\/ca\/tactilia\/#breadcrumb","itemListElement":[{"@type":"ListItem","position":1,"name":"HOME","item":"https:\/\/guidodettoni.com\/ca\/"},{"@type":"ListItem","position":2,"name":"TACTILIA"}]},{"@type":"WebSite","@id":"https:\/\/guidodettoni.com\/ca\/#website","url":"https:\/\/guidodettoni.com\/ca\/","name":"Guido Dettoni della Grazia","description":"Guido Dettoni\u2019s works of art and projects","publisher":{"@id":"https:\/\/guidodettoni.com\/ca\/#organization"},"potentialAction":[{"@type":"SearchAction","target":{"@type":"EntryPoint","urlTemplate":"https:\/\/guidodettoni.com\/ca\/?s={search_term_string}"},"query-input":{"@type":"PropertyValueSpecification","valueRequired":true,"valueName":"search_term_string"}}],"inLanguage":"ca"},{"@type":"Organization","@id":"https:\/\/guidodettoni.com\/ca\/#organization","name":"NESHERGALLERY","url":"https:\/\/guidodettoni.com\/ca\/","logo":{"@type":"ImageObject","inLanguage":"ca","@id":"https:\/\/guidodettoni.com\/ca\/#\/schema\/logo\/image\/","url":"https:\/\/guidodettoni.com\/wp-content\/uploads\/2020\/05\/nesher-gallery-logo-1.png","contentUrl":"https:\/\/guidodettoni.com\/wp-content\/uploads\/2020\/05\/nesher-gallery-logo-1.png","width":200,"height":200,"caption":"NESHERGALLERY"},"image":{"@id":"https:\/\/guidodettoni.com\/ca\/#\/schema\/logo\/image\/"},"sameAs":["https:\/\/www.facebook.com\/mostramaria","https:\/\/www.instagram.com\/mariaescultura\/","https:\/\/www.youtube.com\/user\/nesherorg"]}]}},"_links":{"self":[{"href":"https:\/\/guidodettoni.com\/ca\/wp-json\/wp\/v2\/pages\/22763","targetHints":{"allow":["GET"]}}],"collection":[{"href":"https:\/\/guidodettoni.com\/ca\/wp-json\/wp\/v2\/pages"}],"about":[{"href":"https:\/\/guidodettoni.com\/ca\/wp-json\/wp\/v2\/types\/page"}],"author":[{"embeddable":true,"href":"https:\/\/guidodettoni.com\/ca\/wp-json\/wp\/v2\/users\/13"}],"replies":[{"embeddable":true,"href":"https:\/\/guidodettoni.com\/ca\/wp-json\/wp\/v2\/comments?post=22763"}],"version-history":[{"count":7,"href":"https:\/\/guidodettoni.com\/ca\/wp-json\/wp\/v2\/pages\/22763\/revisions"}],"predecessor-version":[{"id":22882,"href":"https:\/\/guidodettoni.com\/ca\/wp-json\/wp\/v2\/pages\/22763\/revisions\/22882"}],"wp:featuredmedia":[{"embeddable":true,"href":"https:\/\/guidodettoni.com\/ca\/wp-json\/wp\/v2\/media\/18438"}],"wp:attachment":[{"href":"https:\/\/guidodettoni.com\/ca\/wp-json\/wp\/v2\/media?parent=22763"}],"curies":[{"name":"wp","href":"https:\/\/api.w.org\/{rel}","templated":true}]}}